{"id":12026,"date":"2022-06-27T11:08:24","date_gmt":"2022-06-27T09:08:24","guid":{"rendered":"https:\/\/www.advens.test\/histoire-d-advengers\/"},"modified":"2025-06-23T08:51:04","modified_gmt":"2025-06-23T06:51:04","slug":"die-geschichte-der-advengers","status":"publish","type":"page","link":"https:\/\/www.nifty-shtern.217-160-68-194.plesk.page\/de\/karriere\/die-geschichte-der-advengers\/","title":{"rendered":"Die Geschichte der Advengers"},"content":{"rendered":"\n\n  \n  \n  \n\n\n\n\n<hr class=\"wp-block-separator has-alpha-channel-opacity\"\/>\n\n\n\n\n<div id=\"block-image-texte-604879335\" class=\"acf-block-image-texte alignwide\">\n  <div class=\"image-texte row gx-5 py-4 -droite\">\n                            <div class=\"col-12 col-lg-6 image-container mb-3 mb-lg-0 -right\">\n              <div class=\"image mobile-full-width\">\n          <div class=\"image-content ratio-wrapper -square\" data-component=\"LazyImage\" >\n            <picture class=\"full bkg-cover\" >\n                              <source srcset=\"https:\/\/www.nifty-shtern.217-160-68-194.plesk.page\/app\/uploads\/2022\/06\/unsplash-kdeqa3atnby-620x620.webp\" media=\"(min-width: 0px) and (max-width: 767.98px)\">\n                <source srcset=\"https:\/\/www.nifty-shtern.217-160-68-194.plesk.page\/app\/uploads\/2022\/06\/unsplash-kdeqa3atnby.webp\" media=\"(min-width: 768px)\">\n                <img decoding=\"async\" class=\"img img-fluid rounded\" loading=\"lazy\" src=\"https:\/\/www.nifty-shtern.217-160-68-194.plesk.page\/app\/uploads\/2022\/06\/unsplash-kdeqa3atnby.webp\" alt=\"\">\n                          <\/picture>\n          <\/div>\n        <\/div>\n                <\/div>\n    <div class=\"texte col-12 col-lg-6  d-flex flex-column justify-content-center align-items-start\">\n                    <h2 class=\"titre title-5\">\n          Die Welt am Laufen zu halten, ist wichtig. Sie zu ver\u00e4ndern, ist entscheidend.\n        <\/h2>\n                    <div class=\"text-content\">\n          <p data-start=\"135\" data-end=\"335\"><strong data-start=\"135\" data-end=\"171\">Unsere Leistung schafft Wirkung: <\/strong>Wir investieren unseren wirtschaftlichen Erfolg gezielt \u2013 in Bildung, Inklusion und Umwelt. Weil echter Fortschritt nur entsteht, wenn alle mitgenommen werden.<\/p>\n<p data-start=\"337\" data-end=\"472\">Wir sch\u00fctzen nicht nur Systeme, sondern gestalten Zukunft. Mit voller \u00dcberzeugung. Und gemeinsam mit allen, die etwas bewegen wollen.<\/p>\n\n        <\/div>\n                                <div class=\"btns d-grid d-md-flex gap-3\">\n                      <a class=\"btn btn-primary\" href=\"https:\/\/www.nifty-shtern.217-160-68-194.plesk.page\/de\/unsere-mission\/\" target=\"\" title=\"Unsere Mission\">\n              Unsere Mission\n            <\/a>\n                            <\/div>\n          <\/div>\n  <\/div>\n<\/div>\n\n\n\n<p class=\"is-style-big-text\">Sicherheit ist kein Luxus. <strong>Sie ist ein gemeinsames Gut und unsere Verantwortung.<\/strong> Advens sch\u00fctzt nicht nur Systeme, sondern schafft Vertrauen, damit Menschen und Organisationen ihre Mission verwirklichen k\u00f6nnen.<\/p>\n\n\n\n<hr class=\"wp-block-separator has-alpha-channel-opacity\"\/>\n\n\n\n\n  \n                    \n    \n    \n    \n  \n","protected":false},"excerpt":{"rendered":"<p>Hinter jedem Advenger steht mehr als technisches Know-how. Es ist die Haltung, die z\u00e4hlt. <\/p>\n<p>Unsere Teams arbeiten jeden Tag mit vollem Einsatz daran, Organisationen zu sch\u00fctzen. Doch das ist nur der Anfang. Was uns wirklich verbindet, ist der Wunsch, einen echten Unterschied zu machen f\u00fcr unsere Kunden, f\u00fcr die Gesellschaft und f\u00fcr die Welt von morgen. <\/p>\n<p>Lernen Sie die Menschen kennen, die hinter Advens stehen. Ihre Geschichten zeigen, wie pers\u00f6nliches Engagement und gemeinsame Werte ein starkes Projekt zum Leben erwecken.<\/p>\n","protected":false},"author":3,"featured_media":2893,"parent":12974,"menu_order":0,"comment_status":"closed","ping_status":"closed","template":"tmpl-landing.php","meta":{"_acf_changed":false,"content-type":"","footnotes":""},"class_list":["post-12026","page","type-page","status-publish","has-post-thumbnail","hentry"],"acf":[],"yoast_head":"<!-- This site is optimized with the Yoast SEO plugin v24.8.1 - https:\/\/yoast.com\/wordpress\/plugins\/seo\/ -->\n<title>Die Geschichte der Advengers - Advens<\/title>\n<meta name=\"description\" content=\"Hinter jedem Advenger steht mehr als technisches Know-how. Es ist die Haltung, die z\u00e4hlt.  Unsere Teams arbeiten jeden Tag mit vollem Einsatz daran, Organisationen zu sch\u00fctzen. Doch das ist nur der Anfang. Was uns wirklich verbindet, ist der Wunsch, einen echten Unterschied zu machen f\u00fcr unsere Kunden, f\u00fcr die Gesellschaft und f\u00fcr die Welt von morgen.  Lernen Sie die Menschen kennen, die hinter Advens stehen. Ihre Geschichten zeigen, wie pers\u00f6nliches Engagement und gemeinsame Werte ein starkes Projekt zum Leben erwecken.\" \/>\n<meta name=\"robots\" content=\"index, follow, max-snippet:-1, max-image-preview:large, max-video-preview:-1\" \/>\n<link rel=\"canonical\" href=\"https:\/\/www.advens.test\/recrutement\/histoire-d-advengers\/\" \/>\n<meta property=\"og:locale\" content=\"de_DE\" \/>\n<meta property=\"og:type\" content=\"article\" \/>\n<meta property=\"og:title\" content=\"Die Geschichte der Advengers - Advens\" \/>\n<meta property=\"og:description\" content=\"Hinter jedem Advenger steht mehr als technisches Know-how. Es ist die Haltung, die z\u00e4hlt.  Unsere Teams arbeiten jeden Tag mit vollem Einsatz daran, Organisationen zu sch\u00fctzen. Doch das ist nur der Anfang. Was uns wirklich verbindet, ist der Wunsch, einen echten Unterschied zu machen f\u00fcr unsere Kunden, f\u00fcr die Gesellschaft und f\u00fcr die Welt von morgen.  Lernen Sie die Menschen kennen, die hinter Advens stehen. Ihre Geschichten zeigen, wie pers\u00f6nliches Engagement und gemeinsame Werte ein starkes Projekt zum Leben erwecken.\" \/>\n<meta property=\"og:url\" content=\"https:\/\/www.advens.test\/recrutement\/histoire-d-advengers\/\" \/>\n<meta property=\"og:site_name\" content=\"Advens\" \/>\n<meta property=\"article:modified_time\" content=\"2025-06-23T06:51:04+00:00\" \/>\n<meta property=\"og:image\" content=\"https:\/\/www.advens.test\/app\/uploads\/2022\/06\/advens-reportage-lyon-dsc2702ter.jpg\" \/>\n\t<meta property=\"og:image:width\" content=\"1920\" \/>\n\t<meta property=\"og:image:height\" content=\"940\" \/>\n\t<meta property=\"og:image:type\" content=\"image\/jpeg\" \/>\n<meta name=\"twitter:card\" content=\"summary_large_image\" \/>\n<script type=\"application\/ld+json\" class=\"yoast-schema-graph\">{\"@context\":\"https:\/\/schema.org\",\"@graph\":[{\"@type\":\"WebPage\",\"@id\":\"https:\/\/www.advens.test\/recrutement\/histoire-d-advengers\/\",\"url\":\"https:\/\/www.advens.test\/recrutement\/histoire-d-advengers\/\",\"name\":\"Die Geschichte der Advengers - Advens\",\"isPartOf\":{\"@id\":\"https:\/\/www.advens.test\/#website\"},\"primaryImageOfPage\":{\"@id\":\"https:\/\/www.advens.test\/recrutement\/histoire-d-advengers\/#primaryimage\"},\"image\":{\"@id\":\"https:\/\/www.advens.test\/recrutement\/histoire-d-advengers\/#primaryimage\"},\"thumbnailUrl\":\"https:\/\/www.nifty-shtern.217-160-68-194.plesk.page\/app\/uploads\/2022\/06\/advens-reportage-lyon-dsc2702ter.jpg\",\"datePublished\":\"2022-06-27T09:08:24+00:00\",\"dateModified\":\"2025-06-23T06:51:04+00:00\",\"description\":\"Hinter jedem Advenger steht mehr als technisches Know-how. Es ist die Haltung, die z\u00e4hlt. Unsere Teams arbeiten jeden Tag mit vollem Einsatz daran, Organisationen zu sch\u00fctzen. Doch das ist nur der Anfang. Was uns wirklich verbindet, ist der Wunsch, einen echten Unterschied zu machen f\u00fcr unsere Kunden, f\u00fcr die Gesellschaft und f\u00fcr die Welt von morgen. Lernen Sie die Menschen kennen, die hinter Advens stehen. Ihre Geschichten zeigen, wie pers\u00f6nliches Engagement und gemeinsame Werte ein starkes Projekt zum Leben erwecken.\",\"breadcrumb\":{\"@id\":\"https:\/\/www.advens.test\/recrutement\/histoire-d-advengers\/#breadcrumb\"},\"inLanguage\":\"de\",\"potentialAction\":[{\"@type\":\"ReadAction\",\"target\":[\"https:\/\/www.advens.test\/recrutement\/histoire-d-advengers\/\"]}]},{\"@type\":\"ImageObject\",\"inLanguage\":\"de\",\"@id\":\"https:\/\/www.advens.test\/recrutement\/histoire-d-advengers\/#primaryimage\",\"url\":\"https:\/\/www.nifty-shtern.217-160-68-194.plesk.page\/app\/uploads\/2022\/06\/advens-reportage-lyon-dsc2702ter.jpg\",\"contentUrl\":\"https:\/\/www.nifty-shtern.217-160-68-194.plesk.page\/app\/uploads\/2022\/06\/advens-reportage-lyon-dsc2702ter.jpg\",\"width\":1920,\"height\":940},{\"@type\":\"BreadcrumbList\",\"@id\":\"https:\/\/www.advens.test\/recrutement\/histoire-d-advengers\/#breadcrumb\",\"itemListElement\":[{\"@type\":\"ListItem\",\"position\":1,\"name\":\"Home\",\"item\":\"https:\/\/www.advens.test\/de\/\"},{\"@type\":\"ListItem\",\"position\":2,\"name\":\"Karriere\",\"item\":\"https:\/\/www.advens.test\/de\/karriere\/\"},{\"@type\":\"ListItem\",\"position\":3,\"name\":\"Die Geschichte der Advengers\"}]},{\"@type\":\"WebSite\",\"@id\":\"https:\/\/www.advens.test\/#website\",\"url\":\"https:\/\/www.advens.test\/\",\"name\":\"Advens\",\"description\":\"For Cyber, People &amp; Planet\",\"publisher\":{\"@id\":\"https:\/\/www.advens.test\/#organization\"},\"potentialAction\":[{\"@type\":\"SearchAction\",\"target\":{\"@type\":\"EntryPoint\",\"urlTemplate\":\"https:\/\/www.advens.test\/?s={search_term_string}\"},\"query-input\":{\"@type\":\"PropertyValueSpecification\",\"valueRequired\":true,\"valueName\":\"search_term_string\"}}],\"inLanguage\":\"de\"},{\"@type\":\"Organization\",\"@id\":\"https:\/\/www.advens.test\/#organization\",\"name\":\"Advens\",\"url\":\"https:\/\/www.advens.test\/\",\"logo\":{\"@type\":\"ImageObject\",\"inLanguage\":\"de\",\"@id\":\"https:\/\/www.advens.test\/#\/schema\/logo\/image\/\",\"url\":\"https:\/\/www.nifty-shtern.217-160-68-194.plesk.page\/app\/uploads\/2025\/07\/Logotype-aDvens-Cybersecurity.png\",\"contentUrl\":\"https:\/\/www.nifty-shtern.217-160-68-194.plesk.page\/app\/uploads\/2025\/07\/Logotype-aDvens-Cybersecurity.png\",\"width\":1501,\"height\":1501,\"caption\":\"Advens\"},\"image\":{\"@id\":\"https:\/\/www.advens.test\/#\/schema\/logo\/image\/\"},\"sameAs\":[\"https:\/\/www.linkedin.com\/company\/advens\/\"]}]}<\/script>\n<!-- \/ Yoast SEO plugin. -->","yoast_head_json":{"title":"Die Geschichte der Advengers - Advens","description":"Hinter jedem Advenger steht mehr als technisches Know-how. Es ist die Haltung, die z\u00e4hlt.  Unsere Teams arbeiten jeden Tag mit vollem Einsatz daran, Organisationen zu sch\u00fctzen. Doch das ist nur der Anfang. Was uns wirklich verbindet, ist der Wunsch, einen echten Unterschied zu machen f\u00fcr unsere Kunden, f\u00fcr die Gesellschaft und f\u00fcr die Welt von morgen.  Lernen Sie die Menschen kennen, die hinter Advens stehen. Ihre Geschichten zeigen, wie pers\u00f6nliches Engagement und gemeinsame Werte ein starkes Projekt zum Leben erwecken.","robots":{"index":"index","follow":"follow","max-snippet":"max-snippet:-1","max-image-preview":"max-image-preview:large","max-video-preview":"max-video-preview:-1"},"canonical":"https:\/\/www.advens.test\/recrutement\/histoire-d-advengers\/","og_locale":"de_DE","og_type":"article","og_title":"Die Geschichte der Advengers - Advens","og_description":"Hinter jedem Advenger steht mehr als technisches Know-how. Es ist die Haltung, die z\u00e4hlt.  Unsere Teams arbeiten jeden Tag mit vollem Einsatz daran, Organisationen zu sch\u00fctzen. Doch das ist nur der Anfang. Was uns wirklich verbindet, ist der Wunsch, einen echten Unterschied zu machen f\u00fcr unsere Kunden, f\u00fcr die Gesellschaft und f\u00fcr die Welt von morgen.  Lernen Sie die Menschen kennen, die hinter Advens stehen. Ihre Geschichten zeigen, wie pers\u00f6nliches Engagement und gemeinsame Werte ein starkes Projekt zum Leben erwecken.","og_url":"https:\/\/www.advens.test\/recrutement\/histoire-d-advengers\/","og_site_name":"Advens","article_modified_time":"2025-06-23T06:51:04+00:00","og_image":[{"width":1920,"height":940,"url":"https:\/\/www.advens.test\/app\/uploads\/2022\/06\/advens-reportage-lyon-dsc2702ter.jpg","type":"image\/jpeg"}],"twitter_card":"summary_large_image","schema":{"@context":"https:\/\/schema.org","@graph":[{"@type":"WebPage","@id":"https:\/\/www.advens.test\/recrutement\/histoire-d-advengers\/","url":"https:\/\/www.advens.test\/recrutement\/histoire-d-advengers\/","name":"Die Geschichte der Advengers - Advens","isPartOf":{"@id":"https:\/\/www.advens.test\/#website"},"primaryImageOfPage":{"@id":"https:\/\/www.advens.test\/recrutement\/histoire-d-advengers\/#primaryimage"},"image":{"@id":"https:\/\/www.advens.test\/recrutement\/histoire-d-advengers\/#primaryimage"},"thumbnailUrl":"https:\/\/www.nifty-shtern.217-160-68-194.plesk.page\/app\/uploads\/2022\/06\/advens-reportage-lyon-dsc2702ter.jpg","datePublished":"2022-06-27T09:08:24+00:00","dateModified":"2025-06-23T06:51:04+00:00","description":"Hinter jedem Advenger steht mehr als technisches Know-how. Es ist die Haltung, die z\u00e4hlt. Unsere Teams arbeiten jeden Tag mit vollem Einsatz daran, Organisationen zu sch\u00fctzen. Doch das ist nur der Anfang. Was uns wirklich verbindet, ist der Wunsch, einen echten Unterschied zu machen f\u00fcr unsere Kunden, f\u00fcr die Gesellschaft und f\u00fcr die Welt von morgen. Lernen Sie die Menschen kennen, die hinter Advens stehen. Ihre Geschichten zeigen, wie pers\u00f6nliches Engagement und gemeinsame Werte ein starkes Projekt zum Leben erwecken.","breadcrumb":{"@id":"https:\/\/www.advens.test\/recrutement\/histoire-d-advengers\/#breadcrumb"},"inLanguage":"de","potentialAction":[{"@type":"ReadAction","target":["https:\/\/www.advens.test\/recrutement\/histoire-d-advengers\/"]}]},{"@type":"ImageObject","inLanguage":"de","@id":"https:\/\/www.advens.test\/recrutement\/histoire-d-advengers\/#primaryimage","url":"https:\/\/www.nifty-shtern.217-160-68-194.plesk.page\/app\/uploads\/2022\/06\/advens-reportage-lyon-dsc2702ter.jpg","contentUrl":"https:\/\/www.nifty-shtern.217-160-68-194.plesk.page\/app\/uploads\/2022\/06\/advens-reportage-lyon-dsc2702ter.jpg","width":1920,"height":940},{"@type":"BreadcrumbList","@id":"https:\/\/www.advens.test\/recrutement\/histoire-d-advengers\/#breadcrumb","itemListElement":[{"@type":"ListItem","position":1,"name":"Home","item":"https:\/\/www.advens.test\/de\/"},{"@type":"ListItem","position":2,"name":"Karriere","item":"https:\/\/www.advens.test\/de\/karriere\/"},{"@type":"ListItem","position":3,"name":"Die Geschichte der Advengers"}]},{"@type":"WebSite","@id":"https:\/\/www.advens.test\/#website","url":"https:\/\/www.advens.test\/","name":"Advens","description":"For Cyber, People &amp; Planet","publisher":{"@id":"https:\/\/www.advens.test\/#organization"},"potentialAction":[{"@type":"SearchAction","target":{"@type":"EntryPoint","urlTemplate":"https:\/\/www.advens.test\/?s={search_term_string}"},"query-input":{"@type":"PropertyValueSpecification","valueRequired":true,"valueName":"search_term_string"}}],"inLanguage":"de"},{"@type":"Organization","@id":"https:\/\/www.advens.test\/#organization","name":"Advens","url":"https:\/\/www.advens.test\/","logo":{"@type":"ImageObject","inLanguage":"de","@id":"https:\/\/www.advens.test\/#\/schema\/logo\/image\/","url":"https:\/\/www.nifty-shtern.217-160-68-194.plesk.page\/app\/uploads\/2025\/07\/Logotype-aDvens-Cybersecurity.png","contentUrl":"https:\/\/www.nifty-shtern.217-160-68-194.plesk.page\/app\/uploads\/2025\/07\/Logotype-aDvens-Cybersecurity.png","width":1501,"height":1501,"caption":"Advens"},"image":{"@id":"https:\/\/www.advens.test\/#\/schema\/logo\/image\/"},"sameAs":["https:\/\/www.linkedin.com\/company\/advens\/"]}]}},"_links":{"self":[{"href":"https:\/\/www.nifty-shtern.217-160-68-194.plesk.page\/de\/wp-json\/wp\/v2\/pages\/12026","targetHints":{"allow":["GET"]}}],"collection":[{"href":"https:\/\/www.nifty-shtern.217-160-68-194.plesk.page\/de\/wp-json\/wp\/v2\/pages"}],"about":[{"href":"https:\/\/www.nifty-shtern.217-160-68-194.plesk.page\/de\/wp-json\/wp\/v2\/types\/page"}],"author":[{"embeddable":true,"href":"https:\/\/www.nifty-shtern.217-160-68-194.plesk.page\/de\/wp-json\/wp\/v2\/users\/3"}],"replies":[{"embeddable":true,"href":"https:\/\/www.nifty-shtern.217-160-68-194.plesk.page\/de\/wp-json\/wp\/v2\/comments?post=12026"}],"version-history":[{"count":11,"href":"https:\/\/www.nifty-shtern.217-160-68-194.plesk.page\/de\/wp-json\/wp\/v2\/pages\/12026\/revisions"}],"predecessor-version":[{"id":24694,"href":"https:\/\/www.nifty-shtern.217-160-68-194.plesk.page\/de\/wp-json\/wp\/v2\/pages\/12026\/revisions\/24694"}],"up":[{"embeddable":true,"href":"https:\/\/www.nifty-shtern.217-160-68-194.plesk.page\/de\/wp-json\/wp\/v2\/pages\/12974"}],"wp:featuredmedia":[{"embeddable":true,"href":"https:\/\/www.nifty-shtern.217-160-68-194.plesk.page\/de\/wp-json\/wp\/v2\/media\/2893"}],"wp:attachment":[{"href":"https:\/\/www.nifty-shtern.217-160-68-194.plesk.page\/de\/wp-json\/wp\/v2\/media?parent=12026"}],"curies":[{"name":"wp","href":"https:\/\/api.w.org\/{rel}","templated":true}]}}