{"id":12027,"date":"2022-06-01T17:44:18","date_gmt":"2022-06-01T15:44:18","guid":{"rendered":"https:\/\/www.advens.test\/politique-de-gestion-des-cookies\/"},"modified":"2024-11-04T10:22:53","modified_gmt":"2024-11-04T09:22:53","slug":"politique-de-gestion-des-cookies","status":"publish","type":"page","link":"https:\/\/www.nifty-shtern.217-160-68-194.plesk.page\/de\/politique-de-gestion-des-cookies\/","title":{"rendered":"Cookie-Richtlinie"},"content":{"rendered":"\n<h2 class=\"wp-block-heading\">Zweck<\/h2>\n\n<p>F\u00fcr jede Verarbeitung erhebt und verwendet Advens nur die Daten, die f\u00fcr den jeweiligen Zweck relevant und erforderlich sind. Die Verarbeitung Ihrer Daten erfolgt ausschlie\u00dflich mit Hilfe von Cookies, um die Nutzung der Website zu optimieren.<br\/>Diese Cookie-Richtlinie gibt Auskunft dar\u00fcber, wie Advens Cookies speichert und verwendet und welche Rechte damit verbunden sind.<br\/>Wir verarbeiten Ihre personenbezogenen Daten mit Hilfe von Cookies zu den folgenden Zwecken:<\/p>\n\n<ul class=\"wp-block-list\"><li>die Verwaltung der Website, d.\u00a0h. die ordnungsgem\u00e4\u00dfe Ausf\u00fchrung der angeforderten Dienste, die Speicherung der vom Benutzer gew\u00e4hlten Optionen (z.\u00a0B. Sprache) usw. Die in diesem Rahmen verwendeten Cookies bed\u00fcrfen nicht der vorherigen Einwilligung des Nutzers, um auf seinem Endger\u00e4t abgelegt zu werden. Die Datenverarbeitung erfolgt im Interesse von Advens.<\/li><li>Verwaltung der Besucherzahlen zu rein statistischen Analysezwecken, insbesondere zur Anpassung der Website an die W\u00fcnsche und Bed\u00fcrfnisse der Nutzer. Diese Verarbeitung basiert auf der Einwilligung des Nutzers.<\/li><\/ul>\n\n<p>Diese Verarbeitung erfolgt mit Hilfe von Cookies, die von Matomo Analytics gesetzt werden, um die Besucher zu z\u00e4hlen und zu identifizieren, wie sie die Website nutzen. Abh\u00e4ngig vom Verwendungszweck der Daten werden sie bis zu 12\u00a0Monate nach ihrer Erstellung aufbewahrt.<\/p>\n\n<hr class=\"wp-block-separator has-alpha-channel-opacity\"\/>\n\n<h2 class=\"wp-block-heading\">Was sind Cookies und andere Tracker?<\/h2>\n\n<p>Ein Cookie ist eine kleine Computerdatei, die beispielsweise beim Besuch einer Website, beim Lesen einer E-Mail, bei der Installation oder Nutzung einer Software oder einer mobilen Anwendung unabh\u00e4ngig vom verwendeten Endger\u00e4t (Computer, Smartphone, digitaler E-Reader, internetf\u00e4hige Videospielkonsole usw.) gespeichert und gelesen wird.<br\/>Ein Cookie enth\u00e4lt eine eindeutige Kennung, die dem Endger\u00e4t des Benutzers zugewiesen wird, wenn die Advens-Website in einen Browser geladen wird. Cookies haben verschiedene Verwendungszwecke, wobei einige f\u00fcr vom Nutzer ausdr\u00fccklich angeforderte Funktionen oder f\u00fcr den Aufbau der Kommunikation zwingend erforderlich sind und daher keiner Einwilligung bed\u00fcrfen. Andere, die diese Kriterien nicht erf\u00fcllen, bed\u00fcrfen der Einwilligung des Nutzers, bevor sie gelesen oder geschrieben werden.<br\/>Das Cookie erm\u00f6glicht es Advens, sich an den Besuch des Nutzers, seine Aktionen und Pr\u00e4ferenzen (Standort, Sprachen, Schriftart und andere Pr\u00e4ferenzen) zu erinnern, entweder bei einem einzelnen Besuch oder bei mehreren wiederholten Besuchen. Es ist Advens nicht m\u00f6glich, den Besucher pers\u00f6nlich zu identifizieren.<br\/>Ein Cookie erm\u00f6glicht es also, Ihr Surfverhalten f\u00fcr statistische oder Werbezwecke nachzuvollziehen. Cookies k\u00f6nnen manuell oder automatisch gel\u00f6scht werden.<\/p>\n\n<hr class=\"wp-block-separator has-alpha-channel-opacity\"\/>\n\n<h2 class=\"wp-block-heading\">Umgang mit Cookies<\/h2>\n\n<p>Sie haben verschiedene M\u00f6glichkeiten, Cookies zu verwalten.<br\/>Obwohl die meisten Browser standardm\u00e4\u00dfig so eingestellt sind, dass sie das Setzen von Cookies akzeptieren, haben Sie die M\u00f6glichkeit, alle Cookies zu akzeptieren, alle Cookies abzulehnen oder je nach Absender zu entscheiden, welche Cookies Sie akzeptieren m\u00f6chten. Sie haben auch die M\u00f6glichkeit, Ihren Browser so einzustellen, dass er Cookies akzeptiert oder ablehnt, bevor diese gesetzt werden. Sie k\u00f6nnen die Cookies auch regelm\u00e4\u00dfig \u00fcber Ihren Browser von Ihrem Endger\u00e4t l\u00f6schen. Denken Sie daran, alle Browser auf Ihren verschiedenen Endger\u00e4ten (Tablet, Smartphone, Computer) zu konfigurieren.<br\/>Die Vorgehensweise kann je nach verwendetem Browser variieren. Wir weisen Sie jedoch darauf hin, dass Sie in diesem Fall gegebenenfalls nicht s\u00e4mtliche Funktionen dieser Website voll umf\u00e4nglich nutzen k\u00f6nnen. In jedem Fall sollten Sie die Hilfefunktion Ihres Browsers nutzen, um zu erfahren, wie Sie Cookies akzeptieren oder ablehnen k\u00f6nnen.<br\/>Mit Ihrer Einwilligung verwendet die Advens-Website Cookies und andere Tracking-Technologien, um pers\u00f6nliche Informationen, wie z.\u00a0B. Ihre Besuche auf der Website, zu speichern und darauf zuzugreifen.<\/p>\n\n<hr class=\"wp-block-separator has-alpha-channel-opacity\"\/>\n\n<h2 class=\"wp-block-heading\">Arten der verwendeten Cookies<\/h2>\n\n<p>Im Folgenden werden die Arten von Cookies beschrieben, die auf der Advens-Website verwendet werden. Der Zweck aller Cookies wird ebenfalls erl\u00e4utert. Die Einwilligung des Nutzers ist erforderlich und wird durch ein Banner direkt auf der Website angezeigt. Das Ausbleiben einer eindeutigen Willensbekundung zur Annahme der Speicherung von Cookies ist als Ablehnung zu werten.<\/p>\n\n<ul class=\"wp-block-list\"><li>Unbedingt erforderliche Cookies: Diese Cookies k\u00f6nnen nicht deaktiviert werden und sind f\u00fcr das grundlegende Funktionieren der Website erforderlich. Sie k\u00f6nnen in unseren Systemen nicht deaktiviert werden. Diese Cookies erfordern keine Einwilligung: Hubspot<\/li><li>Funktionale Cookies: Diese Cookies erm\u00f6glichen es, die Funktionalit\u00e4t und Sicherheit der Website auf personalisierte Weise zu verbessern (Authentifizierung, personalisierte Inhalte): SRVNAME, Axeptio<\/li><li>Werbe-Cookies: Diese Cookies erm\u00f6glichen Werbung in einigen der unten genannten sozialen Netzwerke: Facebook-Pixel, LinkedIn-Pixel<\/li><li>Analytische Cookies: Diese Cookies erm\u00f6glichen es, die Anzahl der Nutzer der Website zu messen: Matomo<\/li><\/ul>\n\n<hr class=\"wp-block-separator has-alpha-channel-opacity\"\/>\n\n<h2 class=\"wp-block-heading\">Dauer der Aufbewahrung<\/h2>\n\n<p>Neue Besuche haben keinen Einfluss auf die Aufbewahrungsdauer dieser Informationen. Die Speicherdauer der auf der Website verwendeten Cookies ist in der folgenden Liste angegeben:<\/p>\n\n<ul class=\"wp-block-list\"><li>Hubspot: 6 Monate<\/li><li>Facebook Pixel: 90 Tage<\/li><li>LinkedIn Pixel: 90 Tage<\/li><li>SRVNAME: wird nach Gebrauch gel\u00f6scht<\/li><li>Matomo: 13 Monate<\/li><li>Axeptio: 24 Stunden<\/li><\/ul>\n\n<hr class=\"wp-block-separator has-alpha-channel-opacity\"\/>\n\n<h2 class=\"wp-block-heading\">Ihre Rechte<\/h2>\n\n<p>Hinsichtlich des Rechts auf Auskunft \u00fcber die personenbezogenen Daten des Nutzers, des Rechts auf Berichtigung, des Rechts auf Widerruf der Einwilligung und des Rechts auf L\u00f6schung der personenbezogenen Daten des Nutzers hat der Nutzer die M\u00f6glichkeit, dieses Recht gem\u00e4\u00df den Bestimmungen der Verordnung (EU) 2016\/679 des Europ\u00e4ischen Parlaments und des Rates vom 27.\u00a0April 2016 zum Schutz nat\u00fcrlicher Personen bei der Verarbeitung personenbezogener Daten und zum freien Datenverkehr und des ge\u00e4nderten franz\u00f6sischen Datenschutzgesetzes vom 6.\u00a0Januar 1978 auszu\u00fcben.<\/p>\n\n<p><br\/>Sie k\u00f6nnen sich per E-Mail unter dpo@advens.fr oder per Post unter 32, rue Faidherbe 59800, LILLE, an die Compliance-Abteilung von Advens wenden.<\/p>\n","protected":false},"excerpt":{"rendered":"<p>Zweck F\u00fcr jede Verarbeitung erhebt und verwendet Advens nur die Daten, die f\u00fcr den jeweiligen Zweck relevant und erforderlich sind. Die Verarbeitung Ihrer Daten erfolgt ausschlie\u00dflich mit Hilfe von Cookies, um die Nutzung der Website zu optimieren.Diese Cookie-Richtlinie gibt Auskunft dar\u00fcber, wie Advens Cookies speichert und verwendet und welche Rechte damit verbunden sind.Wir verarbeiten Ihre [&hellip;]<\/p>\n","protected":false},"author":3,"featured_media":0,"parent":0,"menu_order":0,"comment_status":"closed","ping_status":"closed","template":"","meta":{"_acf_changed":false,"content-type":"","footnotes":""},"class_list":["post-12027","page","type-page","status-publish","hentry"],"acf":[],"yoast_head":"<!-- This site is optimized with the Yoast SEO plugin v24.8.1 - https:\/\/yoast.com\/wordpress\/plugins\/seo\/ -->\n<title>Cookie-Richtlinie - Advens<\/title>\n<meta name=\"description\" content=\"Zweck F\u00fcr jede Verarbeitung erhebt und verwendet Advens nur die Daten, die f\u00fcr den jeweiligen Zweck relevant und erforderlich sind. Die Verarbeitung Ihrer\" \/>\n<meta name=\"robots\" content=\"index, follow, max-snippet:-1, max-image-preview:large, max-video-preview:-1\" \/>\n<link rel=\"canonical\" href=\"https:\/\/www.advens.test\/politique-de-gestion-des-cookies\/\" \/>\n<meta property=\"og:locale\" content=\"de_DE\" \/>\n<meta property=\"og:type\" content=\"article\" \/>\n<meta property=\"og:title\" content=\"Cookie-Richtlinie - Advens\" \/>\n<meta property=\"og:description\" content=\"Zweck F\u00fcr jede Verarbeitung erhebt und verwendet Advens nur die Daten, die f\u00fcr den jeweiligen Zweck relevant und erforderlich sind. Die Verarbeitung Ihrer\" \/>\n<meta property=\"og:url\" content=\"https:\/\/www.advens.test\/politique-de-gestion-des-cookies\/\" \/>\n<meta property=\"og:site_name\" content=\"Advens\" \/>\n<meta property=\"article:modified_time\" content=\"2024-11-04T09:22:53+00:00\" \/>\n<meta name=\"twitter:card\" content=\"summary_large_image\" \/>\n<script type=\"application\/ld+json\" class=\"yoast-schema-graph\">{\"@context\":\"https:\/\/schema.org\",\"@graph\":[{\"@type\":\"WebPage\",\"@id\":\"https:\/\/www.advens.test\/politique-de-gestion-des-cookies\/\",\"url\":\"https:\/\/www.advens.test\/politique-de-gestion-des-cookies\/\",\"name\":\"Cookie-Richtlinie - Advens\",\"isPartOf\":{\"@id\":\"https:\/\/www.advens.test\/#website\"},\"datePublished\":\"2022-06-01T15:44:18+00:00\",\"dateModified\":\"2024-11-04T09:22:53+00:00\",\"description\":\"Zweck F\u00fcr jede Verarbeitung erhebt und verwendet Advens nur die Daten, die f\u00fcr den jeweiligen Zweck relevant und erforderlich sind. Die Verarbeitung Ihrer\",\"breadcrumb\":{\"@id\":\"https:\/\/www.advens.test\/politique-de-gestion-des-cookies\/#breadcrumb\"},\"inLanguage\":\"de\",\"potentialAction\":[{\"@type\":\"ReadAction\",\"target\":[\"https:\/\/www.advens.test\/politique-de-gestion-des-cookies\/\"]}]},{\"@type\":\"BreadcrumbList\",\"@id\":\"https:\/\/www.advens.test\/politique-de-gestion-des-cookies\/#breadcrumb\",\"itemListElement\":[{\"@type\":\"ListItem\",\"position\":1,\"name\":\"Home\",\"item\":\"https:\/\/www.advens.test\/de\/\"},{\"@type\":\"ListItem\",\"position\":2,\"name\":\"Cookie-Richtlinie\"}]},{\"@type\":\"WebSite\",\"@id\":\"https:\/\/www.advens.test\/#website\",\"url\":\"https:\/\/www.advens.test\/\",\"name\":\"Advens\",\"description\":\"For Cyber, People &amp; Planet\",\"publisher\":{\"@id\":\"https:\/\/www.advens.test\/#organization\"},\"potentialAction\":[{\"@type\":\"SearchAction\",\"target\":{\"@type\":\"EntryPoint\",\"urlTemplate\":\"https:\/\/www.advens.test\/?s={search_term_string}\"},\"query-input\":{\"@type\":\"PropertyValueSpecification\",\"valueRequired\":true,\"valueName\":\"search_term_string\"}}],\"inLanguage\":\"de\"},{\"@type\":\"Organization\",\"@id\":\"https:\/\/www.advens.test\/#organization\",\"name\":\"Advens\",\"url\":\"https:\/\/www.advens.test\/\",\"logo\":{\"@type\":\"ImageObject\",\"inLanguage\":\"de\",\"@id\":\"https:\/\/www.advens.test\/#\/schema\/logo\/image\/\",\"url\":\"https:\/\/www.nifty-shtern.217-160-68-194.plesk.page\/app\/uploads\/2025\/07\/Logotype-aDvens-Cybersecurity.png\",\"contentUrl\":\"https:\/\/www.nifty-shtern.217-160-68-194.plesk.page\/app\/uploads\/2025\/07\/Logotype-aDvens-Cybersecurity.png\",\"width\":1501,\"height\":1501,\"caption\":\"Advens\"},\"image\":{\"@id\":\"https:\/\/www.advens.test\/#\/schema\/logo\/image\/\"},\"sameAs\":[\"https:\/\/www.linkedin.com\/company\/advens\/\"]}]}<\/script>\n<!-- \/ Yoast SEO plugin. -->","yoast_head_json":{"title":"Cookie-Richtlinie - Advens","description":"Zweck F\u00fcr jede Verarbeitung erhebt und verwendet Advens nur die Daten, die f\u00fcr den jeweiligen Zweck relevant und erforderlich sind. Die Verarbeitung Ihrer","robots":{"index":"index","follow":"follow","max-snippet":"max-snippet:-1","max-image-preview":"max-image-preview:large","max-video-preview":"max-video-preview:-1"},"canonical":"https:\/\/www.advens.test\/politique-de-gestion-des-cookies\/","og_locale":"de_DE","og_type":"article","og_title":"Cookie-Richtlinie - Advens","og_description":"Zweck F\u00fcr jede Verarbeitung erhebt und verwendet Advens nur die Daten, die f\u00fcr den jeweiligen Zweck relevant und erforderlich sind. Die Verarbeitung Ihrer","og_url":"https:\/\/www.advens.test\/politique-de-gestion-des-cookies\/","og_site_name":"Advens","article_modified_time":"2024-11-04T09:22:53+00:00","twitter_card":"summary_large_image","schema":{"@context":"https:\/\/schema.org","@graph":[{"@type":"WebPage","@id":"https:\/\/www.advens.test\/politique-de-gestion-des-cookies\/","url":"https:\/\/www.advens.test\/politique-de-gestion-des-cookies\/","name":"Cookie-Richtlinie - Advens","isPartOf":{"@id":"https:\/\/www.advens.test\/#website"},"datePublished":"2022-06-01T15:44:18+00:00","dateModified":"2024-11-04T09:22:53+00:00","description":"Zweck F\u00fcr jede Verarbeitung erhebt und verwendet Advens nur die Daten, die f\u00fcr den jeweiligen Zweck relevant und erforderlich sind. Die Verarbeitung Ihrer","breadcrumb":{"@id":"https:\/\/www.advens.test\/politique-de-gestion-des-cookies\/#breadcrumb"},"inLanguage":"de","potentialAction":[{"@type":"ReadAction","target":["https:\/\/www.advens.test\/politique-de-gestion-des-cookies\/"]}]},{"@type":"BreadcrumbList","@id":"https:\/\/www.advens.test\/politique-de-gestion-des-cookies\/#breadcrumb","itemListElement":[{"@type":"ListItem","position":1,"name":"Home","item":"https:\/\/www.advens.test\/de\/"},{"@type":"ListItem","position":2,"name":"Cookie-Richtlinie"}]},{"@type":"WebSite","@id":"https:\/\/www.advens.test\/#website","url":"https:\/\/www.advens.test\/","name":"Advens","description":"For Cyber, People &amp; Planet","publisher":{"@id":"https:\/\/www.advens.test\/#organization"},"potentialAction":[{"@type":"SearchAction","target":{"@type":"EntryPoint","urlTemplate":"https:\/\/www.advens.test\/?s={search_term_string}"},"query-input":{"@type":"PropertyValueSpecification","valueRequired":true,"valueName":"search_term_string"}}],"inLanguage":"de"},{"@type":"Organization","@id":"https:\/\/www.advens.test\/#organization","name":"Advens","url":"https:\/\/www.advens.test\/","logo":{"@type":"ImageObject","inLanguage":"de","@id":"https:\/\/www.advens.test\/#\/schema\/logo\/image\/","url":"https:\/\/www.nifty-shtern.217-160-68-194.plesk.page\/app\/uploads\/2025\/07\/Logotype-aDvens-Cybersecurity.png","contentUrl":"https:\/\/www.nifty-shtern.217-160-68-194.plesk.page\/app\/uploads\/2025\/07\/Logotype-aDvens-Cybersecurity.png","width":1501,"height":1501,"caption":"Advens"},"image":{"@id":"https:\/\/www.advens.test\/#\/schema\/logo\/image\/"},"sameAs":["https:\/\/www.linkedin.com\/company\/advens\/"]}]}},"_links":{"self":[{"href":"https:\/\/www.nifty-shtern.217-160-68-194.plesk.page\/de\/wp-json\/wp\/v2\/pages\/12027","targetHints":{"allow":["GET"]}}],"collection":[{"href":"https:\/\/www.nifty-shtern.217-160-68-194.plesk.page\/de\/wp-json\/wp\/v2\/pages"}],"about":[{"href":"https:\/\/www.nifty-shtern.217-160-68-194.plesk.page\/de\/wp-json\/wp\/v2\/types\/page"}],"author":[{"embeddable":true,"href":"https:\/\/www.nifty-shtern.217-160-68-194.plesk.page\/de\/wp-json\/wp\/v2\/users\/3"}],"replies":[{"embeddable":true,"href":"https:\/\/www.nifty-shtern.217-160-68-194.plesk.page\/de\/wp-json\/wp\/v2\/comments?post=12027"}],"version-history":[{"count":3,"href":"https:\/\/www.nifty-shtern.217-160-68-194.plesk.page\/de\/wp-json\/wp\/v2\/pages\/12027\/revisions"}],"predecessor-version":[{"id":12768,"href":"https:\/\/www.nifty-shtern.217-160-68-194.plesk.page\/de\/wp-json\/wp\/v2\/pages\/12027\/revisions\/12768"}],"wp:attachment":[{"href":"https:\/\/www.nifty-shtern.217-160-68-194.plesk.page\/de\/wp-json\/wp\/v2\/media?parent=12027"}],"curies":[{"name":"wp","href":"https:\/\/api.w.org\/{rel}","templated":true}]}}