{"id":12045,"date":"2022-04-04T13:25:25","date_gmt":"2022-04-04T11:25:25","guid":{"rendered":"https:\/\/www.advens.test\/raison-d-etre\/advens-for-people-and-planet\/"},"modified":"2025-08-01T15:44:56","modified_gmt":"2025-08-01T13:44:56","slug":"fondation","status":"publish","type":"page","link":"https:\/\/www.nifty-shtern.217-160-68-194.plesk.page\/de\/unsere-mission\/fondation\/","title":{"rendered":"Advens for People and Planet"},"content":{"rendered":"\n<hr class=\"wp-block-separator has-css-opacity\"\/>\n\n\n\n<p>Advens for People and Planet ist ein Wirkungsfonds, der gezielt Projekte in den Bereichen Integration, Bildung und Umweltschutz f\u00f6rdert. Im Mittelpunkt stehen dabei insbesondere junge Menschen und besonders schutzbed\u00fcrftige Gruppen.<\/p>\n\n\n\n<h2 class=\"wp-block-heading\">Wof\u00fcr setzen wir uns ein?<\/h2>\n\n\n\n<ul class=\"wp-block-list\">\n<li>Wir statten den Fonds von Anfang an mit personellen, technischen und finanziellen Mitteln aus, um schnell und wirksam handeln zu k\u00f6nnen.<\/li>\n\n\n\n<li>Wir steuern unsere Unternehmensleistung gezielt, um zus\u00e4tzliche Ressourcen f\u00fcr unser Engagement und unsere Wirkung freizusetzen.<\/li>\n\n\n\n<li>Wir unterst\u00fctzen lokale Initiativen, soziale Intrapreneurship-Projekte und die Entwicklung wirkungsvoller und nachhaltiger L\u00f6sungen.<\/li>\n\n\n\n<li>Wir binden unsere Mitarbeitenden sowie unsere gesamte Gemeinschaft aus Kunden, Partnern und Investoren aktiv in unsere Mission ein.<\/li>\n<\/ul>\n\n\n\n<hr class=\"wp-block-separator has-css-opacity\"\/>\n\n\n\n\n  \n\n\n\n\n  \n\n<div id=\"block-push-4-colonnes-827749334\" class=\"acf-block-push-contenus-4colonnes alignwide\">\n      \n          \n\n<div class=\"commun-liste grille\" data-component=\"CommunListe\">\n      <div class=\"default-block-header d-flex flex-wrap justify-content-between align-items-center\">\n              <h2 class=\"title title-6 mb-4\">\n                      Daf\u00fcr stehen wir\n                                      <\/h2>\n                <\/div>\n  \n  <div class=\"liste grid -card-small -btn-see-all\">\n          <div class=\"container\">\n        <div class=\"row row-cols-1  row-cols-md-2 row-cols-xl-4  g-4\">\n                      \n\n\n\n  \n\n\n\n      \n\n\n\n<div class=\"list-item col h-100\" >\n  <div class=\"list-item-content  h-100\">\n    <div class=\"card card__push4 h-100\">\n      <a href=\"https:\/\/www.nifty-shtern.217-160-68-194.plesk.page\/de\/engagement\/cyber-zuganglich\/\" class=\"card-link\" title=\"Details anzeigen\"><\/a>\n                        <div class=\"card-image\">\n            <img decoding=\"async\" src=\"https:\/\/www.nifty-shtern.217-160-68-194.plesk.page\/app\/uploads\/2022\/05\/img-5764.jpg\" loading=\"lazy\" alt=\"Cyber zug\u00e4nglicher machen\" class=\"card-img-top\"\/>\n          <\/div>\n                    <div class=\"card-body content\">\n                  <div class=\"meta-top mb-3 small\">\n            Verpflichtung\n          <\/div>\n                <h3 class=\"card-title title\">\n          Cyber zug\u00e4nglicher machen\n        <\/h3>\n      <\/div>\n      <div class=\"card-overlay\">\n                  <div class=\"card-overlay__meta-top\">\n            Verpflichtung\n          <\/div>\n                <strong class=\"card-overlay__title card-title\">\n          Cyber zug\u00e4nglicher machen\n        <\/strong>\n                  <p class=\"card-overlay__text\">\n                        Datensicherheit ist ein Gut, auf das jeder Mensch ein Recht hat. Die Welt zu sch\u00fctzen bedeutet insbesondere, Organisationen jeder Art und Gr\u00f6\u00dfe zu &#8230;\n          <\/p>\n                          <div class=\"card-overlay__bottom\">\n            <span class=\"btn btn-primary\">\n              Weiterlesen\n            <\/span>\n          <\/div>\n              <\/div>\n    <\/div>\n  <\/div>\n<\/div>\n                      \n\n\n\n  \n\n\n\n      \n\n\n\n<div class=\"list-item col h-100\" >\n  <div class=\"list-item-content  h-100\">\n    <div class=\"card card__push4 h-100\">\n      <a href=\"https:\/\/www.nifty-shtern.217-160-68-194.plesk.page\/de\/engagement\/cyber-akademie\/\" class=\"card-link\" title=\"Details anzeigen\"><\/a>\n                        <div class=\"card-image\">\n            <img decoding=\"async\" src=\"https:\/\/www.nifty-shtern.217-160-68-194.plesk.page\/app\/uploads\/2022\/05\/advens-video-capture-quo-4.jpg\" loading=\"lazy\" alt=\"Eingliederungsprogramm f\u00fcr die Cyberindustrie\" class=\"card-img-top\"\/>\n          <\/div>\n                    <div class=\"card-body content\">\n                  <div class=\"meta-top mb-3 small\">\n            Verpflichtung\n          <\/div>\n                <h3 class=\"card-title title\">\n          Eingliederungsprogramm f\u00fcr die Cyberindustrie\n        <\/h3>\n      <\/div>\n      <div class=\"card-overlay\">\n                  <div class=\"card-overlay__meta-top\">\n            Verpflichtung\n          <\/div>\n                <strong class=\"card-overlay__title card-title\">\n          Eingliederungsprogramm f\u00fcr die Cyberindustrie\n        <\/strong>\n                  <p class=\"card-overlay__text\">\n                        Zwei Millionen junge Franzosen befinden sich heute in gro\u00dfen Schwierigkeiten: arbeitslos, obdachlos oder ohne Ausbildung. Unter ihnen befinden sich&#8230;\n          <\/p>\n                          <div class=\"card-overlay__bottom\">\n            <span class=\"btn btn-primary\">\n              Weiterlesen\n            <\/span>\n          <\/div>\n              <\/div>\n    <\/div>\n  <\/div>\n<\/div>\n                      \n\n\n\n  \n\n\n\n      \n\n\n\n<div class=\"list-item col h-100\" >\n  <div class=\"list-item-content  h-100\">\n    <div class=\"card card__push4 h-100\">\n      <a href=\"https:\/\/www.nifty-shtern.217-160-68-194.plesk.page\/de\/engagement\/linkedout\/\" class=\"card-link\" title=\"Details anzeigen\"><\/a>\n                        <div class=\"card-image\">\n            <img decoding=\"async\" src=\"https:\/\/www.nifty-shtern.217-160-68-194.plesk.page\/app\/uploads\/2022\/03\/photo1-ac4i1172-pierre-bouras-crop.png\" loading=\"lazy\" alt=\"LinkedOut von Advens beschleunigt\" class=\"card-img-top\"\/>\n          <\/div>\n                    <div class=\"card-body content\">\n                  <div class=\"meta-top mb-3 small\">\n            Verpflichtung\n          <\/div>\n                <h3 class=\"card-title title\">\n          LinkedOut von Advens beschleunigt\n        <\/h3>\n      <\/div>\n      <div class=\"card-overlay\">\n                  <div class=\"card-overlay__meta-top\">\n            Verpflichtung\n          <\/div>\n                <strong class=\"card-overlay__title card-title\">\n          LinkedOut von Advens beschleunigt\n        <\/strong>\n                  <p class=\"card-overlay__text\">\n                        Seit Anfang 2020 stellt Advens LinkedOut, einer Initiative f\u00fcr positive Technologien, die von der Organisation Entourage ins Leben gerufen wurde, S&#8230;\n          <\/p>\n                          <div class=\"card-overlay__bottom\">\n            <span class=\"btn btn-primary\">\n              Weiterlesen\n            <\/span>\n          <\/div>\n              <\/div>\n    <\/div>\n  <\/div>\n<\/div>\n                  <\/div>\n      <\/div>\n      <\/div>\n<\/div>  <\/div>","protected":false},"excerpt":{"rendered":"<p>Als echter Katalysator f\u00fcr gesellschaftliches Engagement haben wir im Juli 2021 den Spendenfonds Advens for People and Planet gegr\u00fcndet. Er wurde mit einer hohen Anfangsdotierung ausgestattet und soll k\u00fcnftig bis zu 50 Prozent des finanziellen Unternehmenswerts von Advens erhalten, basierend auf einem neuen Modell zur Wertverteilung.<\/p>\n","protected":false},"author":3,"featured_media":10995,"parent":23734,"menu_order":5,"comment_status":"closed","ping_status":"closed","template":"","meta":{"_acf_changed":false,"content-type":"","footnotes":""},"class_list":["post-12045","page","type-page","status-publish","has-post-thumbnail","hentry"],"acf":[],"yoast_head":"<!-- This site is optimized with the Yoast SEO plugin v24.8.1 - https:\/\/yoast.com\/wordpress\/plugins\/seo\/ -->\n<title>Advens for People and Planet -<\/title>\n<meta name=\"description\" content=\"Als echter Katalysator f\u00fcr gesellschaftliches Engagement haben wir im Juli 2021 den Spendenfonds Advens for People and Planet gegr\u00fcndet. Er wurde mit einer hohen Anfangsdotierung ausgestattet und soll k\u00fcnftig bis zu 50 Prozent des finanziellen Unternehmenswerts von Advens erhalten, basierend auf einem neuen Modell zur Wertverteilung.\" \/>\n<meta name=\"robots\" content=\"index, follow, max-snippet:-1, max-image-preview:large, max-video-preview:-1\" \/>\n<link rel=\"canonical\" href=\"https:\/\/www.advens.test\/raison-d-etre\/advens-for-people-and-planet\/\" \/>\n<meta property=\"og:locale\" content=\"de_DE\" \/>\n<meta property=\"og:type\" content=\"article\" \/>\n<meta property=\"og:title\" content=\"Advens for People and Planet -\" \/>\n<meta property=\"og:description\" content=\"Als echter Katalysator f\u00fcr gesellschaftliches Engagement haben wir im Juli 2021 den Spendenfonds Advens for People and Planet gegr\u00fcndet. Er wurde mit einer hohen Anfangsdotierung ausgestattet und soll k\u00fcnftig bis zu 50 Prozent des finanziellen Unternehmenswerts von Advens erhalten, basierend auf einem neuen Modell zur Wertverteilung.\" \/>\n<meta property=\"og:url\" content=\"https:\/\/www.advens.test\/raison-d-etre\/advens-for-people-and-planet\/\" \/>\n<meta property=\"og:site_name\" content=\"Advens\" \/>\n<meta property=\"article:modified_time\" content=\"2025-08-01T13:44:56+00:00\" \/>\n<meta property=\"og:image\" content=\"https:\/\/www.advens.test\/app\/uploads\/2022\/04\/unsplash-6awftplgace-scaled.jpg\" \/>\n\t<meta property=\"og:image:width\" content=\"2560\" \/>\n\t<meta property=\"og:image:height\" content=\"1156\" \/>\n\t<meta property=\"og:image:type\" content=\"image\/jpeg\" \/>\n<meta name=\"twitter:card\" content=\"summary_large_image\" \/>\n<script type=\"application\/ld+json\" class=\"yoast-schema-graph\">{\"@context\":\"https:\/\/schema.org\",\"@graph\":[{\"@type\":\"WebPage\",\"@id\":\"https:\/\/www.advens.test\/raison-d-etre\/advens-for-people-and-planet\/\",\"url\":\"https:\/\/www.advens.test\/raison-d-etre\/advens-for-people-and-planet\/\",\"name\":\"Advens for People and Planet -\",\"isPartOf\":{\"@id\":\"https:\/\/www.advens.test\/#website\"},\"primaryImageOfPage\":{\"@id\":\"https:\/\/www.advens.test\/raison-d-etre\/advens-for-people-and-planet\/#primaryimage\"},\"image\":{\"@id\":\"https:\/\/www.advens.test\/raison-d-etre\/advens-for-people-and-planet\/#primaryimage\"},\"thumbnailUrl\":\"https:\/\/www.nifty-shtern.217-160-68-194.plesk.page\/app\/uploads\/2022\/04\/unsplash-6awftplgace-scaled.jpg\",\"datePublished\":\"2022-04-04T11:25:25+00:00\",\"dateModified\":\"2025-08-01T13:44:56+00:00\",\"description\":\"Als echter Katalysator f\u00fcr gesellschaftliches Engagement haben wir im Juli 2021 den Spendenfonds Advens for People and Planet gegr\u00fcndet. Er wurde mit einer hohen Anfangsdotierung ausgestattet und soll k\u00fcnftig bis zu 50 Prozent des finanziellen Unternehmenswerts von Advens erhalten, basierend auf einem neuen Modell zur Wertverteilung.\",\"breadcrumb\":{\"@id\":\"https:\/\/www.advens.test\/raison-d-etre\/advens-for-people-and-planet\/#breadcrumb\"},\"inLanguage\":\"de\",\"potentialAction\":[{\"@type\":\"ReadAction\",\"target\":[\"https:\/\/www.advens.test\/raison-d-etre\/advens-for-people-and-planet\/\"]}]},{\"@type\":\"ImageObject\",\"inLanguage\":\"de\",\"@id\":\"https:\/\/www.advens.test\/raison-d-etre\/advens-for-people-and-planet\/#primaryimage\",\"url\":\"https:\/\/www.nifty-shtern.217-160-68-194.plesk.page\/app\/uploads\/2022\/04\/unsplash-6awftplgace-scaled.jpg\",\"contentUrl\":\"https:\/\/www.nifty-shtern.217-160-68-194.plesk.page\/app\/uploads\/2022\/04\/unsplash-6awftplgace-scaled.jpg\",\"width\":2560,\"height\":1156},{\"@type\":\"BreadcrumbList\",\"@id\":\"https:\/\/www.advens.test\/raison-d-etre\/advens-for-people-and-planet\/#breadcrumb\",\"itemListElement\":[{\"@type\":\"ListItem\",\"position\":1,\"name\":\"Home\",\"item\":\"https:\/\/www.advens.test\/de\/\"},{\"@type\":\"ListItem\",\"position\":2,\"name\":\"Unsere Mission\",\"item\":\"https:\/\/www.advens.test\/raison-d-etre\/\"},{\"@type\":\"ListItem\",\"position\":3,\"name\":\"Advens for People and Planet\"}]},{\"@type\":\"WebSite\",\"@id\":\"https:\/\/www.advens.test\/#website\",\"url\":\"https:\/\/www.advens.test\/\",\"name\":\"Advens\",\"description\":\"For Cyber, People &amp; Planet\",\"publisher\":{\"@id\":\"https:\/\/www.advens.test\/#organization\"},\"potentialAction\":[{\"@type\":\"SearchAction\",\"target\":{\"@type\":\"EntryPoint\",\"urlTemplate\":\"https:\/\/www.advens.test\/?s={search_term_string}\"},\"query-input\":{\"@type\":\"PropertyValueSpecification\",\"valueRequired\":true,\"valueName\":\"search_term_string\"}}],\"inLanguage\":\"de\"},{\"@type\":\"Organization\",\"@id\":\"https:\/\/www.advens.test\/#organization\",\"name\":\"Advens\",\"url\":\"https:\/\/www.advens.test\/\",\"logo\":{\"@type\":\"ImageObject\",\"inLanguage\":\"de\",\"@id\":\"https:\/\/www.advens.test\/#\/schema\/logo\/image\/\",\"url\":\"https:\/\/www.nifty-shtern.217-160-68-194.plesk.page\/app\/uploads\/2025\/07\/Logotype-aDvens-Cybersecurity.png\",\"contentUrl\":\"https:\/\/www.nifty-shtern.217-160-68-194.plesk.page\/app\/uploads\/2025\/07\/Logotype-aDvens-Cybersecurity.png\",\"width\":1501,\"height\":1501,\"caption\":\"Advens\"},\"image\":{\"@id\":\"https:\/\/www.advens.test\/#\/schema\/logo\/image\/\"},\"sameAs\":[\"https:\/\/www.linkedin.com\/company\/advens\/\"]}]}<\/script>\n<!-- \/ Yoast SEO plugin. -->","yoast_head_json":{"title":"Advens for People and Planet -","description":"Als echter Katalysator f\u00fcr gesellschaftliches Engagement haben wir im Juli 2021 den Spendenfonds Advens for People and Planet gegr\u00fcndet. Er wurde mit einer hohen Anfangsdotierung ausgestattet und soll k\u00fcnftig bis zu 50 Prozent des finanziellen Unternehmenswerts von Advens erhalten, basierend auf einem neuen Modell zur Wertverteilung.","robots":{"index":"index","follow":"follow","max-snippet":"max-snippet:-1","max-image-preview":"max-image-preview:large","max-video-preview":"max-video-preview:-1"},"canonical":"https:\/\/www.advens.test\/raison-d-etre\/advens-for-people-and-planet\/","og_locale":"de_DE","og_type":"article","og_title":"Advens for People and Planet -","og_description":"Als echter Katalysator f\u00fcr gesellschaftliches Engagement haben wir im Juli 2021 den Spendenfonds Advens for People and Planet gegr\u00fcndet. Er wurde mit einer hohen Anfangsdotierung ausgestattet und soll k\u00fcnftig bis zu 50 Prozent des finanziellen Unternehmenswerts von Advens erhalten, basierend auf einem neuen Modell zur Wertverteilung.","og_url":"https:\/\/www.advens.test\/raison-d-etre\/advens-for-people-and-planet\/","og_site_name":"Advens","article_modified_time":"2025-08-01T13:44:56+00:00","og_image":[{"width":2560,"height":1156,"url":"https:\/\/www.advens.test\/app\/uploads\/2022\/04\/unsplash-6awftplgace-scaled.jpg","type":"image\/jpeg"}],"twitter_card":"summary_large_image","schema":{"@context":"https:\/\/schema.org","@graph":[{"@type":"WebPage","@id":"https:\/\/www.advens.test\/raison-d-etre\/advens-for-people-and-planet\/","url":"https:\/\/www.advens.test\/raison-d-etre\/advens-for-people-and-planet\/","name":"Advens for People and Planet -","isPartOf":{"@id":"https:\/\/www.advens.test\/#website"},"primaryImageOfPage":{"@id":"https:\/\/www.advens.test\/raison-d-etre\/advens-for-people-and-planet\/#primaryimage"},"image":{"@id":"https:\/\/www.advens.test\/raison-d-etre\/advens-for-people-and-planet\/#primaryimage"},"thumbnailUrl":"https:\/\/www.nifty-shtern.217-160-68-194.plesk.page\/app\/uploads\/2022\/04\/unsplash-6awftplgace-scaled.jpg","datePublished":"2022-04-04T11:25:25+00:00","dateModified":"2025-08-01T13:44:56+00:00","description":"Als echter Katalysator f\u00fcr gesellschaftliches Engagement haben wir im Juli 2021 den Spendenfonds Advens for People and Planet gegr\u00fcndet. Er wurde mit einer hohen Anfangsdotierung ausgestattet und soll k\u00fcnftig bis zu 50 Prozent des finanziellen Unternehmenswerts von Advens erhalten, basierend auf einem neuen Modell zur Wertverteilung.","breadcrumb":{"@id":"https:\/\/www.advens.test\/raison-d-etre\/advens-for-people-and-planet\/#breadcrumb"},"inLanguage":"de","potentialAction":[{"@type":"ReadAction","target":["https:\/\/www.advens.test\/raison-d-etre\/advens-for-people-and-planet\/"]}]},{"@type":"ImageObject","inLanguage":"de","@id":"https:\/\/www.advens.test\/raison-d-etre\/advens-for-people-and-planet\/#primaryimage","url":"https:\/\/www.nifty-shtern.217-160-68-194.plesk.page\/app\/uploads\/2022\/04\/unsplash-6awftplgace-scaled.jpg","contentUrl":"https:\/\/www.nifty-shtern.217-160-68-194.plesk.page\/app\/uploads\/2022\/04\/unsplash-6awftplgace-scaled.jpg","width":2560,"height":1156},{"@type":"BreadcrumbList","@id":"https:\/\/www.advens.test\/raison-d-etre\/advens-for-people-and-planet\/#breadcrumb","itemListElement":[{"@type":"ListItem","position":1,"name":"Home","item":"https:\/\/www.advens.test\/de\/"},{"@type":"ListItem","position":2,"name":"Unsere Mission","item":"https:\/\/www.advens.test\/raison-d-etre\/"},{"@type":"ListItem","position":3,"name":"Advens for People and Planet"}]},{"@type":"WebSite","@id":"https:\/\/www.advens.test\/#website","url":"https:\/\/www.advens.test\/","name":"Advens","description":"For Cyber, People &amp; Planet","publisher":{"@id":"https:\/\/www.advens.test\/#organization"},"potentialAction":[{"@type":"SearchAction","target":{"@type":"EntryPoint","urlTemplate":"https:\/\/www.advens.test\/?s={search_term_string}"},"query-input":{"@type":"PropertyValueSpecification","valueRequired":true,"valueName":"search_term_string"}}],"inLanguage":"de"},{"@type":"Organization","@id":"https:\/\/www.advens.test\/#organization","name":"Advens","url":"https:\/\/www.advens.test\/","logo":{"@type":"ImageObject","inLanguage":"de","@id":"https:\/\/www.advens.test\/#\/schema\/logo\/image\/","url":"https:\/\/www.nifty-shtern.217-160-68-194.plesk.page\/app\/uploads\/2025\/07\/Logotype-aDvens-Cybersecurity.png","contentUrl":"https:\/\/www.nifty-shtern.217-160-68-194.plesk.page\/app\/uploads\/2025\/07\/Logotype-aDvens-Cybersecurity.png","width":1501,"height":1501,"caption":"Advens"},"image":{"@id":"https:\/\/www.advens.test\/#\/schema\/logo\/image\/"},"sameAs":["https:\/\/www.linkedin.com\/company\/advens\/"]}]}},"_links":{"self":[{"href":"https:\/\/www.nifty-shtern.217-160-68-194.plesk.page\/de\/wp-json\/wp\/v2\/pages\/12045","targetHints":{"allow":["GET"]}}],"collection":[{"href":"https:\/\/www.nifty-shtern.217-160-68-194.plesk.page\/de\/wp-json\/wp\/v2\/pages"}],"about":[{"href":"https:\/\/www.nifty-shtern.217-160-68-194.plesk.page\/de\/wp-json\/wp\/v2\/types\/page"}],"author":[{"embeddable":true,"href":"https:\/\/www.nifty-shtern.217-160-68-194.plesk.page\/de\/wp-json\/wp\/v2\/users\/3"}],"replies":[{"embeddable":true,"href":"https:\/\/www.nifty-shtern.217-160-68-194.plesk.page\/de\/wp-json\/wp\/v2\/comments?post=12045"}],"version-history":[{"count":10,"href":"https:\/\/www.nifty-shtern.217-160-68-194.plesk.page\/de\/wp-json\/wp\/v2\/pages\/12045\/revisions"}],"predecessor-version":[{"id":25765,"href":"https:\/\/www.nifty-shtern.217-160-68-194.plesk.page\/de\/wp-json\/wp\/v2\/pages\/12045\/revisions\/25765"}],"up":[{"embeddable":true,"href":"https:\/\/www.nifty-shtern.217-160-68-194.plesk.page\/de\/wp-json\/wp\/v2\/pages\/23734"}],"wp:featuredmedia":[{"embeddable":true,"href":"https:\/\/www.nifty-shtern.217-160-68-194.plesk.page\/de\/wp-json\/wp\/v2\/media\/10995"}],"wp:attachment":[{"href":"https:\/\/www.nifty-shtern.217-160-68-194.plesk.page\/de\/wp-json\/wp\/v2\/media?parent=12045"}],"curies":[{"name":"wp","href":"https:\/\/api.w.org\/{rel}","templated":true}]}}