{"id":12047,"date":"2022-04-04T13:24:06","date_gmt":"2022-04-04T11:24:06","guid":{"rendered":"https:\/\/www.advens.test\/raison-d-etre\/nos-engagements\/"},"modified":"2025-08-01T15:44:16","modified_gmt":"2025-08-01T13:44:16","slug":"unsere-engagements","status":"publish","type":"page","link":"https:\/\/www.nifty-shtern.217-160-68-194.plesk.page\/de\/unsere-mission\/unsere-engagements\/","title":{"rendered":"Unser Engagement"},"content":{"rendered":"\n<hr class=\"wp-block-separator has-css-opacity\"\/>\n\n\n\n\n<div id=\"block-image-texte-1642132535\" class=\"acf-block-image-texte alignwide\">\n  <div class=\"image-texte row gx-5 py-4 -gauche\">\n                            <div class=\"col-12 col-lg-6 image-container mb-3 mb-lg-0 \">\n              <div class=\"image mobile-full-width\">\n          <div class=\"image-content ratio-wrapper -square\" data-component=\"LazyImage\" >\n            <picture class=\"full bkg-cover\" >\n                              <source srcset=\"https:\/\/www.nifty-shtern.217-160-68-194.plesk.page\/app\/uploads\/2022\/05\/advens-video-capture-ftm-6-620x620.webp\" media=\"(min-width: 0px) and (max-width: 767.98px)\">\n                <source srcset=\"https:\/\/www.nifty-shtern.217-160-68-194.plesk.page\/app\/uploads\/2022\/05\/advens-video-capture-ftm-6-1320x801.webp\" media=\"(min-width: 768px)\">\n                <img decoding=\"async\" class=\"img img-fluid rounded\" loading=\"lazy\" src=\"https:\/\/www.nifty-shtern.217-160-68-194.plesk.page\/app\/uploads\/2022\/05\/advens-video-capture-ftm-6-1320x801.webp\" alt=\"\">\n                          <\/picture>\n          <\/div>\n        <\/div>\n                <\/div>\n    <div class=\"texte col-12 col-lg-6 -right d-flex flex-column justify-content-center align-items-start\">\n                    <h2 class=\"titre title-5\">\n          F\u00fcr Cyber, People and Planet.\n        <\/h2>\n                    <div class=\"text-content\">\n          <p data-start=\"243\" data-end=\"635\">Wir sind \u00fcberzeugt: Unternehmen und ihre Mitarbeitenden k\u00f6nnen die Welt positiv ver\u00e4ndern.<br data-start=\"337\" data-end=\"340\" \/>Deshalb teilen wir den Gewinn, den wir mit unseren Cyber-L\u00f6sungen erwirtschaften, zielgerichtet und wirkungsvoll. F\u00fcr mehr Bildung, mehr gesellschaftliche Teilhabe und besseren Schutz unseres Planeten. Besonders die junge Generation und Menschen mit erschwertem Zugang zu Chancen stehen dabei im Mittelpunkt.<\/p>\n<p data-start=\"637\" data-end=\"868\">Verantwortung zu \u00fcbernehmen, ist unser Antrieb. Mit starken Initiativen und langfristigem Engagement gestalten wir den Wandel gemeinsam mit unseren Teams, Kunden und Partnern. So entsteht echter Fortschritt. Heute und f\u00fcr morgen.<\/p>\n<p data-start=\"870\" data-end=\"947\"><strong data-start=\"870\" data-end=\"945\">Ver\u00e4nderung gelingt nur gemeinsam. F\u00fcr eine sichere, inklusive Zukunft.<\/strong><\/p>\n\n        <\/div>\n                            <\/div>\n  <\/div>\n<\/div>\n\n\n\n<hr class=\"wp-block-separator has-css-opacity\"\/>\n\n\n\n\n  \n\n<div id=\"block-push-4-colonnes-866912765\" class=\"acf-block-push-contenus-4colonnes alignwide\">\n      \n          \n\n<div class=\"commun-liste grille\" data-component=\"CommunListe\">\n      <div class=\"default-block-header d-flex flex-wrap justify-content-between align-items-center\">\n              <h2 class=\"title title-6 mb-4\">\n                      Daf\u00fcr stehen wir\n                                      <\/h2>\n                <\/div>\n  \n  <div class=\"liste grid -card-small -btn-see-all\">\n          <div class=\"container\">\n        <div class=\"row row-cols-1  row-cols-md-2 row-cols-xl-4  g-4\">\n                      \n\n\n\n  \n\n\n\n      \n\n\n\n<div class=\"list-item col h-100\" >\n  <div class=\"list-item-content  h-100\">\n    <div class=\"card card__push4 h-100\">\n      <a href=\"https:\/\/www.nifty-shtern.217-160-68-194.plesk.page\/de\/engagement\/cyber-zuganglich\/\" class=\"card-link\" title=\"Details anzeigen\"><\/a>\n                        <div class=\"card-image\">\n            <img decoding=\"async\" src=\"https:\/\/www.nifty-shtern.217-160-68-194.plesk.page\/app\/uploads\/2022\/05\/img-5764.jpg\" loading=\"lazy\" alt=\"Cyber zug\u00e4nglicher machen\" class=\"card-img-top\"\/>\n          <\/div>\n                    <div class=\"card-body content\">\n                  <div class=\"meta-top mb-3 small\">\n            Verpflichtung\n          <\/div>\n                <h3 class=\"card-title title\">\n          Cyber zug\u00e4nglicher machen\n        <\/h3>\n      <\/div>\n      <div class=\"card-overlay\">\n                  <div class=\"card-overlay__meta-top\">\n            Verpflichtung\n          <\/div>\n                <strong class=\"card-overlay__title card-title\">\n          Cyber zug\u00e4nglicher machen\n        <\/strong>\n                  <p class=\"card-overlay__text\">\n                        Datensicherheit ist ein Gut, auf das jeder Mensch ein Recht hat. Die Welt zu sch\u00fctzen bedeutet insbesondere, Organisationen jeder Art und Gr\u00f6\u00dfe zu &#8230;\n          <\/p>\n                          <div class=\"card-overlay__bottom\">\n            <span class=\"btn btn-primary\">\n              Weiterlesen\n            <\/span>\n          <\/div>\n              <\/div>\n    <\/div>\n  <\/div>\n<\/div>\n                      \n\n\n\n  \n\n\n\n      \n\n\n\n<div class=\"list-item col h-100\" >\n  <div class=\"list-item-content  h-100\">\n    <div class=\"card card__push4 h-100\">\n      <a href=\"https:\/\/www.nifty-shtern.217-160-68-194.plesk.page\/de\/engagement\/cyber-akademie\/\" class=\"card-link\" title=\"Details anzeigen\"><\/a>\n                        <div class=\"card-image\">\n            <img decoding=\"async\" src=\"https:\/\/www.nifty-shtern.217-160-68-194.plesk.page\/app\/uploads\/2022\/05\/advens-video-capture-quo-4.jpg\" loading=\"lazy\" alt=\"Eingliederungsprogramm f\u00fcr die Cyberindustrie\" class=\"card-img-top\"\/>\n          <\/div>\n                    <div class=\"card-body content\">\n                  <div class=\"meta-top mb-3 small\">\n            Verpflichtung\n          <\/div>\n                <h3 class=\"card-title title\">\n          Eingliederungsprogramm f\u00fcr die Cyberindustrie\n        <\/h3>\n      <\/div>\n      <div class=\"card-overlay\">\n                  <div class=\"card-overlay__meta-top\">\n            Verpflichtung\n          <\/div>\n                <strong class=\"card-overlay__title card-title\">\n          Eingliederungsprogramm f\u00fcr die Cyberindustrie\n        <\/strong>\n                  <p class=\"card-overlay__text\">\n                        Zwei Millionen junge Franzosen befinden sich heute in gro\u00dfen Schwierigkeiten: arbeitslos, obdachlos oder ohne Ausbildung. Unter ihnen befinden sich&#8230;\n          <\/p>\n                          <div class=\"card-overlay__bottom\">\n            <span class=\"btn btn-primary\">\n              Weiterlesen\n            <\/span>\n          <\/div>\n              <\/div>\n    <\/div>\n  <\/div>\n<\/div>\n                      \n\n\n\n  \n\n\n\n      \n\n\n\n<div class=\"list-item col h-100\" >\n  <div class=\"list-item-content  h-100\">\n    <div class=\"card card__push4 h-100\">\n      <a href=\"https:\/\/www.nifty-shtern.217-160-68-194.plesk.page\/de\/engagement\/linkedout\/\" class=\"card-link\" title=\"Details anzeigen\"><\/a>\n                        <div class=\"card-image\">\n            <img decoding=\"async\" src=\"https:\/\/www.nifty-shtern.217-160-68-194.plesk.page\/app\/uploads\/2022\/03\/photo1-ac4i1172-pierre-bouras-crop.png\" loading=\"lazy\" alt=\"LinkedOut von Advens beschleunigt\" class=\"card-img-top\"\/>\n          <\/div>\n                    <div class=\"card-body content\">\n                  <div class=\"meta-top mb-3 small\">\n            Verpflichtung\n          <\/div>\n                <h3 class=\"card-title title\">\n          LinkedOut von Advens beschleunigt\n        <\/h3>\n      <\/div>\n      <div class=\"card-overlay\">\n                  <div class=\"card-overlay__meta-top\">\n            Verpflichtung\n          <\/div>\n                <strong class=\"card-overlay__title card-title\">\n          LinkedOut von Advens beschleunigt\n        <\/strong>\n                  <p class=\"card-overlay__text\">\n                        Seit Anfang 2020 stellt Advens LinkedOut, einer Initiative f\u00fcr positive Technologien, die von der Organisation Entourage ins Leben gerufen wurde, S&#8230;\n          <\/p>\n                          <div class=\"card-overlay__bottom\">\n            <span class=\"btn btn-primary\">\n              Weiterlesen\n            <\/span>\n          <\/div>\n              <\/div>\n    <\/div>\n  <\/div>\n<\/div>\n                  <\/div>\n      <\/div>\n      <\/div>\n<\/div>  <\/div>\n\n\n<hr class=\"wp-block-separator has-css-opacity\"\/>\n","protected":false},"excerpt":{"rendered":"<p>Die Welt ver\u00e4ndert sich und wir \u00fcbernehmen Verantwortung.<br \/>\nBei Advens glauben wir daran, dass wir gemeinsam etwas bewegen k\u00f6nnen. Wir leisten einen aktiven Beitrag zu mehr Sicherheit, Zusammenhalt und Zukunftsf\u00e4higkeit. F\u00fcr unsere Teams, unsere  Kunden und f\u00fcr alle, die unsere Unterst\u00fctzung besonders brauchen.<\/p>\n","protected":false},"author":3,"featured_media":1913,"parent":23734,"menu_order":6,"comment_status":"closed","ping_status":"closed","template":"","meta":{"_acf_changed":false,"content-type":"","footnotes":""},"class_list":["post-12047","page","type-page","status-publish","has-post-thumbnail","hentry"],"acf":[],"yoast_head":"<!-- This site is optimized with the Yoast SEO plugin v24.8.1 - https:\/\/yoast.com\/wordpress\/plugins\/seo\/ -->\n<title>Unser Engagement - Advens<\/title>\n<meta name=\"description\" content=\"Die Welt ver\u00e4ndert sich und wir \u00fcbernehmen Verantwortung. Bei Advens glauben wir daran, dass wir gemeinsam etwas bewegen k\u00f6nnen. Wir leisten einen aktiven Beitrag zu mehr Sicherheit, Zusammenhalt und Zukunftsf\u00e4higkeit. F\u00fcr unsere Teams, unsere Kunden und f\u00fcr alle, die unsere Unterst\u00fctzung besonders brauchen.\" \/>\n<meta name=\"robots\" content=\"index, follow, max-snippet:-1, max-image-preview:large, max-video-preview:-1\" \/>\n<link rel=\"canonical\" href=\"https:\/\/www.advens.test\/raison-d-etre\/nos-engagements\/\" \/>\n<meta property=\"og:locale\" content=\"de_DE\" \/>\n<meta property=\"og:type\" content=\"article\" \/>\n<meta property=\"og:title\" content=\"Unser Engagement - Advens\" \/>\n<meta property=\"og:description\" content=\"Die Welt ver\u00e4ndert sich und wir \u00fcbernehmen Verantwortung. Bei Advens glauben wir daran, dass wir gemeinsam etwas bewegen k\u00f6nnen. Wir leisten einen aktiven Beitrag zu mehr Sicherheit, Zusammenhalt und Zukunftsf\u00e4higkeit. F\u00fcr unsere Teams, unsere Kunden und f\u00fcr alle, die unsere Unterst\u00fctzung besonders brauchen.\" \/>\n<meta property=\"og:url\" content=\"https:\/\/www.advens.test\/raison-d-etre\/nos-engagements\/\" \/>\n<meta property=\"og:site_name\" content=\"Advens\" \/>\n<meta property=\"article:modified_time\" content=\"2025-08-01T13:44:16+00:00\" \/>\n<meta property=\"og:image\" content=\"https:\/\/www.advens.test\/app\/uploads\/2022\/05\/advens-video-capture-tra-2.jpg\" \/>\n\t<meta property=\"og:image:width\" content=\"1920\" \/>\n\t<meta property=\"og:image:height\" content=\"801\" \/>\n\t<meta property=\"og:image:type\" content=\"image\/jpeg\" \/>\n<meta name=\"twitter:card\" content=\"summary_large_image\" \/>\n<script type=\"application\/ld+json\" class=\"yoast-schema-graph\">{\"@context\":\"https:\/\/schema.org\",\"@graph\":[{\"@type\":\"WebPage\",\"@id\":\"https:\/\/www.advens.test\/raison-d-etre\/nos-engagements\/\",\"url\":\"https:\/\/www.advens.test\/raison-d-etre\/nos-engagements\/\",\"name\":\"Unser Engagement - Advens\",\"isPartOf\":{\"@id\":\"https:\/\/www.advens.test\/#website\"},\"primaryImageOfPage\":{\"@id\":\"https:\/\/www.advens.test\/raison-d-etre\/nos-engagements\/#primaryimage\"},\"image\":{\"@id\":\"https:\/\/www.advens.test\/raison-d-etre\/nos-engagements\/#primaryimage\"},\"thumbnailUrl\":\"https:\/\/www.nifty-shtern.217-160-68-194.plesk.page\/app\/uploads\/2022\/05\/advens-video-capture-tra-2.jpg\",\"datePublished\":\"2022-04-04T11:24:06+00:00\",\"dateModified\":\"2025-08-01T13:44:16+00:00\",\"description\":\"Die Welt ver\u00e4ndert sich und wir \u00fcbernehmen Verantwortung. Bei Advens glauben wir daran, dass wir gemeinsam etwas bewegen k\u00f6nnen. Wir leisten einen aktiven Beitrag zu mehr Sicherheit, Zusammenhalt und Zukunftsf\u00e4higkeit. F\u00fcr unsere Teams, unsere Kunden und f\u00fcr alle, die unsere Unterst\u00fctzung besonders brauchen.\",\"breadcrumb\":{\"@id\":\"https:\/\/www.advens.test\/raison-d-etre\/nos-engagements\/#breadcrumb\"},\"inLanguage\":\"de\",\"potentialAction\":[{\"@type\":\"ReadAction\",\"target\":[\"https:\/\/www.advens.test\/raison-d-etre\/nos-engagements\/\"]}]},{\"@type\":\"ImageObject\",\"inLanguage\":\"de\",\"@id\":\"https:\/\/www.advens.test\/raison-d-etre\/nos-engagements\/#primaryimage\",\"url\":\"https:\/\/www.nifty-shtern.217-160-68-194.plesk.page\/app\/uploads\/2022\/05\/advens-video-capture-tra-2.jpg\",\"contentUrl\":\"https:\/\/www.nifty-shtern.217-160-68-194.plesk.page\/app\/uploads\/2022\/05\/advens-video-capture-tra-2.jpg\",\"width\":1920,\"height\":801},{\"@type\":\"BreadcrumbList\",\"@id\":\"https:\/\/www.advens.test\/raison-d-etre\/nos-engagements\/#breadcrumb\",\"itemListElement\":[{\"@type\":\"ListItem\",\"position\":1,\"name\":\"Home\",\"item\":\"https:\/\/www.advens.test\/de\/\"},{\"@type\":\"ListItem\",\"position\":2,\"name\":\"Unsere Mission\",\"item\":\"https:\/\/www.advens.test\/raison-d-etre\/\"},{\"@type\":\"ListItem\",\"position\":3,\"name\":\"Unser Engagement\"}]},{\"@type\":\"WebSite\",\"@id\":\"https:\/\/www.advens.test\/#website\",\"url\":\"https:\/\/www.advens.test\/\",\"name\":\"Advens\",\"description\":\"For Cyber, People &amp; Planet\",\"publisher\":{\"@id\":\"https:\/\/www.advens.test\/#organization\"},\"potentialAction\":[{\"@type\":\"SearchAction\",\"target\":{\"@type\":\"EntryPoint\",\"urlTemplate\":\"https:\/\/www.advens.test\/?s={search_term_string}\"},\"query-input\":{\"@type\":\"PropertyValueSpecification\",\"valueRequired\":true,\"valueName\":\"search_term_string\"}}],\"inLanguage\":\"de\"},{\"@type\":\"Organization\",\"@id\":\"https:\/\/www.advens.test\/#organization\",\"name\":\"Advens\",\"url\":\"https:\/\/www.advens.test\/\",\"logo\":{\"@type\":\"ImageObject\",\"inLanguage\":\"de\",\"@id\":\"https:\/\/www.advens.test\/#\/schema\/logo\/image\/\",\"url\":\"https:\/\/www.nifty-shtern.217-160-68-194.plesk.page\/app\/uploads\/2025\/07\/Logotype-aDvens-Cybersecurity.png\",\"contentUrl\":\"https:\/\/www.nifty-shtern.217-160-68-194.plesk.page\/app\/uploads\/2025\/07\/Logotype-aDvens-Cybersecurity.png\",\"width\":1501,\"height\":1501,\"caption\":\"Advens\"},\"image\":{\"@id\":\"https:\/\/www.advens.test\/#\/schema\/logo\/image\/\"},\"sameAs\":[\"https:\/\/www.linkedin.com\/company\/advens\/\"]}]}<\/script>\n<!-- \/ Yoast SEO plugin. -->","yoast_head_json":{"title":"Unser Engagement - Advens","description":"Die Welt ver\u00e4ndert sich und wir \u00fcbernehmen Verantwortung. Bei Advens glauben wir daran, dass wir gemeinsam etwas bewegen k\u00f6nnen. Wir leisten einen aktiven Beitrag zu mehr Sicherheit, Zusammenhalt und Zukunftsf\u00e4higkeit. F\u00fcr unsere Teams, unsere Kunden und f\u00fcr alle, die unsere Unterst\u00fctzung besonders brauchen.","robots":{"index":"index","follow":"follow","max-snippet":"max-snippet:-1","max-image-preview":"max-image-preview:large","max-video-preview":"max-video-preview:-1"},"canonical":"https:\/\/www.advens.test\/raison-d-etre\/nos-engagements\/","og_locale":"de_DE","og_type":"article","og_title":"Unser Engagement - Advens","og_description":"Die Welt ver\u00e4ndert sich und wir \u00fcbernehmen Verantwortung. Bei Advens glauben wir daran, dass wir gemeinsam etwas bewegen k\u00f6nnen. Wir leisten einen aktiven Beitrag zu mehr Sicherheit, Zusammenhalt und Zukunftsf\u00e4higkeit. F\u00fcr unsere Teams, unsere Kunden und f\u00fcr alle, die unsere Unterst\u00fctzung besonders brauchen.","og_url":"https:\/\/www.advens.test\/raison-d-etre\/nos-engagements\/","og_site_name":"Advens","article_modified_time":"2025-08-01T13:44:16+00:00","og_image":[{"width":1920,"height":801,"url":"https:\/\/www.advens.test\/app\/uploads\/2022\/05\/advens-video-capture-tra-2.jpg","type":"image\/jpeg"}],"twitter_card":"summary_large_image","schema":{"@context":"https:\/\/schema.org","@graph":[{"@type":"WebPage","@id":"https:\/\/www.advens.test\/raison-d-etre\/nos-engagements\/","url":"https:\/\/www.advens.test\/raison-d-etre\/nos-engagements\/","name":"Unser Engagement - Advens","isPartOf":{"@id":"https:\/\/www.advens.test\/#website"},"primaryImageOfPage":{"@id":"https:\/\/www.advens.test\/raison-d-etre\/nos-engagements\/#primaryimage"},"image":{"@id":"https:\/\/www.advens.test\/raison-d-etre\/nos-engagements\/#primaryimage"},"thumbnailUrl":"https:\/\/www.nifty-shtern.217-160-68-194.plesk.page\/app\/uploads\/2022\/05\/advens-video-capture-tra-2.jpg","datePublished":"2022-04-04T11:24:06+00:00","dateModified":"2025-08-01T13:44:16+00:00","description":"Die Welt ver\u00e4ndert sich und wir \u00fcbernehmen Verantwortung. Bei Advens glauben wir daran, dass wir gemeinsam etwas bewegen k\u00f6nnen. Wir leisten einen aktiven Beitrag zu mehr Sicherheit, Zusammenhalt und Zukunftsf\u00e4higkeit. F\u00fcr unsere Teams, unsere Kunden und f\u00fcr alle, die unsere Unterst\u00fctzung besonders brauchen.","breadcrumb":{"@id":"https:\/\/www.advens.test\/raison-d-etre\/nos-engagements\/#breadcrumb"},"inLanguage":"de","potentialAction":[{"@type":"ReadAction","target":["https:\/\/www.advens.test\/raison-d-etre\/nos-engagements\/"]}]},{"@type":"ImageObject","inLanguage":"de","@id":"https:\/\/www.advens.test\/raison-d-etre\/nos-engagements\/#primaryimage","url":"https:\/\/www.nifty-shtern.217-160-68-194.plesk.page\/app\/uploads\/2022\/05\/advens-video-capture-tra-2.jpg","contentUrl":"https:\/\/www.nifty-shtern.217-160-68-194.plesk.page\/app\/uploads\/2022\/05\/advens-video-capture-tra-2.jpg","width":1920,"height":801},{"@type":"BreadcrumbList","@id":"https:\/\/www.advens.test\/raison-d-etre\/nos-engagements\/#breadcrumb","itemListElement":[{"@type":"ListItem","position":1,"name":"Home","item":"https:\/\/www.advens.test\/de\/"},{"@type":"ListItem","position":2,"name":"Unsere Mission","item":"https:\/\/www.advens.test\/raison-d-etre\/"},{"@type":"ListItem","position":3,"name":"Unser Engagement"}]},{"@type":"WebSite","@id":"https:\/\/www.advens.test\/#website","url":"https:\/\/www.advens.test\/","name":"Advens","description":"For Cyber, People &amp; Planet","publisher":{"@id":"https:\/\/www.advens.test\/#organization"},"potentialAction":[{"@type":"SearchAction","target":{"@type":"EntryPoint","urlTemplate":"https:\/\/www.advens.test\/?s={search_term_string}"},"query-input":{"@type":"PropertyValueSpecification","valueRequired":true,"valueName":"search_term_string"}}],"inLanguage":"de"},{"@type":"Organization","@id":"https:\/\/www.advens.test\/#organization","name":"Advens","url":"https:\/\/www.advens.test\/","logo":{"@type":"ImageObject","inLanguage":"de","@id":"https:\/\/www.advens.test\/#\/schema\/logo\/image\/","url":"https:\/\/www.nifty-shtern.217-160-68-194.plesk.page\/app\/uploads\/2025\/07\/Logotype-aDvens-Cybersecurity.png","contentUrl":"https:\/\/www.nifty-shtern.217-160-68-194.plesk.page\/app\/uploads\/2025\/07\/Logotype-aDvens-Cybersecurity.png","width":1501,"height":1501,"caption":"Advens"},"image":{"@id":"https:\/\/www.advens.test\/#\/schema\/logo\/image\/"},"sameAs":["https:\/\/www.linkedin.com\/company\/advens\/"]}]}},"_links":{"self":[{"href":"https:\/\/www.nifty-shtern.217-160-68-194.plesk.page\/de\/wp-json\/wp\/v2\/pages\/12047","targetHints":{"allow":["GET"]}}],"collection":[{"href":"https:\/\/www.nifty-shtern.217-160-68-194.plesk.page\/de\/wp-json\/wp\/v2\/pages"}],"about":[{"href":"https:\/\/www.nifty-shtern.217-160-68-194.plesk.page\/de\/wp-json\/wp\/v2\/types\/page"}],"author":[{"embeddable":true,"href":"https:\/\/www.nifty-shtern.217-160-68-194.plesk.page\/de\/wp-json\/wp\/v2\/users\/3"}],"replies":[{"embeddable":true,"href":"https:\/\/www.nifty-shtern.217-160-68-194.plesk.page\/de\/wp-json\/wp\/v2\/comments?post=12047"}],"version-history":[{"count":10,"href":"https:\/\/www.nifty-shtern.217-160-68-194.plesk.page\/de\/wp-json\/wp\/v2\/pages\/12047\/revisions"}],"predecessor-version":[{"id":25764,"href":"https:\/\/www.nifty-shtern.217-160-68-194.plesk.page\/de\/wp-json\/wp\/v2\/pages\/12047\/revisions\/25764"}],"up":[{"embeddable":true,"href":"https:\/\/www.nifty-shtern.217-160-68-194.plesk.page\/de\/wp-json\/wp\/v2\/pages\/23734"}],"wp:featuredmedia":[{"embeddable":true,"href":"https:\/\/www.nifty-shtern.217-160-68-194.plesk.page\/de\/wp-json\/wp\/v2\/media\/1913"}],"wp:attachment":[{"href":"https:\/\/www.nifty-shtern.217-160-68-194.plesk.page\/de\/wp-json\/wp\/v2\/media?parent=12047"}],"curies":[{"name":"wp","href":"https:\/\/api.w.org\/{rel}","templated":true}]}}