{"id":12048,"date":"2022-04-04T13:21:49","date_gmt":"2022-04-04T11:21:49","guid":{"rendered":"https:\/\/www.advens.test\/vie-chez-advens\/"},"modified":"2025-08-01T15:56:13","modified_gmt":"2025-08-01T13:56:13","slug":"leben-bei-advens","status":"publish","type":"page","link":"https:\/\/www.nifty-shtern.217-160-68-194.plesk.page\/de\/karriere\/leben-bei-advens\/","title":{"rendered":"Unternehmenskultur"},"content":{"rendered":"\n<hr class=\"wp-block-separator has-alpha-channel-opacity\"\/>\n\n\n\n\n<div id=\"block-image-texte-1392600003\" class=\"acf-block-image-texte alignwide\">\n  <div class=\"image-texte row gx-5 py-4 -gauche\">\n                            <div class=\"col-12 col-lg-6 image-container mb-3 mb-lg-0 \">\n              <div class=\"image mobile-full-width\">\n          <div class=\"image-content ratio-wrapper -square\" data-component=\"LazyImage\" >\n            <picture class=\"full bkg-cover\" >\n                              <source srcset=\"https:\/\/www.nifty-shtern.217-160-68-194.plesk.page\/app\/uploads\/2022\/03\/unsplash-hcfwew744z4-620x620.webp\" media=\"(min-width: 0px) and (max-width: 767.98px)\">\n                <source srcset=\"https:\/\/www.nifty-shtern.217-160-68-194.plesk.page\/app\/uploads\/2022\/03\/unsplash-hcfwew744z4.webp\" media=\"(min-width: 768px)\">\n                <img decoding=\"async\" class=\"img img-fluid rounded\" loading=\"lazy\" src=\"https:\/\/www.nifty-shtern.217-160-68-194.plesk.page\/app\/uploads\/2022\/03\/unsplash-hcfwew744z4.webp\" alt=\"\">\n                          <\/picture>\n          <\/div>\n        <\/div>\n                <\/div>\n    <div class=\"texte col-12 col-lg-6 -right d-flex flex-column justify-content-center align-items-start\">\n                    <h2 class=\"titre title-5\">\n          Echte Autonomie\n        <\/h2>\n                    <div class=\"text-content\">\n          <p>Warum jeden Tag am selben Schreibtisch, am selben Ort arbeiten?<\/p>\n<p>Unsere Lebensrhythmen sind verschieden. Ebenso unterschiedlich sind unsere Belastungen, unsere Gewohnheiten und unser Alltag. Bei Advens sind wir davon \u00fcberzeugt, dass ein gutes Arbeitsleben von einem guten Gleichgewicht mit dem Privatleben abh\u00e4ngt.<\/p>\n<p>Wir setzen auf die Autonomie jedes Einzelnen. Freiheit bei der Arbeit, aber auch bei der Gestaltung des Alltags.<\/p>\n\n        <\/div>\n                            <\/div>\n  <\/div>\n<\/div>\n\n\n\n<hr class=\"wp-block-separator has-css-opacity\"\/>\n\n\n\n\n<div id=\"block-image-texte-2114431259\" class=\"acf-block-image-texte alignwide\">\n  <div class=\"image-texte row gx-5 py-4 -droite\">\n                            <div class=\"col-12 col-lg-6 image-container mb-3 mb-lg-0 -right\">\n              <div class=\"image mobile-full-width\">\n          <div class=\"image-content ratio-wrapper -square\" data-component=\"LazyImage\" >\n            <picture class=\"full bkg-cover\" >\n                              <source srcset=\"https:\/\/www.nifty-shtern.217-160-68-194.plesk.page\/app\/uploads\/2022\/06\/advens-reportage-paris-dsc0268-620x620.webp\" media=\"(min-width: 0px) and (max-width: 767.98px)\">\n                <source srcset=\"https:\/\/www.nifty-shtern.217-160-68-194.plesk.page\/app\/uploads\/2022\/06\/advens-reportage-paris-dsc0268-1320x1278.webp\" media=\"(min-width: 768px)\">\n                <img decoding=\"async\" class=\"img img-fluid rounded\" loading=\"lazy\" src=\"https:\/\/www.nifty-shtern.217-160-68-194.plesk.page\/app\/uploads\/2022\/06\/advens-reportage-paris-dsc0268-1320x1278.webp\" alt=\"\">\n                          <\/picture>\n          <\/div>\n        <\/div>\n                <\/div>\n    <div class=\"texte col-12 col-lg-6  d-flex flex-column justify-content-center align-items-start\">\n                    <h2 class=\"titre title-5\">\n          Ein eingespieltes und erfahrenes Team\n        <\/h2>\n                    <div class=\"text-content\">\n          <p>Austausch ist die Grundlage f\u00fcr den Aufbau und die St\u00e4rkung eines erfolgreichen Teams.<\/p>\n<p>Bei Advens gibt es verschiedene Gelegenheiten zum Miteinander und Austausch: Afterworks,\u00a0 Company Spring Off, Teambuilding sowie gemeinsames Fr\u00fchst\u00fcck.<\/p>\n<p>Gegenseitige Unterst\u00fctzung, Respekt und Solidarit\u00e4t in den Teams sind die wichtigsten Themen f\u00fcr die Zufriedenheit, die in unseren Wohlbefindensumfragen hervorgehoben werden.<\/p>\n<p>Doch am besten \u00fcberzeugen Sie sich selbst.<\/p>\n\n        <\/div>\n                            <\/div>\n  <\/div>\n<\/div>\n\n\n\n<hr class=\"wp-block-separator has-css-opacity\"\/>\n\n\n\n\n<div id=\"block-colonnes-393433600\" class=\"acf-block-colonnes colonnes alignwide\">\n  <div class=\"container\">\n    <div class=\"row mb-4\">\n      <div class=\"col-12\">\n        <h3>Entwicklung nach Ma\u00df<\/h3>\n                      <\/div>\n    <\/div>\n\n                  \n    <div class=\"row row-colonnes row-cols-1 row-cols-md-2 row-cols-xl-3 gy-4 mb-4 mb-xl-5\">\n              <div class=\"col -img\">\n          <div class=\"card h-100 bg-grey-white border-0\">\n            <div class=\"card-body\">\n                                                                  <div class=\"round-img mb-3\">\n                        <img decoding=\"async\" class=\"img-fluid\" src=\"https:\/\/www.nifty-shtern.217-160-68-194.plesk.page\/app\/uploads\/2022\/05\/advens-reportage-lyon-dsc2368-1-150x150.jpg\" alt=\"Advens_Reportage_Lyon_DSC2368\" loading=\"lazy\"\/>\n                    <\/div>\n                                              <h4>Berufliche Weiterentwicklung<\/h4>\n              <p>Wir sind ein Cyber Security Pure Player: Die meisten Berufe im Kontext Cyber Security sind bei uns vertreten.\u00a0 Auf Wunsch unterst\u00fctzen wir Sie auf dem Weg in neue Rollen oder Berufe.<\/p>\n<div id=\"gtx-trans\" style=\"position: absolute; left: -29px; top: -9.78819px;\">\n<div class=\"gtx-trans-icon\"><\/div>\n<\/div>\n\n                          <\/div>\n          <\/div>\n        <\/div>\n              <div class=\"col -img\">\n          <div class=\"card h-100 bg-grey-white border-0\">\n            <div class=\"card-body\">\n                                                                  <div class=\"round-img mb-3\">\n                        <img decoding=\"async\" class=\"img-fluid\" src=\"https:\/\/www.nifty-shtern.217-160-68-194.plesk.page\/app\/uploads\/2022\/06\/advens-reportage-lyon-dsc2443-150x150.jpg\" alt=\"Advens_Reportage_Lyon_DSC2443\" loading=\"lazy\"\/>\n                    <\/div>\n                                              <h4>Flexibilit\u00e4t<\/h4>\n              <p>Bei uns bieten sich zahlreiche M\u00f6glichkeiten, sowohl in Deutschland als auch im Ausland zu arbeiten. Der Wunsch nach Wechsel des Lebensorts ist kein Hindernis f\u00fcr Ihre berufliche Entwicklung!<\/p>\n<div id=\"gtx-trans\" style=\"position: absolute; left: -52px; top: -9.78819px;\">\n<div class=\"gtx-trans-icon\"><\/div>\n<\/div>\n\n                          <\/div>\n          <\/div>\n        <\/div>\n              <div class=\"col -img\">\n          <div class=\"card h-100 bg-grey-white border-0\">\n            <div class=\"card-body\">\n                                                                  <div class=\"round-img mb-3\">\n                        <img decoding=\"async\" class=\"img-fluid\" src=\"https:\/\/www.nifty-shtern.217-160-68-194.plesk.page\/app\/uploads\/2022\/04\/advens-reportage-paris-dsc0415-150x150.jpg\" alt=\"Advens_Reportage_Paris_DSC0415\" loading=\"lazy\"\/>\n                    <\/div>\n                                              <h4>Entwicklungsplan<\/h4>\n              <p>Zahlreiche Gespr\u00e4che mit Ihrem Vorgesetzten und ein individueller Entwicklungsplan (Fortbildungen, Zertifizierungen, Kompetenzaufbau usw.) erm\u00f6glichen es Ihnen, sich Ihren W\u00fcnschen entsprechend weiterzuentwickeln.<\/p>\n\n                          <\/div>\n          <\/div>\n        <\/div>\n          <\/div>\n  <\/div>\n<\/div>\n\n\n\n<hr class=\"wp-block-separator has-css-opacity\"\/>\n\n\n\n\n<div id=\"block-image-texte-1049819024\" class=\"acf-block-image-texte alignwide\">\n  <div class=\"image-texte row gx-5 py-4 -gauche\">\n                            <div class=\"col-12 col-lg-6 image-container mb-3 mb-lg-0 \">\n              <div class=\"image mobile-full-width\">\n          <div class=\"image-content ratio-wrapper -square\" data-component=\"LazyImage\" >\n            <picture class=\"full bkg-cover\" >\n                              <source srcset=\"https:\/\/www.nifty-shtern.217-160-68-194.plesk.page\/app\/uploads\/2022\/03\/unsplash-kdeqa3atnby-620x620.webp\" media=\"(min-width: 0px) and (max-width: 767.98px)\">\n                <source srcset=\"https:\/\/www.nifty-shtern.217-160-68-194.plesk.page\/app\/uploads\/2022\/03\/unsplash-kdeqa3atnby.webp\" media=\"(min-width: 768px)\">\n                <img decoding=\"async\" class=\"img img-fluid rounded\" loading=\"lazy\" src=\"https:\/\/www.nifty-shtern.217-160-68-194.plesk.page\/app\/uploads\/2022\/03\/unsplash-kdeqa3atnby.webp\" alt=\"\">\n                          <\/picture>\n          <\/div>\n        <\/div>\n                <\/div>\n    <div class=\"texte col-12 col-lg-6 -right d-flex flex-column justify-content-center align-items-start\">\n                    <h2 class=\"titre title-5\">\n          Ein Engagement f\u00fcr unsere Gesellschaft, die Menschen und den Planeten\n        <\/h2>\n                    <div class=\"text-content\">\n          <p>Wir sind mehr als ein Team, wir sind ein engagiertes Kollektiv. Wir suchen Menschen, die zu einer sichereren, integrativeren und umweltfreundlicheren Welt beitragen wollen.<\/p>\n<p>Die M\u00f6glichkeiten, dies zu erreichen, sind vielf\u00e4ltig. Die Qualit\u00e4t unserer Dienstleistungen, unsere Kommunikation, unsere Aktionen, die Zeit, die wir Initiativen widmen. Wir tun alles, um Wirkung zu erzielen.<\/p>\n<p>Um dies zu erreichen, brauchen wir Ihr Engagement.<\/p>\n\n        <\/div>\n                            <\/div>\n  <\/div>\n<\/div>\n\n\n\n<hr class=\"wp-block-separator has-css-opacity\"\/>\n\n\n\n\n<div id=\"block-image-texte-491468251\" class=\"acf-block-image-texte alignwide\">\n  <div class=\"image-texte row gx-5 py-4 -droite\">\n                            <div class=\"col-12 col-lg-6 image-container mb-3 mb-lg-0 -right\">\n              <div class=\"image mobile-full-width\">\n          <div class=\"image-content ratio-wrapper -square\" data-component=\"LazyImage\" >\n            <picture class=\"full bkg-cover\" >\n                              <source srcset=\"https:\/\/www.nifty-shtern.217-160-68-194.plesk.page\/app\/uploads\/2022\/06\/advens-reportage-lille-dsc1635-620x620.webp\" media=\"(min-width: 0px) and (max-width: 767.98px)\">\n                <source srcset=\"https:\/\/www.nifty-shtern.217-160-68-194.plesk.page\/app\/uploads\/2022\/06\/advens-reportage-lille-dsc1635-1320x1278.webp\" media=\"(min-width: 768px)\">\n                <img decoding=\"async\" class=\"img img-fluid rounded\" loading=\"lazy\" src=\"https:\/\/www.nifty-shtern.217-160-68-194.plesk.page\/app\/uploads\/2022\/06\/advens-reportage-lille-dsc1635-1320x1278.webp\" alt=\"\">\n                          <\/picture>\n          <\/div>\n        <\/div>\n                <\/div>\n    <div class=\"texte col-12 col-lg-6  d-flex flex-column justify-content-center align-items-start\">\n                    <h2 class=\"titre title-5\">\n          Vielfalt als St\u00e4rke\n        <\/h2>\n                    <div class=\"text-content\">\n          <p>Ihre Qualifikationen, Ihr Hintergrund oder Ihr Profil sind weniger wichtig. Wir suchen vor allem nach F\u00e4higkeiten, Werten und Motivation.<\/p>\n<p>Unsere Fortbildungs- und Integrationsprogramme erm\u00f6glichen es uns, Profile mit unterschiedlichem Hintergrund zu integrieren.<\/p>\n<p>So wird unser Team bereichert: durch Vielfalt, die eine unsch\u00e4tzbare Quelle f\u00fcr Kreativit\u00e4t und Innovation ist.<\/p>\n\n        <\/div>\n                            <\/div>\n  <\/div>\n<\/div>\n\n\n\n<hr class=\"wp-block-separator has-css-opacity\"\/>\n\n\n\n\n<div id=\"block-interviews-947903628\" class=\"acf-block-interviews interviews alignwide\">\n      <div class=\"default-block-header header\">\n      <h2 class=\"title-6 title\">Unsere Botschafter<\/h2>\n    <\/div>\n  \n                    <div class=\"container\">\n          <div class=\"row\">\n            <div class=\"col-12 col-xl-6 d-flex flex-column justify-content-center\">\n              <blockquote>\n                <p class=\"introduction introduction text-primary fs-3\">\n                  \u201eIch habe meine Karriere bei Advens als Pentester in Paris begonnen, wo ich mich auf technische Fragen konzentriert habe. Heute leite ich das Team der Wirtschaftspr\u00fcfer in der Niederlassung in Bordeaux. Mein Job ist mit mir gewachsen!\u201c\n                <\/p>\n                <cite>\n                  <strong class=\"texte-moyen-bold d-flex\">Tha\u00efs Laredo<\/strong>\n                  <span class=\"texte-moyen\">Team Manager Audit<\/span>\n                <\/cite>\n              <\/blockquote>\n              <div class=\"btns\">\n                                                  <a class=\"btn btn-primary\" href=\"https:\/\/jobs.smartrecruiters.com\/oneclick-ui\/company\/ADVENS\/job\/1925166362?lang=fr&#038;sid=01355e46-fb67-414d-847e-68cb9be2603a&#038;dcr_ci=ADVENS\" target=\"_blank\" title=\"Arbeiten Sie mit uns\">\n                    Arbeiten Sie mit uns\n                  <\/a>\n                              <\/div>\n            <\/div>\n            <div class=\"col-12 col-xl-6\">\n                          <\/div>\n          <\/div>\n        <\/div>\n            <\/div>\n\n\n<hr class=\"wp-block-separator has-css-opacity\"\/>\n\n\n\n\n<div id=\"push-social-17766113\" class=\"acf-block-push-social alignfull py-3 py-md-5 py-xl-8 alignfull\">\n  <img decoding=\"async\" class=\"img-fluid img-bkg\" loading=\"lazy\" src=\"https:\/\/www.nifty-shtern.217-160-68-194.plesk.page\/app\/themes\/advens\/static\/img\/back-social-v2.jpg\" alt=\"Folgen Sie uns in den sozialen Medien\">\n  <div class=\"wrapper-block\">\n    <h3 class=\"block-title\">Lust auf frische Impulse?<\/h3>\n    <p class=\"block-paragraph\">\n      Erleben Sie, was uns antreibt: Unsere Vision, unser Engagement und spannende Themen rund um Cybersecurity. Entdecken Sie mehr auf LinkedIn und YouTube.\n    <\/p>\n    <div class=\"buttons d-grid d-md-flex gap-3 flex-wrap\">\n      <a href=\"https:\/\/www.linkedin.com\/company\/advens\" rel=\"nofollow\" target=\"_blank\" class=\"btn btn-primary\">Linkedin<\/a>\n      <a href=\"https:\/\/www.youtube.com\/@advens_cyber\" rel=\"nofollow\" target=\"_blank\" class=\"btn btn-primary\">Youtube<\/a>\n    <\/div>\n  <\/div>\n<\/div>","protected":false},"excerpt":{"rendered":"<p>Ein angenehmes Arbeitsumfeld, eine gute Work-Life-Balance, ein abwechslungsreicher Arbeitsalltag und die damit verbundene Flexibilit\u00e4t sind uns wichtig. Bei Advens ber\u00fccksichtigen wir die Bed\u00fcrfnisse und die Situation jedes Einzelnen, um eine Organisation zu schaffen, die zu Ihnen passt.<\/p>\n","protected":false},"author":3,"featured_media":2654,"parent":12974,"menu_order":8,"comment_status":"closed","ping_status":"closed","template":"","meta":{"_acf_changed":false,"content-type":"","footnotes":""},"class_list":["post-12048","page","type-page","status-publish","has-post-thumbnail","hentry"],"acf":[],"yoast_head":"<!-- This site is optimized with the Yoast SEO plugin v24.8.1 - https:\/\/yoast.com\/wordpress\/plugins\/seo\/ -->\n<title>Unternehmenskultur - Advens<\/title>\n<meta name=\"description\" content=\"Ein angenehmes Arbeitsumfeld, eine gute Work-Life-Balance, ein abwechslungsreicher Arbeitsalltag und die damit verbundene Flexibilit\u00e4t sind uns wichtig. Bei Advens ber\u00fccksichtigen wir die Bed\u00fcrfnisse und die Situation jedes Einzelnen, um eine Organisation zu schaffen, die zu Ihnen passt.\" \/>\n<meta name=\"robots\" content=\"index, follow, max-snippet:-1, max-image-preview:large, max-video-preview:-1\" \/>\n<link rel=\"canonical\" href=\"https:\/\/www.advens.test\/recrutement\/vie-chez-advens\/\" \/>\n<meta property=\"og:locale\" content=\"de_DE\" \/>\n<meta property=\"og:type\" content=\"article\" \/>\n<meta property=\"og:title\" content=\"Unternehmenskultur - Advens\" \/>\n<meta property=\"og:description\" content=\"Ein angenehmes Arbeitsumfeld, eine gute Work-Life-Balance, ein abwechslungsreicher Arbeitsalltag und die damit verbundene Flexibilit\u00e4t sind uns wichtig. Bei Advens ber\u00fccksichtigen wir die Bed\u00fcrfnisse und die Situation jedes Einzelnen, um eine Organisation zu schaffen, die zu Ihnen passt.\" \/>\n<meta property=\"og:url\" content=\"https:\/\/www.advens.test\/recrutement\/vie-chez-advens\/\" \/>\n<meta property=\"og:site_name\" content=\"Advens\" \/>\n<meta property=\"article:modified_time\" content=\"2025-08-01T13:56:13+00:00\" \/>\n<meta property=\"og:image\" content=\"https:\/\/www.advens.test\/app\/uploads\/2022\/06\/advens-reportage-lille-dsc1674.jpg\" \/>\n\t<meta property=\"og:image:width\" content=\"1920\" \/>\n\t<meta property=\"og:image:height\" content=\"1278\" \/>\n\t<meta property=\"og:image:type\" content=\"image\/jpeg\" \/>\n<meta name=\"twitter:card\" content=\"summary_large_image\" \/>\n<script type=\"application\/ld+json\" class=\"yoast-schema-graph\">{\"@context\":\"https:\/\/schema.org\",\"@graph\":[{\"@type\":\"WebPage\",\"@id\":\"https:\/\/www.advens.test\/recrutement\/vie-chez-advens\/\",\"url\":\"https:\/\/www.advens.test\/recrutement\/vie-chez-advens\/\",\"name\":\"Unternehmenskultur - Advens\",\"isPartOf\":{\"@id\":\"https:\/\/www.advens.test\/#website\"},\"primaryImageOfPage\":{\"@id\":\"https:\/\/www.advens.test\/recrutement\/vie-chez-advens\/#primaryimage\"},\"image\":{\"@id\":\"https:\/\/www.advens.test\/recrutement\/vie-chez-advens\/#primaryimage\"},\"thumbnailUrl\":\"https:\/\/www.nifty-shtern.217-160-68-194.plesk.page\/app\/uploads\/2022\/06\/advens-reportage-lille-dsc1674.jpg\",\"datePublished\":\"2022-04-04T11:21:49+00:00\",\"dateModified\":\"2025-08-01T13:56:13+00:00\",\"description\":\"Ein angenehmes Arbeitsumfeld, eine gute Work-Life-Balance, ein abwechslungsreicher Arbeitsalltag und die damit verbundene Flexibilit\u00e4t sind uns wichtig. Bei Advens ber\u00fccksichtigen wir die Bed\u00fcrfnisse und die Situation jedes Einzelnen, um eine Organisation zu schaffen, die zu Ihnen passt.\",\"breadcrumb\":{\"@id\":\"https:\/\/www.advens.test\/recrutement\/vie-chez-advens\/#breadcrumb\"},\"inLanguage\":\"de\",\"potentialAction\":[{\"@type\":\"ReadAction\",\"target\":[\"https:\/\/www.advens.test\/recrutement\/vie-chez-advens\/\"]}]},{\"@type\":\"ImageObject\",\"inLanguage\":\"de\",\"@id\":\"https:\/\/www.advens.test\/recrutement\/vie-chez-advens\/#primaryimage\",\"url\":\"https:\/\/www.nifty-shtern.217-160-68-194.plesk.page\/app\/uploads\/2022\/06\/advens-reportage-lille-dsc1674.jpg\",\"contentUrl\":\"https:\/\/www.nifty-shtern.217-160-68-194.plesk.page\/app\/uploads\/2022\/06\/advens-reportage-lille-dsc1674.jpg\",\"width\":1920,\"height\":1278},{\"@type\":\"BreadcrumbList\",\"@id\":\"https:\/\/www.advens.test\/recrutement\/vie-chez-advens\/#breadcrumb\",\"itemListElement\":[{\"@type\":\"ListItem\",\"position\":1,\"name\":\"Home\",\"item\":\"https:\/\/www.advens.test\/de\/\"},{\"@type\":\"ListItem\",\"position\":2,\"name\":\"Karriere\",\"item\":\"https:\/\/www.advens.test\/de\/karriere\/\"},{\"@type\":\"ListItem\",\"position\":3,\"name\":\"Unternehmenskultur\"}]},{\"@type\":\"WebSite\",\"@id\":\"https:\/\/www.advens.test\/#website\",\"url\":\"https:\/\/www.advens.test\/\",\"name\":\"Advens\",\"description\":\"For Cyber, People &amp; Planet\",\"publisher\":{\"@id\":\"https:\/\/www.advens.test\/#organization\"},\"potentialAction\":[{\"@type\":\"SearchAction\",\"target\":{\"@type\":\"EntryPoint\",\"urlTemplate\":\"https:\/\/www.advens.test\/?s={search_term_string}\"},\"query-input\":{\"@type\":\"PropertyValueSpecification\",\"valueRequired\":true,\"valueName\":\"search_term_string\"}}],\"inLanguage\":\"de\"},{\"@type\":\"Organization\",\"@id\":\"https:\/\/www.advens.test\/#organization\",\"name\":\"Advens\",\"url\":\"https:\/\/www.advens.test\/\",\"logo\":{\"@type\":\"ImageObject\",\"inLanguage\":\"de\",\"@id\":\"https:\/\/www.advens.test\/#\/schema\/logo\/image\/\",\"url\":\"https:\/\/www.nifty-shtern.217-160-68-194.plesk.page\/app\/uploads\/2025\/07\/Logotype-aDvens-Cybersecurity.png\",\"contentUrl\":\"https:\/\/www.nifty-shtern.217-160-68-194.plesk.page\/app\/uploads\/2025\/07\/Logotype-aDvens-Cybersecurity.png\",\"width\":1501,\"height\":1501,\"caption\":\"Advens\"},\"image\":{\"@id\":\"https:\/\/www.advens.test\/#\/schema\/logo\/image\/\"},\"sameAs\":[\"https:\/\/www.linkedin.com\/company\/advens\/\"]}]}<\/script>\n<!-- \/ Yoast SEO plugin. -->","yoast_head_json":{"title":"Unternehmenskultur - Advens","description":"Ein angenehmes Arbeitsumfeld, eine gute Work-Life-Balance, ein abwechslungsreicher Arbeitsalltag und die damit verbundene Flexibilit\u00e4t sind uns wichtig. Bei Advens ber\u00fccksichtigen wir die Bed\u00fcrfnisse und die Situation jedes Einzelnen, um eine Organisation zu schaffen, die zu Ihnen passt.","robots":{"index":"index","follow":"follow","max-snippet":"max-snippet:-1","max-image-preview":"max-image-preview:large","max-video-preview":"max-video-preview:-1"},"canonical":"https:\/\/www.advens.test\/recrutement\/vie-chez-advens\/","og_locale":"de_DE","og_type":"article","og_title":"Unternehmenskultur - Advens","og_description":"Ein angenehmes Arbeitsumfeld, eine gute Work-Life-Balance, ein abwechslungsreicher Arbeitsalltag und die damit verbundene Flexibilit\u00e4t sind uns wichtig. Bei Advens ber\u00fccksichtigen wir die Bed\u00fcrfnisse und die Situation jedes Einzelnen, um eine Organisation zu schaffen, die zu Ihnen passt.","og_url":"https:\/\/www.advens.test\/recrutement\/vie-chez-advens\/","og_site_name":"Advens","article_modified_time":"2025-08-01T13:56:13+00:00","og_image":[{"width":1920,"height":1278,"url":"https:\/\/www.advens.test\/app\/uploads\/2022\/06\/advens-reportage-lille-dsc1674.jpg","type":"image\/jpeg"}],"twitter_card":"summary_large_image","schema":{"@context":"https:\/\/schema.org","@graph":[{"@type":"WebPage","@id":"https:\/\/www.advens.test\/recrutement\/vie-chez-advens\/","url":"https:\/\/www.advens.test\/recrutement\/vie-chez-advens\/","name":"Unternehmenskultur - Advens","isPartOf":{"@id":"https:\/\/www.advens.test\/#website"},"primaryImageOfPage":{"@id":"https:\/\/www.advens.test\/recrutement\/vie-chez-advens\/#primaryimage"},"image":{"@id":"https:\/\/www.advens.test\/recrutement\/vie-chez-advens\/#primaryimage"},"thumbnailUrl":"https:\/\/www.nifty-shtern.217-160-68-194.plesk.page\/app\/uploads\/2022\/06\/advens-reportage-lille-dsc1674.jpg","datePublished":"2022-04-04T11:21:49+00:00","dateModified":"2025-08-01T13:56:13+00:00","description":"Ein angenehmes Arbeitsumfeld, eine gute Work-Life-Balance, ein abwechslungsreicher Arbeitsalltag und die damit verbundene Flexibilit\u00e4t sind uns wichtig. Bei Advens ber\u00fccksichtigen wir die Bed\u00fcrfnisse und die Situation jedes Einzelnen, um eine Organisation zu schaffen, die zu Ihnen passt.","breadcrumb":{"@id":"https:\/\/www.advens.test\/recrutement\/vie-chez-advens\/#breadcrumb"},"inLanguage":"de","potentialAction":[{"@type":"ReadAction","target":["https:\/\/www.advens.test\/recrutement\/vie-chez-advens\/"]}]},{"@type":"ImageObject","inLanguage":"de","@id":"https:\/\/www.advens.test\/recrutement\/vie-chez-advens\/#primaryimage","url":"https:\/\/www.nifty-shtern.217-160-68-194.plesk.page\/app\/uploads\/2022\/06\/advens-reportage-lille-dsc1674.jpg","contentUrl":"https:\/\/www.nifty-shtern.217-160-68-194.plesk.page\/app\/uploads\/2022\/06\/advens-reportage-lille-dsc1674.jpg","width":1920,"height":1278},{"@type":"BreadcrumbList","@id":"https:\/\/www.advens.test\/recrutement\/vie-chez-advens\/#breadcrumb","itemListElement":[{"@type":"ListItem","position":1,"name":"Home","item":"https:\/\/www.advens.test\/de\/"},{"@type":"ListItem","position":2,"name":"Karriere","item":"https:\/\/www.advens.test\/de\/karriere\/"},{"@type":"ListItem","position":3,"name":"Unternehmenskultur"}]},{"@type":"WebSite","@id":"https:\/\/www.advens.test\/#website","url":"https:\/\/www.advens.test\/","name":"Advens","description":"For Cyber, People &amp; Planet","publisher":{"@id":"https:\/\/www.advens.test\/#organization"},"potentialAction":[{"@type":"SearchAction","target":{"@type":"EntryPoint","urlTemplate":"https:\/\/www.advens.test\/?s={search_term_string}"},"query-input":{"@type":"PropertyValueSpecification","valueRequired":true,"valueName":"search_term_string"}}],"inLanguage":"de"},{"@type":"Organization","@id":"https:\/\/www.advens.test\/#organization","name":"Advens","url":"https:\/\/www.advens.test\/","logo":{"@type":"ImageObject","inLanguage":"de","@id":"https:\/\/www.advens.test\/#\/schema\/logo\/image\/","url":"https:\/\/www.nifty-shtern.217-160-68-194.plesk.page\/app\/uploads\/2025\/07\/Logotype-aDvens-Cybersecurity.png","contentUrl":"https:\/\/www.nifty-shtern.217-160-68-194.plesk.page\/app\/uploads\/2025\/07\/Logotype-aDvens-Cybersecurity.png","width":1501,"height":1501,"caption":"Advens"},"image":{"@id":"https:\/\/www.advens.test\/#\/schema\/logo\/image\/"},"sameAs":["https:\/\/www.linkedin.com\/company\/advens\/"]}]}},"_links":{"self":[{"href":"https:\/\/www.nifty-shtern.217-160-68-194.plesk.page\/de\/wp-json\/wp\/v2\/pages\/12048","targetHints":{"allow":["GET"]}}],"collection":[{"href":"https:\/\/www.nifty-shtern.217-160-68-194.plesk.page\/de\/wp-json\/wp\/v2\/pages"}],"about":[{"href":"https:\/\/www.nifty-shtern.217-160-68-194.plesk.page\/de\/wp-json\/wp\/v2\/types\/page"}],"author":[{"embeddable":true,"href":"https:\/\/www.nifty-shtern.217-160-68-194.plesk.page\/de\/wp-json\/wp\/v2\/users\/3"}],"replies":[{"embeddable":true,"href":"https:\/\/www.nifty-shtern.217-160-68-194.plesk.page\/de\/wp-json\/wp\/v2\/comments?post=12048"}],"version-history":[{"count":14,"href":"https:\/\/www.nifty-shtern.217-160-68-194.plesk.page\/de\/wp-json\/wp\/v2\/pages\/12048\/revisions"}],"predecessor-version":[{"id":25771,"href":"https:\/\/www.nifty-shtern.217-160-68-194.plesk.page\/de\/wp-json\/wp\/v2\/pages\/12048\/revisions\/25771"}],"up":[{"embeddable":true,"href":"https:\/\/www.nifty-shtern.217-160-68-194.plesk.page\/de\/wp-json\/wp\/v2\/pages\/12974"}],"wp:featuredmedia":[{"embeddable":true,"href":"https:\/\/www.nifty-shtern.217-160-68-194.plesk.page\/de\/wp-json\/wp\/v2\/media\/2654"}],"wp:attachment":[{"href":"https:\/\/www.nifty-shtern.217-160-68-194.plesk.page\/de\/wp-json\/wp\/v2\/media?parent=12048"}],"curies":[{"name":"wp","href":"https:\/\/api.w.org\/{rel}","templated":true}]}}