{"id":12054,"date":"2022-04-05T09:39:37","date_gmt":"2022-04-05T07:39:37","guid":{"rendered":"https:\/\/www.advens.test\/a-propos-dadvens\/"},"modified":"2025-06-23T08:58:06","modified_gmt":"2025-06-23T06:58:06","slug":"uber-advens","status":"publish","type":"page","link":"https:\/\/www.nifty-shtern.217-160-68-194.plesk.page\/de\/uber-advens\/","title":{"rendered":"\u00dcber Advens"},"content":{"rendered":"\n<p>Advens ist ein f\u00fchrendes unabh\u00e4ngiges und souver\u00e4nes europ\u00e4isches Unternehmen im Bereich der Cybersicherheit. Wir sind \u00fcberall in Frankreich (Paris, Lille, Lyon, Aix, Toulouse, Bordeaux, Nantes und Rennes), Spanien (Madrid, Barcelona, Bilbao, Valencia), Italien (Mailand, Rom), Deutschland (M\u00fcnchen) sowie in Qu\u00e9bec und auf Tahiti vertreten.<\/p>\n\n\n\n<p>Unsere Mission ist es, \u00f6ffentliche und private Organisationen, die immer st\u00e4rker von der digitalen Welt abh\u00e4ngig sind und ihre Ressourcen immer st\u00e4rker exponieren, 24 Stunden am Tag, 365 Tage im Jahr vor immer professionelleren Angreifern zu sch\u00fctzen.<\/p>\n\n\n\n<p>Diese Mission leitet uns und treibt uns t\u00e4glich an. Aber sie reicht uns nicht aus. Unsere finanzielle Leistungsf\u00e4higkeit erm\u00f6glicht es uns, \u00fcber den Stiftungsfonds &#8222;Advens for People And Planet&#8220; Projekte mit gro\u00dfer Wirkung zu unterst\u00fctzen und zu beschleunigen.<\/p>\n\n\n\n<h2 class=\"wp-block-heading\">M\u00f6chten Sie mehr \u00fcber unsere Mission und unsere Verpflichtungen erfahren?<\/h2>\n\n\n\n<p>Erfahren Sie mehr \u00fcber unsere <a href=\"https:\/\/www.nifty-shtern.217-160-68-194.plesk.page\/de\/unsere-mission\/\">Mission<\/a>.<\/p>\n\n\n\n<h2 class=\"wp-block-heading\">M\u00f6chten Sie mehr \u00fcber unser Angebot und unsere L\u00f6sungen erfahren?<\/h2>\n\n\n\n<p>Entdecken Sie unsere <a href=\"https:\/\/www.nifty-shtern.217-160-68-194.plesk.page\/de\/solution\/\">L\u00f6sungen<\/a>.<\/p>\n\n\n\n<h2 class=\"wp-block-heading\">Interessieren Sie sich f\u00fcr unsere Berufe und offenen Stellen?<\/h2>\n\n\n\n<p>Entdecken Sie unsere offenen Stellen hier: <a href=\"https:\/\/careers.smartrecruiters.com\/ADVENS\/advens-english\">Karriere<\/a><\/p>\n\n\n\n<p><\/p>\n","protected":false},"excerpt":{"rendered":"<p>Advens ist ein f\u00fchrendes unabh\u00e4ngiges und souver\u00e4nes europ\u00e4isches Unternehmen im Bereich der Cybersicherheit. Wir sind \u00fcberall in Frankreich (Paris, Lille, Lyon, Aix, Toulouse, Bordeaux, Nantes und Rennes), Spanien (Madrid, Barcelona, Bilbao, Valencia), Italien (Mailand, Rom), Deutschland (M\u00fcnchen) sowie in Qu\u00e9bec und auf Tahiti vertreten. Unsere Mission ist es, \u00f6ffentliche und private Organisationen, die immer st\u00e4rker [&hellip;]<\/p>\n","protected":false},"author":3,"featured_media":0,"parent":0,"menu_order":15,"comment_status":"closed","ping_status":"closed","template":"","meta":{"_acf_changed":false,"content-type":"","footnotes":""},"class_list":["post-12054","page","type-page","status-publish","hentry"],"acf":[],"yoast_head":"<!-- This site is optimized with the Yoast SEO plugin v24.8.1 - https:\/\/yoast.com\/wordpress\/plugins\/seo\/ -->\n<title>\u00dcber Advens - Advens<\/title>\n<meta name=\"description\" content=\"Advens ist ein f\u00fchrendes unabh\u00e4ngiges und souver\u00e4nes europ\u00e4isches Unternehmen im Bereich der Cybersicherheit. Wir sind \u00fcberall in Frankreich (Paris,\" \/>\n<meta name=\"robots\" content=\"index, follow, max-snippet:-1, max-image-preview:large, max-video-preview:-1\" \/>\n<link rel=\"canonical\" href=\"https:\/\/www.advens.test\/a-propos-dadvens\/\" \/>\n<meta property=\"og:locale\" content=\"de_DE\" \/>\n<meta property=\"og:type\" content=\"article\" \/>\n<meta property=\"og:title\" content=\"\u00dcber Advens - Advens\" \/>\n<meta property=\"og:description\" content=\"Advens ist ein f\u00fchrendes unabh\u00e4ngiges und souver\u00e4nes europ\u00e4isches Unternehmen im Bereich der Cybersicherheit. Wir sind \u00fcberall in Frankreich (Paris,\" \/>\n<meta property=\"og:url\" content=\"https:\/\/www.advens.test\/a-propos-dadvens\/\" \/>\n<meta property=\"og:site_name\" content=\"Advens\" \/>\n<meta property=\"article:modified_time\" content=\"2025-06-23T06:58:06+00:00\" \/>\n<meta name=\"twitter:card\" content=\"summary_large_image\" \/>\n<script type=\"application\/ld+json\" class=\"yoast-schema-graph\">{\"@context\":\"https:\/\/schema.org\",\"@graph\":[{\"@type\":\"WebPage\",\"@id\":\"https:\/\/www.advens.test\/a-propos-dadvens\/\",\"url\":\"https:\/\/www.advens.test\/a-propos-dadvens\/\",\"name\":\"\u00dcber Advens - Advens\",\"isPartOf\":{\"@id\":\"https:\/\/www.advens.test\/#website\"},\"datePublished\":\"2022-04-05T07:39:37+00:00\",\"dateModified\":\"2025-06-23T06:58:06+00:00\",\"description\":\"Advens ist ein f\u00fchrendes unabh\u00e4ngiges und souver\u00e4nes europ\u00e4isches Unternehmen im Bereich der Cybersicherheit. Wir sind \u00fcberall in Frankreich (Paris,\",\"breadcrumb\":{\"@id\":\"https:\/\/www.advens.test\/a-propos-dadvens\/#breadcrumb\"},\"inLanguage\":\"de\",\"potentialAction\":[{\"@type\":\"ReadAction\",\"target\":[\"https:\/\/www.advens.test\/a-propos-dadvens\/\"]}]},{\"@type\":\"BreadcrumbList\",\"@id\":\"https:\/\/www.advens.test\/a-propos-dadvens\/#breadcrumb\",\"itemListElement\":[{\"@type\":\"ListItem\",\"position\":1,\"name\":\"Home\",\"item\":\"https:\/\/www.advens.test\/de\/\"},{\"@type\":\"ListItem\",\"position\":2,\"name\":\"\u00dcber Advens\"}]},{\"@type\":\"WebSite\",\"@id\":\"https:\/\/www.advens.test\/#website\",\"url\":\"https:\/\/www.advens.test\/\",\"name\":\"Advens\",\"description\":\"For Cyber, People &amp; Planet\",\"publisher\":{\"@id\":\"https:\/\/www.advens.test\/#organization\"},\"potentialAction\":[{\"@type\":\"SearchAction\",\"target\":{\"@type\":\"EntryPoint\",\"urlTemplate\":\"https:\/\/www.advens.test\/?s={search_term_string}\"},\"query-input\":{\"@type\":\"PropertyValueSpecification\",\"valueRequired\":true,\"valueName\":\"search_term_string\"}}],\"inLanguage\":\"de\"},{\"@type\":\"Organization\",\"@id\":\"https:\/\/www.advens.test\/#organization\",\"name\":\"Advens\",\"url\":\"https:\/\/www.advens.test\/\",\"logo\":{\"@type\":\"ImageObject\",\"inLanguage\":\"de\",\"@id\":\"https:\/\/www.advens.test\/#\/schema\/logo\/image\/\",\"url\":\"https:\/\/www.nifty-shtern.217-160-68-194.plesk.page\/app\/uploads\/2025\/07\/Logotype-aDvens-Cybersecurity.png\",\"contentUrl\":\"https:\/\/www.nifty-shtern.217-160-68-194.plesk.page\/app\/uploads\/2025\/07\/Logotype-aDvens-Cybersecurity.png\",\"width\":1501,\"height\":1501,\"caption\":\"Advens\"},\"image\":{\"@id\":\"https:\/\/www.advens.test\/#\/schema\/logo\/image\/\"},\"sameAs\":[\"https:\/\/www.linkedin.com\/company\/advens\/\"]}]}<\/script>\n<!-- \/ Yoast SEO plugin. -->","yoast_head_json":{"title":"\u00dcber Advens - Advens","description":"Advens ist ein f\u00fchrendes unabh\u00e4ngiges und souver\u00e4nes europ\u00e4isches Unternehmen im Bereich der Cybersicherheit. Wir sind \u00fcberall in Frankreich (Paris,","robots":{"index":"index","follow":"follow","max-snippet":"max-snippet:-1","max-image-preview":"max-image-preview:large","max-video-preview":"max-video-preview:-1"},"canonical":"https:\/\/www.advens.test\/a-propos-dadvens\/","og_locale":"de_DE","og_type":"article","og_title":"\u00dcber Advens - Advens","og_description":"Advens ist ein f\u00fchrendes unabh\u00e4ngiges und souver\u00e4nes europ\u00e4isches Unternehmen im Bereich der Cybersicherheit. Wir sind \u00fcberall in Frankreich (Paris,","og_url":"https:\/\/www.advens.test\/a-propos-dadvens\/","og_site_name":"Advens","article_modified_time":"2025-06-23T06:58:06+00:00","twitter_card":"summary_large_image","schema":{"@context":"https:\/\/schema.org","@graph":[{"@type":"WebPage","@id":"https:\/\/www.advens.test\/a-propos-dadvens\/","url":"https:\/\/www.advens.test\/a-propos-dadvens\/","name":"\u00dcber Advens - Advens","isPartOf":{"@id":"https:\/\/www.advens.test\/#website"},"datePublished":"2022-04-05T07:39:37+00:00","dateModified":"2025-06-23T06:58:06+00:00","description":"Advens ist ein f\u00fchrendes unabh\u00e4ngiges und souver\u00e4nes europ\u00e4isches Unternehmen im Bereich der Cybersicherheit. Wir sind \u00fcberall in Frankreich (Paris,","breadcrumb":{"@id":"https:\/\/www.advens.test\/a-propos-dadvens\/#breadcrumb"},"inLanguage":"de","potentialAction":[{"@type":"ReadAction","target":["https:\/\/www.advens.test\/a-propos-dadvens\/"]}]},{"@type":"BreadcrumbList","@id":"https:\/\/www.advens.test\/a-propos-dadvens\/#breadcrumb","itemListElement":[{"@type":"ListItem","position":1,"name":"Home","item":"https:\/\/www.advens.test\/de\/"},{"@type":"ListItem","position":2,"name":"\u00dcber Advens"}]},{"@type":"WebSite","@id":"https:\/\/www.advens.test\/#website","url":"https:\/\/www.advens.test\/","name":"Advens","description":"For Cyber, People &amp; Planet","publisher":{"@id":"https:\/\/www.advens.test\/#organization"},"potentialAction":[{"@type":"SearchAction","target":{"@type":"EntryPoint","urlTemplate":"https:\/\/www.advens.test\/?s={search_term_string}"},"query-input":{"@type":"PropertyValueSpecification","valueRequired":true,"valueName":"search_term_string"}}],"inLanguage":"de"},{"@type":"Organization","@id":"https:\/\/www.advens.test\/#organization","name":"Advens","url":"https:\/\/www.advens.test\/","logo":{"@type":"ImageObject","inLanguage":"de","@id":"https:\/\/www.advens.test\/#\/schema\/logo\/image\/","url":"https:\/\/www.nifty-shtern.217-160-68-194.plesk.page\/app\/uploads\/2025\/07\/Logotype-aDvens-Cybersecurity.png","contentUrl":"https:\/\/www.nifty-shtern.217-160-68-194.plesk.page\/app\/uploads\/2025\/07\/Logotype-aDvens-Cybersecurity.png","width":1501,"height":1501,"caption":"Advens"},"image":{"@id":"https:\/\/www.advens.test\/#\/schema\/logo\/image\/"},"sameAs":["https:\/\/www.linkedin.com\/company\/advens\/"]}]}},"_links":{"self":[{"href":"https:\/\/www.nifty-shtern.217-160-68-194.plesk.page\/de\/wp-json\/wp\/v2\/pages\/12054","targetHints":{"allow":["GET"]}}],"collection":[{"href":"https:\/\/www.nifty-shtern.217-160-68-194.plesk.page\/de\/wp-json\/wp\/v2\/pages"}],"about":[{"href":"https:\/\/www.nifty-shtern.217-160-68-194.plesk.page\/de\/wp-json\/wp\/v2\/types\/page"}],"author":[{"embeddable":true,"href":"https:\/\/www.nifty-shtern.217-160-68-194.plesk.page\/de\/wp-json\/wp\/v2\/users\/3"}],"replies":[{"embeddable":true,"href":"https:\/\/www.nifty-shtern.217-160-68-194.plesk.page\/de\/wp-json\/wp\/v2\/comments?post=12054"}],"version-history":[{"count":5,"href":"https:\/\/www.nifty-shtern.217-160-68-194.plesk.page\/de\/wp-json\/wp\/v2\/pages\/12054\/revisions"}],"predecessor-version":[{"id":24699,"href":"https:\/\/www.nifty-shtern.217-160-68-194.plesk.page\/de\/wp-json\/wp\/v2\/pages\/12054\/revisions\/24699"}],"wp:attachment":[{"href":"https:\/\/www.nifty-shtern.217-160-68-194.plesk.page\/de\/wp-json\/wp\/v2\/media?parent=12054"}],"curies":[{"name":"wp","href":"https:\/\/api.w.org\/{rel}","templated":true}]}}