{"id":12055,"date":"2022-04-05T09:39:54","date_gmt":"2022-04-05T07:39:54","guid":{"rendered":"https:\/\/www.advens.test\/notre-ecosysteme\/"},"modified":"2025-08-05T13:58:01","modified_gmt":"2025-08-05T11:58:01","slug":"partner","status":"publish","type":"page","link":"https:\/\/www.nifty-shtern.217-160-68-194.plesk.page\/de\/partner\/","title":{"rendered":"Mehr als ein Unternehmen\u00a0\u2013 ein Netzwerk starker Partner"},"content":{"rendered":"\n<p class=\"is-style-full-width\">Deshalb arbeiten wir mit engagierten Partnern aus der IT-Branche, dem gemeinn\u00fctzigen Bereich und \u00f6ffentlichen Institutionen zusammen. Was uns verbindet, ist ein gemeinsames <strong>Ziel: Sie bestm\u00f6glich zu sch\u00fctzen und nachhaltig voranzubringen.<\/strong><\/p>\n\n\n\n\n  \n<div id=\"block-buttons-1441805951\" class=\"acf-block-buttons buttons my-3 \">\n            <a class=\"link link-primary\" href=\"\" target=\"\" title=\"\">\n        \n      <\/a>\n      <\/div>\n\n\n<p class=\"is-style-full-width\"><\/p>\n\n\n\n\n<div id=\"block-logos-1839164757\" class=\"acf-block-logos grid -six mb-4 alignwide\">\n  <div class=\"container\">\n    <div class=\"row\">\n      <div class=\"col-12\">\n                  <h2 class=\"mb-3\">Unsere Mitgliedschaften<\/h2>\n              <\/div>\n    <\/div>\n  <\/div>\n  <div class=\"container bg-white py-3\">\n    <div class=\"row\">\n              <div class=\"col-4 col-md-2 mb-3 d-flex align-items-center justify-content-center\">\n          <div class=\"logo-container\" style=\"width: 120px; height: 80px; display: flex; align-items: center; justify-content: center;\">\n            <img decoding=\"async\" src=\"https:\/\/www.nifty-shtern.217-160-68-194.plesk.page\/app\/uploads\/2025\/06\/2-1-260x65.png\" alt=\"\" loading=\"lazy\" style=\"max-width: 100%; max-height: 100%; object-fit: contain;\"\/>\n          <\/div>\n        <\/div>\n              <div class=\"col-4 col-md-2 mb-3 d-flex align-items-center justify-content-center\">\n          <div class=\"logo-container\" style=\"width: 120px; height: 80px; display: flex; align-items: center; justify-content: center;\">\n            <img decoding=\"async\" src=\"https:\/\/www.nifty-shtern.217-160-68-194.plesk.page\/app\/uploads\/2025\/06\/3-1-260x65.png\" alt=\"\" loading=\"lazy\" style=\"max-width: 100%; max-height: 100%; object-fit: contain;\"\/>\n          <\/div>\n        <\/div>\n              <div class=\"col-4 col-md-2 mb-3 d-flex align-items-center justify-content-center\">\n          <div class=\"logo-container\" style=\"width: 120px; height: 80px; display: flex; align-items: center; justify-content: center;\">\n            <img decoding=\"async\" src=\"https:\/\/www.nifty-shtern.217-160-68-194.plesk.page\/app\/uploads\/2025\/06\/4-2-260x65.png\" alt=\"\" loading=\"lazy\" style=\"max-width: 100%; max-height: 100%; object-fit: contain;\"\/>\n          <\/div>\n        <\/div>\n              <div class=\"col-4 col-md-2 mb-3 d-flex align-items-center justify-content-center\">\n          <div class=\"logo-container\" style=\"width: 120px; height: 80px; display: flex; align-items: center; justify-content: center;\">\n            <img decoding=\"async\" src=\"https:\/\/www.nifty-shtern.217-160-68-194.plesk.page\/app\/uploads\/2025\/06\/5-2-260x65.png\" alt=\"\" loading=\"lazy\" style=\"max-width: 100%; max-height: 100%; object-fit: contain;\"\/>\n          <\/div>\n        <\/div>\n              <div class=\"col-4 col-md-2 mb-3 d-flex align-items-center justify-content-center\">\n          <div class=\"logo-container\" style=\"width: 120px; height: 80px; display: flex; align-items: center; justify-content: center;\">\n            <img decoding=\"async\" src=\"https:\/\/www.nifty-shtern.217-160-68-194.plesk.page\/app\/uploads\/2025\/06\/6-1-260x65.png\" alt=\"\" loading=\"lazy\" style=\"max-width: 100%; max-height: 100%; object-fit: contain;\"\/>\n          <\/div>\n        <\/div>\n              <div class=\"col-4 col-md-2 mb-3 d-flex align-items-center justify-content-center\">\n          <div class=\"logo-container\" style=\"width: 120px; height: 80px; display: flex; align-items: center; justify-content: center;\">\n            <img decoding=\"async\" src=\"https:\/\/www.nifty-shtern.217-160-68-194.plesk.page\/app\/uploads\/2025\/06\/7-2-260x65.png\" alt=\"\" loading=\"lazy\" style=\"max-width: 100%; max-height: 100%; object-fit: contain;\"\/>\n          <\/div>\n        <\/div>\n              <div class=\"col-4 col-md-2 mb-3 d-flex align-items-center justify-content-center\">\n          <div class=\"logo-container\" style=\"width: 120px; height: 80px; display: flex; align-items: center; justify-content: center;\">\n            <img decoding=\"async\" src=\"https:\/\/www.nifty-shtern.217-160-68-194.plesk.page\/app\/uploads\/2025\/06\/10-1-260x65.png\" alt=\"\" loading=\"lazy\" style=\"max-width: 100%; max-height: 100%; object-fit: contain;\"\/>\n          <\/div>\n        <\/div>\n          <\/div>\n  <\/div>\n<\/div>\n\n\n\n<div class=\"wp-block-group has-large-font-size\"><div class=\"wp-block-group__inner-container is-layout-constrained wp-block-group-is-layout-constrained\">\n<div class=\"wp-block-columns has-large-font-size is-layout-flex wp-container-core-columns-is-layout-2 wp-block-columns-is-layout-flex\">\n<div class=\"wp-block-column is-layout-flow wp-block-column-is-layout-flow\" style=\"flex-basis:100%\">\n<div class=\"wp-block-group has-medium-font-size\"><div class=\"wp-block-group__inner-container is-layout-constrained wp-block-group-is-layout-constrained\">\n<div class=\"wp-block-columns is-layout-flex wp-container-core-columns-is-layout-1 wp-block-columns-is-layout-flex\">\n<div class=\"wp-block-column is-layout-flow wp-block-column-is-layout-flow\" style=\"flex-basis:100%\">\n<div class=\"wp-block-group\"><div class=\"wp-block-group__inner-container is-layout-constrained wp-block-group-is-layout-constrained\">\n\n<div id=\"block-logos-1320218075\" class=\"acf-block-logos grid -six mb-4 \">\n  <div class=\"container\">\n    <div class=\"row\">\n      <div class=\"col-12\">\n                  <h2 class=\"mb-3\">Unsere Technologiepartner<\/h2>\n              <\/div>\n    <\/div>\n  <\/div>\n  <div class=\"container bg-white py-3\">\n    <div class=\"row\">\n              <div class=\"col-4 col-md-2 mb-3 d-flex align-items-center justify-content-center\">\n          <div class=\"logo-container\" style=\"width: 120px; height: 80px; display: flex; align-items: center; justify-content: center;\">\n            <img decoding=\"async\" src=\"https:\/\/www.nifty-shtern.217-160-68-194.plesk.page\/app\/uploads\/2025\/06\/1-1-260x65.png\" alt=\"\" loading=\"lazy\" style=\"max-width: 100%; max-height: 100%; object-fit: contain;\"\/>\n          <\/div>\n        <\/div>\n              <div class=\"col-4 col-md-2 mb-3 d-flex align-items-center justify-content-center\">\n          <div class=\"logo-container\" style=\"width: 120px; height: 80px; display: flex; align-items: center; justify-content: center;\">\n            <img decoding=\"async\" src=\"https:\/\/www.nifty-shtern.217-160-68-194.plesk.page\/app\/uploads\/2025\/06\/2-copy-260x65.png\" alt=\"\" loading=\"lazy\" style=\"max-width: 100%; max-height: 100%; object-fit: contain;\"\/>\n          <\/div>\n        <\/div>\n              <div class=\"col-4 col-md-2 mb-3 d-flex align-items-center justify-content-center\">\n          <div class=\"logo-container\" style=\"width: 120px; height: 80px; display: flex; align-items: center; justify-content: center;\">\n            <img decoding=\"async\" src=\"https:\/\/www.nifty-shtern.217-160-68-194.plesk.page\/app\/uploads\/2025\/06\/3-copy-260x65.png\" alt=\"\" loading=\"lazy\" style=\"max-width: 100%; max-height: 100%; object-fit: contain;\"\/>\n          <\/div>\n        <\/div>\n              <div class=\"col-4 col-md-2 mb-3 d-flex align-items-center justify-content-center\">\n          <div class=\"logo-container\" style=\"width: 120px; height: 80px; display: flex; align-items: center; justify-content: center;\">\n            <img decoding=\"async\" src=\"https:\/\/www.nifty-shtern.217-160-68-194.plesk.page\/app\/uploads\/2025\/06\/4-1-260x65.png\" alt=\"\" loading=\"lazy\" style=\"max-width: 100%; max-height: 100%; object-fit: contain;\"\/>\n          <\/div>\n        <\/div>\n              <div class=\"col-4 col-md-2 mb-3 d-flex align-items-center justify-content-center\">\n          <div class=\"logo-container\" style=\"width: 120px; height: 80px; display: flex; align-items: center; justify-content: center;\">\n            <img decoding=\"async\" src=\"https:\/\/www.nifty-shtern.217-160-68-194.plesk.page\/app\/uploads\/2025\/06\/5-1-260x65.png\" alt=\"\" loading=\"lazy\" style=\"max-width: 100%; max-height: 100%; object-fit: contain;\"\/>\n          <\/div>\n        <\/div>\n              <div class=\"col-4 col-md-2 mb-3 d-flex align-items-center justify-content-center\">\n          <div class=\"logo-container\" style=\"width: 120px; height: 80px; display: flex; align-items: center; justify-content: center;\">\n            <img decoding=\"async\" src=\"https:\/\/www.nifty-shtern.217-160-68-194.plesk.page\/app\/uploads\/2025\/06\/6-copy-260x65.png\" alt=\"\" loading=\"lazy\" style=\"max-width: 100%; max-height: 100%; object-fit: contain;\"\/>\n          <\/div>\n        <\/div>\n              <div class=\"col-4 col-md-2 mb-3 d-flex align-items-center justify-content-center\">\n          <div class=\"logo-container\" style=\"width: 120px; height: 80px; display: flex; align-items: center; justify-content: center;\">\n            <img decoding=\"async\" src=\"https:\/\/www.nifty-shtern.217-160-68-194.plesk.page\/app\/uploads\/2025\/06\/7-1-260x65.png\" alt=\"\" loading=\"lazy\" style=\"max-width: 100%; max-height: 100%; object-fit: contain;\"\/>\n          <\/div>\n        <\/div>\n              <div class=\"col-4 col-md-2 mb-3 d-flex align-items-center justify-content-center\">\n          <div class=\"logo-container\" style=\"width: 120px; height: 80px; display: flex; align-items: center; justify-content: center;\">\n            <img decoding=\"async\" src=\"https:\/\/www.nifty-shtern.217-160-68-194.plesk.page\/app\/uploads\/2025\/06\/8-copy-260x65.png\" alt=\"\" loading=\"lazy\" style=\"max-width: 100%; max-height: 100%; object-fit: contain;\"\/>\n          <\/div>\n        <\/div>\n              <div class=\"col-4 col-md-2 mb-3 d-flex align-items-center justify-content-center\">\n          <div class=\"logo-container\" style=\"width: 120px; height: 80px; display: flex; align-items: center; justify-content: center;\">\n            <img decoding=\"async\" src=\"https:\/\/www.nifty-shtern.217-160-68-194.plesk.page\/app\/uploads\/2025\/06\/9-copy-260x65.png\" alt=\"\" loading=\"lazy\" style=\"max-width: 100%; max-height: 100%; object-fit: contain;\"\/>\n          <\/div>\n        <\/div>\n              <div class=\"col-4 col-md-2 mb-3 d-flex align-items-center justify-content-center\">\n          <div class=\"logo-container\" style=\"width: 120px; height: 80px; display: flex; align-items: center; justify-content: center;\">\n            <img decoding=\"async\" src=\"https:\/\/www.nifty-shtern.217-160-68-194.plesk.page\/app\/uploads\/2025\/06\/12-1-260x65.png\" alt=\"\" loading=\"lazy\" style=\"max-width: 100%; max-height: 100%; object-fit: contain;\"\/>\n          <\/div>\n        <\/div>\n              <div class=\"col-4 col-md-2 mb-3 d-flex align-items-center justify-content-center\">\n          <div class=\"logo-container\" style=\"width: 120px; height: 80px; display: flex; align-items: center; justify-content: center;\">\n            <img decoding=\"async\" src=\"https:\/\/www.nifty-shtern.217-160-68-194.plesk.page\/app\/uploads\/2025\/06\/13-1-260x65.png\" alt=\"\" loading=\"lazy\" style=\"max-width: 100%; max-height: 100%; object-fit: contain;\"\/>\n          <\/div>\n        <\/div>\n              <div class=\"col-4 col-md-2 mb-3 d-flex align-items-center justify-content-center\">\n          <div class=\"logo-container\" style=\"width: 120px; height: 80px; display: flex; align-items: center; justify-content: center;\">\n            <img decoding=\"async\" src=\"https:\/\/www.nifty-shtern.217-160-68-194.plesk.page\/app\/uploads\/2025\/06\/Allianz_fuer_cyber-1024x46923-2-260x65.png\" alt=\"\" loading=\"lazy\" style=\"max-width: 100%; max-height: 100%; object-fit: contain;\"\/>\n          <\/div>\n        <\/div>\n              <div class=\"col-4 col-md-2 mb-3 d-flex align-items-center justify-content-center\">\n          <div class=\"logo-container\" style=\"width: 120px; height: 80px; display: flex; align-items: center; justify-content: center;\">\n            <img decoding=\"async\" src=\"https:\/\/www.nifty-shtern.217-160-68-194.plesk.page\/app\/uploads\/2025\/06\/Bild1-1-260x65.png\" alt=\"\" loading=\"lazy\" style=\"max-width: 100%; max-height: 100%; object-fit: contain;\"\/>\n          <\/div>\n        <\/div>\n          <\/div>\n  <\/div>\n<\/div>\n<\/div><\/div>\n<\/div>\n<\/div>\n<\/div><\/div>\n<\/div>\n<\/div>\n<\/div><\/div>\n\n\n\n\n<div id=\"block-logos-1696333375\" class=\"acf-block-logos grid -six mb-4 alignwide\">\n  <div class=\"container\">\n    <div class=\"row\">\n      <div class=\"col-12\">\n                  <h2 class=\"mb-3\">Unsere institutionellen Partner<\/h2>\n              <\/div>\n    <\/div>\n  <\/div>\n  <div class=\"container bg-white py-3\">\n    <div class=\"row\">\n              <div class=\"col-4 col-md-2 mb-3 d-flex align-items-center justify-content-center\">\n          <div class=\"logo-container\" style=\"width: 120px; height: 80px; display: flex; align-items: center; justify-content: center;\">\n            <img decoding=\"async\" src=\"https:\/\/www.nifty-shtern.217-160-68-194.plesk.page\/app\/uploads\/2025\/06\/2-2-260x65.png\" alt=\"\" loading=\"lazy\" style=\"max-width: 100%; max-height: 100%; object-fit: contain;\"\/>\n          <\/div>\n        <\/div>\n              <div class=\"col-4 col-md-2 mb-3 d-flex align-items-center justify-content-center\">\n          <div class=\"logo-container\" style=\"width: 120px; height: 80px; display: flex; align-items: center; justify-content: center;\">\n            <img decoding=\"async\" src=\"https:\/\/www.nifty-shtern.217-160-68-194.plesk.page\/app\/uploads\/2025\/06\/3-2-260x65.png\" alt=\"\" loading=\"lazy\" style=\"max-width: 100%; max-height: 100%; object-fit: contain;\"\/>\n          <\/div>\n        <\/div>\n          <\/div>\n  <\/div>\n<\/div>\n\n\n\n<hr class=\"wp-block-separator has-alpha-channel-opacity\"\/>\n\n\n\n<p><\/p>\n\n\n\n<h2 class=\"wp-block-heading\">Bereit f\u00fcr eine starken Partner in der Cybersecurity?<\/h2>\n\n\n\n<p>Sie teilen unsere <a href=\"https:\/\/www.nifty-shtern.217-160-68-194.plesk.page\/de\/solution\/securite\/\">Vision<\/a> einer sicheren digitalen Zukunft? Dann lassen Sie uns gemeinsam mehr erreichen. Ob Technologieanbieter, Institution oder Netzwerk  wir sind stets auf der Suche nach engagierten Partnern in der Cybersecurity, mit denen wir Synergien schaffen, Wissen teilen und sinnvolle Projekte realisieren k\u00f6nnen.<\/p>\n\n\n\n<p><strong>Was Sie erwartet? <\/strong>Eine Zusammenarbeit auf Augenh\u00f6he, transparente Kommunikation und der feste Wille, gemeinsam etwas zu bewegen. Wir glauben daran, dass echte Partnerschaften weit \u00fcber Vertr\u00e4ge hinausgehen. Sie basieren auf Vertrauen, gemeinsamen Werten und dem Ziel, die digitale Welt nachhaltig sicherer zu machen.<\/p>\n\n\n\n<p>Als unser Partner in der Cybersecurity werden Sie Teil einem engagierten Team, das Innovation f\u00f6rdert, Wissen teilt und gesellschaftliche Wirkung erzielt.<\/p>\n\n\n\n<p>Klingt nach Ihnen? Dann freuen wir uns darauf, Sie kennenzulernen.<\/p>\n\n\n\n\n  \n<div id=\"block-buttons-126853356\" class=\"acf-block-buttons buttons my-3 \">\n            <a class=\"btn btn-primary\" href=\"https:\/\/www.nifty-shtern.217-160-68-194.plesk.page\/de\/kontakt\/\" target=\"\" title=\"Kontaktieren Sie uns\">\n        Kontaktieren Sie uns\n      <\/a>\n      <\/div>\n\n\n<p><\/p>\n","protected":false},"excerpt":{"rendered":"<p>Starke Verbindungen machen den Unterschied.<\/p>\n","protected":false},"author":3,"featured_media":24982,"parent":0,"menu_order":16,"comment_status":"closed","ping_status":"closed","template":"","meta":{"_acf_changed":false,"content-type":"","footnotes":""},"class_list":["post-12055","page","type-page","status-publish","has-post-thumbnail","hentry"],"acf":[],"yoast_head":"<!-- This site is optimized with the Yoast SEO plugin v24.8.1 - https:\/\/yoast.com\/wordpress\/plugins\/seo\/ -->\n<title>Partner in der Cybersecurity - Advens<\/title>\n<meta name=\"description\" content=\"Verl\u00e4ssliche Partner in der Cybersecurity: Gemeinsam sch\u00fctzen wir Organisationen, schaffen Vertrauen und sichern die digitale Zukunft.\" \/>\n<meta name=\"robots\" content=\"index, follow, max-snippet:-1, max-image-preview:large, max-video-preview:-1\" \/>\n<link rel=\"canonical\" href=\"https:\/\/www.advens.test\/notre-ecosysteme\/\" \/>\n<meta property=\"og:locale\" content=\"de_DE\" \/>\n<meta property=\"og:type\" content=\"article\" \/>\n<meta property=\"og:title\" content=\"Partner in der Cybersecurity - Advens\" \/>\n<meta property=\"og:description\" content=\"Verl\u00e4ssliche Partner in der Cybersecurity: Gemeinsam sch\u00fctzen wir Organisationen, schaffen Vertrauen und sichern die digitale Zukunft.\" \/>\n<meta property=\"og:url\" content=\"https:\/\/www.advens.test\/notre-ecosysteme\/\" \/>\n<meta property=\"og:site_name\" content=\"Advens\" \/>\n<meta property=\"article:modified_time\" content=\"2025-08-05T11:58:01+00:00\" \/>\n<meta property=\"og:image\" content=\"https:\/\/www.advens.test\/app\/uploads\/2025\/06\/futuristische-geschaftsszene-mit-ultramodernem-ambiente-test.jpg\" \/>\n\t<meta property=\"og:image:width\" content=\"1500\" \/>\n\t<meta property=\"og:image:height\" content=\"1000\" \/>\n\t<meta property=\"og:image:type\" content=\"image\/jpeg\" \/>\n<meta name=\"twitter:card\" content=\"summary_large_image\" \/>\n<script type=\"application\/ld+json\" class=\"yoast-schema-graph\">{\"@context\":\"https:\/\/schema.org\",\"@graph\":[{\"@type\":\"WebPage\",\"@id\":\"https:\/\/www.advens.test\/notre-ecosysteme\/\",\"url\":\"https:\/\/www.advens.test\/notre-ecosysteme\/\",\"name\":\"Partner in der Cybersecurity - Advens\",\"isPartOf\":{\"@id\":\"https:\/\/www.advens.test\/#website\"},\"primaryImageOfPage\":{\"@id\":\"https:\/\/www.advens.test\/notre-ecosysteme\/#primaryimage\"},\"image\":{\"@id\":\"https:\/\/www.advens.test\/notre-ecosysteme\/#primaryimage\"},\"thumbnailUrl\":\"https:\/\/www.nifty-shtern.217-160-68-194.plesk.page\/app\/uploads\/2025\/06\/futuristische-geschaftsszene-mit-ultramodernem-ambiente-test.jpg\",\"datePublished\":\"2022-04-05T07:39:54+00:00\",\"dateModified\":\"2025-08-05T11:58:01+00:00\",\"description\":\"Verl\u00e4ssliche Partner in der Cybersecurity: Gemeinsam sch\u00fctzen wir Organisationen, schaffen Vertrauen und sichern die digitale Zukunft.\",\"breadcrumb\":{\"@id\":\"https:\/\/www.advens.test\/notre-ecosysteme\/#breadcrumb\"},\"inLanguage\":\"de\",\"potentialAction\":[{\"@type\":\"ReadAction\",\"target\":[\"https:\/\/www.advens.test\/notre-ecosysteme\/\"]}]},{\"@type\":\"ImageObject\",\"inLanguage\":\"de\",\"@id\":\"https:\/\/www.advens.test\/notre-ecosysteme\/#primaryimage\",\"url\":\"https:\/\/www.nifty-shtern.217-160-68-194.plesk.page\/app\/uploads\/2025\/06\/futuristische-geschaftsszene-mit-ultramodernem-ambiente-test.jpg\",\"contentUrl\":\"https:\/\/www.nifty-shtern.217-160-68-194.plesk.page\/app\/uploads\/2025\/06\/futuristische-geschaftsszene-mit-ultramodernem-ambiente-test.jpg\",\"width\":1500,\"height\":1000,\"caption\":\"unser-oekosystem-starker-partner-in-der-cybersecurity\"},{\"@type\":\"BreadcrumbList\",\"@id\":\"https:\/\/www.advens.test\/notre-ecosysteme\/#breadcrumb\",\"itemListElement\":[{\"@type\":\"ListItem\",\"position\":1,\"name\":\"Home\",\"item\":\"https:\/\/www.advens.test\/de\/\"},{\"@type\":\"ListItem\",\"position\":2,\"name\":\"Mehr als ein Unternehmen\u00a0\u2013 ein Netzwerk starker Partner\"}]},{\"@type\":\"WebSite\",\"@id\":\"https:\/\/www.advens.test\/#website\",\"url\":\"https:\/\/www.advens.test\/\",\"name\":\"Advens\",\"description\":\"For Cyber, People &amp; Planet\",\"publisher\":{\"@id\":\"https:\/\/www.advens.test\/#organization\"},\"potentialAction\":[{\"@type\":\"SearchAction\",\"target\":{\"@type\":\"EntryPoint\",\"urlTemplate\":\"https:\/\/www.advens.test\/?s={search_term_string}\"},\"query-input\":{\"@type\":\"PropertyValueSpecification\",\"valueRequired\":true,\"valueName\":\"search_term_string\"}}],\"inLanguage\":\"de\"},{\"@type\":\"Organization\",\"@id\":\"https:\/\/www.advens.test\/#organization\",\"name\":\"Advens\",\"url\":\"https:\/\/www.advens.test\/\",\"logo\":{\"@type\":\"ImageObject\",\"inLanguage\":\"de\",\"@id\":\"https:\/\/www.advens.test\/#\/schema\/logo\/image\/\",\"url\":\"https:\/\/www.nifty-shtern.217-160-68-194.plesk.page\/app\/uploads\/2025\/07\/Logotype-aDvens-Cybersecurity.png\",\"contentUrl\":\"https:\/\/www.nifty-shtern.217-160-68-194.plesk.page\/app\/uploads\/2025\/07\/Logotype-aDvens-Cybersecurity.png\",\"width\":1501,\"height\":1501,\"caption\":\"Advens\"},\"image\":{\"@id\":\"https:\/\/www.advens.test\/#\/schema\/logo\/image\/\"},\"sameAs\":[\"https:\/\/www.linkedin.com\/company\/advens\/\"]}]}<\/script>\n<!-- \/ Yoast SEO plugin. -->","yoast_head_json":{"title":"Partner in der Cybersecurity - Advens","description":"Verl\u00e4ssliche Partner in der Cybersecurity: Gemeinsam sch\u00fctzen wir Organisationen, schaffen Vertrauen und sichern die digitale Zukunft.","robots":{"index":"index","follow":"follow","max-snippet":"max-snippet:-1","max-image-preview":"max-image-preview:large","max-video-preview":"max-video-preview:-1"},"canonical":"https:\/\/www.advens.test\/notre-ecosysteme\/","og_locale":"de_DE","og_type":"article","og_title":"Partner in der Cybersecurity - Advens","og_description":"Verl\u00e4ssliche Partner in der Cybersecurity: Gemeinsam sch\u00fctzen wir Organisationen, schaffen Vertrauen und sichern die digitale Zukunft.","og_url":"https:\/\/www.advens.test\/notre-ecosysteme\/","og_site_name":"Advens","article_modified_time":"2025-08-05T11:58:01+00:00","og_image":[{"width":1500,"height":1000,"url":"https:\/\/www.advens.test\/app\/uploads\/2025\/06\/futuristische-geschaftsszene-mit-ultramodernem-ambiente-test.jpg","type":"image\/jpeg"}],"twitter_card":"summary_large_image","schema":{"@context":"https:\/\/schema.org","@graph":[{"@type":"WebPage","@id":"https:\/\/www.advens.test\/notre-ecosysteme\/","url":"https:\/\/www.advens.test\/notre-ecosysteme\/","name":"Partner in der Cybersecurity - Advens","isPartOf":{"@id":"https:\/\/www.advens.test\/#website"},"primaryImageOfPage":{"@id":"https:\/\/www.advens.test\/notre-ecosysteme\/#primaryimage"},"image":{"@id":"https:\/\/www.advens.test\/notre-ecosysteme\/#primaryimage"},"thumbnailUrl":"https:\/\/www.nifty-shtern.217-160-68-194.plesk.page\/app\/uploads\/2025\/06\/futuristische-geschaftsszene-mit-ultramodernem-ambiente-test.jpg","datePublished":"2022-04-05T07:39:54+00:00","dateModified":"2025-08-05T11:58:01+00:00","description":"Verl\u00e4ssliche Partner in der Cybersecurity: Gemeinsam sch\u00fctzen wir Organisationen, schaffen Vertrauen und sichern die digitale Zukunft.","breadcrumb":{"@id":"https:\/\/www.advens.test\/notre-ecosysteme\/#breadcrumb"},"inLanguage":"de","potentialAction":[{"@type":"ReadAction","target":["https:\/\/www.advens.test\/notre-ecosysteme\/"]}]},{"@type":"ImageObject","inLanguage":"de","@id":"https:\/\/www.advens.test\/notre-ecosysteme\/#primaryimage","url":"https:\/\/www.nifty-shtern.217-160-68-194.plesk.page\/app\/uploads\/2025\/06\/futuristische-geschaftsszene-mit-ultramodernem-ambiente-test.jpg","contentUrl":"https:\/\/www.nifty-shtern.217-160-68-194.plesk.page\/app\/uploads\/2025\/06\/futuristische-geschaftsszene-mit-ultramodernem-ambiente-test.jpg","width":1500,"height":1000,"caption":"unser-oekosystem-starker-partner-in-der-cybersecurity"},{"@type":"BreadcrumbList","@id":"https:\/\/www.advens.test\/notre-ecosysteme\/#breadcrumb","itemListElement":[{"@type":"ListItem","position":1,"name":"Home","item":"https:\/\/www.advens.test\/de\/"},{"@type":"ListItem","position":2,"name":"Mehr als ein Unternehmen\u00a0\u2013 ein Netzwerk starker Partner"}]},{"@type":"WebSite","@id":"https:\/\/www.advens.test\/#website","url":"https:\/\/www.advens.test\/","name":"Advens","description":"For Cyber, People &amp; Planet","publisher":{"@id":"https:\/\/www.advens.test\/#organization"},"potentialAction":[{"@type":"SearchAction","target":{"@type":"EntryPoint","urlTemplate":"https:\/\/www.advens.test\/?s={search_term_string}"},"query-input":{"@type":"PropertyValueSpecification","valueRequired":true,"valueName":"search_term_string"}}],"inLanguage":"de"},{"@type":"Organization","@id":"https:\/\/www.advens.test\/#organization","name":"Advens","url":"https:\/\/www.advens.test\/","logo":{"@type":"ImageObject","inLanguage":"de","@id":"https:\/\/www.advens.test\/#\/schema\/logo\/image\/","url":"https:\/\/www.nifty-shtern.217-160-68-194.plesk.page\/app\/uploads\/2025\/07\/Logotype-aDvens-Cybersecurity.png","contentUrl":"https:\/\/www.nifty-shtern.217-160-68-194.plesk.page\/app\/uploads\/2025\/07\/Logotype-aDvens-Cybersecurity.png","width":1501,"height":1501,"caption":"Advens"},"image":{"@id":"https:\/\/www.advens.test\/#\/schema\/logo\/image\/"},"sameAs":["https:\/\/www.linkedin.com\/company\/advens\/"]}]}},"_links":{"self":[{"href":"https:\/\/www.nifty-shtern.217-160-68-194.plesk.page\/de\/wp-json\/wp\/v2\/pages\/12055","targetHints":{"allow":["GET"]}}],"collection":[{"href":"https:\/\/www.nifty-shtern.217-160-68-194.plesk.page\/de\/wp-json\/wp\/v2\/pages"}],"about":[{"href":"https:\/\/www.nifty-shtern.217-160-68-194.plesk.page\/de\/wp-json\/wp\/v2\/types\/page"}],"author":[{"embeddable":true,"href":"https:\/\/www.nifty-shtern.217-160-68-194.plesk.page\/de\/wp-json\/wp\/v2\/users\/3"}],"replies":[{"embeddable":true,"href":"https:\/\/www.nifty-shtern.217-160-68-194.plesk.page\/de\/wp-json\/wp\/v2\/comments?post=12055"}],"version-history":[{"count":49,"href":"https:\/\/www.nifty-shtern.217-160-68-194.plesk.page\/de\/wp-json\/wp\/v2\/pages\/12055\/revisions"}],"predecessor-version":[{"id":25790,"href":"https:\/\/www.nifty-shtern.217-160-68-194.plesk.page\/de\/wp-json\/wp\/v2\/pages\/12055\/revisions\/25790"}],"wp:featuredmedia":[{"embeddable":true,"href":"https:\/\/www.nifty-shtern.217-160-68-194.plesk.page\/de\/wp-json\/wp\/v2\/media\/24982"}],"wp:attachment":[{"href":"https:\/\/www.nifty-shtern.217-160-68-194.plesk.page\/de\/wp-json\/wp\/v2\/media?parent=12055"}],"curies":[{"name":"wp","href":"https:\/\/api.w.org\/{rel}","templated":true}]}}