{"id":12057,"date":"2022-04-05T09:43:32","date_gmt":"2022-04-05T07:43:32","guid":{"rendered":"https:\/\/www.advens.test\/mentions-legales\/"},"modified":"2025-07-04T18:10:41","modified_gmt":"2025-07-04T16:10:41","slug":"rechtliche-hinweise","status":"publish","type":"page","link":"https:\/\/www.nifty-shtern.217-160-68-194.plesk.page\/de\/rechtliche-hinweise\/","title":{"rendered":"Rechtliche Hinweise"},"content":{"rendered":"\n<h2 class=\"wp-block-heading\">Satzung<\/h2>\n\n\n\n<p><strong>Advens<\/strong><br>Vereinfachte Aktiengesellschaft<br>Kapital von 440.250 \u20ac<br>32, rue Faidherbe<br>59800 LILLE<br>Eingetragen im Handels- und Gesellschaftsregister von Lille M\u00e9tropole<\/p>\n\n\n\n<p><\/p>\n\n\n\n<h2 class=\"wp-block-heading\"><strong>Herausgeber dieser Website<\/strong><\/h2>\n\n\n\n<p><strong>Advens<\/strong><br>Lille<br>+33(0)1 84 16 30 25<br>contact@advens.fr <\/p>\n\n\n\n<p><\/p>\n\n\n\n<h2 class=\"wp-block-heading\">Hosting<\/h2>\n\n\n\n<p><strong>Advens<\/strong><br>32, rue Faidherbe<br>59800 LILLE<\/p>\n\n\n\n<p><\/p>\n\n\n\n<h2 class=\"wp-block-heading\">Umsetzung<\/h2>\n\n\n\n<p><strong>Datagif<\/strong><br>Gesellschaft mit beschr\u00e4nkter Haftung<br>Kapital von 351.000 \u20ac<br>35 rue Chanzy<br>75011 PARIS<br>Eingetragen im Handels- und Gesellschaftsregister von Cr\u00e9teil<br>UND<\/p>\n\n\n\n<p><strong>FCINQ<\/strong><br>Vereinfachte Aktiengesellschaft<br>Kapital von 37.000 \u20ac<br>5 rue Choron<br>75009 Paris<br>Eingetragen im Handels- und Gesellschaftsregister von Paris<br>UND<\/p>\n\n\n\n<p><strong>Advens<\/strong><br>Vereinfachte Aktiengesellschaft<br>Kapital von 440.250 \u20ac<br>32, rue Faidherbe<br>59800 LILLE<br>Eingetragen im Handels- und Gesellschaftsregister von Lille M\u00e9tropole<\/p>\n\n\n\n<p><\/p>\n\n\n\n<h2 class=\"wp-block-heading\">Verantwortlich f\u00fcr die Ver\u00f6ffentlichung<\/h2>\n\n\n\n<p>Alexandre Fayeulle<\/p>\n\n\n\n<p><\/p>\n\n\n\n<h2 class=\"wp-block-heading\">Kontaktaufnahme<\/h2>\n\n\n\n<p>contact@advens.fr <\/p>\n\n\n\n<p><\/p>\n\n\n\n<h2 class=\"wp-block-heading\">Zugriff auf die Website<\/h2>\n\n\n\n<p>www.advens.fr<br><\/p>\n\n\n\n<p>Der Zugang zur Website ist kostenlos, abgesehen von eventuellen Kosten f\u00fcr die Internetverbindung.<br>Der Nutzer erkennt an, dass er dar\u00fcber informiert wurde, dass diese Website 24 Stunden am Tag und 7 Tage in der Woche zug\u00e4nglich ist, mit Ausnahme von F\u00e4llen h\u00f6herer Gewalt, EDV-Schwierigkeiten, Schwierigkeiten aufgrund der Struktur der Kommunikationsnetze oder technischen Schwierigkeiten.<br>Der Nutzer der Website www.advens.fr best\u00e4tigt, dass er \u00fcber die notwendigen Kompetenzen und Mittel verf\u00fcgt, um auf diese Website zuzugreifen und sie zu nutzen. Die Nutzer der Website sind verpflichtet, die Bestimmungen des Datenschutzgesetzes einzuhalten, deren Verletzung strafrechtlich geahndet wird. Insbesondere m\u00fcssen sie, wenn es sich um personenbezogene Informationen handelt, zu denen sie Zugang haben, jede Erfassung, jede zweckwidrige Verwendung und ganz allgemein jede Handlung unterlassen, die das Privatleben oder den Ruf von Personen beeintr\u00e4chtigen k\u00f6nnte.<\/p>\n\n\n\n<p><\/p>\n\n\n\n<h2 class=\"wp-block-heading\">Inhalt der Website<\/h2>\n\n\n\n<p>Advens stellt den Nutzern der Website www.advens.fr verf\u00fcgbare und gepr\u00fcfte Informationen und Tools zu seinen Produkten zur Verf\u00fcgung, \u00fcbernimmt jedoch keine Haftung f\u00fcr Fehler oder die Nichtverf\u00fcgbarkeit bestimmter Informationen. Wir bitten die Nutzer der Website, uns \u00fcber etwaige Auslassungen, Fehler oder Korrekturen zu informieren, indem sie eine E-Mail an den Webmaster der Website unter contact@advens.fr senden.<\/p>\n\n\n\n<p><\/p>\n\n\n\n<h2 class=\"wp-block-heading\">Eigentum<\/h2>\n\n\n\n<p>Die Advens-Website und alle darin enthaltenen Elemente (Software, Texte, bewegte oder unbewegte Bilder, T\u00f6ne, Datenbanken, Videos, Zeichnungen, Grafiken, Fotografien) sind Eigentum von Advens und durch geistige Eigentumsrechte oder die Bestimmungen \u00fcber das Recht am eigenen Bild gesch\u00fctzt.<br>Jede vollst\u00e4ndige oder teilweise Reproduktion dieser Website sowie der darin enthaltenen Marken und Logos ist ohne ausdr\u00fcckliche Genehmigung von Advens verboten und stellt eine F\u00e4lschung dar, die gem\u00e4\u00df Artikel L335-2 ff. des franz\u00f6sischen Gesetzes \u00fcber das geistige Eigentum geahndet wird. Advens \u00fcbernimmt keine Haftung f\u00fcr Hypertext-Links, die von dieser Website zu anderen Ressourcen im Internet f\u00fchren. Die Benutzer und Besucher der Website d\u00fcrfen nur mit ausdr\u00fccklicher vorheriger Genehmigung von Advens Hyperlinks zu dieser Website einrichten.<\/p>\n\n\n\n<p><\/p>\n\n\n\n<h2 class=\"wp-block-heading\">Verpflichtungen<\/h2>\n\n\n\n<p>Der Nutzer der Website verpflichtet sich, die Website bestimmungsgem\u00e4\u00df zu nutzen. In keinem Fall kann Advens f\u00fcr irgendwelche direkten oder indirekten, materiellen oder immateriellen Sch\u00e4den oder Sondersch\u00e4den haftbar gemacht werden, die sich insbesondere aus dem Besuch und\/oder der Nutzung dieser Website oder anderer mit ihr verbundener Websites oder aus der Nutzung von Text-, Ton- oder Bildinformationen ergeben, die m\u00f6glicherweise darauf enthalten sind, und insbesondere nicht f\u00fcr finanzielle oder gesch\u00e4ftliche Sch\u00e4den, den Verlust von Programmen oder Daten in Ihrem Informationssystem oder sonstige Sch\u00e4den.<\/p>\n\n\n\n<p><\/p>\n\n\n\n<h2 class=\"wp-block-heading\">Personenbezogene Daten<\/h2>\n\n\n\n<figure class=\"wp-block-embed is-type-wp-embed is-provider-advens wp-block-embed-advens\"><div class=\"wp-block-embed__wrapper\">\n<div class=\"video-container\"><blockquote class=\"wp-embedded-content\" data-secret=\"EyPBaDMBKn\"><a href=\"https:\/\/www.nifty-shtern.217-160-68-194.plesk.page\/de\/privacy-policy\/\">Datenschutzerkl\u00e4rung<\/a><\/blockquote><iframe loading=\"lazy\" class=\"wp-embedded-content\" sandbox=\"allow-scripts\" security=\"restricted\" style=\"position: absolute; visibility: hidden;\" title=\"&#8222;Datenschutzerkl\u00e4rung&#8220; &#8212; Advens\" src=\"https:\/\/www.nifty-shtern.217-160-68-194.plesk.page\/de\/privacy-policy\/embed\/#?secret=YosnGhd05h#?secret=EyPBaDMBKn\" data-secret=\"EyPBaDMBKn\" width=\"500\" height=\"282\" frameborder=\"0\" marginwidth=\"0\" marginheight=\"0\" scrolling=\"no\"><\/iframe><\/div>\n<\/div><\/figure>\n\n\n\n<p><\/p>\n\n\n\n<h2 class=\"wp-block-heading\">Cookies<\/h2>\n\n\n\n<figure class=\"wp-block-embed is-type-wp-embed is-provider-advens wp-block-embed-advens\"><div class=\"wp-block-embed__wrapper\">\n<div class=\"video-container\"><blockquote class=\"wp-embedded-content\" data-secret=\"Wz0vkBiOyG\"><a href=\"https:\/\/www.nifty-shtern.217-160-68-194.plesk.page\/de\/politique-de-gestion-des-cookies\/\">Cookies policy<\/a><\/blockquote><iframe loading=\"lazy\" class=\"wp-embedded-content\" sandbox=\"allow-scripts\" security=\"restricted\" style=\"position: absolute; visibility: hidden;\" title=\"&#8222;Cookies policy&#8220; &#8212; Advens\" src=\"https:\/\/www.nifty-shtern.217-160-68-194.plesk.page\/de\/politique-de-gestion-des-cookies\/embed\/#?secret=L2xBCi51dq#?secret=Wz0vkBiOyG\" data-secret=\"Wz0vkBiOyG\" width=\"500\" height=\"282\" frameborder=\"0\" marginwidth=\"0\" marginheight=\"0\" scrolling=\"no\"><\/iframe><\/div>\n<\/div><\/figure>\n\n\n\n<p><\/p>\n\n\n\n<h2 class=\"wp-block-heading\">Geltendes Recht<\/h2>\n\n\n\n<p>Unter Ausschluss aller anderen Rechtsordnungen unterliegt die Nutzung dieser Website franz\u00f6sischem Recht.<\/p>\n\n\n\n<p><\/p>\n","protected":false},"excerpt":{"rendered":"<p>Satzung AdvensVereinfachte AktiengesellschaftKapital von 440.250 \u20ac32, rue Faidherbe59800 LILLEEingetragen im Handels- und Gesellschaftsregister von Lille M\u00e9tropole Herausgeber dieser Website AdvensLille+33(0)1 84 16 30 25contact@advens.fr Hosting Advens32, rue Faidherbe59800 LILLE Umsetzung DatagifGesellschaft mit beschr\u00e4nkter HaftungKapital von 351.000 \u20ac35 rue Chanzy75011 PARISEingetragen im Handels- und Gesellschaftsregister von Cr\u00e9teilUND FCINQVereinfachte AktiengesellschaftKapital von 37.000 \u20ac5 rue Choron75009 ParisEingetragen im [&hellip;]<\/p>\n","protected":false},"author":3,"featured_media":0,"parent":0,"menu_order":21,"comment_status":"closed","ping_status":"closed","template":"tmpl-pagette.php","meta":{"_acf_changed":false,"content-type":"","footnotes":""},"class_list":["post-12057","page","type-page","status-publish","hentry"],"acf":[],"yoast_head":"<!-- This site is optimized with the Yoast SEO plugin v24.8.1 - https:\/\/yoast.com\/wordpress\/plugins\/seo\/ -->\n<title>Rechtliche Hinweise - Advens<\/title>\n<meta name=\"description\" content=\"Satzung AdvensVereinfachte AktiengesellschaftKapital von 440.250&nbsp;\u20ac32, rue Faidherbe59800 LILLEEingetragen im Handels- und Gesellschaftsregister von\" \/>\n<meta name=\"robots\" content=\"index, follow, max-snippet:-1, max-image-preview:large, max-video-preview:-1\" \/>\n<link rel=\"canonical\" href=\"https:\/\/www.advens.test\/mentions-legales\/\" \/>\n<meta property=\"og:locale\" content=\"de_DE\" \/>\n<meta property=\"og:type\" content=\"article\" \/>\n<meta property=\"og:title\" content=\"Rechtliche Hinweise - Advens\" \/>\n<meta property=\"og:description\" content=\"Satzung AdvensVereinfachte AktiengesellschaftKapital von 440.250&nbsp;\u20ac32, rue Faidherbe59800 LILLEEingetragen im Handels- und Gesellschaftsregister von\" \/>\n<meta property=\"og:url\" content=\"https:\/\/www.advens.test\/mentions-legales\/\" \/>\n<meta property=\"og:site_name\" content=\"Advens\" \/>\n<meta property=\"article:modified_time\" content=\"2025-07-04T16:10:41+00:00\" \/>\n<meta name=\"twitter:card\" content=\"summary_large_image\" \/>\n<script type=\"application\/ld+json\" class=\"yoast-schema-graph\">{\"@context\":\"https:\/\/schema.org\",\"@graph\":[{\"@type\":\"WebPage\",\"@id\":\"https:\/\/www.advens.test\/mentions-legales\/\",\"url\":\"https:\/\/www.advens.test\/mentions-legales\/\",\"name\":\"Rechtliche Hinweise - Advens\",\"isPartOf\":{\"@id\":\"https:\/\/www.advens.test\/#website\"},\"datePublished\":\"2022-04-05T07:43:32+00:00\",\"dateModified\":\"2025-07-04T16:10:41+00:00\",\"description\":\"Satzung AdvensVereinfachte AktiengesellschaftKapital von 440.250&nbsp;\u20ac32, rue Faidherbe59800 LILLEEingetragen im Handels- und Gesellschaftsregister von\",\"breadcrumb\":{\"@id\":\"https:\/\/www.advens.test\/mentions-legales\/#breadcrumb\"},\"inLanguage\":\"de\",\"potentialAction\":[{\"@type\":\"ReadAction\",\"target\":[\"https:\/\/www.advens.test\/mentions-legales\/\"]}]},{\"@type\":\"BreadcrumbList\",\"@id\":\"https:\/\/www.advens.test\/mentions-legales\/#breadcrumb\",\"itemListElement\":[{\"@type\":\"ListItem\",\"position\":1,\"name\":\"Home\",\"item\":\"https:\/\/www.advens.test\/de\/\"},{\"@type\":\"ListItem\",\"position\":2,\"name\":\"Rechtliche Hinweise\"}]},{\"@type\":\"WebSite\",\"@id\":\"https:\/\/www.advens.test\/#website\",\"url\":\"https:\/\/www.advens.test\/\",\"name\":\"Advens\",\"description\":\"For Cyber, People &amp; Planet\",\"publisher\":{\"@id\":\"https:\/\/www.advens.test\/#organization\"},\"potentialAction\":[{\"@type\":\"SearchAction\",\"target\":{\"@type\":\"EntryPoint\",\"urlTemplate\":\"https:\/\/www.advens.test\/?s={search_term_string}\"},\"query-input\":{\"@type\":\"PropertyValueSpecification\",\"valueRequired\":true,\"valueName\":\"search_term_string\"}}],\"inLanguage\":\"de\"},{\"@type\":\"Organization\",\"@id\":\"https:\/\/www.advens.test\/#organization\",\"name\":\"Advens\",\"url\":\"https:\/\/www.advens.test\/\",\"logo\":{\"@type\":\"ImageObject\",\"inLanguage\":\"de\",\"@id\":\"https:\/\/www.advens.test\/#\/schema\/logo\/image\/\",\"url\":\"https:\/\/www.nifty-shtern.217-160-68-194.plesk.page\/app\/uploads\/2025\/07\/Logotype-aDvens-Cybersecurity.png\",\"contentUrl\":\"https:\/\/www.nifty-shtern.217-160-68-194.plesk.page\/app\/uploads\/2025\/07\/Logotype-aDvens-Cybersecurity.png\",\"width\":1501,\"height\":1501,\"caption\":\"Advens\"},\"image\":{\"@id\":\"https:\/\/www.advens.test\/#\/schema\/logo\/image\/\"},\"sameAs\":[\"https:\/\/www.linkedin.com\/company\/advens\/\"]}]}<\/script>\n<!-- \/ Yoast SEO plugin. -->","yoast_head_json":{"title":"Rechtliche Hinweise - Advens","description":"Satzung AdvensVereinfachte AktiengesellschaftKapital von 440.250&nbsp;\u20ac32, rue Faidherbe59800 LILLEEingetragen im Handels- und Gesellschaftsregister von","robots":{"index":"index","follow":"follow","max-snippet":"max-snippet:-1","max-image-preview":"max-image-preview:large","max-video-preview":"max-video-preview:-1"},"canonical":"https:\/\/www.advens.test\/mentions-legales\/","og_locale":"de_DE","og_type":"article","og_title":"Rechtliche Hinweise - Advens","og_description":"Satzung AdvensVereinfachte AktiengesellschaftKapital von 440.250&nbsp;\u20ac32, rue Faidherbe59800 LILLEEingetragen im Handels- und Gesellschaftsregister von","og_url":"https:\/\/www.advens.test\/mentions-legales\/","og_site_name":"Advens","article_modified_time":"2025-07-04T16:10:41+00:00","twitter_card":"summary_large_image","schema":{"@context":"https:\/\/schema.org","@graph":[{"@type":"WebPage","@id":"https:\/\/www.advens.test\/mentions-legales\/","url":"https:\/\/www.advens.test\/mentions-legales\/","name":"Rechtliche Hinweise - Advens","isPartOf":{"@id":"https:\/\/www.advens.test\/#website"},"datePublished":"2022-04-05T07:43:32+00:00","dateModified":"2025-07-04T16:10:41+00:00","description":"Satzung AdvensVereinfachte AktiengesellschaftKapital von 440.250&nbsp;\u20ac32, rue Faidherbe59800 LILLEEingetragen im Handels- und Gesellschaftsregister von","breadcrumb":{"@id":"https:\/\/www.advens.test\/mentions-legales\/#breadcrumb"},"inLanguage":"de","potentialAction":[{"@type":"ReadAction","target":["https:\/\/www.advens.test\/mentions-legales\/"]}]},{"@type":"BreadcrumbList","@id":"https:\/\/www.advens.test\/mentions-legales\/#breadcrumb","itemListElement":[{"@type":"ListItem","position":1,"name":"Home","item":"https:\/\/www.advens.test\/de\/"},{"@type":"ListItem","position":2,"name":"Rechtliche Hinweise"}]},{"@type":"WebSite","@id":"https:\/\/www.advens.test\/#website","url":"https:\/\/www.advens.test\/","name":"Advens","description":"For Cyber, People &amp; Planet","publisher":{"@id":"https:\/\/www.advens.test\/#organization"},"potentialAction":[{"@type":"SearchAction","target":{"@type":"EntryPoint","urlTemplate":"https:\/\/www.advens.test\/?s={search_term_string}"},"query-input":{"@type":"PropertyValueSpecification","valueRequired":true,"valueName":"search_term_string"}}],"inLanguage":"de"},{"@type":"Organization","@id":"https:\/\/www.advens.test\/#organization","name":"Advens","url":"https:\/\/www.advens.test\/","logo":{"@type":"ImageObject","inLanguage":"de","@id":"https:\/\/www.advens.test\/#\/schema\/logo\/image\/","url":"https:\/\/www.nifty-shtern.217-160-68-194.plesk.page\/app\/uploads\/2025\/07\/Logotype-aDvens-Cybersecurity.png","contentUrl":"https:\/\/www.nifty-shtern.217-160-68-194.plesk.page\/app\/uploads\/2025\/07\/Logotype-aDvens-Cybersecurity.png","width":1501,"height":1501,"caption":"Advens"},"image":{"@id":"https:\/\/www.advens.test\/#\/schema\/logo\/image\/"},"sameAs":["https:\/\/www.linkedin.com\/company\/advens\/"]}]}},"_links":{"self":[{"href":"https:\/\/www.nifty-shtern.217-160-68-194.plesk.page\/de\/wp-json\/wp\/v2\/pages\/12057","targetHints":{"allow":["GET"]}}],"collection":[{"href":"https:\/\/www.nifty-shtern.217-160-68-194.plesk.page\/de\/wp-json\/wp\/v2\/pages"}],"about":[{"href":"https:\/\/www.nifty-shtern.217-160-68-194.plesk.page\/de\/wp-json\/wp\/v2\/types\/page"}],"author":[{"embeddable":true,"href":"https:\/\/www.nifty-shtern.217-160-68-194.plesk.page\/de\/wp-json\/wp\/v2\/users\/3"}],"replies":[{"embeddable":true,"href":"https:\/\/www.nifty-shtern.217-160-68-194.plesk.page\/de\/wp-json\/wp\/v2\/comments?post=12057"}],"version-history":[{"count":4,"href":"https:\/\/www.nifty-shtern.217-160-68-194.plesk.page\/de\/wp-json\/wp\/v2\/pages\/12057\/revisions"}],"predecessor-version":[{"id":25312,"href":"https:\/\/www.nifty-shtern.217-160-68-194.plesk.page\/de\/wp-json\/wp\/v2\/pages\/12057\/revisions\/25312"}],"wp:attachment":[{"href":"https:\/\/www.nifty-shtern.217-160-68-194.plesk.page\/de\/wp-json\/wp\/v2\/media?parent=12057"}],"curies":[{"name":"wp","href":"https:\/\/api.w.org\/{rel}","templated":true}]}}