{"id":12908,"date":"2022-04-04T12:56:50","date_gmt":"2022-04-04T10:56:50","guid":{"rendered":"https:\/\/www.advens.test\/nous-contacter\/"},"modified":"2025-06-23T16:11:29","modified_gmt":"2025-06-23T14:11:29","slug":"kontakt","status":"publish","type":"page","link":"https:\/\/www.nifty-shtern.217-160-68-194.plesk.page\/de\/kontakt\/","title":{"rendered":"Kontakt"},"content":{"rendered":"\n\t\t\t\t\t\t<script>\n\t\t\t\t\t\t\twindow.hsFormsOnReady = window.hsFormsOnReady || [];\n\t\t\t\t\t\t\twindow.hsFormsOnReady.push(()=>{\n\t\t\t\t\t\t\t\thbspt.forms.create({\n\t\t\t\t\t\t\t\t\tportalId: 9016142,\n\t\t\t\t\t\t\t\t\tformId: \"2f41f836-c09c-4a78-b97a-0c0920e49da1\",\n\t\t\t\t\t\t\t\t\ttarget: \"#hbspt-form-1776377337000-9595773641\",\n\t\t\t\t\t\t\t\t\tregion: \"eu1\",\n\t\t\t\t\t\t\t\t\t\n\t\t\t\t\t\t\t})});\n\t\t\t\t\t\t<\/script>\n\t\t\t\t\t\t<div class=\"hbspt-form\" id=\"hbspt-form-1776377337000-9595773641\"><\/div>\n\n\n\n<hr class=\"wp-block-separator has-css-opacity\"\/>\n\n\n\n\n<div id=\"block-colonnes-445220316\" class=\"acf-block-colonnes colonnes alignwide\">\n  <div class=\"container\">\n    <div class=\"row mb-4\">\n      <div class=\"col-12\">\n        <h3>Unsere Standorte<\/h3>\n                      <\/div>\n    <\/div>\n\n                  \n    <div class=\"row row-colonnes row-cols-1 row-cols-md-2 row-cols-xl-4 gy-4 mb-4 mb-xl-5\">\n              <div class=\"col -img\">\n          <div class=\"card h-100 bg-grey-white border-0\">\n            <div class=\"card-body\">\n                                                                  <div class=\"round-img mb-3\">\n                        <img decoding=\"async\" class=\"img-fluid\" src=\"https:\/\/www.nifty-shtern.217-160-68-194.plesk.page\/app\/uploads\/2024\/03\/munchen-150x150.jpg\" alt=\"munchen\" loading=\"lazy\"\/>\n                    <\/div>\n                                              <h4>M\u00fcnchen<\/h4>\n              <p>Weihenstephaner Str. 12<br \/>\n81673 M\u00fcnchen<\/p>\n\n                          <\/div>\n          <\/div>\n        <\/div>\n              <div class=\"col -img\">\n          <div class=\"card h-100 bg-grey-white border-0\">\n            <div class=\"card-body\">\n                                                                  <div class=\"round-img mb-3\">\n                        <img decoding=\"async\" class=\"img-fluid\" src=\"https:\/\/www.nifty-shtern.217-160-68-194.plesk.page\/app\/uploads\/2022\/05\/paris-150x150.jpeg\" alt=\"pARIS\" loading=\"lazy\"\/>\n                    <\/div>\n                                              <h4>Paris<\/h4>\n              <p>16, Quai de la M\u00e9gisserie<br \/>\n75001 Paris<br \/>\nT\u00e9l : + 33 1 84 16 30 25<\/p>\n\n                          <\/div>\n          <\/div>\n        <\/div>\n              <div class=\"col -img\">\n          <div class=\"card h-100 bg-grey-white border-0\">\n            <div class=\"card-body\">\n                                                                  <div class=\"round-img mb-3\">\n                        <img decoding=\"async\" class=\"img-fluid\" src=\"https:\/\/www.nifty-shtern.217-160-68-194.plesk.page\/app\/uploads\/2022\/05\/bordeaux-150x150.jpeg\" alt=\"Bordeaux\" loading=\"lazy\"\/>\n                    <\/div>\n                                              <h4>Bordeaux<\/h4>\n              <p>44, All\u00e9es de Tourny<br \/>\n33000 Bordeaux<br \/>\nT\u00e9l : +33 5 35 54 82 84<\/p>\n\n                          <\/div>\n          <\/div>\n        <\/div>\n              <div class=\"col -img\">\n          <div class=\"card h-100 bg-grey-white border-0\">\n            <div class=\"card-body\">\n                                                                  <div class=\"round-img mb-3\">\n                        <img decoding=\"async\" class=\"img-fluid\" src=\"https:\/\/www.nifty-shtern.217-160-68-194.plesk.page\/app\/uploads\/2022\/05\/lille-150x150.jpeg\" alt=\"Lille\" loading=\"lazy\"\/>\n                    <\/div>\n                                              <h4>Lille<\/h4>\n              <p>32 Rue Faidherbe<br \/>\n59800 Lille<br \/>\nT\u00e9l : +33 3 20 68 41 81<\/p>\n\n                          <\/div>\n          <\/div>\n        <\/div>\n              <div class=\"col -img\">\n          <div class=\"card h-100 bg-grey-white border-0\">\n            <div class=\"card-body\">\n                                                                  <div class=\"round-img mb-3\">\n                        <img decoding=\"async\" class=\"img-fluid\" src=\"https:\/\/www.nifty-shtern.217-160-68-194.plesk.page\/app\/uploads\/2022\/05\/lyon-150x150.jpeg\" alt=\"Lyon\" loading=\"lazy\"\/>\n                    <\/div>\n                                              <h4>Lyon<\/h4>\n              <p>45, Quai Rambaud<br \/>\n69002 Lyon<br \/>\nT\u00e9l : +33 4 28 29 08 29<\/p>\n\n                          <\/div>\n          <\/div>\n        <\/div>\n              <div class=\"col -img\">\n          <div class=\"card h-100 bg-grey-white border-0\">\n            <div class=\"card-body\">\n                                                                  <div class=\"round-img mb-3\">\n                        <img decoding=\"async\" class=\"img-fluid\" src=\"https:\/\/www.nifty-shtern.217-160-68-194.plesk.page\/app\/uploads\/2022\/05\/nantes-150x150.jpeg\" alt=\"NANTES\" loading=\"lazy\"\/>\n                    <\/div>\n                                              <h4>Nantes<\/h4>\n              <p>3, All\u00e9e Susan Brownell Anthony<br \/>\n44000 Nantes<br \/>\nT\u00e9l : +33 2 85 52 81 71<\/p>\n\n                          <\/div>\n          <\/div>\n        <\/div>\n              <div class=\"col -img\">\n          <div class=\"card h-100 bg-grey-white border-0\">\n            <div class=\"card-body\">\n                                                                  <div class=\"round-img mb-3\">\n                        <img decoding=\"async\" class=\"img-fluid\" src=\"https:\/\/www.nifty-shtern.217-160-68-194.plesk.page\/app\/uploads\/2022\/05\/rennes-150x150.jpeg\" alt=\"Rennes\" loading=\"lazy\"\/>\n                    <\/div>\n                                              <h4>Rennes<\/h4>\n              <p>5, Rue Chatillon<br \/>\n35000 Rennes<br \/>\nT\u00e9l : +33 2 85 52 81 71<\/p>\n\n                          <\/div>\n          <\/div>\n        <\/div>\n              <div class=\"col -img\">\n          <div class=\"card h-100 bg-grey-white border-0\">\n            <div class=\"card-body\">\n                                                                  <div class=\"round-img mb-3\">\n                        <img decoding=\"async\" class=\"img-fluid\" src=\"https:\/\/www.nifty-shtern.217-160-68-194.plesk.page\/app\/uploads\/2022\/05\/toulouse-150x150.jpeg\" alt=\"Toulouse\" loading=\"lazy\"\/>\n                    <\/div>\n                                              <h4>Toulouse<\/h4>\n              <p>6 all\u00e9e Fran\u00e7ois Verdier &#8211; 31000 Toulouse<br \/>\nT\u00e9l : +33 5 35 54 82 84<\/p>\n\n                          <\/div>\n          <\/div>\n        <\/div>\n              <div class=\"col -img\">\n          <div class=\"card h-100 bg-grey-white border-0\">\n            <div class=\"card-body\">\n                                                                  <div class=\"round-img mb-3\">\n                        <img decoding=\"async\" class=\"img-fluid\" src=\"https:\/\/www.nifty-shtern.217-160-68-194.plesk.page\/app\/uploads\/2023\/05\/pexels-photo-11690121-150x150.jpeg\" alt=\"pexels-photo-11690121\" loading=\"lazy\"\/>\n                    <\/div>\n                                              <h4>Marseille<\/h4>\n              <p>Newton Offices Joliette<br \/>\n113 rue de la R\u00e9publique<br \/>\n13002 Marseille<\/p>\n<p> <\/p>\n\n                          <\/div>\n          <\/div>\n        <\/div>\n              <div class=\"col -img\">\n          <div class=\"card h-100 bg-grey-white border-0\">\n            <div class=\"card-body\">\n                                                                  <div class=\"round-img mb-3\">\n                        <img decoding=\"async\" class=\"img-fluid\" src=\"https:\/\/www.nifty-shtern.217-160-68-194.plesk.page\/app\/uploads\/2022\/05\/montreal-150x150.jpg\" alt=\"montreal\" loading=\"lazy\"\/>\n                    <\/div>\n                                              <h4>Montr\u00e9al<\/h4>\n              <p>380, Rue Saint Antoine Ouest \u2013 Suite 7100<br \/>\nMontr\u00e9al<\/p>\n\n                          <\/div>\n          <\/div>\n        <\/div>\n              <div class=\"col -img\">\n          <div class=\"card h-100 bg-grey-white border-0\">\n            <div class=\"card-body\">\n                                                                  <div class=\"round-img mb-3\">\n                        <img decoding=\"async\" class=\"img-fluid\" src=\"https:\/\/www.nifty-shtern.217-160-68-194.plesk.page\/app\/uploads\/2023\/02\/madrid-150x150.jpg\" alt=\"Madrid\" loading=\"lazy\"\/>\n                    <\/div>\n                                              <h4>Madrid<\/h4>\n              <p>Paseo de la Castellana, 163, Planta 1<br \/>\n28046 Madrid<\/p>\n\n                          <\/div>\n          <\/div>\n        <\/div>\n              <div class=\"col -img\">\n          <div class=\"card h-100 bg-grey-white border-0\">\n            <div class=\"card-body\">\n                                                                  <div class=\"round-img mb-3\">\n                        <img decoding=\"async\" class=\"img-fluid\" src=\"https:\/\/www.nifty-shtern.217-160-68-194.plesk.page\/app\/uploads\/2023\/02\/barcelona-150x150.jpg\" alt=\"barcelona\" loading=\"lazy\"\/>\n                    <\/div>\n                                              <h4>Barcelona<\/h4>\n              <p>Avingunda del Portal de l&#8217;Angel, 40<br \/>\n08002 Barcelona<\/p>\n\n                          <\/div>\n          <\/div>\n        <\/div>\n              <div class=\"col -img\">\n          <div class=\"card h-100 bg-grey-white border-0\">\n            <div class=\"card-body\">\n                                                                  <div class=\"round-img mb-3\">\n                        <img decoding=\"async\" class=\"img-fluid\" src=\"https:\/\/www.nifty-shtern.217-160-68-194.plesk.page\/app\/uploads\/2023\/11\/design-sans-titre-9-150x150.png\" alt=\"Design sans titre (9)\" loading=\"lazy\"\/>\n                    <\/div>\n                                              <h4>Milan<\/h4>\n              <p>Viale Cassala, 57<\/p>\n<p>20143, Milano<\/p>\n\n                          <\/div>\n          <\/div>\n        <\/div>\n          <\/div>\n  <\/div>\n<\/div>\n","protected":false},"excerpt":{"rendered":"<p>Haben Sie eine Frage oder m\u00f6chten Sie mehr \u00fcber uns erfahren?<br \/>\nDann schreiben Sie uns gerne. Wir freuen uns auf Ihre Nachricht und melden uns so bald wie m\u00f6glich zur\u00fcck.<\/p>\n","protected":false},"author":3,"featured_media":1869,"parent":0,"menu_order":17,"comment_status":"closed","ping_status":"closed","template":"tmpl-formulaire.php","meta":{"_acf_changed":false,"content-type":"","footnotes":""},"class_list":["post-12908","page","type-page","status-publish","has-post-thumbnail","hentry"],"acf":[],"yoast_head":"<!-- This site is optimized with the Yoast SEO plugin v24.8.1 - https:\/\/yoast.com\/wordpress\/plugins\/seo\/ -->\n<title>Kontakt - Advens<\/title>\n<meta name=\"description\" content=\"Haben Sie eine Frage oder m\u00f6chten Sie mehr \u00fcber uns erfahren? Dann schreiben Sie uns gerne. Wir freuen uns auf Ihre Nachricht und melden uns so bald wie m\u00f6glich zur\u00fcck.\" \/>\n<meta name=\"robots\" content=\"index, follow, max-snippet:-1, max-image-preview:large, max-video-preview:-1\" \/>\n<link rel=\"canonical\" href=\"https:\/\/www.advens.test\/nous-contacter\/\" \/>\n<meta property=\"og:locale\" content=\"de_DE\" \/>\n<meta property=\"og:type\" content=\"article\" \/>\n<meta property=\"og:title\" content=\"Kontakt - Advens\" \/>\n<meta property=\"og:description\" content=\"Haben Sie eine Frage oder m\u00f6chten Sie mehr \u00fcber uns erfahren? Dann schreiben Sie uns gerne. Wir freuen uns auf Ihre Nachricht und melden uns so bald wie m\u00f6glich zur\u00fcck.\" \/>\n<meta property=\"og:url\" content=\"https:\/\/www.advens.test\/nous-contacter\/\" \/>\n<meta property=\"og:site_name\" content=\"Advens\" \/>\n<meta property=\"article:modified_time\" content=\"2025-06-23T14:11:29+00:00\" \/>\n<meta property=\"og:image\" content=\"https:\/\/www.advens.test\/app\/uploads\/2022\/05\/advens-reportage-lyon-dsc2989.jpg\" \/>\n\t<meta property=\"og:image:width\" content=\"1920\" \/>\n\t<meta property=\"og:image:height\" content=\"1278\" \/>\n\t<meta property=\"og:image:type\" content=\"image\/jpeg\" \/>\n<meta name=\"twitter:card\" content=\"summary_large_image\" \/>\n<script type=\"application\/ld+json\" class=\"yoast-schema-graph\">{\"@context\":\"https:\/\/schema.org\",\"@graph\":[{\"@type\":\"WebPage\",\"@id\":\"https:\/\/www.advens.test\/nous-contacter\/\",\"url\":\"https:\/\/www.advens.test\/nous-contacter\/\",\"name\":\"Kontakt - Advens\",\"isPartOf\":{\"@id\":\"https:\/\/www.advens.test\/#website\"},\"primaryImageOfPage\":{\"@id\":\"https:\/\/www.advens.test\/nous-contacter\/#primaryimage\"},\"image\":{\"@id\":\"https:\/\/www.advens.test\/nous-contacter\/#primaryimage\"},\"thumbnailUrl\":\"https:\/\/www.nifty-shtern.217-160-68-194.plesk.page\/app\/uploads\/2022\/05\/advens-reportage-lyon-dsc2989.jpg\",\"datePublished\":\"2022-04-04T10:56:50+00:00\",\"dateModified\":\"2025-06-23T14:11:29+00:00\",\"description\":\"Haben Sie eine Frage oder m\u00f6chten Sie mehr \u00fcber uns erfahren? Dann schreiben Sie uns gerne. Wir freuen uns auf Ihre Nachricht und melden uns so bald wie m\u00f6glich zur\u00fcck.\",\"breadcrumb\":{\"@id\":\"https:\/\/www.advens.test\/nous-contacter\/#breadcrumb\"},\"inLanguage\":\"de\",\"potentialAction\":[{\"@type\":\"ReadAction\",\"target\":[\"https:\/\/www.advens.test\/nous-contacter\/\"]}]},{\"@type\":\"ImageObject\",\"inLanguage\":\"de\",\"@id\":\"https:\/\/www.advens.test\/nous-contacter\/#primaryimage\",\"url\":\"https:\/\/www.nifty-shtern.217-160-68-194.plesk.page\/app\/uploads\/2022\/05\/advens-reportage-lyon-dsc2989.jpg\",\"contentUrl\":\"https:\/\/www.nifty-shtern.217-160-68-194.plesk.page\/app\/uploads\/2022\/05\/advens-reportage-lyon-dsc2989.jpg\",\"width\":1920,\"height\":1278},{\"@type\":\"BreadcrumbList\",\"@id\":\"https:\/\/www.advens.test\/nous-contacter\/#breadcrumb\",\"itemListElement\":[{\"@type\":\"ListItem\",\"position\":1,\"name\":\"Home\",\"item\":\"https:\/\/www.advens.test\/de\/\"},{\"@type\":\"ListItem\",\"position\":2,\"name\":\"Kontakt\"}]},{\"@type\":\"WebSite\",\"@id\":\"https:\/\/www.advens.test\/#website\",\"url\":\"https:\/\/www.advens.test\/\",\"name\":\"Advens\",\"description\":\"For Cyber, People &amp; Planet\",\"publisher\":{\"@id\":\"https:\/\/www.advens.test\/#organization\"},\"potentialAction\":[{\"@type\":\"SearchAction\",\"target\":{\"@type\":\"EntryPoint\",\"urlTemplate\":\"https:\/\/www.advens.test\/?s={search_term_string}\"},\"query-input\":{\"@type\":\"PropertyValueSpecification\",\"valueRequired\":true,\"valueName\":\"search_term_string\"}}],\"inLanguage\":\"de\"},{\"@type\":\"Organization\",\"@id\":\"https:\/\/www.advens.test\/#organization\",\"name\":\"Advens\",\"url\":\"https:\/\/www.advens.test\/\",\"logo\":{\"@type\":\"ImageObject\",\"inLanguage\":\"de\",\"@id\":\"https:\/\/www.advens.test\/#\/schema\/logo\/image\/\",\"url\":\"https:\/\/www.nifty-shtern.217-160-68-194.plesk.page\/app\/uploads\/2025\/07\/Logotype-aDvens-Cybersecurity.png\",\"contentUrl\":\"https:\/\/www.nifty-shtern.217-160-68-194.plesk.page\/app\/uploads\/2025\/07\/Logotype-aDvens-Cybersecurity.png\",\"width\":1501,\"height\":1501,\"caption\":\"Advens\"},\"image\":{\"@id\":\"https:\/\/www.advens.test\/#\/schema\/logo\/image\/\"},\"sameAs\":[\"https:\/\/www.linkedin.com\/company\/advens\/\"]}]}<\/script>\n<!-- \/ Yoast SEO plugin. -->","yoast_head_json":{"title":"Kontakt - Advens","description":"Haben Sie eine Frage oder m\u00f6chten Sie mehr \u00fcber uns erfahren? Dann schreiben Sie uns gerne. Wir freuen uns auf Ihre Nachricht und melden uns so bald wie m\u00f6glich zur\u00fcck.","robots":{"index":"index","follow":"follow","max-snippet":"max-snippet:-1","max-image-preview":"max-image-preview:large","max-video-preview":"max-video-preview:-1"},"canonical":"https:\/\/www.advens.test\/nous-contacter\/","og_locale":"de_DE","og_type":"article","og_title":"Kontakt - Advens","og_description":"Haben Sie eine Frage oder m\u00f6chten Sie mehr \u00fcber uns erfahren? Dann schreiben Sie uns gerne. Wir freuen uns auf Ihre Nachricht und melden uns so bald wie m\u00f6glich zur\u00fcck.","og_url":"https:\/\/www.advens.test\/nous-contacter\/","og_site_name":"Advens","article_modified_time":"2025-06-23T14:11:29+00:00","og_image":[{"width":1920,"height":1278,"url":"https:\/\/www.advens.test\/app\/uploads\/2022\/05\/advens-reportage-lyon-dsc2989.jpg","type":"image\/jpeg"}],"twitter_card":"summary_large_image","schema":{"@context":"https:\/\/schema.org","@graph":[{"@type":"WebPage","@id":"https:\/\/www.advens.test\/nous-contacter\/","url":"https:\/\/www.advens.test\/nous-contacter\/","name":"Kontakt - Advens","isPartOf":{"@id":"https:\/\/www.advens.test\/#website"},"primaryImageOfPage":{"@id":"https:\/\/www.advens.test\/nous-contacter\/#primaryimage"},"image":{"@id":"https:\/\/www.advens.test\/nous-contacter\/#primaryimage"},"thumbnailUrl":"https:\/\/www.nifty-shtern.217-160-68-194.plesk.page\/app\/uploads\/2022\/05\/advens-reportage-lyon-dsc2989.jpg","datePublished":"2022-04-04T10:56:50+00:00","dateModified":"2025-06-23T14:11:29+00:00","description":"Haben Sie eine Frage oder m\u00f6chten Sie mehr \u00fcber uns erfahren? Dann schreiben Sie uns gerne. Wir freuen uns auf Ihre Nachricht und melden uns so bald wie m\u00f6glich zur\u00fcck.","breadcrumb":{"@id":"https:\/\/www.advens.test\/nous-contacter\/#breadcrumb"},"inLanguage":"de","potentialAction":[{"@type":"ReadAction","target":["https:\/\/www.advens.test\/nous-contacter\/"]}]},{"@type":"ImageObject","inLanguage":"de","@id":"https:\/\/www.advens.test\/nous-contacter\/#primaryimage","url":"https:\/\/www.nifty-shtern.217-160-68-194.plesk.page\/app\/uploads\/2022\/05\/advens-reportage-lyon-dsc2989.jpg","contentUrl":"https:\/\/www.nifty-shtern.217-160-68-194.plesk.page\/app\/uploads\/2022\/05\/advens-reportage-lyon-dsc2989.jpg","width":1920,"height":1278},{"@type":"BreadcrumbList","@id":"https:\/\/www.advens.test\/nous-contacter\/#breadcrumb","itemListElement":[{"@type":"ListItem","position":1,"name":"Home","item":"https:\/\/www.advens.test\/de\/"},{"@type":"ListItem","position":2,"name":"Kontakt"}]},{"@type":"WebSite","@id":"https:\/\/www.advens.test\/#website","url":"https:\/\/www.advens.test\/","name":"Advens","description":"For Cyber, People &amp; Planet","publisher":{"@id":"https:\/\/www.advens.test\/#organization"},"potentialAction":[{"@type":"SearchAction","target":{"@type":"EntryPoint","urlTemplate":"https:\/\/www.advens.test\/?s={search_term_string}"},"query-input":{"@type":"PropertyValueSpecification","valueRequired":true,"valueName":"search_term_string"}}],"inLanguage":"de"},{"@type":"Organization","@id":"https:\/\/www.advens.test\/#organization","name":"Advens","url":"https:\/\/www.advens.test\/","logo":{"@type":"ImageObject","inLanguage":"de","@id":"https:\/\/www.advens.test\/#\/schema\/logo\/image\/","url":"https:\/\/www.nifty-shtern.217-160-68-194.plesk.page\/app\/uploads\/2025\/07\/Logotype-aDvens-Cybersecurity.png","contentUrl":"https:\/\/www.nifty-shtern.217-160-68-194.plesk.page\/app\/uploads\/2025\/07\/Logotype-aDvens-Cybersecurity.png","width":1501,"height":1501,"caption":"Advens"},"image":{"@id":"https:\/\/www.advens.test\/#\/schema\/logo\/image\/"},"sameAs":["https:\/\/www.linkedin.com\/company\/advens\/"]}]}},"_links":{"self":[{"href":"https:\/\/www.nifty-shtern.217-160-68-194.plesk.page\/de\/wp-json\/wp\/v2\/pages\/12908","targetHints":{"allow":["GET"]}}],"collection":[{"href":"https:\/\/www.nifty-shtern.217-160-68-194.plesk.page\/de\/wp-json\/wp\/v2\/pages"}],"about":[{"href":"https:\/\/www.nifty-shtern.217-160-68-194.plesk.page\/de\/wp-json\/wp\/v2\/types\/page"}],"author":[{"embeddable":true,"href":"https:\/\/www.nifty-shtern.217-160-68-194.plesk.page\/de\/wp-json\/wp\/v2\/users\/3"}],"replies":[{"embeddable":true,"href":"https:\/\/www.nifty-shtern.217-160-68-194.plesk.page\/de\/wp-json\/wp\/v2\/comments?post=12908"}],"version-history":[{"count":9,"href":"https:\/\/www.nifty-shtern.217-160-68-194.plesk.page\/de\/wp-json\/wp\/v2\/pages\/12908\/revisions"}],"predecessor-version":[{"id":24719,"href":"https:\/\/www.nifty-shtern.217-160-68-194.plesk.page\/de\/wp-json\/wp\/v2\/pages\/12908\/revisions\/24719"}],"wp:featuredmedia":[{"embeddable":true,"href":"https:\/\/www.nifty-shtern.217-160-68-194.plesk.page\/de\/wp-json\/wp\/v2\/media\/1869"}],"wp:attachment":[{"href":"https:\/\/www.nifty-shtern.217-160-68-194.plesk.page\/de\/wp-json\/wp\/v2\/media?parent=12908"}],"curies":[{"name":"wp","href":"https:\/\/api.w.org\/{rel}","templated":true}]}}