{"id":3374,"date":"2022-04-04T12:56:50","date_gmt":"2022-04-04T10:56:50","guid":{"rendered":"https:\/\/www.advens.test\/nous-contacter\/"},"modified":"2024-10-25T10:57:39","modified_gmt":"2024-10-25T08:57:39","slug":"contact","status":"publish","type":"page","link":"https:\/\/www.nifty-shtern.217-160-68-194.plesk.page\/en\/contact\/","title":{"rendered":"Contact us"},"content":{"rendered":"\n\n  <div id=\"block-liens-1506134593\" class=\"acf-block-liens d-flex flex-column commun-liste -liste bg-grey-white p-3 p-xl-5 rounded text-grey-carbon aligncenter\">\n    <div class=\"text-uppercase small mb-3\">\n              Links\n          <\/div>\n    <div class=\"liste d-flex flex-column justify-content-start align-items-start gap-3\">\n              <div class=\"content\">\n          <div class=\"content__title strong\">For recruitment, internships and apprenticeships?<\/div>\n          <a class=\"content__link d-flex justify-content-start align-items-center gap-2\" href=\"https:\/\/careers.smartrecruiters.com\/ADVENS\/advens-english\" target=\"_blank\" rel=\"noopener\" aria-label=\"Our recruitment website\">\n            <svg class=\"svg-icon aspect-ratio-1-1\" width=\"20\" height=\"20\" xmlns=\"http:\/\/www.w3.org\/2000\/svg\" viewbox=\"0 0 40.256 40.256\"><path d=\"M29.074 40.256H6.71c-1.792 0-3.477-.698-4.744-1.965S0 35.339 0 33.547V11.182C0 9.39.698 7.705 1.965 6.438S4.917 4.473 6.71 4.473h8.946a2.236 2.236 0 1 1 0 4.473H6.71c-.597 0-1.159.232-1.581.655s-.655.984-.655 1.581v22.365c0 .597.233 1.159.655 1.581.422.423.984.655 1.581.655h22.365c.598 0 1.16-.232 1.582-.655.422-.422.655-.984.655-1.581V24.6a2.236 2.236 0 0 1 4.473 0v8.946a6.666 6.666 0 0 1-1.965 4.744 6.666 6.666 0 0 1-4.745 1.965zM15.655 26.837a2.237 2.237 0 0 1-1.581-3.818L32.621 4.474H24.6a2.236 2.236 0 1 1 0-4.473h13.42a2.23 2.23 0 0 1 1.561.636l.005.005h.001l.004.004.004.005.005.005.005.005.003.002.002.002a.048.048 0 0 1 .004.005 2.23 2.23 0 0 1 .64 1.567l.001 13.419a2.236 2.236 0 1 1-4.473 0v-8.02L17.236 26.182a2.228 2.228 0 0 1-1.58.655z\"\/><\/svg>\n            <span>Our recruitment website<\/span>\n          <\/a>\n        <\/div>\n              <div class=\"content\">\n          <div class=\"content__title strong\">For a spontaneous application?<\/div>\n          <a class=\"content__link d-flex justify-content-start align-items-center gap-2\" href=\"mailto:jobs@advens.fr\" target=\"_blank\" rel=\"noopener\" aria-label=\"jobs@advens.fr\">\n            <svg class=\"svg-icon aspect-ratio-1-1\" width=\"20\" height=\"20\" xmlns=\"http:\/\/www.w3.org\/2000\/svg\" viewbox=\"0 0 40.256 40.256\"><path d=\"M29.074 40.256H6.71c-1.792 0-3.477-.698-4.744-1.965S0 35.339 0 33.547V11.182C0 9.39.698 7.705 1.965 6.438S4.917 4.473 6.71 4.473h8.946a2.236 2.236 0 1 1 0 4.473H6.71c-.597 0-1.159.232-1.581.655s-.655.984-.655 1.581v22.365c0 .597.233 1.159.655 1.581.422.423.984.655 1.581.655h22.365c.598 0 1.16-.232 1.582-.655.422-.422.655-.984.655-1.581V24.6a2.236 2.236 0 0 1 4.473 0v8.946a6.666 6.666 0 0 1-1.965 4.744 6.666 6.666 0 0 1-4.745 1.965zM15.655 26.837a2.237 2.237 0 0 1-1.581-3.818L32.621 4.474H24.6a2.236 2.236 0 1 1 0-4.473h13.42a2.23 2.23 0 0 1 1.561.636l.005.005h.001l.004.004.004.005.005.005.005.005.003.002.002.002a.048.048 0 0 1 .004.005 2.23 2.23 0 0 1 .64 1.567l.001 13.419a2.236 2.236 0 1 1-4.473 0v-8.02L17.236 26.182a2.228 2.228 0 0 1-1.58.655z\"\/><\/svg>\n            <span>jobs@advens.fr<\/span>\n          <\/a>\n        <\/div>\n          <\/div>\n  <\/div>\n\n\n\n\t\t\t\t\t\t<script>\n\t\t\t\t\t\t\twindow.hsFormsOnReady = window.hsFormsOnReady || [];\n\t\t\t\t\t\t\twindow.hsFormsOnReady.push(()=>{\n\t\t\t\t\t\t\t\thbspt.forms.create({\n\t\t\t\t\t\t\t\t\tportalId: 9016142,\n\t\t\t\t\t\t\t\t\tformId: \"a6516c87-3c6e-4297-aa10-9b91c9b86c6c\",\n\t\t\t\t\t\t\t\t\ttarget: \"#hbspt-form-1776376780000-2182295561\",\n\t\t\t\t\t\t\t\t\tregion: \"eu1\",\n\t\t\t\t\t\t\t\t\t\n\t\t\t\t\t\t\t})});\n\t\t\t\t\t\t<\/script>\n\t\t\t\t\t\t<div class=\"hbspt-form\" id=\"hbspt-form-1776376780000-2182295561\"><\/div>\n\n\n\n<hr class=\"wp-block-separator has-css-opacity\"\/>\n\n\n\n\n<div id=\"block-colonnes-584105863\" class=\"acf-block-colonnes colonnes alignwide\">\n  <div class=\"container\">\n    <div class=\"row mb-4\">\n      <div class=\"col-12\">\n        <h3>Our offices<\/h3>\n                      <\/div>\n    <\/div>\n\n                  \n    <div class=\"row row-colonnes row-cols-1 row-cols-md-2 row-cols-xl-4 gy-4 mb-4 mb-xl-5\">\n              <div class=\"col -img\">\n          <div class=\"card h-100 bg-grey-white border-0\">\n            <div class=\"card-body\">\n                                                                  <div class=\"round-img mb-3\">\n                        <img decoding=\"async\" class=\"img-fluid\" src=\"https:\/\/www.nifty-shtern.217-160-68-194.plesk.page\/app\/uploads\/2022\/05\/paris-150x150.jpeg\" alt=\"pARIS\" loading=\"lazy\"\/>\n                    <\/div>\n                                              <h4>Paris<\/h4>\n              <p>38 rue des jeuneurs<br \/>\n75001 Paris<\/p>\n\n                          <\/div>\n          <\/div>\n        <\/div>\n              <div class=\"col -img\">\n          <div class=\"card h-100 bg-grey-white border-0\">\n            <div class=\"card-body\">\n                                                                  <div class=\"round-img mb-3\">\n                        <img decoding=\"async\" class=\"img-fluid\" src=\"https:\/\/www.nifty-shtern.217-160-68-194.plesk.page\/app\/uploads\/2022\/05\/bordeaux-150x150.jpeg\" alt=\"Bordeaux\" loading=\"lazy\"\/>\n                    <\/div>\n                                              <h4>Bordeaux<\/h4>\n              <p>44, All\u00e9es de Tourny<br \/>\n33000 Bordeaux<br \/>\nT\u00e9l : +33 5 35 54 82 84<\/p>\n\n                          <\/div>\n          <\/div>\n        <\/div>\n              <div class=\"col -img\">\n          <div class=\"card h-100 bg-grey-white border-0\">\n            <div class=\"card-body\">\n                                                                  <div class=\"round-img mb-3\">\n                        <img decoding=\"async\" class=\"img-fluid\" src=\"https:\/\/www.nifty-shtern.217-160-68-194.plesk.page\/app\/uploads\/2022\/05\/lille-150x150.jpeg\" alt=\"Lille\" loading=\"lazy\"\/>\n                    <\/div>\n                                              <h4>Lille<\/h4>\n              <p>32 Rue Faidherbe<br \/>\n59800 Lille<br \/>\nT\u00e9l : +33 3 20 68 41 81<\/p>\n\n                          <\/div>\n          <\/div>\n        <\/div>\n              <div class=\"col -img\">\n          <div class=\"card h-100 bg-grey-white border-0\">\n            <div class=\"card-body\">\n                                                                  <div class=\"round-img mb-3\">\n                        <img decoding=\"async\" class=\"img-fluid\" src=\"https:\/\/www.nifty-shtern.217-160-68-194.plesk.page\/app\/uploads\/2022\/05\/lyon-150x150.jpeg\" alt=\"Lyon\" loading=\"lazy\"\/>\n                    <\/div>\n                                              <h4>Lyon<\/h4>\n              <p>45, Quai Rambaud<br \/>\n69002 Lyon<br \/>\nT\u00e9l : +33 4 28 29 08 29<\/p>\n\n                          <\/div>\n          <\/div>\n        <\/div>\n              <div class=\"col -img\">\n          <div class=\"card h-100 bg-grey-white border-0\">\n            <div class=\"card-body\">\n                                                                  <div class=\"round-img mb-3\">\n                        <img decoding=\"async\" class=\"img-fluid\" src=\"https:\/\/www.nifty-shtern.217-160-68-194.plesk.page\/app\/uploads\/2022\/05\/nantes-150x150.jpeg\" alt=\"NANTES\" loading=\"lazy\"\/>\n                    <\/div>\n                                              <h4>Nantes<\/h4>\n              <p>4, Rue Voltaire<br \/>\n44000 Nantes<br \/>\nT\u00e9l : +33 2 85 52 81 71<\/p>\n\n                          <\/div>\n          <\/div>\n        <\/div>\n              <div class=\"col -img\">\n          <div class=\"card h-100 bg-grey-white border-0\">\n            <div class=\"card-body\">\n                                                                  <div class=\"round-img mb-3\">\n                        <img decoding=\"async\" class=\"img-fluid\" src=\"https:\/\/www.nifty-shtern.217-160-68-194.plesk.page\/app\/uploads\/2022\/05\/rennes-150x150.jpeg\" alt=\"Rennes\" loading=\"lazy\"\/>\n                    <\/div>\n                                              <h4>Rennes<\/h4>\n              <p>5, Rue Chatillon<br \/>\n35000 Rennes<br \/>\nT\u00e9l : +33 2 85 52 81 71<\/p>\n\n                          <\/div>\n          <\/div>\n        <\/div>\n              <div class=\"col -img\">\n          <div class=\"card h-100 bg-grey-white border-0\">\n            <div class=\"card-body\">\n                                                                  <div class=\"round-img mb-3\">\n                        <img decoding=\"async\" class=\"img-fluid\" src=\"https:\/\/www.nifty-shtern.217-160-68-194.plesk.page\/app\/uploads\/2022\/05\/toulouse-150x150.jpeg\" alt=\"Toulouse\" loading=\"lazy\"\/>\n                    <\/div>\n                                              <h4>Toulouse<\/h4>\n              <p>6 all\u00e9e Fran\u00e7ois Verdier &#8211; 31000 Toulouse<br \/>\nT\u00e9l : +33 5 35 54 82 84<\/p>\n\n                          <\/div>\n          <\/div>\n        <\/div>\n              <div class=\"col -img\">\n          <div class=\"card h-100 bg-grey-white border-0\">\n            <div class=\"card-body\">\n                                                                  <div class=\"round-img mb-3\">\n                        <img decoding=\"async\" class=\"img-fluid\" src=\"https:\/\/www.nifty-shtern.217-160-68-194.plesk.page\/app\/uploads\/2022\/05\/montreal-150x150.jpg\" alt=\"montreal\" loading=\"lazy\"\/>\n                    <\/div>\n                                              <h4>Montr\u00e9al<\/h4>\n              <p>380, Rue Saint Antoine Ouest \u2013 Suite 7100<br \/>\nMontr\u00e9al<\/p>\n\n                          <\/div>\n          <\/div>\n        <\/div>\n              <div class=\"col -img\">\n          <div class=\"card h-100 bg-grey-white border-0\">\n            <div class=\"card-body\">\n                                                                  <div class=\"round-img mb-3\">\n                        <img decoding=\"async\" class=\"img-fluid\" src=\"https:\/\/www.nifty-shtern.217-160-68-194.plesk.page\/app\/uploads\/2023\/11\/design-sans-titre-9-150x150.png\" alt=\"Design sans titre (9)\" loading=\"lazy\"\/>\n                    <\/div>\n                                              <h4>Milan<\/h4>\n              <p>Viale Cassala, 57<\/p>\n<p>20143, Milano<\/p>\n\n                          <\/div>\n          <\/div>\n        <\/div>\n              <div class=\"col -img\">\n          <div class=\"card h-100 bg-grey-white border-0\">\n            <div class=\"card-body\">\n                                                                  <div class=\"round-img mb-3\">\n                        <img decoding=\"async\" class=\"img-fluid\" src=\"https:\/\/www.nifty-shtern.217-160-68-194.plesk.page\/app\/uploads\/2023\/02\/madrid-150x150.jpg\" alt=\"Madrid\" loading=\"lazy\"\/>\n                    <\/div>\n                                              <h4>Madrid<\/h4>\n              <p>C. de Agust\u00edn de Fox\u00e1, 4, Chamart\u00edn<br \/>\n28036 Madrid<\/p>\n\n                          <\/div>\n          <\/div>\n        <\/div>\n              <div class=\"col -img\">\n          <div class=\"card h-100 bg-grey-white border-0\">\n            <div class=\"card-body\">\n                                                                  <div class=\"round-img mb-3\">\n                        <img decoding=\"async\" class=\"img-fluid\" src=\"https:\/\/www.nifty-shtern.217-160-68-194.plesk.page\/app\/uploads\/2023\/02\/barcelona-150x150.jpg\" alt=\"barcelona\" loading=\"lazy\"\/>\n                    <\/div>\n                                              <h4>Barcelona<\/h4>\n              <p>Avingunda del Portal de l\u2019Angel, 40<br \/>\n08002 Barcelona<\/p>\n\n                          <\/div>\n          <\/div>\n        <\/div>\n              <div class=\"col -img\">\n          <div class=\"card h-100 bg-grey-white border-0\">\n            <div class=\"card-body\">\n                                                                  <div class=\"round-img mb-3\">\n                        <img decoding=\"async\" class=\"img-fluid\" src=\"https:\/\/www.nifty-shtern.217-160-68-194.plesk.page\/app\/uploads\/2024\/02\/pexels-photo-11690121-150x150-1.webp\" alt=\"pexels-photo-11690121-150x150\" loading=\"lazy\"\/>\n                    <\/div>\n                                              <h4>Marseille<\/h4>\n              <p>Newton Offices Joliette<br \/>\n113 rue de la R\u00e9publique<br \/>\n13002 Marseille<\/p>\n\n                          <\/div>\n          <\/div>\n        <\/div>\n              <div class=\"col -img\">\n          <div class=\"card h-100 bg-grey-white border-0\">\n            <div class=\"card-body\">\n                                                                  <div class=\"round-img mb-3\">\n                        <img decoding=\"async\" class=\"img-fluid\" src=\"https:\/\/www.nifty-shtern.217-160-68-194.plesk.page\/app\/uploads\/2024\/03\/munchen-150x150.jpg\" alt=\"Munich\" loading=\"lazy\"\/>\n                    <\/div>\n                                              <h4>Munich<\/h4>\n              <p>Weihenstephaner Str. 12<br \/>\n81673 Munich, Germany<\/p>\n\n                          <\/div>\n          <\/div>\n        <\/div>\n          <\/div>\n  <\/div>\n<\/div>\n\n\n\n<p><\/p>\n","protected":false},"excerpt":{"rendered":"<p>A question ? Or just want to get to know each other? Do not hesitate to contact us. We will respond as soon as possible.<\/p>\n","protected":false},"author":3,"featured_media":1869,"parent":0,"menu_order":17,"comment_status":"closed","ping_status":"closed","template":"tmpl-formulaire.php","meta":{"_acf_changed":false,"content-type":"","footnotes":""},"class_list":["post-3374","page","type-page","status-publish","has-post-thumbnail","hentry"],"acf":[],"yoast_head":"<!-- This site is optimized with the Yoast SEO plugin v24.8.1 - https:\/\/yoast.com\/wordpress\/plugins\/seo\/ -->\n<title>Contact us - Advens<\/title>\n<meta name=\"description\" content=\"A question ? Or just want to get to know each other? Do not hesitate to contact us. We will respond as soon as possible.\" \/>\n<meta name=\"robots\" content=\"index, follow, max-snippet:-1, max-image-preview:large, max-video-preview:-1\" \/>\n<link rel=\"canonical\" href=\"https:\/\/www.advens.test\/nous-contacter\/\" \/>\n<meta property=\"og:locale\" content=\"en_US\" \/>\n<meta property=\"og:type\" content=\"article\" \/>\n<meta property=\"og:title\" content=\"Contact us - Advens\" \/>\n<meta property=\"og:description\" content=\"A question ? Or just want to get to know each other? Do not hesitate to contact us. We will respond as soon as possible.\" \/>\n<meta property=\"og:url\" content=\"https:\/\/www.advens.test\/nous-contacter\/\" \/>\n<meta property=\"og:site_name\" content=\"Advens\" \/>\n<meta property=\"article:modified_time\" content=\"2024-10-25T08:57:39+00:00\" \/>\n<meta property=\"og:image\" content=\"https:\/\/www.advens.test\/app\/uploads\/2022\/05\/advens-reportage-lyon-dsc2989.jpg\" \/>\n\t<meta property=\"og:image:width\" content=\"1920\" \/>\n\t<meta property=\"og:image:height\" content=\"1278\" \/>\n\t<meta property=\"og:image:type\" content=\"image\/jpeg\" \/>\n<meta name=\"twitter:card\" content=\"summary_large_image\" \/>\n<script type=\"application\/ld+json\" class=\"yoast-schema-graph\">{\"@context\":\"https:\/\/schema.org\",\"@graph\":[{\"@type\":\"WebPage\",\"@id\":\"https:\/\/www.advens.test\/nous-contacter\/\",\"url\":\"https:\/\/www.advens.test\/nous-contacter\/\",\"name\":\"Contact us - Advens\",\"isPartOf\":{\"@id\":\"https:\/\/www.advens.test\/#website\"},\"primaryImageOfPage\":{\"@id\":\"https:\/\/www.advens.test\/nous-contacter\/#primaryimage\"},\"image\":{\"@id\":\"https:\/\/www.advens.test\/nous-contacter\/#primaryimage\"},\"thumbnailUrl\":\"https:\/\/www.nifty-shtern.217-160-68-194.plesk.page\/app\/uploads\/2022\/05\/advens-reportage-lyon-dsc2989.jpg\",\"datePublished\":\"2022-04-04T10:56:50+00:00\",\"dateModified\":\"2024-10-25T08:57:39+00:00\",\"description\":\"A question ? Or just want to get to know each other? Do not hesitate to contact us. We will respond as soon as possible.\",\"breadcrumb\":{\"@id\":\"https:\/\/www.advens.test\/nous-contacter\/#breadcrumb\"},\"inLanguage\":\"en-US\",\"potentialAction\":[{\"@type\":\"ReadAction\",\"target\":[\"https:\/\/www.advens.test\/nous-contacter\/\"]}]},{\"@type\":\"ImageObject\",\"inLanguage\":\"en-US\",\"@id\":\"https:\/\/www.advens.test\/nous-contacter\/#primaryimage\",\"url\":\"https:\/\/www.nifty-shtern.217-160-68-194.plesk.page\/app\/uploads\/2022\/05\/advens-reportage-lyon-dsc2989.jpg\",\"contentUrl\":\"https:\/\/www.nifty-shtern.217-160-68-194.plesk.page\/app\/uploads\/2022\/05\/advens-reportage-lyon-dsc2989.jpg\",\"width\":1920,\"height\":1278},{\"@type\":\"BreadcrumbList\",\"@id\":\"https:\/\/www.advens.test\/nous-contacter\/#breadcrumb\",\"itemListElement\":[{\"@type\":\"ListItem\",\"position\":1,\"name\":\"Home\",\"item\":\"https:\/\/www.advens.test\/en\/\"},{\"@type\":\"ListItem\",\"position\":2,\"name\":\"Contact us\"}]},{\"@type\":\"WebSite\",\"@id\":\"https:\/\/www.advens.test\/#website\",\"url\":\"https:\/\/www.advens.test\/\",\"name\":\"Advens\",\"description\":\"For Cyber, People &amp; Planet\",\"publisher\":{\"@id\":\"https:\/\/www.advens.test\/#organization\"},\"potentialAction\":[{\"@type\":\"SearchAction\",\"target\":{\"@type\":\"EntryPoint\",\"urlTemplate\":\"https:\/\/www.advens.test\/?s={search_term_string}\"},\"query-input\":{\"@type\":\"PropertyValueSpecification\",\"valueRequired\":true,\"valueName\":\"search_term_string\"}}],\"inLanguage\":\"en-US\"},{\"@type\":\"Organization\",\"@id\":\"https:\/\/www.advens.test\/#organization\",\"name\":\"Advens\",\"url\":\"https:\/\/www.advens.test\/\",\"logo\":{\"@type\":\"ImageObject\",\"inLanguage\":\"en-US\",\"@id\":\"https:\/\/www.advens.test\/#\/schema\/logo\/image\/\",\"url\":\"https:\/\/www.nifty-shtern.217-160-68-194.plesk.page\/app\/uploads\/2025\/07\/Logotype-aDvens-Cybersecurity.png\",\"contentUrl\":\"https:\/\/www.nifty-shtern.217-160-68-194.plesk.page\/app\/uploads\/2025\/07\/Logotype-aDvens-Cybersecurity.png\",\"width\":1501,\"height\":1501,\"caption\":\"Advens\"},\"image\":{\"@id\":\"https:\/\/www.advens.test\/#\/schema\/logo\/image\/\"},\"sameAs\":[\"https:\/\/www.linkedin.com\/company\/advens\/\"]}]}<\/script>\n<!-- \/ Yoast SEO plugin. -->","yoast_head_json":{"title":"Contact us - Advens","description":"A question ? Or just want to get to know each other? Do not hesitate to contact us. We will respond as soon as possible.","robots":{"index":"index","follow":"follow","max-snippet":"max-snippet:-1","max-image-preview":"max-image-preview:large","max-video-preview":"max-video-preview:-1"},"canonical":"https:\/\/www.advens.test\/nous-contacter\/","og_locale":"en_US","og_type":"article","og_title":"Contact us - Advens","og_description":"A question ? Or just want to get to know each other? Do not hesitate to contact us. We will respond as soon as possible.","og_url":"https:\/\/www.advens.test\/nous-contacter\/","og_site_name":"Advens","article_modified_time":"2024-10-25T08:57:39+00:00","og_image":[{"width":1920,"height":1278,"url":"https:\/\/www.advens.test\/app\/uploads\/2022\/05\/advens-reportage-lyon-dsc2989.jpg","type":"image\/jpeg"}],"twitter_card":"summary_large_image","schema":{"@context":"https:\/\/schema.org","@graph":[{"@type":"WebPage","@id":"https:\/\/www.advens.test\/nous-contacter\/","url":"https:\/\/www.advens.test\/nous-contacter\/","name":"Contact us - Advens","isPartOf":{"@id":"https:\/\/www.advens.test\/#website"},"primaryImageOfPage":{"@id":"https:\/\/www.advens.test\/nous-contacter\/#primaryimage"},"image":{"@id":"https:\/\/www.advens.test\/nous-contacter\/#primaryimage"},"thumbnailUrl":"https:\/\/www.nifty-shtern.217-160-68-194.plesk.page\/app\/uploads\/2022\/05\/advens-reportage-lyon-dsc2989.jpg","datePublished":"2022-04-04T10:56:50+00:00","dateModified":"2024-10-25T08:57:39+00:00","description":"A question ? Or just want to get to know each other? Do not hesitate to contact us. We will respond as soon as possible.","breadcrumb":{"@id":"https:\/\/www.advens.test\/nous-contacter\/#breadcrumb"},"inLanguage":"en-US","potentialAction":[{"@type":"ReadAction","target":["https:\/\/www.advens.test\/nous-contacter\/"]}]},{"@type":"ImageObject","inLanguage":"en-US","@id":"https:\/\/www.advens.test\/nous-contacter\/#primaryimage","url":"https:\/\/www.nifty-shtern.217-160-68-194.plesk.page\/app\/uploads\/2022\/05\/advens-reportage-lyon-dsc2989.jpg","contentUrl":"https:\/\/www.nifty-shtern.217-160-68-194.plesk.page\/app\/uploads\/2022\/05\/advens-reportage-lyon-dsc2989.jpg","width":1920,"height":1278},{"@type":"BreadcrumbList","@id":"https:\/\/www.advens.test\/nous-contacter\/#breadcrumb","itemListElement":[{"@type":"ListItem","position":1,"name":"Home","item":"https:\/\/www.advens.test\/en\/"},{"@type":"ListItem","position":2,"name":"Contact us"}]},{"@type":"WebSite","@id":"https:\/\/www.advens.test\/#website","url":"https:\/\/www.advens.test\/","name":"Advens","description":"For Cyber, People &amp; Planet","publisher":{"@id":"https:\/\/www.advens.test\/#organization"},"potentialAction":[{"@type":"SearchAction","target":{"@type":"EntryPoint","urlTemplate":"https:\/\/www.advens.test\/?s={search_term_string}"},"query-input":{"@type":"PropertyValueSpecification","valueRequired":true,"valueName":"search_term_string"}}],"inLanguage":"en-US"},{"@type":"Organization","@id":"https:\/\/www.advens.test\/#organization","name":"Advens","url":"https:\/\/www.advens.test\/","logo":{"@type":"ImageObject","inLanguage":"en-US","@id":"https:\/\/www.advens.test\/#\/schema\/logo\/image\/","url":"https:\/\/www.nifty-shtern.217-160-68-194.plesk.page\/app\/uploads\/2025\/07\/Logotype-aDvens-Cybersecurity.png","contentUrl":"https:\/\/www.nifty-shtern.217-160-68-194.plesk.page\/app\/uploads\/2025\/07\/Logotype-aDvens-Cybersecurity.png","width":1501,"height":1501,"caption":"Advens"},"image":{"@id":"https:\/\/www.advens.test\/#\/schema\/logo\/image\/"},"sameAs":["https:\/\/www.linkedin.com\/company\/advens\/"]}]}},"_links":{"self":[{"href":"https:\/\/www.nifty-shtern.217-160-68-194.plesk.page\/en\/wp-json\/wp\/v2\/pages\/3374","targetHints":{"allow":["GET"]}}],"collection":[{"href":"https:\/\/www.nifty-shtern.217-160-68-194.plesk.page\/en\/wp-json\/wp\/v2\/pages"}],"about":[{"href":"https:\/\/www.nifty-shtern.217-160-68-194.plesk.page\/en\/wp-json\/wp\/v2\/types\/page"}],"author":[{"embeddable":true,"href":"https:\/\/www.nifty-shtern.217-160-68-194.plesk.page\/en\/wp-json\/wp\/v2\/users\/3"}],"replies":[{"embeddable":true,"href":"https:\/\/www.nifty-shtern.217-160-68-194.plesk.page\/en\/wp-json\/wp\/v2\/comments?post=3374"}],"version-history":[{"count":28,"href":"https:\/\/www.nifty-shtern.217-160-68-194.plesk.page\/en\/wp-json\/wp\/v2\/pages\/3374\/revisions"}],"predecessor-version":[{"id":15067,"href":"https:\/\/www.nifty-shtern.217-160-68-194.plesk.page\/en\/wp-json\/wp\/v2\/pages\/3374\/revisions\/15067"}],"wp:featuredmedia":[{"embeddable":true,"href":"https:\/\/www.nifty-shtern.217-160-68-194.plesk.page\/en\/wp-json\/wp\/v2\/media\/1869"}],"wp:attachment":[{"href":"https:\/\/www.nifty-shtern.217-160-68-194.plesk.page\/en\/wp-json\/wp\/v2\/media?parent=3374"}],"curies":[{"name":"wp","href":"https:\/\/api.w.org\/{rel}","templated":true}]}}