{"id":15075,"date":"2022-06-01T17:44:18","date_gmt":"2022-06-01T15:44:18","guid":{"rendered":"https:\/\/www.advens.test\/politique-de-gestion-des-cookies\/"},"modified":"2024-11-04T10:24:29","modified_gmt":"2024-11-04T09:24:29","slug":"politica-gestion-cookies","status":"publish","type":"page","link":"https:\/\/www.nifty-shtern.217-160-68-194.plesk.page\/es\/politica-gestion-cookies\/","title":{"rendered":"Pol\u00edtica de gesti\u00f3n de cookies"},"content":{"rendered":"\n<p><strong>Finalidad<\/strong><\/p>\n\n\n\n<p>Para cada operaci\u00f3n de tratamiento, Advens recoge y utiliza \u00fanicamente los datos pertinentes y necesarios para el objetivo perseguido. El tratamiento de sus datos se realiza \u00fanicamente mediante cookies con el fin de optimizar el uso del sitio.<\/p>\n\n\n\n<p>Esta pol\u00edtica de gesti\u00f3n de cookies explica c\u00f3mo Advens deposita y utiliza las cookies y qu\u00e9 derechos tiene usted en relaci\u00f3n con ellas.<\/p>\n\n\n\n<p>Utilizamos cookies para procesar sus datos personales con los siguientes fines<\/p>\n\n\n\n<ul class=\"wp-block-list\">\n<li>La gesti\u00f3n del sitio, es decir, la correcta ejecuci\u00f3n de los servicios solicitados, la conservaci\u00f3n de las elecciones del usuario (por ejemplo, el idioma), etc. Las cookies utilizadas en este contexto no requieren el consentimiento previo del usuario para ser colocadas en su terminal. Este tratamiento se basa en los intereses de Advens.<\/li>\n\n\n\n<li>Gesti\u00f3n de la medici\u00f3n de la audiencia con fines puramente de an\u00e1lisis estad\u00edstico, en particular con vistas a adaptar el Sitio a las solicitudes y necesidades de los usuarios. Este tratamiento se basa en el consentimiento del usuario.<\/li>\n<\/ul>\n\n\n\n<p>Este tratamiento se lleva a cabo mediante cookies colocadas por Matomo Analytics con el fin de contabilizar los visitantes e identificar la forma en que utilizan el Sitio. En funci\u00f3n de su utilidad, los datos se conservan durante un per\u00edodo de 12 meses a partir de su creaci\u00f3n.<\/p>\n\n\n\n<p><strong>\u00bfQu\u00e9 son las cookies y otros dispositivos de seguimiento?<\/strong><\/p>\n\n\n\n<p>Una cookie es un peque\u00f1o archivo inform\u00e1tico, un rastreador, que se deposita y se lee, por ejemplo, cuando se consulta un sitio web, se lee un correo electr\u00f3nico, se instala o se utiliza un software o una aplicaci\u00f3n m\u00f3vil, independientemente del tipo de terminal utilizado (ordenador, smartphone, e-reader, consola de videojuegos conectada a Internet, etc.).<\/p>\n\n\n\n<p>Una cookie es un identificador \u00fanico asignado al terminal del usuario cuando se carga el Sitio Web de Advens en un navegador. Las cookies se utilizan con diversos fines, algunos de los cuales son necesarios para las funciones expresamente solicitadas por el usuario o para establecer la comunicaci\u00f3n y, por lo tanto, est\u00e1n exentos de consentimiento. Otras, que no responden a estos criterios, requieren el consentimiento del usuario antes de ser le\u00eddas o escritas.<\/p>\n\n\n\n<p>La cookie permitir\u00e1 a Advens recordar la visita del usuario, sus acciones y preferencias (ubicaci\u00f3n, idiomas, fuentes y otras preferencias) ya sea durante una \u00fanica visita o en varias visitas repetidas. Advens no puede identificar personalmente al visitante.<\/p>\n\n\n\n<p>Por lo tanto, una cookie permite seguir su navegaci\u00f3n con fines estad\u00edsticos o publicitarios. Pueden eliminarse manual o autom\u00e1ticamente.<\/p>\n\n\n\n<p><strong>Gesti\u00f3n de cookies<\/strong><\/p>\n\n\n\n<p>Dispone de varias opciones para gestionar las cookies.<\/p>\n\n\n\n<p>Aunque la mayor\u00eda de los navegadores est\u00e1n configurados por defecto para aceptar la instalaci\u00f3n de cookies, puede optar por aceptar todas las cookies, rechazarlas sistem\u00e1ticamente o seleccionar las que acepta en funci\u00f3n del remitente. Tambi\u00e9n puede configurar su navegador para que acepte o rechace las cookies caso por caso antes de que se instalen. Tambi\u00e9n puede eliminar regularmente las cookies de su terminal a trav\u00e9s de su navegador. No olvide configurar todos los navegadores de sus diferentes terminales (tabletas, smartphones, ordenadores).<\/p>\n\n\n\n<p>El procedimiento puede variar en funci\u00f3n del navegador utilizado. Tenga en cuenta que si configura su navegador para que rechace las cookies, algunas funciones, p\u00e1ginas y \u00e1reas del Sitio no ser\u00e1n accesibles, de lo cual no nos hacemos responsables. En cualquier caso, puede ir a la secci\u00f3n de ayuda de su navegador para averiguar c\u00f3mo su navegador le permite elegir qu\u00e9 cookies acepta o rechaza.<\/p>\n\n\n\n<p>Con su consentimiento, el sitio de Advens utiliza cookies y otros rastreadores para almacenar y acceder a informaci\u00f3n personal como su visita al sitio.<\/p>\n\n\n\n<p><strong>Tipo de cookies utilizadas<\/strong><\/p>\n\n\n\n<p>Los puntos siguientes describen los tipos de cookies utilizados por el Sitio de Advens. Se explican las finalidades de todas las cookies. Se requiere el consentimiento positivo del usuario, que es informado mediante un banner directamente en el Sitio. La ausencia de una demostraci\u00f3n clara de voluntad de aceptar el dep\u00f3sito de cookies se entiende como una negativa.<\/p>\n\n\n\n<ul class=\"wp-block-list\">\n<li>Cookies estrictamente necesarias: Estas cookies no pueden desactivarse y son necesarias para el correcto funcionamiento b\u00e1sico del Sitio. No pueden ser desactivadas en nuestros sistemas. Estas cookies no requieren consentimiento: Hubspot<\/li>\n\n\n\n<li>Cookies funcionales: Estas cookies se utilizan para mejorar la funcionalidad y la seguridad del Sitio de forma personalizada (autenticaci\u00f3n, contenido adaptado): SRVNAME, Axeptio<\/li>\n\n\n\n<li>Cookies publicitarias: Estas cookies permiten la publicidad en determinadas redes sociales mencionadas a continuaci\u00f3n: P\u00edxel de Facebook, P\u00edxel de LinkedIn<\/li>\n\n\n\n<li>Cookies anal\u00edticas: Estas cookies se utilizan para medir el tr\u00e1fico de usuarios en el sitio: Matomo<\/li>\n<\/ul>\n\n\n\n<p><strong>Periodo de conservaci\u00f3n y alojamiento<\/strong><\/p>\n\n\n\n<p>Las nuevas visitas no prolongan la vida de esta informaci\u00f3n. Las cookies utilizadas en el Sitio se almacenan durante el periodo indicado en la siguiente lista:<\/p>\n\n\n\n<ul class=\"wp-block-list\">\n<li>Hubspot: 6 meses<\/li>\n\n\n\n<li>P\u00edxel de Facebook: 90 d\u00edas<\/li>\n\n\n\n<li>P\u00edxel de LinkedIn: 90 d\u00edas<\/li>\n\n\n\n<li>SRVNAME: eliminado despu\u00e9s de su uso<\/li>\n\n\n\n<li>Matomo: 13 meses<\/li>\n\n\n\n<li>Axeptio: 24 horas<\/li>\n<\/ul>\n\n\n\n<p><strong>Sus derechos<\/strong><\/p>\n\n\n\n<p>En relaci\u00f3n con el derecho de acceso a la informaci\u00f3n personal relativa a los usuarios, el derecho de rectificaci\u00f3n, el derecho de retirada del consentimiento y de supresi\u00f3n de dicha informaci\u00f3n del usuario, este tiene la posibilidad de ejercerlo de conformidad con lo dispuesto en el Reglamento (UE) 2016\/679 del Parlamento Europeo y del Consejo, de 27 de abril de 2016, relativo a la protecci\u00f3n de las personas f\u00edsicas en lo que respecta al tratamiento de datos personales y a la libre circulaci\u00f3n de estos datos y la Ley de Protecci\u00f3n de Datos de 6 de enero de 1978 modificada. Puede ponerse en contacto con la unidad de cumplimiento de Advens por correo electr\u00f3nico en dpo@advens.fr o por correo postal en 32, rue Faidherbe 59800 LILLE.<\/p>\n","protected":false},"excerpt":{"rendered":"<p>Finalidad Para cada operaci\u00f3n de tratamiento, Advens recoge y utiliza \u00fanicamente los datos pertinentes y necesarios para el objetivo perseguido. El tratamiento de sus datos se realiza \u00fanicamente mediante cookies con el fin de optimizar el uso del sitio. Esta pol\u00edtica de gesti\u00f3n de cookies explica c\u00f3mo Advens deposita y utiliza las cookies y qu\u00e9 [&hellip;]<\/p>\n","protected":false},"author":3,"featured_media":0,"parent":0,"menu_order":0,"comment_status":"closed","ping_status":"closed","template":"","meta":{"_acf_changed":false,"content-type":"","footnotes":""},"class_list":["post-15075","page","type-page","status-publish","hentry"],"acf":[],"yoast_head":"<!-- This site is optimized with the Yoast SEO plugin v24.8.1 - https:\/\/yoast.com\/wordpress\/plugins\/seo\/ -->\n<title>Pol\u00edtica de gesti\u00f3n de cookies - Advens<\/title>\n<meta name=\"description\" content=\"Finalidad Para cada operaci\u00f3n de tratamiento, Advens recoge y utiliza \u00fanicamente los datos pertinentes y necesarios para el objetivo perseguido. El\" \/>\n<meta name=\"robots\" content=\"index, follow, max-snippet:-1, max-image-preview:large, max-video-preview:-1\" \/>\n<link rel=\"canonical\" href=\"https:\/\/www.advens.test\/politique-de-gestion-des-cookies\/\" \/>\n<meta property=\"og:locale\" content=\"es_ES\" \/>\n<meta property=\"og:type\" content=\"article\" \/>\n<meta property=\"og:title\" content=\"Pol\u00edtica de gesti\u00f3n de cookies - Advens\" \/>\n<meta property=\"og:description\" content=\"Finalidad Para cada operaci\u00f3n de tratamiento, Advens recoge y utiliza \u00fanicamente los datos pertinentes y necesarios para el objetivo perseguido. El\" \/>\n<meta property=\"og:url\" content=\"https:\/\/www.advens.test\/politique-de-gestion-des-cookies\/\" \/>\n<meta property=\"og:site_name\" content=\"Advens\" \/>\n<meta property=\"article:modified_time\" content=\"2024-11-04T09:24:29+00:00\" \/>\n<meta name=\"twitter:card\" content=\"summary_large_image\" \/>\n<script type=\"application\/ld+json\" class=\"yoast-schema-graph\">{\"@context\":\"https:\/\/schema.org\",\"@graph\":[{\"@type\":\"WebPage\",\"@id\":\"https:\/\/www.advens.test\/politique-de-gestion-des-cookies\/\",\"url\":\"https:\/\/www.advens.test\/politique-de-gestion-des-cookies\/\",\"name\":\"Pol\u00edtica de gesti\u00f3n de cookies - Advens\",\"isPartOf\":{\"@id\":\"https:\/\/www.advens.test\/#website\"},\"datePublished\":\"2022-06-01T15:44:18+00:00\",\"dateModified\":\"2024-11-04T09:24:29+00:00\",\"description\":\"Finalidad Para cada operaci\u00f3n de tratamiento, Advens recoge y utiliza \u00fanicamente los datos pertinentes y necesarios para el objetivo perseguido. El\",\"breadcrumb\":{\"@id\":\"https:\/\/www.advens.test\/politique-de-gestion-des-cookies\/#breadcrumb\"},\"inLanguage\":\"es\",\"potentialAction\":[{\"@type\":\"ReadAction\",\"target\":[\"https:\/\/www.advens.test\/politique-de-gestion-des-cookies\/\"]}]},{\"@type\":\"BreadcrumbList\",\"@id\":\"https:\/\/www.advens.test\/politique-de-gestion-des-cookies\/#breadcrumb\",\"itemListElement\":[{\"@type\":\"ListItem\",\"position\":1,\"name\":\"Home\",\"item\":\"https:\/\/www.advens.test\/es\/\"},{\"@type\":\"ListItem\",\"position\":2,\"name\":\"Pol\u00edtica de gesti\u00f3n de cookies\"}]},{\"@type\":\"WebSite\",\"@id\":\"https:\/\/www.advens.test\/#website\",\"url\":\"https:\/\/www.advens.test\/\",\"name\":\"Advens\",\"description\":\"For Cyber, People &amp; Planet\",\"publisher\":{\"@id\":\"https:\/\/www.advens.test\/#organization\"},\"potentialAction\":[{\"@type\":\"SearchAction\",\"target\":{\"@type\":\"EntryPoint\",\"urlTemplate\":\"https:\/\/www.advens.test\/?s={search_term_string}\"},\"query-input\":{\"@type\":\"PropertyValueSpecification\",\"valueRequired\":true,\"valueName\":\"search_term_string\"}}],\"inLanguage\":\"es\"},{\"@type\":\"Organization\",\"@id\":\"https:\/\/www.advens.test\/#organization\",\"name\":\"Advens\",\"url\":\"https:\/\/www.advens.test\/\",\"logo\":{\"@type\":\"ImageObject\",\"inLanguage\":\"es\",\"@id\":\"https:\/\/www.advens.test\/#\/schema\/logo\/image\/\",\"url\":\"https:\/\/www.nifty-shtern.217-160-68-194.plesk.page\/app\/uploads\/2025\/07\/Logotype-aDvens-Cybersecurity.png\",\"contentUrl\":\"https:\/\/www.nifty-shtern.217-160-68-194.plesk.page\/app\/uploads\/2025\/07\/Logotype-aDvens-Cybersecurity.png\",\"width\":1501,\"height\":1501,\"caption\":\"Advens\"},\"image\":{\"@id\":\"https:\/\/www.advens.test\/#\/schema\/logo\/image\/\"},\"sameAs\":[\"https:\/\/www.linkedin.com\/company\/advens\/\"]}]}<\/script>\n<!-- \/ Yoast SEO plugin. -->","yoast_head_json":{"title":"Pol\u00edtica de gesti\u00f3n de cookies - Advens","description":"Finalidad Para cada operaci\u00f3n de tratamiento, Advens recoge y utiliza \u00fanicamente los datos pertinentes y necesarios para el objetivo perseguido. El","robots":{"index":"index","follow":"follow","max-snippet":"max-snippet:-1","max-image-preview":"max-image-preview:large","max-video-preview":"max-video-preview:-1"},"canonical":"https:\/\/www.advens.test\/politique-de-gestion-des-cookies\/","og_locale":"es_ES","og_type":"article","og_title":"Pol\u00edtica de gesti\u00f3n de cookies - Advens","og_description":"Finalidad Para cada operaci\u00f3n de tratamiento, Advens recoge y utiliza \u00fanicamente los datos pertinentes y necesarios para el objetivo perseguido. El","og_url":"https:\/\/www.advens.test\/politique-de-gestion-des-cookies\/","og_site_name":"Advens","article_modified_time":"2024-11-04T09:24:29+00:00","twitter_card":"summary_large_image","schema":{"@context":"https:\/\/schema.org","@graph":[{"@type":"WebPage","@id":"https:\/\/www.advens.test\/politique-de-gestion-des-cookies\/","url":"https:\/\/www.advens.test\/politique-de-gestion-des-cookies\/","name":"Pol\u00edtica de gesti\u00f3n de cookies - Advens","isPartOf":{"@id":"https:\/\/www.advens.test\/#website"},"datePublished":"2022-06-01T15:44:18+00:00","dateModified":"2024-11-04T09:24:29+00:00","description":"Finalidad Para cada operaci\u00f3n de tratamiento, Advens recoge y utiliza \u00fanicamente los datos pertinentes y necesarios para el objetivo perseguido. El","breadcrumb":{"@id":"https:\/\/www.advens.test\/politique-de-gestion-des-cookies\/#breadcrumb"},"inLanguage":"es","potentialAction":[{"@type":"ReadAction","target":["https:\/\/www.advens.test\/politique-de-gestion-des-cookies\/"]}]},{"@type":"BreadcrumbList","@id":"https:\/\/www.advens.test\/politique-de-gestion-des-cookies\/#breadcrumb","itemListElement":[{"@type":"ListItem","position":1,"name":"Home","item":"https:\/\/www.advens.test\/es\/"},{"@type":"ListItem","position":2,"name":"Pol\u00edtica de gesti\u00f3n de cookies"}]},{"@type":"WebSite","@id":"https:\/\/www.advens.test\/#website","url":"https:\/\/www.advens.test\/","name":"Advens","description":"For Cyber, People &amp; Planet","publisher":{"@id":"https:\/\/www.advens.test\/#organization"},"potentialAction":[{"@type":"SearchAction","target":{"@type":"EntryPoint","urlTemplate":"https:\/\/www.advens.test\/?s={search_term_string}"},"query-input":{"@type":"PropertyValueSpecification","valueRequired":true,"valueName":"search_term_string"}}],"inLanguage":"es"},{"@type":"Organization","@id":"https:\/\/www.advens.test\/#organization","name":"Advens","url":"https:\/\/www.advens.test\/","logo":{"@type":"ImageObject","inLanguage":"es","@id":"https:\/\/www.advens.test\/#\/schema\/logo\/image\/","url":"https:\/\/www.nifty-shtern.217-160-68-194.plesk.page\/app\/uploads\/2025\/07\/Logotype-aDvens-Cybersecurity.png","contentUrl":"https:\/\/www.nifty-shtern.217-160-68-194.plesk.page\/app\/uploads\/2025\/07\/Logotype-aDvens-Cybersecurity.png","width":1501,"height":1501,"caption":"Advens"},"image":{"@id":"https:\/\/www.advens.test\/#\/schema\/logo\/image\/"},"sameAs":["https:\/\/www.linkedin.com\/company\/advens\/"]}]}},"_links":{"self":[{"href":"https:\/\/www.nifty-shtern.217-160-68-194.plesk.page\/es\/wp-json\/wp\/v2\/pages\/15075","targetHints":{"allow":["GET"]}}],"collection":[{"href":"https:\/\/www.nifty-shtern.217-160-68-194.plesk.page\/es\/wp-json\/wp\/v2\/pages"}],"about":[{"href":"https:\/\/www.nifty-shtern.217-160-68-194.plesk.page\/es\/wp-json\/wp\/v2\/types\/page"}],"author":[{"embeddable":true,"href":"https:\/\/www.nifty-shtern.217-160-68-194.plesk.page\/es\/wp-json\/wp\/v2\/users\/3"}],"replies":[{"embeddable":true,"href":"https:\/\/www.nifty-shtern.217-160-68-194.plesk.page\/es\/wp-json\/wp\/v2\/comments?post=15075"}],"version-history":[{"count":1,"href":"https:\/\/www.nifty-shtern.217-160-68-194.plesk.page\/es\/wp-json\/wp\/v2\/pages\/15075\/revisions"}],"predecessor-version":[{"id":15076,"href":"https:\/\/www.nifty-shtern.217-160-68-194.plesk.page\/es\/wp-json\/wp\/v2\/pages\/15075\/revisions\/15076"}],"wp:attachment":[{"href":"https:\/\/www.nifty-shtern.217-160-68-194.plesk.page\/es\/wp-json\/wp\/v2\/media?parent=15075"}],"curies":[{"name":"wp","href":"https:\/\/api.w.org\/{rel}","templated":true}]}}