{"id":15606,"date":"2025-01-21T16:08:59","date_gmt":"2025-01-21T15:08:59","guid":{"rendered":"https:\/\/www.advens.test\/?page_id=15606"},"modified":"2025-05-19T11:19:54","modified_gmt":"2025-05-19T09:19:54","slug":"proposito-2","status":"publish","type":"page","link":"https:\/\/www.nifty-shtern.217-160-68-194.plesk.page\/es\/proposito-2\/","title":{"rendered":"Prop\u00f3sito"},"content":{"rendered":"\n<p class=\"is-style-big-text\">Al proteger una f\u00e1brica, un hospital, una entidad local, un banco o un negocio, <strong>hacemos mucho m\u00e1s<\/strong> que velar por la protecci\u00f3n de los datos y recursos de estas organizaciones.<\/p>\n\n\n\n<p>Proteger a las organizaciones y hacerlas m\u00e1s resistentes a las ciberamenazas es ayudarlas a que cumplan su misi\u00f3n cada d\u00eda. Una misi\u00f3n a menudo esencial y en ocasiones vital.<\/p>\n\n\n\n<p>Este es el prop\u00f3sito y la visi\u00f3n que nos impulsan: <strong>la seguridad de los datos es un activo<\/strong> que preserva nuestras empresas, nuestras instituciones, nuestros territorios, nuestros derechos, nuestras libertades, nuestros estilos de vida\u2026 que genera confianza y nos protege<\/p>\n\n\n\n<p><strong><mark style=\"background-color:#0AB3FF\" class=\"has-inline-color\">Y esto es bueno, pero para nosotros no es suficiente.<\/mark><\/strong><\/p>\n\n\n\n<p class=\"is-style-big-text\">Hacer que el mundo gire es esencial. <br><strong>Y cambiarlo\u2026 \u00a1es urgente!<\/strong><\/p>\n\n\n\n<p>Nuestras actividades contribuyen a proteger el mundo y a mantenerlo vivo.<br><mark style=\"background-color:#0AB3FF\" class=\"has-inline-color\"><strong>Y nuestra intervenci\u00f3n debe contribuir a cambiarlo.<\/strong><\/mark><\/p>\n\n\n\n<p>Para multiplicar por diez nuestro impacto, hemos creado el fondo de dotaci\u00f3n \u00ab Advens for People and Planet \u00bb con un objetivo sencillo: <strong>redistribuir hasta el 50% del valor financiero de nuestra empresa<\/strong>. el 50% de nuestro valor financiero es tres veces nuestra facturaci\u00f3n anual.<\/p>\n\n\n\n<p>Este <strong>dispositivo sin precedentes<\/strong> act\u00faa en tres \u00e1mbitos: por un mundo m\u00e1s seguro, m\u00e1s inclusivo y m\u00e1s respetuoso con el medio ambiente. Se dedica a financiar y acelerar proyectos a gran escala y de impacto sostenible, y a implicar a nuestra comunidad.<\/p>\n\n\n\n<p>Esta es necesariamente <strong><mark style=\"background-color:#0AB3FF\" class=\"has-inline-color\">una excelente raz\u00f3n para unirse a nosotros, o para elegirnos.<\/mark><\/strong><\/p>\n\n\n\n<p>Juntos\u2026 y por delante.<\/p>\n\n\n\n<p>El colectivo <strong>Advengers<\/strong><\/p>\n\n\n\n<figure class=\"wp-block-image size-large is-resized\"><img loading=\"lazy\" decoding=\"async\" src=\"https:\/\/www.nifty-shtern.217-160-68-194.plesk.page\/app\/uploads\/2022\/06\/adv-logo-gris-carbone-fond-transparent-avec-baseline-1-1024x355.png\" alt=\"\" class=\"wp-image-5847\" width=\"257\" height=\"89\" srcset=\"https:\/\/www.nifty-shtern.217-160-68-194.plesk.page\/app\/uploads\/2022\/06\/adv-logo-gris-carbone-fond-transparent-avec-baseline-1-1024x355.png 1024w, https:\/\/www.nifty-shtern.217-160-68-194.plesk.page\/app\/uploads\/2022\/06\/adv-logo-gris-carbone-fond-transparent-avec-baseline-1-300x104.png 300w, https:\/\/www.nifty-shtern.217-160-68-194.plesk.page\/app\/uploads\/2022\/06\/adv-logo-gris-carbone-fond-transparent-avec-baseline-1-768x266.png 768w, https:\/\/www.nifty-shtern.217-160-68-194.plesk.page\/app\/uploads\/2022\/06\/adv-logo-gris-carbone-fond-transparent-avec-baseline-1-1536x532.png 1536w, https:\/\/www.nifty-shtern.217-160-68-194.plesk.page\/app\/uploads\/2022\/06\/adv-logo-gris-carbone-fond-transparent-avec-baseline-1-2048x709.png 2048w, https:\/\/www.nifty-shtern.217-160-68-194.plesk.page\/app\/uploads\/2022\/06\/adv-logo-gris-carbone-fond-transparent-avec-baseline-1-260x90.png 260w\" sizes=\"auto, (max-width: 257px) 100vw, 257px\" \/><\/figure>\n\n\n\n<hr class=\"wp-block-separator has-alpha-channel-opacity\"\/>\n\n\n  \n<figure id=\"block-citation-1518687696\" class=\"acf-block-citation aligncenter mb-4\">\n  <blockquote class=\"blockquote\">\n    <p class=\"fs-3\">\u00abLas empresas y sus empleados tienen el poder de cambiar el mundo. \u00a1Actuemos juntos y pongamos de nuestra parte!\u00bb<\/p>\n  <\/blockquote>\n  <div class=\"d-flex align-items-center justify-content-start gap-3 gap-xl-4\">\n          <img decoding=\"async\" src=\"https:\/\/www.nifty-shtern.217-160-68-194.plesk.page\/app\/uploads\/2022\/10\/afa-150x150.jpg\" loading=\"lazy\" alt=\"Alexandre Fayeulle\" class=\"img-fluid blockquote-img rounded-circle\"\/>\n        <figcaption class=\"blockquote-footer text-end d-flex flex-wrap align-items-center justify-content-end m-0\">\n      <strong>Alexandre Fayeulle<\/strong>\n      <span class=\"mx-1\">\u2022<\/span>\n      <span>Fundador y Presidente de Advens<\/span>\n    <\/figcaption>\n  <\/div>\n<\/figure>\n\n\n\n\n  <div id=\"block-liens-1375122619\" class=\"acf-block-liens d-flex flex-column commun-liste -liste bg-grey-white p-3 p-xl-5 rounded text-grey-carbon aligncenter\">\n    <div class=\"text-uppercase small mb-3\">\n              Enlace\n          <\/div>\n    <div class=\"liste d-flex flex-column justify-content-start align-items-start gap-3\">\n              <div class=\"content\">\n          <div class=\"content__title strong\">Entrevista con Alexandre Fayeulle en Leaders League (Ingl\u00e9s)<\/div>\n          <a class=\"content__link d-flex justify-content-start align-items-center gap-2\" href=\"https:\/\/www.leadersleague.com\/fr\/news\/fayeulle-cybersecurity-has-become-a-highly-strategic-field-where-the-sovereignty-of-states-and-our-online-lives-are-at-stake\" target=\"_blank\" rel=\"noopener\" aria-label=\"Leaders League\">\n            <svg class=\"svg-icon aspect-ratio-1-1\" width=\"20\" height=\"20\" xmlns=\"http:\/\/www.w3.org\/2000\/svg\" viewbox=\"0 0 40.256 40.256\"><path d=\"M29.074 40.256H6.71c-1.792 0-3.477-.698-4.744-1.965S0 35.339 0 33.547V11.182C0 9.39.698 7.705 1.965 6.438S4.917 4.473 6.71 4.473h8.946a2.236 2.236 0 1 1 0 4.473H6.71c-.597 0-1.159.232-1.581.655s-.655.984-.655 1.581v22.365c0 .597.233 1.159.655 1.581.422.423.984.655 1.581.655h22.365c.598 0 1.16-.232 1.582-.655.422-.422.655-.984.655-1.581V24.6a2.236 2.236 0 0 1 4.473 0v8.946a6.666 6.666 0 0 1-1.965 4.744 6.666 6.666 0 0 1-4.745 1.965zM15.655 26.837a2.237 2.237 0 0 1-1.581-3.818L32.621 4.474H24.6a2.236 2.236 0 1 1 0-4.473h13.42a2.23 2.23 0 0 1 1.561.636l.005.005h.001l.004.004.004.005.005.005.005.005.003.002.002.002a.048.048 0 0 1 .004.005 2.23 2.23 0 0 1 .64 1.567l.001 13.419a2.236 2.236 0 1 1-4.473 0v-8.02L17.236 26.182a2.228 2.228 0 0 1-1.58.655z\"\/><\/svg>\n            <span>Leaders League<\/span>\n          <\/a>\n        <\/div>\n          <\/div>\n  <\/div>\n\n\n\n<hr class=\"wp-block-separator has-alpha-channel-opacity\"\/>\n\n\n\n\n  \n\n<div id=\"block-push-4-colonnes-2142712522\" class=\"acf-block-push-contenus-4colonnes alignwide\">\n      \n  \n\n<div class=\"commun-liste li-carousel carousel\" data-component=\"CommunListe\">\n      <div class=\"default-block-header d-flex flex-wrap justify-content-between align-items-center\">\n              <h2 class=\"title title-6 mb-4\">\n                      Nuestros primeros compromisos con la Ciberseguridad, las personas y el planeta\n                                      <\/h2>\n                <\/div>\n  \n  <div class=\"liste \">\n                          \n  \n  <div class=\"swiper swiper-container li-carousel carousel\" data-component=\"Carousel\"  data-component-options='{\"perViewDesktop\":4}'  data-navigation=\"true\">\n    <div class=\"swiper-wrapper\">\n              <div class=\"swiper-slide\">\n          \n\n\n\n  \n\n\n\n      \n\n\n\n<div class=\"list-item  h-100\" >\n  <div class=\"list-item-content  h-100\">\n    <div class=\"card card__push4 h-100\">\n      <a href=\"https:\/\/www.nifty-shtern.217-160-68-194.plesk.page\/es\/compromiso\/ciberseguridad-accesible\/\" class=\"card-link\" title=\"Ver detalles\"><\/a>\n                        <div class=\"card-image\">\n            <img decoding=\"async\" src=\"https:\/\/www.nifty-shtern.217-160-68-194.plesk.page\/app\/uploads\/2022\/05\/img-5764.jpg\" loading=\"lazy\" alt=\"Hacer m\u00e1s accesible la ciberseguridad\" class=\"card-img-top\"\/>\n          <\/div>\n                    <div class=\"card-body content\">\n                  <div class=\"meta-top mb-3 small\">\n            Compromiso\n          <\/div>\n                <h3 class=\"card-title title\">\n          Hacer m\u00e1s accesible la ciberseguridad\n        <\/h3>\n      <\/div>\n      <div class=\"card-overlay\">\n                  <div class=\"card-overlay__meta-top\">\n            Compromiso\n          <\/div>\n                <strong class=\"card-overlay__title card-title\">\n          Hacer m\u00e1s accesible la ciberseguridad\n        <\/strong>\n                  <p class=\"card-overlay__text\">\n                        La seguridad es un bien que protege nuestras libertades. Todos tienen derecho a ella, sin excepci\u00f3n. Todas las organizaciones, de todo tipo y tama\u00f1&#8230;\n          <\/p>\n                          <div class=\"card-overlay__bottom\">\n            <span class=\"btn btn-primary\">\n              Leer m\u00e1s\n            <\/span>\n          <\/div>\n              <\/div>\n    <\/div>\n  <\/div>\n<\/div>\n\n        <\/div>\n              <div class=\"swiper-slide\">\n          \n\n\n\n  \n\n\n\n      \n\n\n\n<div class=\"list-item  h-100\" >\n  <div class=\"list-item-content  h-100\">\n    <div class=\"card card__push4 h-100\">\n      <a href=\"https:\/\/www.nifty-shtern.217-160-68-194.plesk.page\/es\/compromiso\/cyber-academia\/\" class=\"card-link\" title=\"Ver detalles\"><\/a>\n                        <div class=\"card-image\">\n            <img decoding=\"async\" src=\"https:\/\/www.nifty-shtern.217-160-68-194.plesk.page\/app\/uploads\/2022\/05\/advens-video-capture-quo-4.jpg\" loading=\"lazy\" alt=\"Programa de inclusi\u00f3n para la ciberseguridad\" class=\"card-img-top\"\/>\n          <\/div>\n                    <div class=\"card-body content\">\n                  <div class=\"meta-top mb-3 small\">\n            Compromiso\n          <\/div>\n                <h3 class=\"card-title title\">\n          Programa de inclusi\u00f3n para la ciberseguridad\n        <\/h3>\n      <\/div>\n      <div class=\"card-overlay\">\n                  <div class=\"card-overlay__meta-top\">\n            Compromiso\n          <\/div>\n                <strong class=\"card-overlay__title card-title\">\n          Programa de inclusi\u00f3n para la ciberseguridad\n        <\/strong>\n                  <p class=\"card-overlay__text\">\n                        Millones de j\u00f3venes franceses atraviesan grandes dificultades, sin empleo, sin vivienda ni titulaci\u00f3n. Entre ellos hay probablemente cientos de tal&#8230;\n          <\/p>\n                          <div class=\"card-overlay__bottom\">\n            <span class=\"btn btn-primary\">\n              Leer m\u00e1s\n            <\/span>\n          <\/div>\n              <\/div>\n    <\/div>\n  <\/div>\n<\/div>\n\n        <\/div>\n              <div class=\"swiper-slide\">\n          \n\n\n\n  \n\n\n\n      \n\n\n\n<div class=\"list-item  h-100\" >\n  <div class=\"list-item-content  h-100\">\n    <div class=\"card card__push4 h-100\">\n      <a href=\"https:\/\/www.nifty-shtern.217-160-68-194.plesk.page\/es\/compromiso\/linkedout-advens\/\" class=\"card-link\" title=\"Ver detalles\"><\/a>\n                        <div class=\"card-image\">\n            <img decoding=\"async\" src=\"https:\/\/www.nifty-shtern.217-160-68-194.plesk.page\/app\/uploads\/2022\/03\/photo1-ac4i1172-pierre-bouras-crop.png\" loading=\"lazy\" alt=\"LinkedOut: acelerado por Advens\" class=\"card-img-top\"\/>\n          <\/div>\n                    <div class=\"card-body content\">\n                  <div class=\"meta-top mb-3 small\">\n            Compromiso\n          <\/div>\n                <h3 class=\"card-title title\">\n          LinkedOut: acelerado por Advens\n        <\/h3>\n      <\/div>\n      <div class=\"card-overlay\">\n                  <div class=\"card-overlay__meta-top\">\n            Compromiso\n          <\/div>\n                <strong class=\"card-overlay__title card-title\">\n          LinkedOut: acelerado por Advens\n        <\/strong>\n                  <p class=\"card-overlay__text\">\n                        Desde abril de 2020, Advens participa en la aventura del patr\u00f3n Thomas Ruyant. Tenemos un doble objetivo: contribuir a que sea lo m\u00e1s competitivo p&#8230;\n          <\/p>\n                          <div class=\"card-overlay__bottom\">\n            <span class=\"btn btn-primary\">\n              Leer m\u00e1s\n            <\/span>\n          <\/div>\n              <\/div>\n    <\/div>\n  <\/div>\n<\/div>\n\n        <\/div>\n          <\/div>\n      <\/div>\n      <\/div>\n<\/div>  <\/div>","protected":false},"excerpt":{"rendered":"<p>La ciberseguridad es imprescindible para el desarrollo de las organizaciones. Este aspecto no se discute, pero para nosotros es mucho m\u00e1s que eso.<\/p>\n","protected":false},"author":3,"featured_media":15760,"parent":0,"menu_order":4,"comment_status":"closed","ping_status":"closed","template":"tmpl-landing.php","meta":{"_acf_changed":false,"content-type":"","footnotes":""},"class_list":["post-15606","page","type-page","status-publish","has-post-thumbnail","hentry"],"acf":[],"yoast_head":"<!-- This site is optimized with the Yoast SEO plugin v24.8.1 - https:\/\/yoast.com\/wordpress\/plugins\/seo\/ -->\n<title>Prop\u00f3sito - Advens<\/title>\n<meta name=\"description\" content=\"La ciberseguridad es imprescindible para el desarrollo de las organizaciones. Este aspecto no se discute, pero para nosotros es mucho m\u00e1s que eso.\" \/>\n<meta name=\"robots\" content=\"index, follow, max-snippet:-1, max-image-preview:large, max-video-preview:-1\" \/>\n<link rel=\"canonical\" href=\"https:\/\/www.advens.test\/es\/proposito-2\/\" \/>\n<meta property=\"og:locale\" content=\"es_ES\" \/>\n<meta property=\"og:type\" content=\"article\" \/>\n<meta property=\"og:title\" content=\"Prop\u00f3sito - Advens\" \/>\n<meta property=\"og:description\" content=\"La ciberseguridad es imprescindible para el desarrollo de las organizaciones. Este aspecto no se discute, pero para nosotros es mucho m\u00e1s que eso.\" \/>\n<meta property=\"og:url\" content=\"https:\/\/www.advens.test\/es\/proposito-2\/\" \/>\n<meta property=\"og:site_name\" content=\"Advens\" \/>\n<meta property=\"article:modified_time\" content=\"2025-05-19T09:19:54+00:00\" \/>\n<meta property=\"og:image\" content=\"https:\/\/www.advens.test\/app\/uploads\/2025\/01\/vulnraisonetre.png\" \/>\n\t<meta property=\"og:image:width\" content=\"943\" \/>\n\t<meta property=\"og:image:height\" content=\"831\" \/>\n\t<meta property=\"og:image:type\" content=\"image\/png\" \/>\n<meta name=\"twitter:card\" content=\"summary_large_image\" \/>\n<script type=\"application\/ld+json\" class=\"yoast-schema-graph\">{\"@context\":\"https:\/\/schema.org\",\"@graph\":[{\"@type\":\"WebPage\",\"@id\":\"https:\/\/www.advens.test\/es\/proposito-2\/\",\"url\":\"https:\/\/www.advens.test\/es\/proposito-2\/\",\"name\":\"Prop\u00f3sito - Advens\",\"isPartOf\":{\"@id\":\"https:\/\/www.advens.test\/#website\"},\"primaryImageOfPage\":{\"@id\":\"https:\/\/www.advens.test\/es\/proposito-2\/#primaryimage\"},\"image\":{\"@id\":\"https:\/\/www.advens.test\/es\/proposito-2\/#primaryimage\"},\"thumbnailUrl\":\"https:\/\/www.nifty-shtern.217-160-68-194.plesk.page\/app\/uploads\/2025\/01\/vulnraisonetre.png\",\"datePublished\":\"2025-01-21T15:08:59+00:00\",\"dateModified\":\"2025-05-19T09:19:54+00:00\",\"description\":\"La ciberseguridad es imprescindible para el desarrollo de las organizaciones. Este aspecto no se discute, pero para nosotros es mucho m\u00e1s que eso.\",\"breadcrumb\":{\"@id\":\"https:\/\/www.advens.test\/es\/proposito-2\/#breadcrumb\"},\"inLanguage\":\"es\",\"potentialAction\":[{\"@type\":\"ReadAction\",\"target\":[\"https:\/\/www.advens.test\/es\/proposito-2\/\"]}]},{\"@type\":\"ImageObject\",\"inLanguage\":\"es\",\"@id\":\"https:\/\/www.advens.test\/es\/proposito-2\/#primaryimage\",\"url\":\"https:\/\/www.nifty-shtern.217-160-68-194.plesk.page\/app\/uploads\/2025\/01\/vulnraisonetre.png\",\"contentUrl\":\"https:\/\/www.nifty-shtern.217-160-68-194.plesk.page\/app\/uploads\/2025\/01\/vulnraisonetre.png\",\"width\":943,\"height\":831},{\"@type\":\"BreadcrumbList\",\"@id\":\"https:\/\/www.advens.test\/es\/proposito-2\/#breadcrumb\",\"itemListElement\":[{\"@type\":\"ListItem\",\"position\":1,\"name\":\"Home\",\"item\":\"https:\/\/www.advens.test\/es\/\"},{\"@type\":\"ListItem\",\"position\":2,\"name\":\"Prop\u00f3sito\"}]},{\"@type\":\"WebSite\",\"@id\":\"https:\/\/www.advens.test\/#website\",\"url\":\"https:\/\/www.advens.test\/\",\"name\":\"Advens\",\"description\":\"For Cyber, People &amp; Planet\",\"publisher\":{\"@id\":\"https:\/\/www.advens.test\/#organization\"},\"potentialAction\":[{\"@type\":\"SearchAction\",\"target\":{\"@type\":\"EntryPoint\",\"urlTemplate\":\"https:\/\/www.advens.test\/?s={search_term_string}\"},\"query-input\":{\"@type\":\"PropertyValueSpecification\",\"valueRequired\":true,\"valueName\":\"search_term_string\"}}],\"inLanguage\":\"es\"},{\"@type\":\"Organization\",\"@id\":\"https:\/\/www.advens.test\/#organization\",\"name\":\"Advens\",\"url\":\"https:\/\/www.advens.test\/\",\"logo\":{\"@type\":\"ImageObject\",\"inLanguage\":\"es\",\"@id\":\"https:\/\/www.advens.test\/#\/schema\/logo\/image\/\",\"url\":\"https:\/\/www.nifty-shtern.217-160-68-194.plesk.page\/app\/uploads\/2025\/07\/Logotype-aDvens-Cybersecurity.png\",\"contentUrl\":\"https:\/\/www.nifty-shtern.217-160-68-194.plesk.page\/app\/uploads\/2025\/07\/Logotype-aDvens-Cybersecurity.png\",\"width\":1501,\"height\":1501,\"caption\":\"Advens\"},\"image\":{\"@id\":\"https:\/\/www.advens.test\/#\/schema\/logo\/image\/\"},\"sameAs\":[\"https:\/\/www.linkedin.com\/company\/advens\/\"]}]}<\/script>\n<!-- \/ Yoast SEO plugin. -->","yoast_head_json":{"title":"Prop\u00f3sito - Advens","description":"La ciberseguridad es imprescindible para el desarrollo de las organizaciones. Este aspecto no se discute, pero para nosotros es mucho m\u00e1s que eso.","robots":{"index":"index","follow":"follow","max-snippet":"max-snippet:-1","max-image-preview":"max-image-preview:large","max-video-preview":"max-video-preview:-1"},"canonical":"https:\/\/www.advens.test\/es\/proposito-2\/","og_locale":"es_ES","og_type":"article","og_title":"Prop\u00f3sito - Advens","og_description":"La ciberseguridad es imprescindible para el desarrollo de las organizaciones. Este aspecto no se discute, pero para nosotros es mucho m\u00e1s que eso.","og_url":"https:\/\/www.advens.test\/es\/proposito-2\/","og_site_name":"Advens","article_modified_time":"2025-05-19T09:19:54+00:00","og_image":[{"width":943,"height":831,"url":"https:\/\/www.advens.test\/app\/uploads\/2025\/01\/vulnraisonetre.png","type":"image\/png"}],"twitter_card":"summary_large_image","schema":{"@context":"https:\/\/schema.org","@graph":[{"@type":"WebPage","@id":"https:\/\/www.advens.test\/es\/proposito-2\/","url":"https:\/\/www.advens.test\/es\/proposito-2\/","name":"Prop\u00f3sito - Advens","isPartOf":{"@id":"https:\/\/www.advens.test\/#website"},"primaryImageOfPage":{"@id":"https:\/\/www.advens.test\/es\/proposito-2\/#primaryimage"},"image":{"@id":"https:\/\/www.advens.test\/es\/proposito-2\/#primaryimage"},"thumbnailUrl":"https:\/\/www.nifty-shtern.217-160-68-194.plesk.page\/app\/uploads\/2025\/01\/vulnraisonetre.png","datePublished":"2025-01-21T15:08:59+00:00","dateModified":"2025-05-19T09:19:54+00:00","description":"La ciberseguridad es imprescindible para el desarrollo de las organizaciones. Este aspecto no se discute, pero para nosotros es mucho m\u00e1s que eso.","breadcrumb":{"@id":"https:\/\/www.advens.test\/es\/proposito-2\/#breadcrumb"},"inLanguage":"es","potentialAction":[{"@type":"ReadAction","target":["https:\/\/www.advens.test\/es\/proposito-2\/"]}]},{"@type":"ImageObject","inLanguage":"es","@id":"https:\/\/www.advens.test\/es\/proposito-2\/#primaryimage","url":"https:\/\/www.nifty-shtern.217-160-68-194.plesk.page\/app\/uploads\/2025\/01\/vulnraisonetre.png","contentUrl":"https:\/\/www.nifty-shtern.217-160-68-194.plesk.page\/app\/uploads\/2025\/01\/vulnraisonetre.png","width":943,"height":831},{"@type":"BreadcrumbList","@id":"https:\/\/www.advens.test\/es\/proposito-2\/#breadcrumb","itemListElement":[{"@type":"ListItem","position":1,"name":"Home","item":"https:\/\/www.advens.test\/es\/"},{"@type":"ListItem","position":2,"name":"Prop\u00f3sito"}]},{"@type":"WebSite","@id":"https:\/\/www.advens.test\/#website","url":"https:\/\/www.advens.test\/","name":"Advens","description":"For Cyber, People &amp; Planet","publisher":{"@id":"https:\/\/www.advens.test\/#organization"},"potentialAction":[{"@type":"SearchAction","target":{"@type":"EntryPoint","urlTemplate":"https:\/\/www.advens.test\/?s={search_term_string}"},"query-input":{"@type":"PropertyValueSpecification","valueRequired":true,"valueName":"search_term_string"}}],"inLanguage":"es"},{"@type":"Organization","@id":"https:\/\/www.advens.test\/#organization","name":"Advens","url":"https:\/\/www.advens.test\/","logo":{"@type":"ImageObject","inLanguage":"es","@id":"https:\/\/www.advens.test\/#\/schema\/logo\/image\/","url":"https:\/\/www.nifty-shtern.217-160-68-194.plesk.page\/app\/uploads\/2025\/07\/Logotype-aDvens-Cybersecurity.png","contentUrl":"https:\/\/www.nifty-shtern.217-160-68-194.plesk.page\/app\/uploads\/2025\/07\/Logotype-aDvens-Cybersecurity.png","width":1501,"height":1501,"caption":"Advens"},"image":{"@id":"https:\/\/www.advens.test\/#\/schema\/logo\/image\/"},"sameAs":["https:\/\/www.linkedin.com\/company\/advens\/"]}]}},"_links":{"self":[{"href":"https:\/\/www.nifty-shtern.217-160-68-194.plesk.page\/es\/wp-json\/wp\/v2\/pages\/15606","targetHints":{"allow":["GET"]}}],"collection":[{"href":"https:\/\/www.nifty-shtern.217-160-68-194.plesk.page\/es\/wp-json\/wp\/v2\/pages"}],"about":[{"href":"https:\/\/www.nifty-shtern.217-160-68-194.plesk.page\/es\/wp-json\/wp\/v2\/types\/page"}],"author":[{"embeddable":true,"href":"https:\/\/www.nifty-shtern.217-160-68-194.plesk.page\/es\/wp-json\/wp\/v2\/users\/3"}],"replies":[{"embeddable":true,"href":"https:\/\/www.nifty-shtern.217-160-68-194.plesk.page\/es\/wp-json\/wp\/v2\/comments?post=15606"}],"version-history":[{"count":1,"href":"https:\/\/www.nifty-shtern.217-160-68-194.plesk.page\/es\/wp-json\/wp\/v2\/pages\/15606\/revisions"}],"predecessor-version":[{"id":23821,"href":"https:\/\/www.nifty-shtern.217-160-68-194.plesk.page\/es\/wp-json\/wp\/v2\/pages\/15606\/revisions\/23821"}],"wp:featuredmedia":[{"embeddable":true,"href":"https:\/\/www.nifty-shtern.217-160-68-194.plesk.page\/es\/wp-json\/wp\/v2\/media\/15760"}],"wp:attachment":[{"href":"https:\/\/www.nifty-shtern.217-160-68-194.plesk.page\/es\/wp-json\/wp\/v2\/media?parent=15606"}],"curies":[{"name":"wp","href":"https:\/\/api.w.org\/{rel}","templated":true}]}}