{"id":24077,"date":"2022-03-30T09:28:44","date_gmt":"2022-03-30T07:28:44","guid":{"rendered":"https:\/\/www.advens.test\/evenements-passes\/"},"modified":"2025-08-23T11:14:43","modified_gmt":"2025-08-23T09:14:43","slug":"evenements-passes","status":"publish","type":"page","link":"https:\/\/www.nifty-shtern.217-160-68-194.plesk.page\/es\/evenements-passes\/","title":{"rendered":"Eventos pasados"},"content":{"rendered":"","protected":false},"excerpt":{"rendered":"<p>Retrouvez ici l&#8217;ensemble des replays de nos \u00e9v\u00e8nements pass\u00e9s<\/p>\n","protected":false},"author":3,"featured_media":0,"parent":0,"menu_order":14,"comment_status":"closed","ping_status":"closed","template":"","meta":{"_acf_changed":false,"content-type":"","footnotes":""},"class_list":["post-24077","page","type-page","status-publish","hentry"],"acf":[],"yoast_head":"<!-- This site is optimized with the Yoast SEO plugin v24.8.1 - https:\/\/yoast.com\/wordpress\/plugins\/seo\/ -->\n<title>Eventos pasados - Advens<\/title>\n<meta name=\"description\" content=\"Retrouvez ici l&#039;ensemble des replays de nos \u00e9v\u00e8nements pass\u00e9s\" \/>\n<meta name=\"robots\" content=\"index, follow, max-snippet:-1, max-image-preview:large, max-video-preview:-1\" \/>\n<link rel=\"canonical\" href=\"https:\/\/www.nifty-shtern.217-160-68-194.plesk.page\/es\/evenements-passes\/\" \/>\n<meta property=\"og:locale\" content=\"es_ES\" \/>\n<meta property=\"og:type\" content=\"article\" \/>\n<meta property=\"og:title\" content=\"Eventos pasados - Advens\" \/>\n<meta property=\"og:description\" content=\"Retrouvez ici l&#039;ensemble des replays de nos \u00e9v\u00e8nements pass\u00e9s\" \/>\n<meta property=\"og:url\" content=\"https:\/\/www.nifty-shtern.217-160-68-194.plesk.page\/es\/evenements-passes\/\" \/>\n<meta property=\"og:site_name\" content=\"Advens\" \/>\n<meta property=\"article:modified_time\" content=\"2025-08-23T09:14:43+00:00\" \/>\n<meta name=\"twitter:card\" content=\"summary_large_image\" \/>\n<script type=\"application\/ld+json\" class=\"yoast-schema-graph\">{\"@context\":\"https:\/\/schema.org\",\"@graph\":[{\"@type\":\"WebPage\",\"@id\":\"https:\/\/www.nifty-shtern.217-160-68-194.plesk.page\/es\/evenements-passes\/\",\"url\":\"https:\/\/www.nifty-shtern.217-160-68-194.plesk.page\/es\/evenements-passes\/\",\"name\":\"Eventos pasados - Advens\",\"isPartOf\":{\"@id\":\"https:\/\/www.advens.test\/#website\"},\"datePublished\":\"2022-03-30T07:28:44+00:00\",\"dateModified\":\"2025-08-23T09:14:43+00:00\",\"description\":\"Retrouvez ici l'ensemble des replays de nos \u00e9v\u00e8nements pass\u00e9s\",\"breadcrumb\":{\"@id\":\"https:\/\/www.nifty-shtern.217-160-68-194.plesk.page\/es\/evenements-passes\/#breadcrumb\"},\"inLanguage\":\"es\",\"potentialAction\":[{\"@type\":\"ReadAction\",\"target\":[\"https:\/\/www.nifty-shtern.217-160-68-194.plesk.page\/es\/evenements-passes\/\"]}]},{\"@type\":\"BreadcrumbList\",\"@id\":\"https:\/\/www.nifty-shtern.217-160-68-194.plesk.page\/es\/evenements-passes\/#breadcrumb\",\"itemListElement\":[{\"@type\":\"ListItem\",\"position\":1,\"name\":\"Home\",\"item\":\"https:\/\/www.advens.test\/es\/\"},{\"@type\":\"ListItem\",\"position\":2,\"name\":\"Eventos pasados\"}]},{\"@type\":\"WebSite\",\"@id\":\"https:\/\/www.advens.test\/#website\",\"url\":\"https:\/\/www.advens.test\/\",\"name\":\"Advens\",\"description\":\"For Cyber, People &amp; Planet\",\"publisher\":{\"@id\":\"https:\/\/www.advens.test\/#organization\"},\"potentialAction\":[{\"@type\":\"SearchAction\",\"target\":{\"@type\":\"EntryPoint\",\"urlTemplate\":\"https:\/\/www.advens.test\/?s={search_term_string}\"},\"query-input\":{\"@type\":\"PropertyValueSpecification\",\"valueRequired\":true,\"valueName\":\"search_term_string\"}}],\"inLanguage\":\"es\"},{\"@type\":\"Organization\",\"@id\":\"https:\/\/www.advens.test\/#organization\",\"name\":\"Advens\",\"url\":\"https:\/\/www.advens.test\/\",\"logo\":{\"@type\":\"ImageObject\",\"inLanguage\":\"es\",\"@id\":\"https:\/\/www.advens.test\/#\/schema\/logo\/image\/\",\"url\":\"https:\/\/www.nifty-shtern.217-160-68-194.plesk.page\/app\/uploads\/2025\/07\/Logotype-aDvens-Cybersecurity.png\",\"contentUrl\":\"https:\/\/www.nifty-shtern.217-160-68-194.plesk.page\/app\/uploads\/2025\/07\/Logotype-aDvens-Cybersecurity.png\",\"width\":1501,\"height\":1501,\"caption\":\"Advens\"},\"image\":{\"@id\":\"https:\/\/www.advens.test\/#\/schema\/logo\/image\/\"},\"sameAs\":[\"https:\/\/www.linkedin.com\/company\/advens\/\"]}]}<\/script>\n<!-- \/ Yoast SEO plugin. -->","yoast_head_json":{"title":"Eventos pasados - Advens","description":"Retrouvez ici l'ensemble des replays de nos \u00e9v\u00e8nements pass\u00e9s","robots":{"index":"index","follow":"follow","max-snippet":"max-snippet:-1","max-image-preview":"max-image-preview:large","max-video-preview":"max-video-preview:-1"},"canonical":"https:\/\/www.nifty-shtern.217-160-68-194.plesk.page\/es\/evenements-passes\/","og_locale":"es_ES","og_type":"article","og_title":"Eventos pasados - Advens","og_description":"Retrouvez ici l'ensemble des replays de nos \u00e9v\u00e8nements pass\u00e9s","og_url":"https:\/\/www.nifty-shtern.217-160-68-194.plesk.page\/es\/evenements-passes\/","og_site_name":"Advens","article_modified_time":"2025-08-23T09:14:43+00:00","twitter_card":"summary_large_image","schema":{"@context":"https:\/\/schema.org","@graph":[{"@type":"WebPage","@id":"https:\/\/www.nifty-shtern.217-160-68-194.plesk.page\/es\/evenements-passes\/","url":"https:\/\/www.nifty-shtern.217-160-68-194.plesk.page\/es\/evenements-passes\/","name":"Eventos pasados - Advens","isPartOf":{"@id":"https:\/\/www.advens.test\/#website"},"datePublished":"2022-03-30T07:28:44+00:00","dateModified":"2025-08-23T09:14:43+00:00","description":"Retrouvez ici l'ensemble des replays de nos \u00e9v\u00e8nements pass\u00e9s","breadcrumb":{"@id":"https:\/\/www.nifty-shtern.217-160-68-194.plesk.page\/es\/evenements-passes\/#breadcrumb"},"inLanguage":"es","potentialAction":[{"@type":"ReadAction","target":["https:\/\/www.nifty-shtern.217-160-68-194.plesk.page\/es\/evenements-passes\/"]}]},{"@type":"BreadcrumbList","@id":"https:\/\/www.nifty-shtern.217-160-68-194.plesk.page\/es\/evenements-passes\/#breadcrumb","itemListElement":[{"@type":"ListItem","position":1,"name":"Home","item":"https:\/\/www.advens.test\/es\/"},{"@type":"ListItem","position":2,"name":"Eventos pasados"}]},{"@type":"WebSite","@id":"https:\/\/www.advens.test\/#website","url":"https:\/\/www.advens.test\/","name":"Advens","description":"For Cyber, People &amp; Planet","publisher":{"@id":"https:\/\/www.advens.test\/#organization"},"potentialAction":[{"@type":"SearchAction","target":{"@type":"EntryPoint","urlTemplate":"https:\/\/www.advens.test\/?s={search_term_string}"},"query-input":{"@type":"PropertyValueSpecification","valueRequired":true,"valueName":"search_term_string"}}],"inLanguage":"es"},{"@type":"Organization","@id":"https:\/\/www.advens.test\/#organization","name":"Advens","url":"https:\/\/www.advens.test\/","logo":{"@type":"ImageObject","inLanguage":"es","@id":"https:\/\/www.advens.test\/#\/schema\/logo\/image\/","url":"https:\/\/www.nifty-shtern.217-160-68-194.plesk.page\/app\/uploads\/2025\/07\/Logotype-aDvens-Cybersecurity.png","contentUrl":"https:\/\/www.nifty-shtern.217-160-68-194.plesk.page\/app\/uploads\/2025\/07\/Logotype-aDvens-Cybersecurity.png","width":1501,"height":1501,"caption":"Advens"},"image":{"@id":"https:\/\/www.advens.test\/#\/schema\/logo\/image\/"},"sameAs":["https:\/\/www.linkedin.com\/company\/advens\/"]}]}},"_links":{"self":[{"href":"https:\/\/www.nifty-shtern.217-160-68-194.plesk.page\/es\/wp-json\/wp\/v2\/pages\/24077","targetHints":{"allow":["GET"]}}],"collection":[{"href":"https:\/\/www.nifty-shtern.217-160-68-194.plesk.page\/es\/wp-json\/wp\/v2\/pages"}],"about":[{"href":"https:\/\/www.nifty-shtern.217-160-68-194.plesk.page\/es\/wp-json\/wp\/v2\/types\/page"}],"author":[{"embeddable":true,"href":"https:\/\/www.nifty-shtern.217-160-68-194.plesk.page\/es\/wp-json\/wp\/v2\/users\/3"}],"replies":[{"embeddable":true,"href":"https:\/\/www.nifty-shtern.217-160-68-194.plesk.page\/es\/wp-json\/wp\/v2\/comments?post=24077"}],"version-history":[{"count":4,"href":"https:\/\/www.nifty-shtern.217-160-68-194.plesk.page\/es\/wp-json\/wp\/v2\/pages\/24077\/revisions"}],"predecessor-version":[{"id":25952,"href":"https:\/\/www.nifty-shtern.217-160-68-194.plesk.page\/es\/wp-json\/wp\/v2\/pages\/24077\/revisions\/25952"}],"wp:attachment":[{"href":"https:\/\/www.nifty-shtern.217-160-68-194.plesk.page\/es\/wp-json\/wp\/v2\/media?parent=24077"}],"curies":[{"name":"wp","href":"https:\/\/api.w.org\/{rel}","templated":true}]}}