{"id":6213,"date":"2022-04-04T13:21:49","date_gmt":"2022-04-04T11:21:49","guid":{"rendered":"https:\/\/www.advens.test\/?page_id=6213"},"modified":"2025-06-02T13:25:29","modified_gmt":"2025-06-02T11:25:29","slug":"vida-en-advens","status":"publish","type":"page","link":"https:\/\/www.nifty-shtern.217-160-68-194.plesk.page\/es\/contratacion\/vida-en-advens\/","title":{"rendered":"La vida en Advens"},"content":{"rendered":"\n<hr class=\"wp-block-separator has-alpha-channel-opacity\"\/>\n\n\n\n\n<div id=\"block-image-texte-1613393811\" class=\"acf-block-image-texte alignwide\">\n  <div class=\"image-texte row gx-5 py-4 -gauche\">\n                            <div class=\"col-12 col-lg-6 image-container mb-3 mb-lg-0 \">\n              <div class=\"image mobile-full-width\">\n          <div class=\"image-content ratio-wrapper -square\" data-component=\"LazyImage\" >\n            <picture class=\"full bkg-cover\" >\n                              <source srcset=\"https:\/\/www.nifty-shtern.217-160-68-194.plesk.page\/app\/uploads\/2022\/03\/unsplash-hcfwew744z4-620x620.webp\" media=\"(min-width: 0px) and (max-width: 767.98px)\">\n                <source srcset=\"https:\/\/www.nifty-shtern.217-160-68-194.plesk.page\/app\/uploads\/2022\/03\/unsplash-hcfwew744z4.webp\" media=\"(min-width: 768px)\">\n                <img decoding=\"async\" class=\"img img-fluid rounded\" loading=\"lazy\" src=\"https:\/\/www.nifty-shtern.217-160-68-194.plesk.page\/app\/uploads\/2022\/03\/unsplash-hcfwew744z4.webp\" alt=\"\">\n                          <\/picture>\n          <\/div>\n        <\/div>\n                <\/div>\n    <div class=\"texte col-12 col-lg-6 -right d-flex flex-column justify-content-center align-items-start\">\n                    <h2 class=\"titre title-5\">\n          Autonom\u00eda real\n        <\/h2>\n                    <div class=\"text-content\">\n          <p>\u00bfPor qu\u00e9 trabajar todos los d\u00edas en la misma oficina, en el mismo lugar?<\/p>\n<p>Nuestros ritmos de vida son diferentes. Tambi\u00e9n lo son nuestras obligaciones, nuestros h\u00e1bitos, nuestra vida cotidiana. En Advens estamos convencidos de que una buena vida profesional depende de un buen equilibrio con tu vida personal.<\/p>\n<p>Hemos optado por que cada empleado goce de autonom\u00eda. Libertad en el trabajo, pero tambi\u00e9n en la forma de organizarte&#8230; a diario.<\/p>\n\n        <\/div>\n                            <\/div>\n  <\/div>\n<\/div>\n\n\n\n<hr class=\"wp-block-separator has-alpha-channel-opacity\"\/>\n\n\n\n\n<div id=\"block-image-texte-1405020514\" class=\"acf-block-image-texte alignwide\">\n  <div class=\"image-texte row gx-5 py-4 -droite\">\n                            <div class=\"col-12 col-lg-6 image-container mb-3 mb-lg-0 -right\">\n              <div class=\"image mobile-full-width\">\n          <div class=\"image-content ratio-wrapper -square\" data-component=\"LazyImage\" >\n            <picture class=\"full bkg-cover\" >\n                              <source srcset=\"https:\/\/www.nifty-shtern.217-160-68-194.plesk.page\/app\/uploads\/2022\/06\/advens-reportage-paris-dsc0268-620x620.webp\" media=\"(min-width: 0px) and (max-width: 767.98px)\">\n                <source srcset=\"https:\/\/www.nifty-shtern.217-160-68-194.plesk.page\/app\/uploads\/2022\/06\/advens-reportage-paris-dsc0268-1320x1278.webp\" media=\"(min-width: 768px)\">\n                <img decoding=\"async\" class=\"img img-fluid rounded\" loading=\"lazy\" src=\"https:\/\/www.nifty-shtern.217-160-68-194.plesk.page\/app\/uploads\/2022\/06\/advens-reportage-paris-dsc0268-1320x1278.webp\" alt=\"\">\n                          <\/picture>\n          <\/div>\n        <\/div>\n                <\/div>\n    <div class=\"texte col-12 col-lg-6  d-flex flex-column justify-content-center align-items-start\">\n                    <h2 class=\"titre title-5\">\n          Un equipo unido y experimentado\n        <\/h2>\n                    <div class=\"text-content\">\n          <p>Un equipo se construye y fortalece mediante la comunicaci\u00f3n.<\/p>\n<p>Nuestras semanas cuentan con varios momentos de convivencia pensados para compartir: REX, afterworks, spring off, team building, desayunos..<\/p>\n<p>La ayuda mutua, el respeto y la solidaridad en los equipos son los principales \u00e1mbitos de satisfacci\u00f3n que se desprenden de nuestras encuestas de bienestar.<\/p>\n<p>Pero lo mejor es verlo por ti mismo.<\/p>\n\n        <\/div>\n                            <\/div>\n  <\/div>\n<\/div>\n\n\n\n<hr class=\"wp-block-separator has-alpha-channel-opacity\"\/>\n\n\n\n\n<div id=\"block-colonnes-1408997740\" class=\"acf-block-colonnes colonnes alignwide\">\n  <div class=\"container\">\n    <div class=\"row mb-4\">\n      <div class=\"col-12\">\n        <h3>Desarrollos a medida<\/h3>\n                      <\/div>\n    <\/div>\n\n                  \n    <div class=\"row row-colonnes row-cols-1 row-cols-md-2 row-cols-xl-3 gy-4 mb-4 mb-xl-5\">\n              <div class=\"col -img\">\n          <div class=\"card h-100 bg-grey-white border-0\">\n            <div class=\"card-body\">\n                                                                  <div class=\"round-img mb-3\">\n                        <img decoding=\"async\" class=\"img-fluid\" src=\"https:\/\/www.nifty-shtern.217-160-68-194.plesk.page\/app\/uploads\/2022\/05\/advens-reportage-lyon-dsc2368-1-150x150.jpg\" alt=\"Advens_Reportage_Lyon_DSC2368\" loading=\"lazy\"\/>\n                    <\/div>\n                                              <h4>Puentes profesionales<\/h4>\n              <p>Somos un pure player: la mayor\u00eda de las ciberprofesiones est\u00e1n presentes en Advens. Y tambi\u00e9n los puentes entre ellas: si lo deseas, podemos acompa\u00f1arte hacia nuevas funciones o nuevas profesiones.<\/p>\n\n                          <\/div>\n          <\/div>\n        <\/div>\n              <div class=\"col -img\">\n          <div class=\"card h-100 bg-grey-white border-0\">\n            <div class=\"card-body\">\n                                                                  <div class=\"round-img mb-3\">\n                        <img decoding=\"async\" class=\"img-fluid\" src=\"https:\/\/www.nifty-shtern.217-160-68-194.plesk.page\/app\/uploads\/2022\/06\/advens-reportage-lyon-dsc2443-150x150.jpg\" alt=\"Advens_Reportage_Lyon_DSC2443\" loading=\"lazy\"\/>\n                    <\/div>\n                                              <h4>Movilidad geogr\u00e1fica<\/h4>\n              <p>En Francia o en el extranjero, nuestro desarrollo ofrece muchas oportunidades. El deseo de cambiar de vida no debe ser un obst\u00e1culo para tu desarrollo profesional.<\/p>\n\n                          <\/div>\n          <\/div>\n        <\/div>\n              <div class=\"col -img\">\n          <div class=\"card h-100 bg-grey-white border-0\">\n            <div class=\"card-body\">\n                                                                  <div class=\"round-img mb-3\">\n                        <img decoding=\"async\" class=\"img-fluid\" src=\"https:\/\/www.nifty-shtern.217-160-68-194.plesk.page\/app\/uploads\/2022\/04\/advens-reportage-paris-dsc0415-150x150.jpg\" alt=\"Advens_Reportage_Paris_DSC0415\" loading=\"lazy\"\/>\n                    <\/div>\n                                              <h4>Plan de desarrollo<\/h4>\n              <p>Los numerosos momentos de conversaci\u00f3n con tu responsable, y un plan de desarrollo personalizado (formaciones, certificaciones, aumento de la capacitaci\u00f3n&#8230;) te permiten desarrollarte seg\u00fan tus deseos.<\/p>\n\n                          <\/div>\n          <\/div>\n        <\/div>\n          <\/div>\n  <\/div>\n<\/div>\n\n\n\n<hr class=\"wp-block-separator has-alpha-channel-opacity\"\/>\n\n\n\n\n<div id=\"block-image-texte-986719639\" class=\"acf-block-image-texte alignwide\">\n  <div class=\"image-texte row gx-5 py-4 -gauche\">\n                            <div class=\"col-12 col-lg-6 image-container mb-3 mb-lg-0 \">\n              <div class=\"image mobile-full-width\">\n          <div class=\"image-content ratio-wrapper -square\" data-component=\"LazyImage\" >\n            <picture class=\"full bkg-cover\" >\n                              <source srcset=\"https:\/\/www.nifty-shtern.217-160-68-194.plesk.page\/app\/uploads\/2022\/03\/unsplash-kdeqa3atnby-620x620.webp\" media=\"(min-width: 0px) and (max-width: 767.98px)\">\n                <source srcset=\"https:\/\/www.nifty-shtern.217-160-68-194.plesk.page\/app\/uploads\/2022\/03\/unsplash-kdeqa3atnby.webp\" media=\"(min-width: 768px)\">\n                <img decoding=\"async\" class=\"img img-fluid rounded\" loading=\"lazy\" src=\"https:\/\/www.nifty-shtern.217-160-68-194.plesk.page\/app\/uploads\/2022\/03\/unsplash-kdeqa3atnby.webp\" alt=\"\">\n                          <\/picture>\n          <\/div>\n        <\/div>\n                <\/div>\n    <div class=\"texte col-12 col-lg-6 -right d-flex flex-column justify-content-center align-items-start\">\n                    <h2 class=\"titre title-5\">\n          Un compromiso con nuestra sociedad, con las personas y el planeta\n        <\/h2>\n                    <div class=\"text-content\">\n          <p>M\u00e1s que un equipo, somos un colectivo comprometido. Buscamos personas deseosas de contribuir a un mundo m\u00e1s seguro, inclusivo y respetuoso con el medio ambiente.<\/p>\n<p>Hay varias formas de conseguirlo. La calidad de nuestras realizaciones, nuestra comunicaci\u00f3n, nuestras acciones, el tiempo dedicado a las iniciativas&#8230; Hacemos todo lo posible para tener impacto.<\/p>\n<p>Para lograrlo, necesitamos tu compromiso.<\/p>\n\n        <\/div>\n                            <\/div>\n  <\/div>\n<\/div>\n\n\n\n<hr class=\"wp-block-separator has-alpha-channel-opacity\"\/>\n\n\n\n\n<div id=\"block-image-texte-1669419927\" class=\"acf-block-image-texte alignwide\">\n  <div class=\"image-texte row gx-5 py-4 -droite\">\n                            <div class=\"col-12 col-lg-6 image-container mb-3 mb-lg-0 -right\">\n              <div class=\"image mobile-full-width\">\n          <div class=\"image-content ratio-wrapper -square\" data-component=\"LazyImage\" >\n            <picture class=\"full bkg-cover\" >\n                              <source srcset=\"https:\/\/www.nifty-shtern.217-160-68-194.plesk.page\/app\/uploads\/2022\/06\/advens-reportage-lille-dsc1635-620x620.webp\" media=\"(min-width: 0px) and (max-width: 767.98px)\">\n                <source srcset=\"https:\/\/www.nifty-shtern.217-160-68-194.plesk.page\/app\/uploads\/2022\/06\/advens-reportage-lille-dsc1635-1320x1278.webp\" media=\"(min-width: 768px)\">\n                <img decoding=\"async\" class=\"img img-fluid rounded\" loading=\"lazy\" src=\"https:\/\/www.nifty-shtern.217-160-68-194.plesk.page\/app\/uploads\/2022\/06\/advens-reportage-lille-dsc1635-1320x1278.webp\" alt=\"\">\n                          <\/picture>\n          <\/div>\n        <\/div>\n                <\/div>\n    <div class=\"texte col-12 col-lg-6  d-flex flex-column justify-content-center align-items-start\">\n                    <h2 class=\"titre title-5\">\n          La fuerza de la diversidad\n        <\/h2>\n                    <div class=\"text-content\">\n          <p>Poco importa cu\u00e1l sea tu titulaci\u00f3n, tu formaci\u00f3n, tu perfil. Buscamos ante todo competencias, valores y motivaci\u00f3n.<\/p>\n<p>Nuestros programas de educaci\u00f3n e inclusi\u00f3n nos permiten incorporar a personas de distintas procedencias.<\/p>\n<p>As\u00ed es como se enriquece nuestro equipo: gracias a la diversidad, fuente inestimable de creatividad e innovaci\u00f3n.<\/p>\n\n        <\/div>\n                            <\/div>\n  <\/div>\n<\/div>\n\n\n\n<hr class=\"wp-block-separator has-alpha-channel-opacity\"\/>\n\n\n\n\n<div id=\"block-interviews-1493913356\" class=\"acf-block-interviews interviews alignwide\">\n      <div class=\"default-block-header header\">\n      <h2 class=\"title-6 title\">Nuestros embajadores<\/h2>\n    <\/div>\n  \n                    <div class=\"container\">\n          <div class=\"row\">\n            <div class=\"col-12 col-xl-6 d-flex flex-column justify-content-center\">\n              <blockquote>\n                <p class=\"introduction introduction text-primary fs-3\">\n                  \u00abEmpec\u00e9 mi carrera en Advens como pentester en Par\u00eds, centr\u00e1ndome en temas t\u00e9cnicos. Ahora dirijo el equipo de auditores de la oficina de Burdeos. Mi trabajo ha evolucionado conmigo\u00bb.\n                <\/p>\n                <cite>\n                  <strong class=\"texte-moyen-bold d-flex\">Tha\u00efs Laredo<\/strong>\n                  <span class=\"texte-moyen\">Team Manager Audit<\/span>\n                <\/cite>\n              <\/blockquote>\n              <div class=\"btns\">\n                                                  <a class=\"btn btn-primary\" href=\"https:\/\/www.nifty-shtern.217-160-68-194.plesk.page\/es\/contratacion\/\" target=\"\" title=\"Trabaja con nosotros\">\n                    Trabaja con nosotros\n                  <\/a>\n                              <\/div>\n            <\/div>\n            <div class=\"col-12 col-xl-6\">\n                          <\/div>\n          <\/div>\n        <\/div>\n            <\/div>\n\n\n<hr class=\"wp-block-separator has-alpha-channel-opacity\"\/>\n\n\n\n\n<div id=\"push-social-913088130\" class=\"acf-block-push-social alignfull py-3 py-md-5 py-xl-8 alignfull\">\n  <img decoding=\"async\" class=\"img-fluid img-bkg\" loading=\"lazy\" src=\"https:\/\/www.nifty-shtern.217-160-68-194.plesk.page\/app\/themes\/advens\/static\/img\/back-social-v2.jpg\" alt=\"\u00danete a nosotros en las redes sociales\">\n  <div class=\"wrapper-block\">\n    <h3 class=\"block-title\">\u00bfVienes?<\/h3>\n    <p class=\"block-paragraph\">\n      Obtenga m\u00e1s informaci\u00f3n sobre nuestros pensamientos, nuestros compromisos y nuestro seguimiento en las redes. Porque (por el momento) no hemos inventado nada mejor&#8230;\n    <\/p>\n    <div class=\"buttons d-grid d-md-flex gap-3 flex-wrap\">\n      <a href=\"https:\/\/www.linkedin.com\/company\/advens\" rel=\"nofollow\" target=\"_blank\" class=\"btn btn-primary\">Linkedin<\/a>\n      <a href=\"https:\/\/www.youtube.com\/@advens_cyber\" rel=\"nofollow\" target=\"_blank\" class=\"btn btn-primary\">Youtube<\/a>\n    <\/div>\n  <\/div>\n<\/div>","protected":false},"excerpt":{"rendered":"<p>Para nosotros, es vital ofrecer un entorno de trabajo agradable, un equilibrio adecuado con la vida personal, una vida cotidiana variada y la flexibilidad que ello conlleva. En Advens tenemos en cuenta las necesidades y la situaci\u00f3n de cada persona, para construir la organizaci\u00f3n que te agrade.<\/p>\n","protected":false},"author":3,"featured_media":2654,"parent":6139,"menu_order":8,"comment_status":"closed","ping_status":"closed","template":"","meta":{"_acf_changed":false,"content-type":"","footnotes":""},"class_list":["post-6213","page","type-page","status-publish","has-post-thumbnail","hentry"],"acf":[],"yoast_head":"<!-- This site is optimized with the Yoast SEO plugin v24.8.1 - https:\/\/yoast.com\/wordpress\/plugins\/seo\/ -->\n<title>La vida en Advens: la ciberseguridad y la humanidad<\/title>\n<meta name=\"description\" content=\"M\u00e1s que una aventura en la ciberseguridad, un equilibrio entre vida profesional y personal, oportunidades de desarrollo, diversidad...\" \/>\n<meta name=\"robots\" content=\"index, follow, max-snippet:-1, max-image-preview:large, max-video-preview:-1\" \/>\n<link rel=\"canonical\" href=\"https:\/\/www.advens.test\/recrutement\/vie-chez-advens\/\" \/>\n<meta property=\"og:locale\" content=\"es_ES\" \/>\n<meta property=\"og:type\" content=\"article\" \/>\n<meta property=\"og:title\" content=\"La vida en Advens: la ciberseguridad y la humanidad\" \/>\n<meta property=\"og:description\" content=\"M\u00e1s que una aventura en la ciberseguridad, un equilibrio entre vida profesional y personal, oportunidades de desarrollo, diversidad...\" \/>\n<meta property=\"og:url\" content=\"https:\/\/www.advens.test\/recrutement\/vie-chez-advens\/\" \/>\n<meta property=\"og:site_name\" content=\"Advens\" \/>\n<meta property=\"article:modified_time\" content=\"2025-06-02T11:25:29+00:00\" \/>\n<meta property=\"og:image\" content=\"https:\/\/www.advens.test\/app\/uploads\/2022\/06\/advens-reportage-lille-dsc1674.jpg\" \/>\n\t<meta property=\"og:image:width\" content=\"1920\" \/>\n\t<meta property=\"og:image:height\" content=\"1278\" \/>\n\t<meta property=\"og:image:type\" content=\"image\/jpeg\" \/>\n<meta name=\"twitter:card\" content=\"summary_large_image\" \/>\n<meta name=\"twitter:title\" content=\"La vida en Advens: la ciberseguridad y la humanidad\" \/>\n<meta name=\"twitter:description\" content=\"M\u00e1s que una aventura en la ciberseguridad, un equilibrio entre vida profesional y personal, oportunidades de desarrollo, diversidad...\" \/>\n<meta name=\"twitter:image\" content=\"https:\/\/www.nifty-shtern.217-160-68-194.plesk.page\/app\/uploads\/2022\/06\/advens-reportage-lille-dsc1674.jpg\" \/>\n<script type=\"application\/ld+json\" class=\"yoast-schema-graph\">{\"@context\":\"https:\/\/schema.org\",\"@graph\":[{\"@type\":\"WebPage\",\"@id\":\"https:\/\/www.advens.test\/recrutement\/vie-chez-advens\/\",\"url\":\"https:\/\/www.advens.test\/recrutement\/vie-chez-advens\/\",\"name\":\"La vida en Advens: la ciberseguridad y la humanidad\",\"isPartOf\":{\"@id\":\"https:\/\/www.advens.test\/#website\"},\"primaryImageOfPage\":{\"@id\":\"https:\/\/www.advens.test\/recrutement\/vie-chez-advens\/#primaryimage\"},\"image\":{\"@id\":\"https:\/\/www.advens.test\/recrutement\/vie-chez-advens\/#primaryimage\"},\"thumbnailUrl\":\"https:\/\/www.nifty-shtern.217-160-68-194.plesk.page\/app\/uploads\/2022\/06\/advens-reportage-lille-dsc1674.jpg\",\"datePublished\":\"2022-04-04T11:21:49+00:00\",\"dateModified\":\"2025-06-02T11:25:29+00:00\",\"description\":\"M\u00e1s que una aventura en la ciberseguridad, un equilibrio entre vida profesional y personal, oportunidades de desarrollo, diversidad...\",\"breadcrumb\":{\"@id\":\"https:\/\/www.advens.test\/recrutement\/vie-chez-advens\/#breadcrumb\"},\"inLanguage\":\"es\",\"potentialAction\":[{\"@type\":\"ReadAction\",\"target\":[\"https:\/\/www.advens.test\/recrutement\/vie-chez-advens\/\"]}]},{\"@type\":\"ImageObject\",\"inLanguage\":\"es\",\"@id\":\"https:\/\/www.advens.test\/recrutement\/vie-chez-advens\/#primaryimage\",\"url\":\"https:\/\/www.nifty-shtern.217-160-68-194.plesk.page\/app\/uploads\/2022\/06\/advens-reportage-lille-dsc1674.jpg\",\"contentUrl\":\"https:\/\/www.nifty-shtern.217-160-68-194.plesk.page\/app\/uploads\/2022\/06\/advens-reportage-lille-dsc1674.jpg\",\"width\":1920,\"height\":1278},{\"@type\":\"BreadcrumbList\",\"@id\":\"https:\/\/www.advens.test\/recrutement\/vie-chez-advens\/#breadcrumb\",\"itemListElement\":[{\"@type\":\"ListItem\",\"position\":1,\"name\":\"Home\",\"item\":\"https:\/\/www.advens.test\/es\/\"},{\"@type\":\"ListItem\",\"position\":2,\"name\":\"Contrataci\u00f3n\",\"item\":\"https:\/\/www.advens.test\/recrutement\/\"},{\"@type\":\"ListItem\",\"position\":3,\"name\":\"La vida en Advens\"}]},{\"@type\":\"WebSite\",\"@id\":\"https:\/\/www.advens.test\/#website\",\"url\":\"https:\/\/www.advens.test\/\",\"name\":\"Advens\",\"description\":\"For Cyber, People &amp; Planet\",\"publisher\":{\"@id\":\"https:\/\/www.advens.test\/#organization\"},\"potentialAction\":[{\"@type\":\"SearchAction\",\"target\":{\"@type\":\"EntryPoint\",\"urlTemplate\":\"https:\/\/www.advens.test\/?s={search_term_string}\"},\"query-input\":{\"@type\":\"PropertyValueSpecification\",\"valueRequired\":true,\"valueName\":\"search_term_string\"}}],\"inLanguage\":\"es\"},{\"@type\":\"Organization\",\"@id\":\"https:\/\/www.advens.test\/#organization\",\"name\":\"Advens\",\"url\":\"https:\/\/www.advens.test\/\",\"logo\":{\"@type\":\"ImageObject\",\"inLanguage\":\"es\",\"@id\":\"https:\/\/www.advens.test\/#\/schema\/logo\/image\/\",\"url\":\"https:\/\/www.nifty-shtern.217-160-68-194.plesk.page\/app\/uploads\/2025\/07\/Logotype-aDvens-Cybersecurity.png\",\"contentUrl\":\"https:\/\/www.nifty-shtern.217-160-68-194.plesk.page\/app\/uploads\/2025\/07\/Logotype-aDvens-Cybersecurity.png\",\"width\":1501,\"height\":1501,\"caption\":\"Advens\"},\"image\":{\"@id\":\"https:\/\/www.advens.test\/#\/schema\/logo\/image\/\"},\"sameAs\":[\"https:\/\/www.linkedin.com\/company\/advens\/\"]}]}<\/script>\n<!-- \/ Yoast SEO plugin. -->","yoast_head_json":{"title":"La vida en Advens: la ciberseguridad y la humanidad","description":"M\u00e1s que una aventura en la ciberseguridad, un equilibrio entre vida profesional y personal, oportunidades de desarrollo, diversidad...","robots":{"index":"index","follow":"follow","max-snippet":"max-snippet:-1","max-image-preview":"max-image-preview:large","max-video-preview":"max-video-preview:-1"},"canonical":"https:\/\/www.advens.test\/recrutement\/vie-chez-advens\/","og_locale":"es_ES","og_type":"article","og_title":"La vida en Advens: la ciberseguridad y la humanidad","og_description":"M\u00e1s que una aventura en la ciberseguridad, un equilibrio entre vida profesional y personal, oportunidades de desarrollo, diversidad...","og_url":"https:\/\/www.advens.test\/recrutement\/vie-chez-advens\/","og_site_name":"Advens","article_modified_time":"2025-06-02T11:25:29+00:00","og_image":[{"width":1920,"height":1278,"url":"https:\/\/www.advens.test\/app\/uploads\/2022\/06\/advens-reportage-lille-dsc1674.jpg","type":"image\/jpeg"}],"twitter_card":"summary_large_image","twitter_title":"La vida en Advens: la ciberseguridad y la humanidad","twitter_description":"M\u00e1s que una aventura en la ciberseguridad, un equilibrio entre vida profesional y personal, oportunidades de desarrollo, diversidad...","twitter_image":"https:\/\/www.nifty-shtern.217-160-68-194.plesk.page\/app\/uploads\/2022\/06\/advens-reportage-lille-dsc1674.jpg","schema":{"@context":"https:\/\/schema.org","@graph":[{"@type":"WebPage","@id":"https:\/\/www.advens.test\/recrutement\/vie-chez-advens\/","url":"https:\/\/www.advens.test\/recrutement\/vie-chez-advens\/","name":"La vida en Advens: la ciberseguridad y la humanidad","isPartOf":{"@id":"https:\/\/www.advens.test\/#website"},"primaryImageOfPage":{"@id":"https:\/\/www.advens.test\/recrutement\/vie-chez-advens\/#primaryimage"},"image":{"@id":"https:\/\/www.advens.test\/recrutement\/vie-chez-advens\/#primaryimage"},"thumbnailUrl":"https:\/\/www.nifty-shtern.217-160-68-194.plesk.page\/app\/uploads\/2022\/06\/advens-reportage-lille-dsc1674.jpg","datePublished":"2022-04-04T11:21:49+00:00","dateModified":"2025-06-02T11:25:29+00:00","description":"M\u00e1s que una aventura en la ciberseguridad, un equilibrio entre vida profesional y personal, oportunidades de desarrollo, diversidad...","breadcrumb":{"@id":"https:\/\/www.advens.test\/recrutement\/vie-chez-advens\/#breadcrumb"},"inLanguage":"es","potentialAction":[{"@type":"ReadAction","target":["https:\/\/www.advens.test\/recrutement\/vie-chez-advens\/"]}]},{"@type":"ImageObject","inLanguage":"es","@id":"https:\/\/www.advens.test\/recrutement\/vie-chez-advens\/#primaryimage","url":"https:\/\/www.nifty-shtern.217-160-68-194.plesk.page\/app\/uploads\/2022\/06\/advens-reportage-lille-dsc1674.jpg","contentUrl":"https:\/\/www.nifty-shtern.217-160-68-194.plesk.page\/app\/uploads\/2022\/06\/advens-reportage-lille-dsc1674.jpg","width":1920,"height":1278},{"@type":"BreadcrumbList","@id":"https:\/\/www.advens.test\/recrutement\/vie-chez-advens\/#breadcrumb","itemListElement":[{"@type":"ListItem","position":1,"name":"Home","item":"https:\/\/www.advens.test\/es\/"},{"@type":"ListItem","position":2,"name":"Contrataci\u00f3n","item":"https:\/\/www.advens.test\/recrutement\/"},{"@type":"ListItem","position":3,"name":"La vida en Advens"}]},{"@type":"WebSite","@id":"https:\/\/www.advens.test\/#website","url":"https:\/\/www.advens.test\/","name":"Advens","description":"For Cyber, People &amp; Planet","publisher":{"@id":"https:\/\/www.advens.test\/#organization"},"potentialAction":[{"@type":"SearchAction","target":{"@type":"EntryPoint","urlTemplate":"https:\/\/www.advens.test\/?s={search_term_string}"},"query-input":{"@type":"PropertyValueSpecification","valueRequired":true,"valueName":"search_term_string"}}],"inLanguage":"es"},{"@type":"Organization","@id":"https:\/\/www.advens.test\/#organization","name":"Advens","url":"https:\/\/www.advens.test\/","logo":{"@type":"ImageObject","inLanguage":"es","@id":"https:\/\/www.advens.test\/#\/schema\/logo\/image\/","url":"https:\/\/www.nifty-shtern.217-160-68-194.plesk.page\/app\/uploads\/2025\/07\/Logotype-aDvens-Cybersecurity.png","contentUrl":"https:\/\/www.nifty-shtern.217-160-68-194.plesk.page\/app\/uploads\/2025\/07\/Logotype-aDvens-Cybersecurity.png","width":1501,"height":1501,"caption":"Advens"},"image":{"@id":"https:\/\/www.advens.test\/#\/schema\/logo\/image\/"},"sameAs":["https:\/\/www.linkedin.com\/company\/advens\/"]}]}},"_links":{"self":[{"href":"https:\/\/www.nifty-shtern.217-160-68-194.plesk.page\/es\/wp-json\/wp\/v2\/pages\/6213","targetHints":{"allow":["GET"]}}],"collection":[{"href":"https:\/\/www.nifty-shtern.217-160-68-194.plesk.page\/es\/wp-json\/wp\/v2\/pages"}],"about":[{"href":"https:\/\/www.nifty-shtern.217-160-68-194.plesk.page\/es\/wp-json\/wp\/v2\/types\/page"}],"author":[{"embeddable":true,"href":"https:\/\/www.nifty-shtern.217-160-68-194.plesk.page\/es\/wp-json\/wp\/v2\/users\/3"}],"replies":[{"embeddable":true,"href":"https:\/\/www.nifty-shtern.217-160-68-194.plesk.page\/es\/wp-json\/wp\/v2\/comments?post=6213"}],"version-history":[{"count":24,"href":"https:\/\/www.nifty-shtern.217-160-68-194.plesk.page\/es\/wp-json\/wp\/v2\/pages\/6213\/revisions"}],"predecessor-version":[{"id":24275,"href":"https:\/\/www.nifty-shtern.217-160-68-194.plesk.page\/es\/wp-json\/wp\/v2\/pages\/6213\/revisions\/24275"}],"up":[{"embeddable":true,"href":"https:\/\/www.nifty-shtern.217-160-68-194.plesk.page\/es\/wp-json\/wp\/v2\/pages\/6139"}],"wp:featuredmedia":[{"embeddable":true,"href":"https:\/\/www.nifty-shtern.217-160-68-194.plesk.page\/es\/wp-json\/wp\/v2\/media\/2654"}],"wp:attachment":[{"href":"https:\/\/www.nifty-shtern.217-160-68-194.plesk.page\/es\/wp-json\/wp\/v2\/media?parent=6213"}],"curies":[{"name":"wp","href":"https:\/\/api.w.org\/{rel}","templated":true}]}}