{"id":6260,"date":"2022-04-04T13:25:25","date_gmt":"2022-04-04T11:25:25","guid":{"rendered":"https:\/\/www.advens.test\/?page_id=6260"},"modified":"2023-05-26T12:32:14","modified_gmt":"2023-05-26T10:32:14","slug":"advens-for-people-and-planet","status":"publish","type":"page","link":"https:\/\/www.nifty-shtern.217-160-68-194.plesk.page\/es\/razon-de-ser\/advens-for-people-and-planet\/","title":{"rendered":"Advens for People and Planet"},"content":{"rendered":"\n<hr class=\"wp-block-separator has-alpha-channel-opacity\"\/>\n\n\n\n<p>Desde julio de 2021, Advens for People and Planet act\u00faa como un fondo acelerador para la inclusi\u00f3n, la educaci\u00f3n y el medioambiente.<\/p>\n\n\n\n<h2 class=\"wp-block-heading\">M\u00e1s que palabras, acciones<\/h2>\n\n\n\n<ul class=\"wp-block-list\"><li>Dotamos a este fondo con medios humanos, t\u00e9cnicos y financieros para actuar con rapidez. Y lograr resultados concretos.<\/li><li>Enmarcamos nuestra actuaci\u00f3n para liberar nuevas capacidades que refuercen nuestra implicaci\u00f3n. Para un mayor impacto.<\/li><li>Apoyamos iniciativas locales, proyectos de intraemprendimiento social\u2026 Para actuar de forma sostenible.<\/li><li>Implicamos a nuestros colaboradores, pero tambi\u00e9n a nuestros clientes, socios, inversores\u2026 para implicar a una comunidad.<\/li><\/ul>\n\n\n\n<hr class=\"wp-block-separator has-alpha-channel-opacity\"\/>\n\n\n\n\n  \n\n<div id=\"block-push-4-colonnes-1096200146\" class=\"acf-block-push-contenus-4colonnes alignwide\">\n      \n          \n\n<div class=\"commun-liste grille\" data-component=\"CommunListe\">\n      <div class=\"default-block-header d-flex flex-wrap justify-content-between align-items-center\">\n              <h2 class=\"title title-6 mb-4\">\n                      Nuestras iniciativas\n                                      <\/h2>\n                <\/div>\n  \n  <div class=\"liste grid -card-small -btn-see-all\">\n          <div class=\"container\">\n        <div class=\"row row-cols-1  row-cols-md-2 row-cols-xl-4  g-4\">\n                      \n\n\n\n  \n\n\n\n      \n\n\n\n<div class=\"list-item col h-100\" >\n  <div class=\"list-item-content  h-100\">\n    <div class=\"card card__push4 h-100\">\n      <a href=\"https:\/\/www.nifty-shtern.217-160-68-194.plesk.page\/es\/compromiso\/ciberseguridad-accesible\/\" class=\"card-link\" title=\"Ver detalles\"><\/a>\n                        <div class=\"card-image\">\n            <img decoding=\"async\" src=\"https:\/\/www.nifty-shtern.217-160-68-194.plesk.page\/app\/uploads\/2022\/05\/img-5764.jpg\" loading=\"lazy\" alt=\"Hacer m\u00e1s accesible la ciberseguridad\" class=\"card-img-top\"\/>\n          <\/div>\n                    <div class=\"card-body content\">\n                  <div class=\"meta-top mb-3 small\">\n            Compromiso\n          <\/div>\n                <h3 class=\"card-title title\">\n          Hacer m\u00e1s accesible la ciberseguridad\n        <\/h3>\n      <\/div>\n      <div class=\"card-overlay\">\n                  <div class=\"card-overlay__meta-top\">\n            Compromiso\n          <\/div>\n                <strong class=\"card-overlay__title card-title\">\n          Hacer m\u00e1s accesible la ciberseguridad\n        <\/strong>\n                  <p class=\"card-overlay__text\">\n                        La seguridad es un bien que protege nuestras libertades. Todos tienen derecho a ella, sin excepci\u00f3n. Todas las organizaciones, de todo tipo y tama\u00f1&#8230;\n          <\/p>\n                          <div class=\"card-overlay__bottom\">\n            <span class=\"btn btn-primary\">\n              Leer m\u00e1s\n            <\/span>\n          <\/div>\n              <\/div>\n    <\/div>\n  <\/div>\n<\/div>\n                      \n\n\n\n  \n\n\n\n      \n\n\n\n<div class=\"list-item col h-100\" >\n  <div class=\"list-item-content  h-100\">\n    <div class=\"card card__push4 h-100\">\n      <a href=\"https:\/\/www.nifty-shtern.217-160-68-194.plesk.page\/es\/compromiso\/cyber-academia\/\" class=\"card-link\" title=\"Ver detalles\"><\/a>\n                        <div class=\"card-image\">\n            <img decoding=\"async\" src=\"https:\/\/www.nifty-shtern.217-160-68-194.plesk.page\/app\/uploads\/2022\/05\/advens-video-capture-quo-4.jpg\" loading=\"lazy\" alt=\"Programa de inclusi\u00f3n para la ciberseguridad\" class=\"card-img-top\"\/>\n          <\/div>\n                    <div class=\"card-body content\">\n                  <div class=\"meta-top mb-3 small\">\n            Compromiso\n          <\/div>\n                <h3 class=\"card-title title\">\n          Programa de inclusi\u00f3n para la ciberseguridad\n        <\/h3>\n      <\/div>\n      <div class=\"card-overlay\">\n                  <div class=\"card-overlay__meta-top\">\n            Compromiso\n          <\/div>\n                <strong class=\"card-overlay__title card-title\">\n          Programa de inclusi\u00f3n para la ciberseguridad\n        <\/strong>\n                  <p class=\"card-overlay__text\">\n                        Millones de j\u00f3venes franceses atraviesan grandes dificultades, sin empleo, sin vivienda ni titulaci\u00f3n. Entre ellos hay probablemente cientos de tal&#8230;\n          <\/p>\n                          <div class=\"card-overlay__bottom\">\n            <span class=\"btn btn-primary\">\n              Leer m\u00e1s\n            <\/span>\n          <\/div>\n              <\/div>\n    <\/div>\n  <\/div>\n<\/div>\n                      \n\n\n\n  \n\n\n\n      \n\n\n\n<div class=\"list-item col h-100\" >\n  <div class=\"list-item-content  h-100\">\n    <div class=\"card card__push4 h-100\">\n      <a href=\"https:\/\/www.nifty-shtern.217-160-68-194.plesk.page\/es\/compromiso\/linkedout-advens\/\" class=\"card-link\" title=\"Ver detalles\"><\/a>\n                        <div class=\"card-image\">\n            <img decoding=\"async\" src=\"https:\/\/www.nifty-shtern.217-160-68-194.plesk.page\/app\/uploads\/2022\/03\/photo1-ac4i1172-pierre-bouras-crop.png\" loading=\"lazy\" alt=\"LinkedOut: acelerado por Advens\" class=\"card-img-top\"\/>\n          <\/div>\n                    <div class=\"card-body content\">\n                  <div class=\"meta-top mb-3 small\">\n            Compromiso\n          <\/div>\n                <h3 class=\"card-title title\">\n          LinkedOut: acelerado por Advens\n        <\/h3>\n      <\/div>\n      <div class=\"card-overlay\">\n                  <div class=\"card-overlay__meta-top\">\n            Compromiso\n          <\/div>\n                <strong class=\"card-overlay__title card-title\">\n          LinkedOut: acelerado por Advens\n        <\/strong>\n                  <p class=\"card-overlay__text\">\n                        Desde abril de 2020, Advens participa en la aventura del patr\u00f3n Thomas Ruyant. Tenemos un doble objetivo: contribuir a que sea lo m\u00e1s competitivo p&#8230;\n          <\/p>\n                          <div class=\"card-overlay__bottom\">\n            <span class=\"btn btn-primary\">\n              Leer m\u00e1s\n            <\/span>\n          <\/div>\n              <\/div>\n    <\/div>\n  <\/div>\n<\/div>\n                  <\/div>\n      <\/div>\n      <\/div>\n<\/div>  <\/div>","protected":false},"excerpt":{"rendered":"<p>Urge obrar para cambiar el mundo. Como empresa, nuestro papel es crucial. Por ello hemos creado un fondo de dotaci\u00f3n para apoyar proyectos de gran impacto, redistribuyendo el 50% del valor financiero del grupo.<\/p>\n","protected":false},"author":3,"featured_media":5525,"parent":23736,"menu_order":5,"comment_status":"closed","ping_status":"closed","template":"","meta":{"_acf_changed":false,"content-type":"","footnotes":""},"class_list":["post-6260","page","type-page","status-publish","has-post-thumbnail","hentry"],"acf":[],"yoast_head":"<!-- This site is optimized with the Yoast SEO plugin v24.8.1 - https:\/\/yoast.com\/wordpress\/plugins\/seo\/ -->\n<title>Advens for People and Planet: actuando para cambiar el mundo<\/title>\n<meta name=\"description\" content=\"Cambiar el mundo es urgente. Y la responsabilidad social de las empresas es grande. En Advens, actuamos con un fondo de dotaci\u00f3n...\" \/>\n<meta name=\"robots\" content=\"index, follow, max-snippet:-1, max-image-preview:large, max-video-preview:-1\" \/>\n<link rel=\"canonical\" href=\"https:\/\/www.advens.test\/raison-d-etre\/advens-for-people-and-planet\/\" \/>\n<meta property=\"og:locale\" content=\"es_ES\" \/>\n<meta property=\"og:type\" content=\"article\" \/>\n<meta property=\"og:title\" content=\"Advens for People and Planet: actuando para cambiar el mundo\" \/>\n<meta property=\"og:description\" content=\"Cambiar el mundo es urgente. Y la responsabilidad social de las empresas es grande. En Advens, actuamos con un fondo de dotaci\u00f3n...\" \/>\n<meta property=\"og:url\" content=\"https:\/\/www.advens.test\/raison-d-etre\/advens-for-people-and-planet\/\" \/>\n<meta property=\"og:site_name\" content=\"Advens\" \/>\n<meta property=\"article:modified_time\" content=\"2023-05-26T10:32:14+00:00\" \/>\n<meta property=\"og:image\" content=\"https:\/\/www.advens.test\/app\/uploads\/2022\/04\/unsplash-6awftplgace-scaled.jpg\" \/>\n\t<meta property=\"og:image:width\" content=\"2560\" \/>\n\t<meta property=\"og:image:height\" content=\"1156\" \/>\n\t<meta property=\"og:image:type\" content=\"image\/jpeg\" \/>\n<meta name=\"twitter:card\" content=\"summary_large_image\" \/>\n<meta name=\"twitter:title\" content=\"Advens for People and Planet: actuando para cambiar el mundo\" \/>\n<meta name=\"twitter:description\" content=\"Cambiar el mundo es urgente. Y la responsabilidad social de las empresas es grande. En Advens, actuamos con un fondo de dotaci\u00f3n...\" \/>\n<meta name=\"twitter:image\" content=\"https:\/\/www.nifty-shtern.217-160-68-194.plesk.page\/app\/uploads\/2022\/04\/unsplash-6awftplgace-scaled.jpg\" \/>\n<script type=\"application\/ld+json\" class=\"yoast-schema-graph\">{\"@context\":\"https:\/\/schema.org\",\"@graph\":[{\"@type\":\"WebPage\",\"@id\":\"https:\/\/www.advens.test\/raison-d-etre\/advens-for-people-and-planet\/\",\"url\":\"https:\/\/www.advens.test\/raison-d-etre\/advens-for-people-and-planet\/\",\"name\":\"Advens for People and Planet: actuando para cambiar el mundo\",\"isPartOf\":{\"@id\":\"https:\/\/www.advens.test\/#website\"},\"primaryImageOfPage\":{\"@id\":\"https:\/\/www.advens.test\/raison-d-etre\/advens-for-people-and-planet\/#primaryimage\"},\"image\":{\"@id\":\"https:\/\/www.advens.test\/raison-d-etre\/advens-for-people-and-planet\/#primaryimage\"},\"thumbnailUrl\":\"https:\/\/www.nifty-shtern.217-160-68-194.plesk.page\/app\/uploads\/2022\/04\/unsplash-6awftplgace-scaled.jpg\",\"datePublished\":\"2022-04-04T11:25:25+00:00\",\"dateModified\":\"2023-05-26T10:32:14+00:00\",\"description\":\"Cambiar el mundo es urgente. Y la responsabilidad social de las empresas es grande. En Advens, actuamos con un fondo de dotaci\u00f3n...\",\"breadcrumb\":{\"@id\":\"https:\/\/www.advens.test\/raison-d-etre\/advens-for-people-and-planet\/#breadcrumb\"},\"inLanguage\":\"es\",\"potentialAction\":[{\"@type\":\"ReadAction\",\"target\":[\"https:\/\/www.advens.test\/raison-d-etre\/advens-for-people-and-planet\/\"]}]},{\"@type\":\"ImageObject\",\"inLanguage\":\"es\",\"@id\":\"https:\/\/www.advens.test\/raison-d-etre\/advens-for-people-and-planet\/#primaryimage\",\"url\":\"https:\/\/www.nifty-shtern.217-160-68-194.plesk.page\/app\/uploads\/2022\/04\/unsplash-6awftplgace-scaled.jpg\",\"contentUrl\":\"https:\/\/www.nifty-shtern.217-160-68-194.plesk.page\/app\/uploads\/2022\/04\/unsplash-6awftplgace-scaled.jpg\",\"width\":2560,\"height\":1156},{\"@type\":\"BreadcrumbList\",\"@id\":\"https:\/\/www.advens.test\/raison-d-etre\/advens-for-people-and-planet\/#breadcrumb\",\"itemListElement\":[{\"@type\":\"ListItem\",\"position\":1,\"name\":\"Home\",\"item\":\"https:\/\/www.advens.test\/es\/\"},{\"@type\":\"ListItem\",\"position\":2,\"name\":\"Nuestra raz\u00f3n de ser\",\"item\":\"https:\/\/www.advens.test\/raison-d-etre\/\"},{\"@type\":\"ListItem\",\"position\":3,\"name\":\"Advens for People and Planet\"}]},{\"@type\":\"WebSite\",\"@id\":\"https:\/\/www.advens.test\/#website\",\"url\":\"https:\/\/www.advens.test\/\",\"name\":\"Advens\",\"description\":\"For Cyber, People &amp; Planet\",\"publisher\":{\"@id\":\"https:\/\/www.advens.test\/#organization\"},\"potentialAction\":[{\"@type\":\"SearchAction\",\"target\":{\"@type\":\"EntryPoint\",\"urlTemplate\":\"https:\/\/www.advens.test\/?s={search_term_string}\"},\"query-input\":{\"@type\":\"PropertyValueSpecification\",\"valueRequired\":true,\"valueName\":\"search_term_string\"}}],\"inLanguage\":\"es\"},{\"@type\":\"Organization\",\"@id\":\"https:\/\/www.advens.test\/#organization\",\"name\":\"Advens\",\"url\":\"https:\/\/www.advens.test\/\",\"logo\":{\"@type\":\"ImageObject\",\"inLanguage\":\"es\",\"@id\":\"https:\/\/www.advens.test\/#\/schema\/logo\/image\/\",\"url\":\"https:\/\/www.nifty-shtern.217-160-68-194.plesk.page\/app\/uploads\/2025\/07\/Logotype-aDvens-Cybersecurity.png\",\"contentUrl\":\"https:\/\/www.nifty-shtern.217-160-68-194.plesk.page\/app\/uploads\/2025\/07\/Logotype-aDvens-Cybersecurity.png\",\"width\":1501,\"height\":1501,\"caption\":\"Advens\"},\"image\":{\"@id\":\"https:\/\/www.advens.test\/#\/schema\/logo\/image\/\"},\"sameAs\":[\"https:\/\/www.linkedin.com\/company\/advens\/\"]}]}<\/script>\n<!-- \/ Yoast SEO plugin. -->","yoast_head_json":{"title":"Advens for People and Planet: actuando para cambiar el mundo","description":"Cambiar el mundo es urgente. Y la responsabilidad social de las empresas es grande. En Advens, actuamos con un fondo de dotaci\u00f3n...","robots":{"index":"index","follow":"follow","max-snippet":"max-snippet:-1","max-image-preview":"max-image-preview:large","max-video-preview":"max-video-preview:-1"},"canonical":"https:\/\/www.advens.test\/raison-d-etre\/advens-for-people-and-planet\/","og_locale":"es_ES","og_type":"article","og_title":"Advens for People and Planet: actuando para cambiar el mundo","og_description":"Cambiar el mundo es urgente. Y la responsabilidad social de las empresas es grande. En Advens, actuamos con un fondo de dotaci\u00f3n...","og_url":"https:\/\/www.advens.test\/raison-d-etre\/advens-for-people-and-planet\/","og_site_name":"Advens","article_modified_time":"2023-05-26T10:32:14+00:00","og_image":[{"width":2560,"height":1156,"url":"https:\/\/www.advens.test\/app\/uploads\/2022\/04\/unsplash-6awftplgace-scaled.jpg","type":"image\/jpeg"}],"twitter_card":"summary_large_image","twitter_title":"Advens for People and Planet: actuando para cambiar el mundo","twitter_description":"Cambiar el mundo es urgente. Y la responsabilidad social de las empresas es grande. En Advens, actuamos con un fondo de dotaci\u00f3n...","twitter_image":"https:\/\/www.nifty-shtern.217-160-68-194.plesk.page\/app\/uploads\/2022\/04\/unsplash-6awftplgace-scaled.jpg","schema":{"@context":"https:\/\/schema.org","@graph":[{"@type":"WebPage","@id":"https:\/\/www.advens.test\/raison-d-etre\/advens-for-people-and-planet\/","url":"https:\/\/www.advens.test\/raison-d-etre\/advens-for-people-and-planet\/","name":"Advens for People and Planet: actuando para cambiar el mundo","isPartOf":{"@id":"https:\/\/www.advens.test\/#website"},"primaryImageOfPage":{"@id":"https:\/\/www.advens.test\/raison-d-etre\/advens-for-people-and-planet\/#primaryimage"},"image":{"@id":"https:\/\/www.advens.test\/raison-d-etre\/advens-for-people-and-planet\/#primaryimage"},"thumbnailUrl":"https:\/\/www.nifty-shtern.217-160-68-194.plesk.page\/app\/uploads\/2022\/04\/unsplash-6awftplgace-scaled.jpg","datePublished":"2022-04-04T11:25:25+00:00","dateModified":"2023-05-26T10:32:14+00:00","description":"Cambiar el mundo es urgente. Y la responsabilidad social de las empresas es grande. En Advens, actuamos con un fondo de dotaci\u00f3n...","breadcrumb":{"@id":"https:\/\/www.advens.test\/raison-d-etre\/advens-for-people-and-planet\/#breadcrumb"},"inLanguage":"es","potentialAction":[{"@type":"ReadAction","target":["https:\/\/www.advens.test\/raison-d-etre\/advens-for-people-and-planet\/"]}]},{"@type":"ImageObject","inLanguage":"es","@id":"https:\/\/www.advens.test\/raison-d-etre\/advens-for-people-and-planet\/#primaryimage","url":"https:\/\/www.nifty-shtern.217-160-68-194.plesk.page\/app\/uploads\/2022\/04\/unsplash-6awftplgace-scaled.jpg","contentUrl":"https:\/\/www.nifty-shtern.217-160-68-194.plesk.page\/app\/uploads\/2022\/04\/unsplash-6awftplgace-scaled.jpg","width":2560,"height":1156},{"@type":"BreadcrumbList","@id":"https:\/\/www.advens.test\/raison-d-etre\/advens-for-people-and-planet\/#breadcrumb","itemListElement":[{"@type":"ListItem","position":1,"name":"Home","item":"https:\/\/www.advens.test\/es\/"},{"@type":"ListItem","position":2,"name":"Nuestra raz\u00f3n de ser","item":"https:\/\/www.advens.test\/raison-d-etre\/"},{"@type":"ListItem","position":3,"name":"Advens for People and Planet"}]},{"@type":"WebSite","@id":"https:\/\/www.advens.test\/#website","url":"https:\/\/www.advens.test\/","name":"Advens","description":"For Cyber, People &amp; Planet","publisher":{"@id":"https:\/\/www.advens.test\/#organization"},"potentialAction":[{"@type":"SearchAction","target":{"@type":"EntryPoint","urlTemplate":"https:\/\/www.advens.test\/?s={search_term_string}"},"query-input":{"@type":"PropertyValueSpecification","valueRequired":true,"valueName":"search_term_string"}}],"inLanguage":"es"},{"@type":"Organization","@id":"https:\/\/www.advens.test\/#organization","name":"Advens","url":"https:\/\/www.advens.test\/","logo":{"@type":"ImageObject","inLanguage":"es","@id":"https:\/\/www.advens.test\/#\/schema\/logo\/image\/","url":"https:\/\/www.nifty-shtern.217-160-68-194.plesk.page\/app\/uploads\/2025\/07\/Logotype-aDvens-Cybersecurity.png","contentUrl":"https:\/\/www.nifty-shtern.217-160-68-194.plesk.page\/app\/uploads\/2025\/07\/Logotype-aDvens-Cybersecurity.png","width":1501,"height":1501,"caption":"Advens"},"image":{"@id":"https:\/\/www.advens.test\/#\/schema\/logo\/image\/"},"sameAs":["https:\/\/www.linkedin.com\/company\/advens\/"]}]}},"_links":{"self":[{"href":"https:\/\/www.nifty-shtern.217-160-68-194.plesk.page\/es\/wp-json\/wp\/v2\/pages\/6260","targetHints":{"allow":["GET"]}}],"collection":[{"href":"https:\/\/www.nifty-shtern.217-160-68-194.plesk.page\/es\/wp-json\/wp\/v2\/pages"}],"about":[{"href":"https:\/\/www.nifty-shtern.217-160-68-194.plesk.page\/es\/wp-json\/wp\/v2\/types\/page"}],"author":[{"embeddable":true,"href":"https:\/\/www.nifty-shtern.217-160-68-194.plesk.page\/es\/wp-json\/wp\/v2\/users\/3"}],"replies":[{"embeddable":true,"href":"https:\/\/www.nifty-shtern.217-160-68-194.plesk.page\/es\/wp-json\/wp\/v2\/comments?post=6260"}],"version-history":[{"count":6,"href":"https:\/\/www.nifty-shtern.217-160-68-194.plesk.page\/es\/wp-json\/wp\/v2\/pages\/6260\/revisions"}],"predecessor-version":[{"id":9239,"href":"https:\/\/www.nifty-shtern.217-160-68-194.plesk.page\/es\/wp-json\/wp\/v2\/pages\/6260\/revisions\/9239"}],"up":[{"embeddable":true,"href":"https:\/\/www.nifty-shtern.217-160-68-194.plesk.page\/es\/wp-json\/wp\/v2\/pages\/23736"}],"wp:featuredmedia":[{"embeddable":true,"href":"https:\/\/www.nifty-shtern.217-160-68-194.plesk.page\/es\/wp-json\/wp\/v2\/media\/5525"}],"wp:attachment":[{"href":"https:\/\/www.nifty-shtern.217-160-68-194.plesk.page\/es\/wp-json\/wp\/v2\/media?parent=6260"}],"curies":[{"name":"wp","href":"https:\/\/api.w.org\/{rel}","templated":true}]}}