{"id":7408,"date":"2022-04-04T13:24:06","date_gmt":"2022-04-04T11:24:06","guid":{"rendered":"https:\/\/www.advens.test\/?page_id=7408"},"modified":"2023-05-26T12:31:31","modified_gmt":"2023-05-26T10:31:31","slug":"compromisos","status":"publish","type":"page","link":"https:\/\/www.nifty-shtern.217-160-68-194.plesk.page\/es\/razon-de-ser\/compromisos\/","title":{"rendered":"Nuestros compromisos"},"content":{"rendered":"\n<hr class=\"wp-block-separator has-alpha-channel-opacity\"\/>\n\n\n\n\n<div id=\"block-image-texte-37860087\" class=\"acf-block-image-texte alignwide\">\n  <div class=\"image-texte row gx-5 py-4 -gauche\">\n                            <div class=\"col-12 col-lg-6 image-container mb-3 mb-lg-0 \">\n              <div class=\"image mobile-full-width\">\n          <div class=\"image-content ratio-wrapper -square\" data-component=\"LazyImage\" >\n            <picture class=\"full bkg-cover\" >\n                              <source srcset=\"https:\/\/www.nifty-shtern.217-160-68-194.plesk.page\/app\/uploads\/2022\/05\/advens-video-capture-ftm-6-620x620.webp\" media=\"(min-width: 0px) and (max-width: 767.98px)\">\n                <source srcset=\"https:\/\/www.nifty-shtern.217-160-68-194.plesk.page\/app\/uploads\/2022\/05\/advens-video-capture-ftm-6-1320x801.webp\" media=\"(min-width: 768px)\">\n                <img decoding=\"async\" class=\"img img-fluid rounded\" loading=\"lazy\" src=\"https:\/\/www.nifty-shtern.217-160-68-194.plesk.page\/app\/uploads\/2022\/05\/advens-video-capture-ftm-6-1320x801.webp\" alt=\"\">\n                          <\/picture>\n          <\/div>\n        <\/div>\n                <\/div>\n    <div class=\"texte col-12 col-lg-6 -right d-flex flex-column justify-content-center align-items-start\">\n                    <h2 class=\"titre title-5\">\n          Por el ciberespacio, los humanos y el planeta.\n        <\/h2>\n                    <div class=\"text-content\">\n          <p>Estamos convencidos: la ciberseguridad es una palanca para un mundo m\u00e1s seguro que fomente la <strong>inclusi\u00f3n y la educaci\u00f3n<\/strong>, especialmente para las generaciones m\u00e1s j\u00f3venes y los m\u00e1s vulnerables. Pero m\u00e1s que eso, la ciberseguridad es tambi\u00e9n una oportunidad para crear un mundo m\u00e1s <strong>sostenible<\/strong>.<\/p>\n<p>El papel de empresas como la nuestra es crucial. Por eso hacemos todo lo posible para cambiar la sociedad. Desarrollamos iniciativas, apoyamos proyectos a gran escala y de impacto sostenible&#8230; con la ambici\u00f3n de implicar a toda nuestra comunidad: nuestros colaboradores, nuestros clientes, nuestros socios, los actuales y los venideros.<br \/>\n<strong>Juntos podemos cambiar el mundo de hoy y del ma\u00f1ana.<\/strong><\/p>\n\n        <\/div>\n                            <\/div>\n  <\/div>\n<\/div>\n\n\n\n<hr class=\"wp-block-separator has-alpha-channel-opacity\"\/>\n\n\n\n\n  \n\n<div id=\"block-push-4-colonnes-1126486994\" class=\"acf-block-push-contenus-4colonnes alignwide\">\n      \n          \n\n<div class=\"commun-liste grille\" data-component=\"CommunListe\">\n      <div class=\"default-block-header d-flex flex-wrap justify-content-between align-items-center\">\n              <h2 class=\"title title-6 mb-4\">\n                      Nuestras iniciativas\n                                      <\/h2>\n                <\/div>\n  \n  <div class=\"liste grid -card-small -btn-see-all\">\n          <div class=\"container\">\n        <div class=\"row row-cols-1  row-cols-md-2 row-cols-xl-4  g-4\">\n                      \n\n\n\n  \n\n\n\n      \n\n\n\n<div class=\"list-item col h-100\" >\n  <div class=\"list-item-content  h-100\">\n    <div class=\"card card__push4 h-100\">\n      <a href=\"https:\/\/www.nifty-shtern.217-160-68-194.plesk.page\/es\/compromiso\/ciberseguridad-accesible\/\" class=\"card-link\" title=\"Ver detalles\"><\/a>\n                        <div class=\"card-image\">\n            <img decoding=\"async\" src=\"https:\/\/www.nifty-shtern.217-160-68-194.plesk.page\/app\/uploads\/2022\/05\/img-5764.jpg\" loading=\"lazy\" alt=\"Hacer m\u00e1s accesible la ciberseguridad\" class=\"card-img-top\"\/>\n          <\/div>\n                    <div class=\"card-body content\">\n                  <div class=\"meta-top mb-3 small\">\n            Compromiso\n          <\/div>\n                <h3 class=\"card-title title\">\n          Hacer m\u00e1s accesible la ciberseguridad\n        <\/h3>\n      <\/div>\n      <div class=\"card-overlay\">\n                  <div class=\"card-overlay__meta-top\">\n            Compromiso\n          <\/div>\n                <strong class=\"card-overlay__title card-title\">\n          Hacer m\u00e1s accesible la ciberseguridad\n        <\/strong>\n                  <p class=\"card-overlay__text\">\n                        La seguridad es un bien que protege nuestras libertades. Todos tienen derecho a ella, sin excepci\u00f3n. Todas las organizaciones, de todo tipo y tama\u00f1&#8230;\n          <\/p>\n                          <div class=\"card-overlay__bottom\">\n            <span class=\"btn btn-primary\">\n              Leer m\u00e1s\n            <\/span>\n          <\/div>\n              <\/div>\n    <\/div>\n  <\/div>\n<\/div>\n                      \n\n\n\n  \n\n\n\n      \n\n\n\n<div class=\"list-item col h-100\" >\n  <div class=\"list-item-content  h-100\">\n    <div class=\"card card__push4 h-100\">\n      <a href=\"https:\/\/www.nifty-shtern.217-160-68-194.plesk.page\/es\/compromiso\/cyber-academia\/\" class=\"card-link\" title=\"Ver detalles\"><\/a>\n                        <div class=\"card-image\">\n            <img decoding=\"async\" src=\"https:\/\/www.nifty-shtern.217-160-68-194.plesk.page\/app\/uploads\/2022\/05\/advens-video-capture-quo-4.jpg\" loading=\"lazy\" alt=\"Programa de inclusi\u00f3n para la ciberseguridad\" class=\"card-img-top\"\/>\n          <\/div>\n                    <div class=\"card-body content\">\n                  <div class=\"meta-top mb-3 small\">\n            Compromiso\n          <\/div>\n                <h3 class=\"card-title title\">\n          Programa de inclusi\u00f3n para la ciberseguridad\n        <\/h3>\n      <\/div>\n      <div class=\"card-overlay\">\n                  <div class=\"card-overlay__meta-top\">\n            Compromiso\n          <\/div>\n                <strong class=\"card-overlay__title card-title\">\n          Programa de inclusi\u00f3n para la ciberseguridad\n        <\/strong>\n                  <p class=\"card-overlay__text\">\n                        Millones de j\u00f3venes franceses atraviesan grandes dificultades, sin empleo, sin vivienda ni titulaci\u00f3n. Entre ellos hay probablemente cientos de tal&#8230;\n          <\/p>\n                          <div class=\"card-overlay__bottom\">\n            <span class=\"btn btn-primary\">\n              Leer m\u00e1s\n            <\/span>\n          <\/div>\n              <\/div>\n    <\/div>\n  <\/div>\n<\/div>\n                      \n\n\n\n  \n\n\n\n      \n\n\n\n<div class=\"list-item col h-100\" >\n  <div class=\"list-item-content  h-100\">\n    <div class=\"card card__push4 h-100\">\n      <a href=\"https:\/\/www.nifty-shtern.217-160-68-194.plesk.page\/es\/compromiso\/linkedout-advens\/\" class=\"card-link\" title=\"Ver detalles\"><\/a>\n                        <div class=\"card-image\">\n            <img decoding=\"async\" src=\"https:\/\/www.nifty-shtern.217-160-68-194.plesk.page\/app\/uploads\/2022\/03\/photo1-ac4i1172-pierre-bouras-crop.png\" loading=\"lazy\" alt=\"LinkedOut: acelerado por Advens\" class=\"card-img-top\"\/>\n          <\/div>\n                    <div class=\"card-body content\">\n                  <div class=\"meta-top mb-3 small\">\n            Compromiso\n          <\/div>\n                <h3 class=\"card-title title\">\n          LinkedOut: acelerado por Advens\n        <\/h3>\n      <\/div>\n      <div class=\"card-overlay\">\n                  <div class=\"card-overlay__meta-top\">\n            Compromiso\n          <\/div>\n                <strong class=\"card-overlay__title card-title\">\n          LinkedOut: acelerado por Advens\n        <\/strong>\n                  <p class=\"card-overlay__text\">\n                        Desde abril de 2020, Advens participa en la aventura del patr\u00f3n Thomas Ruyant. Tenemos un doble objetivo: contribuir a que sea lo m\u00e1s competitivo p&#8230;\n          <\/p>\n                          <div class=\"card-overlay__bottom\">\n            <span class=\"btn btn-primary\">\n              Leer m\u00e1s\n            <\/span>\n          <\/div>\n              <\/div>\n    <\/div>\n  <\/div>\n<\/div>\n                  <\/div>\n      <\/div>\n      <\/div>\n<\/div>  <\/div>","protected":false},"excerpt":{"rendered":"<p>Cambiar el mundo es urgente, y nuestro modelo s\u00f3lo puede tener sentido si contribuye a este cambio. Por eso Advens se compromete a actuar.<\/p>\n<p> Por nuestros equipos, por nuestros clientes, pero tambi\u00e9n en beneficio de quienes m\u00e1s lo necesitan.<\/p>\n","protected":false},"author":3,"featured_media":1913,"parent":23736,"menu_order":6,"comment_status":"closed","ping_status":"closed","template":"","meta":{"_acf_changed":false,"content-type":"","footnotes":""},"class_list":["post-7408","page","type-page","status-publish","has-post-thumbnail","hentry"],"acf":[],"yoast_head":"<!-- This site is optimized with the Yoast SEO plugin v24.8.1 - https:\/\/yoast.com\/wordpress\/plugins\/seo\/ -->\n<title>Nuestros compromisos con el ciberespacio, las personas y el planeta<\/title>\n<meta name=\"description\" content=\"Convencidos de que la ciberseguridad es una oportunidad para cambiar el mundo, nos comprometemos y apoyamos iniciativas de gran impacto...\" \/>\n<meta name=\"robots\" content=\"index, follow, max-snippet:-1, max-image-preview:large, max-video-preview:-1\" \/>\n<link rel=\"canonical\" href=\"https:\/\/www.advens.test\/raison-d-etre\/nos-engagements\/\" \/>\n<meta property=\"og:locale\" content=\"es_ES\" \/>\n<meta property=\"og:type\" content=\"article\" \/>\n<meta property=\"og:title\" content=\"Nuestros compromisos con el ciberespacio, las personas y el planeta\" \/>\n<meta property=\"og:description\" content=\"Convencidos de que la ciberseguridad es una oportunidad para cambiar el mundo, nos comprometemos y apoyamos iniciativas de gran impacto...\" \/>\n<meta property=\"og:url\" content=\"https:\/\/www.advens.test\/raison-d-etre\/nos-engagements\/\" \/>\n<meta property=\"og:site_name\" content=\"Advens\" \/>\n<meta property=\"article:modified_time\" content=\"2023-05-26T10:31:31+00:00\" \/>\n<meta property=\"og:image\" content=\"https:\/\/www.advens.test\/app\/uploads\/2022\/05\/advens-video-capture-tra-2.jpg\" \/>\n\t<meta property=\"og:image:width\" content=\"1920\" \/>\n\t<meta property=\"og:image:height\" content=\"801\" \/>\n\t<meta property=\"og:image:type\" content=\"image\/jpeg\" \/>\n<meta name=\"twitter:card\" content=\"summary_large_image\" \/>\n<meta name=\"twitter:title\" content=\"Nuestros compromisos con el ciberespacio, las personas y el planeta\" \/>\n<meta name=\"twitter:description\" content=\"Convencidos de que la ciberseguridad es una oportunidad para cambiar el mundo, nos comprometemos y apoyamos iniciativas de gran impacto...\" \/>\n<meta name=\"twitter:image\" content=\"https:\/\/www.nifty-shtern.217-160-68-194.plesk.page\/app\/uploads\/2022\/05\/advens-video-capture-tra-2.jpg\" \/>\n<script type=\"application\/ld+json\" class=\"yoast-schema-graph\">{\"@context\":\"https:\/\/schema.org\",\"@graph\":[{\"@type\":\"WebPage\",\"@id\":\"https:\/\/www.advens.test\/raison-d-etre\/nos-engagements\/\",\"url\":\"https:\/\/www.advens.test\/raison-d-etre\/nos-engagements\/\",\"name\":\"Nuestros compromisos con el ciberespacio, las personas y el planeta\",\"isPartOf\":{\"@id\":\"https:\/\/www.advens.test\/#website\"},\"primaryImageOfPage\":{\"@id\":\"https:\/\/www.advens.test\/raison-d-etre\/nos-engagements\/#primaryimage\"},\"image\":{\"@id\":\"https:\/\/www.advens.test\/raison-d-etre\/nos-engagements\/#primaryimage\"},\"thumbnailUrl\":\"https:\/\/www.nifty-shtern.217-160-68-194.plesk.page\/app\/uploads\/2022\/05\/advens-video-capture-tra-2.jpg\",\"datePublished\":\"2022-04-04T11:24:06+00:00\",\"dateModified\":\"2023-05-26T10:31:31+00:00\",\"description\":\"Convencidos de que la ciberseguridad es una oportunidad para cambiar el mundo, nos comprometemos y apoyamos iniciativas de gran impacto...\",\"breadcrumb\":{\"@id\":\"https:\/\/www.advens.test\/raison-d-etre\/nos-engagements\/#breadcrumb\"},\"inLanguage\":\"es\",\"potentialAction\":[{\"@type\":\"ReadAction\",\"target\":[\"https:\/\/www.advens.test\/raison-d-etre\/nos-engagements\/\"]}]},{\"@type\":\"ImageObject\",\"inLanguage\":\"es\",\"@id\":\"https:\/\/www.advens.test\/raison-d-etre\/nos-engagements\/#primaryimage\",\"url\":\"https:\/\/www.nifty-shtern.217-160-68-194.plesk.page\/app\/uploads\/2022\/05\/advens-video-capture-tra-2.jpg\",\"contentUrl\":\"https:\/\/www.nifty-shtern.217-160-68-194.plesk.page\/app\/uploads\/2022\/05\/advens-video-capture-tra-2.jpg\",\"width\":1920,\"height\":801},{\"@type\":\"BreadcrumbList\",\"@id\":\"https:\/\/www.advens.test\/raison-d-etre\/nos-engagements\/#breadcrumb\",\"itemListElement\":[{\"@type\":\"ListItem\",\"position\":1,\"name\":\"Home\",\"item\":\"https:\/\/www.advens.test\/es\/\"},{\"@type\":\"ListItem\",\"position\":2,\"name\":\"Nuestra raz\u00f3n de ser\",\"item\":\"https:\/\/www.advens.test\/raison-d-etre\/\"},{\"@type\":\"ListItem\",\"position\":3,\"name\":\"Nuestros compromisos\"}]},{\"@type\":\"WebSite\",\"@id\":\"https:\/\/www.advens.test\/#website\",\"url\":\"https:\/\/www.advens.test\/\",\"name\":\"Advens\",\"description\":\"For Cyber, People &amp; Planet\",\"publisher\":{\"@id\":\"https:\/\/www.advens.test\/#organization\"},\"potentialAction\":[{\"@type\":\"SearchAction\",\"target\":{\"@type\":\"EntryPoint\",\"urlTemplate\":\"https:\/\/www.advens.test\/?s={search_term_string}\"},\"query-input\":{\"@type\":\"PropertyValueSpecification\",\"valueRequired\":true,\"valueName\":\"search_term_string\"}}],\"inLanguage\":\"es\"},{\"@type\":\"Organization\",\"@id\":\"https:\/\/www.advens.test\/#organization\",\"name\":\"Advens\",\"url\":\"https:\/\/www.advens.test\/\",\"logo\":{\"@type\":\"ImageObject\",\"inLanguage\":\"es\",\"@id\":\"https:\/\/www.advens.test\/#\/schema\/logo\/image\/\",\"url\":\"https:\/\/www.nifty-shtern.217-160-68-194.plesk.page\/app\/uploads\/2025\/07\/Logotype-aDvens-Cybersecurity.png\",\"contentUrl\":\"https:\/\/www.nifty-shtern.217-160-68-194.plesk.page\/app\/uploads\/2025\/07\/Logotype-aDvens-Cybersecurity.png\",\"width\":1501,\"height\":1501,\"caption\":\"Advens\"},\"image\":{\"@id\":\"https:\/\/www.advens.test\/#\/schema\/logo\/image\/\"},\"sameAs\":[\"https:\/\/www.linkedin.com\/company\/advens\/\"]}]}<\/script>\n<!-- \/ Yoast SEO plugin. -->","yoast_head_json":{"title":"Nuestros compromisos con el ciberespacio, las personas y el planeta","description":"Convencidos de que la ciberseguridad es una oportunidad para cambiar el mundo, nos comprometemos y apoyamos iniciativas de gran impacto...","robots":{"index":"index","follow":"follow","max-snippet":"max-snippet:-1","max-image-preview":"max-image-preview:large","max-video-preview":"max-video-preview:-1"},"canonical":"https:\/\/www.advens.test\/raison-d-etre\/nos-engagements\/","og_locale":"es_ES","og_type":"article","og_title":"Nuestros compromisos con el ciberespacio, las personas y el planeta","og_description":"Convencidos de que la ciberseguridad es una oportunidad para cambiar el mundo, nos comprometemos y apoyamos iniciativas de gran impacto...","og_url":"https:\/\/www.advens.test\/raison-d-etre\/nos-engagements\/","og_site_name":"Advens","article_modified_time":"2023-05-26T10:31:31+00:00","og_image":[{"width":1920,"height":801,"url":"https:\/\/www.advens.test\/app\/uploads\/2022\/05\/advens-video-capture-tra-2.jpg","type":"image\/jpeg"}],"twitter_card":"summary_large_image","twitter_title":"Nuestros compromisos con el ciberespacio, las personas y el planeta","twitter_description":"Convencidos de que la ciberseguridad es una oportunidad para cambiar el mundo, nos comprometemos y apoyamos iniciativas de gran impacto...","twitter_image":"https:\/\/www.nifty-shtern.217-160-68-194.plesk.page\/app\/uploads\/2022\/05\/advens-video-capture-tra-2.jpg","schema":{"@context":"https:\/\/schema.org","@graph":[{"@type":"WebPage","@id":"https:\/\/www.advens.test\/raison-d-etre\/nos-engagements\/","url":"https:\/\/www.advens.test\/raison-d-etre\/nos-engagements\/","name":"Nuestros compromisos con el ciberespacio, las personas y el planeta","isPartOf":{"@id":"https:\/\/www.advens.test\/#website"},"primaryImageOfPage":{"@id":"https:\/\/www.advens.test\/raison-d-etre\/nos-engagements\/#primaryimage"},"image":{"@id":"https:\/\/www.advens.test\/raison-d-etre\/nos-engagements\/#primaryimage"},"thumbnailUrl":"https:\/\/www.nifty-shtern.217-160-68-194.plesk.page\/app\/uploads\/2022\/05\/advens-video-capture-tra-2.jpg","datePublished":"2022-04-04T11:24:06+00:00","dateModified":"2023-05-26T10:31:31+00:00","description":"Convencidos de que la ciberseguridad es una oportunidad para cambiar el mundo, nos comprometemos y apoyamos iniciativas de gran impacto...","breadcrumb":{"@id":"https:\/\/www.advens.test\/raison-d-etre\/nos-engagements\/#breadcrumb"},"inLanguage":"es","potentialAction":[{"@type":"ReadAction","target":["https:\/\/www.advens.test\/raison-d-etre\/nos-engagements\/"]}]},{"@type":"ImageObject","inLanguage":"es","@id":"https:\/\/www.advens.test\/raison-d-etre\/nos-engagements\/#primaryimage","url":"https:\/\/www.nifty-shtern.217-160-68-194.plesk.page\/app\/uploads\/2022\/05\/advens-video-capture-tra-2.jpg","contentUrl":"https:\/\/www.nifty-shtern.217-160-68-194.plesk.page\/app\/uploads\/2022\/05\/advens-video-capture-tra-2.jpg","width":1920,"height":801},{"@type":"BreadcrumbList","@id":"https:\/\/www.advens.test\/raison-d-etre\/nos-engagements\/#breadcrumb","itemListElement":[{"@type":"ListItem","position":1,"name":"Home","item":"https:\/\/www.advens.test\/es\/"},{"@type":"ListItem","position":2,"name":"Nuestra raz\u00f3n de ser","item":"https:\/\/www.advens.test\/raison-d-etre\/"},{"@type":"ListItem","position":3,"name":"Nuestros compromisos"}]},{"@type":"WebSite","@id":"https:\/\/www.advens.test\/#website","url":"https:\/\/www.advens.test\/","name":"Advens","description":"For Cyber, People &amp; Planet","publisher":{"@id":"https:\/\/www.advens.test\/#organization"},"potentialAction":[{"@type":"SearchAction","target":{"@type":"EntryPoint","urlTemplate":"https:\/\/www.advens.test\/?s={search_term_string}"},"query-input":{"@type":"PropertyValueSpecification","valueRequired":true,"valueName":"search_term_string"}}],"inLanguage":"es"},{"@type":"Organization","@id":"https:\/\/www.advens.test\/#organization","name":"Advens","url":"https:\/\/www.advens.test\/","logo":{"@type":"ImageObject","inLanguage":"es","@id":"https:\/\/www.advens.test\/#\/schema\/logo\/image\/","url":"https:\/\/www.nifty-shtern.217-160-68-194.plesk.page\/app\/uploads\/2025\/07\/Logotype-aDvens-Cybersecurity.png","contentUrl":"https:\/\/www.nifty-shtern.217-160-68-194.plesk.page\/app\/uploads\/2025\/07\/Logotype-aDvens-Cybersecurity.png","width":1501,"height":1501,"caption":"Advens"},"image":{"@id":"https:\/\/www.advens.test\/#\/schema\/logo\/image\/"},"sameAs":["https:\/\/www.linkedin.com\/company\/advens\/"]}]}},"_links":{"self":[{"href":"https:\/\/www.nifty-shtern.217-160-68-194.plesk.page\/es\/wp-json\/wp\/v2\/pages\/7408","targetHints":{"allow":["GET"]}}],"collection":[{"href":"https:\/\/www.nifty-shtern.217-160-68-194.plesk.page\/es\/wp-json\/wp\/v2\/pages"}],"about":[{"href":"https:\/\/www.nifty-shtern.217-160-68-194.plesk.page\/es\/wp-json\/wp\/v2\/types\/page"}],"author":[{"embeddable":true,"href":"https:\/\/www.nifty-shtern.217-160-68-194.plesk.page\/es\/wp-json\/wp\/v2\/users\/3"}],"replies":[{"embeddable":true,"href":"https:\/\/www.nifty-shtern.217-160-68-194.plesk.page\/es\/wp-json\/wp\/v2\/comments?post=7408"}],"version-history":[{"count":17,"href":"https:\/\/www.nifty-shtern.217-160-68-194.plesk.page\/es\/wp-json\/wp\/v2\/pages\/7408\/revisions"}],"predecessor-version":[{"id":9238,"href":"https:\/\/www.nifty-shtern.217-160-68-194.plesk.page\/es\/wp-json\/wp\/v2\/pages\/7408\/revisions\/9238"}],"up":[{"embeddable":true,"href":"https:\/\/www.nifty-shtern.217-160-68-194.plesk.page\/es\/wp-json\/wp\/v2\/pages\/23736"}],"wp:featuredmedia":[{"embeddable":true,"href":"https:\/\/www.nifty-shtern.217-160-68-194.plesk.page\/es\/wp-json\/wp\/v2\/media\/1913"}],"wp:attachment":[{"href":"https:\/\/www.nifty-shtern.217-160-68-194.plesk.page\/es\/wp-json\/wp\/v2\/media?parent=7408"}],"curies":[{"name":"wp","href":"https:\/\/api.w.org\/{rel}","templated":true}]}}