{"id":7947,"date":"2022-06-27T11:08:24","date_gmt":"2022-06-27T09:08:24","guid":{"rendered":"https:\/\/www.advens.test\/?page_id=7947"},"modified":"2023-06-21T16:07:12","modified_gmt":"2023-06-21T14:07:12","slug":"historia-advengers","status":"publish","type":"page","link":"https:\/\/www.nifty-shtern.217-160-68-194.plesk.page\/es\/contratacion\/historia-advengers\/","title":{"rendered":"La historia de los Advengers"},"content":{"rendered":"\n\n  \n  \n  \n\n  \n  <div id=\"block-push-3-colonnes-239618797\" class=\"acf-block-push-contenus-3colonnes alignwide\">\n                                        \n      <div class=\"post-item card card-push card__push3 card-push-all card-push__advenger h-100\">\n        <a class=\"card-link card-push__link\" href=\"https:\/\/youtu.be\/mQITqraCzrg\" target=\"_blank\" title=\"\u00c9milie\"><\/a>\n        <div class=\"card-push__img\">\n          <img decoding=\"async\" class=\"card-img-top img-fluid\" src=\"https:\/\/www.nifty-shtern.217-160-68-194.plesk.page\/app\/uploads\/2022\/07\/advens-reportage-lille-dsc1444.jpg\" alt=\"\">\n        <\/div>\n                  <div class=\"card-body\">\n            <h3 class=\"text-grey-carbon\">\n              Descubre la historia de  \u00c9milie\n            <\/h3>\n            <p class=\"smal grey-carbon\">\n              Recruitment &#038; School Relations\n            <\/p>\n          <\/div>\n          <div class=\"card-overlay\">\n            <strong class=\"card-overlay__title card-title\">\n                Descubre la historia de \n              \u00c9milie\n            <\/strong>\n            <p class=\"smal grey-carbon\">Recruitment &#038; School Relations<\/p>\n                          <p class=\"card-overlay__text\">\n                                Encontrar y formar cibertalentos franceses y europeos: este es el trabajo de \u00c9milie. Pero, para ella, es mucho m\u00e1s que eso. Su compromiso con Adven&#8230;\n              <\/p>\n                                      <div class=\"card-overlay__bottom\">\n                <span class=\"btn btn-sm btn-primary\">\n                  Descubre el testimonio\n                <\/span>\n              <\/div>\n                      <\/div>\n              <\/div>\n                                        \n      <div class=\"post-item card card-push card__push3 card-push-all card-push__advenger h-100\">\n        <a class=\"card-link card-push__link\" href=\"https:\/\/youtu.be\/5sK3QiwJVIw\" target=\"_blank\" title=\"Maxime\"><\/a>\n        <div class=\"card-push__img\">\n          <img decoding=\"async\" class=\"card-img-top img-fluid\" src=\"https:\/\/www.nifty-shtern.217-160-68-194.plesk.page\/app\/uploads\/2022\/06\/max-strud-dsc0078.jpg\" alt=\"\">\n        <\/div>\n                  <div class=\"card-body\">\n            <h3 class=\"text-grey-carbon\">\n              Descubre la historia de  Maxime\n            <\/h3>\n            <p class=\"smal grey-carbon\">\n              Consultant\n            <\/p>\n          <\/div>\n          <div class=\"card-overlay\">\n            <strong class=\"card-overlay__title card-title\">\n                Descubre la historia de \n              Maxime\n            <\/strong>\n            <p class=\"smal grey-carbon\">Consultant<\/p>\n                          <p class=\"card-overlay__text\">\n                                Dirigir la hoja de ruta de ciberseguridad de sus clientes: este es el trabajo de Maxime. Pero, para \u00e9l, es mucho m\u00e1s que eso. Su compromiso con Adv&#8230;\n              <\/p>\n                                      <div class=\"card-overlay__bottom\">\n                <span class=\"btn btn-sm btn-primary\">\n                  Descubre el testimonio\n                <\/span>\n              <\/div>\n                      <\/div>\n              <\/div>\n                                        \n      <div class=\"post-item card card-push card__push3 card-push-all card-push__advenger h-100\">\n        <a class=\"card-link card-push__link\" href=\"https:\/\/youtu.be\/Qe2gLc1jvf0\" target=\"_blank\" title=\"Thomas\"><\/a>\n        <div class=\"card-push__img\">\n          <img decoding=\"async\" class=\"card-img-top img-fluid\" src=\"https:\/\/www.nifty-shtern.217-160-68-194.plesk.page\/app\/uploads\/2022\/06\/6087bb87e3b1c-5fd9a821d3927-vg2020-20200621-pbo-9786-basse-dfinition-vi.jpeg\" alt=\"\">\n        <\/div>\n                  <div class=\"card-body\">\n            <h3 class=\"text-grey-carbon\">\n              Descubre la historia de  Thomas\n            <\/h3>\n            <p class=\"smal grey-carbon\">\n              Navigator\n            <\/p>\n          <\/div>\n          <div class=\"card-overlay\">\n            <strong class=\"card-overlay__title card-title\">\n                Descubre la historia de \n              Thomas\n            <\/strong>\n            <p class=\"smal grey-carbon\">Navigator<\/p>\n                          <p class=\"card-overlay__text\">\n                                Ganar la regata Vend\u00e9e Globe, un extraordinario reto deportivo que combina el rendimiento con la capacidad de superarse a uno mismo: este es el obj&#8230;\n              <\/p>\n                                      <div class=\"card-overlay__bottom\">\n                <span class=\"btn btn-sm btn-primary\">\n                  Descubre el testimonio\n                <\/span>\n              <\/div>\n                      <\/div>\n              <\/div>\n                                        \n      <div class=\"post-item card card-push card__push3 card-push-all card-push__advenger h-100\">\n        <a class=\"card-link card-push__link\" href=\"https:\/\/youtu.be\/2EqbhGUsnGY\" target=\"_blank\" title=\"C\u00e9line\"><\/a>\n        <div class=\"card-push__img\">\n          <img decoding=\"async\" class=\"card-img-top img-fluid\" src=\"https:\/\/www.nifty-shtern.217-160-68-194.plesk.page\/app\/uploads\/2022\/06\/ce-line-dsc1737.jpg\" alt=\"\">\n        <\/div>\n                  <div class=\"card-body\">\n            <h3 class=\"text-grey-carbon\">\n              Descubre la historia de  C\u00e9line\n            <\/h3>\n            <p class=\"smal grey-carbon\">\n              Chief Operations Officer\n            <\/p>\n          <\/div>\n          <div class=\"card-overlay\">\n            <strong class=\"card-overlay__title card-title\">\n                Descubre la historia de \n              C\u00e9line\n            <\/strong>\n            <p class=\"smal grey-carbon\">Chief Operations Officer<\/p>\n                          <p class=\"card-overlay__text\">\n                                Gestionar los servicios diarios de los 300 clientes que conf\u00edan en Advens para su ciberseguridad: este es el trabajo de C\u00e9line. Pero, para ella, es&#8230;\n              <\/p>\n                                      <div class=\"card-overlay__bottom\">\n                <span class=\"btn btn-sm btn-primary\">\n                  Descubre el testimonio\n                <\/span>\n              <\/div>\n                      <\/div>\n              <\/div>\n      <\/div>\n\n\n\n<hr class=\"wp-block-separator has-alpha-channel-opacity\"\/>\n\n\n\n\n<div id=\"block-image-texte-895154073\" class=\"acf-block-image-texte alignwide\">\n  <div class=\"image-texte row gx-5 py-4 -droite\">\n                            <div class=\"col-12 col-lg-6 image-container mb-3 mb-lg-0 -right\">\n              <div class=\"image mobile-full-width\">\n          <div class=\"image-content ratio-wrapper -square\" data-component=\"LazyImage\" >\n            <picture class=\"full bkg-cover\" >\n                              <source srcset=\"https:\/\/www.nifty-shtern.217-160-68-194.plesk.page\/app\/uploads\/2022\/06\/unsplash-kdeqa3atnby-620x620.webp\" media=\"(min-width: 0px) and (max-width: 767.98px)\">\n                <source srcset=\"https:\/\/www.nifty-shtern.217-160-68-194.plesk.page\/app\/uploads\/2022\/06\/unsplash-kdeqa3atnby.webp\" media=\"(min-width: 768px)\">\n                <img decoding=\"async\" class=\"img img-fluid rounded\" loading=\"lazy\" src=\"https:\/\/www.nifty-shtern.217-160-68-194.plesk.page\/app\/uploads\/2022\/06\/unsplash-kdeqa3atnby.webp\" alt=\"\">\n                          <\/picture>\n          <\/div>\n        <\/div>\n                <\/div>\n    <div class=\"texte col-12 col-lg-6  d-flex flex-column justify-content-center align-items-start\">\n                    <h2 class=\"titre title-5\">\n          Hacer que el mundo gire es esencial. Cambiarlo&#8230; \u00a1es urgente!\n        <\/h2>\n                    <div class=\"text-content\">\n          <p>Nuestro rendimiento econ\u00f3mico debe tener sentido, por lo que compartimos nuestro valor financiero para tener un impacto. Educaci\u00f3n, inclusi\u00f3n, medio ambiente&#8230; estamos plenamente implicados en numerosas iniciativas.<\/p>\n<p>Estamos aqu\u00ed para proteger el mundo, pero tambi\u00e9n para ayudar a cambiarlo.<\/p>\n\n        <\/div>\n                                <div class=\"btns d-grid d-md-flex gap-3\">\n                      <a class=\"btn btn-primary\" href=\"https:\/\/www.nifty-shtern.217-160-68-194.plesk.page\/es\/proposito\/\" target=\"\" title=\"Conozca nuestra misi\u00f3n\">\n              Conozca nuestra misi\u00f3n\n            <\/a>\n                            <\/div>\n          <\/div>\n  <\/div>\n<\/div>\n\n\n\n<hr class=\"wp-block-separator has-alpha-channel-opacity\"\/>\n\n\n\n<p class=\"is-style-big-text\">La seguridad no es una opci\u00f3n: <strong>es un bien com\u00fan que hay que preservar.<\/strong> Al proteger a la empresa, Advens ayuda a todos a cumplir su misi\u00f3n y a progresar. <\/p>\n\n\n\n<hr class=\"wp-block-separator has-alpha-channel-opacity\"\/>\n","protected":false},"excerpt":{"rendered":"<p>Cada Advenger tiene una doble ambici\u00f3n: hacer bien su trabajo, proteger a nuestros clientes y sus organizaciones, pero tambi\u00e9n, y sobre todo, el deseo de aportar su granito de arena, de hacer m\u00e1s, de tener un impacto. A trav\u00e9s de estos testimonios podr\u00e1 descubrir a las mujeres y a los hombres que dan vida a nuestro proyecto, y lo que les motiva en el d\u00eda a d\u00eda.<\/p>\n","protected":false},"author":3,"featured_media":2893,"parent":6139,"menu_order":0,"comment_status":"closed","ping_status":"closed","template":"tmpl-landing.php","meta":{"_acf_changed":false,"content-type":"","footnotes":""},"class_list":["post-7947","page","type-page","status-publish","has-post-thumbnail","hentry"],"acf":[],"yoast_head":"<!-- This site is optimized with the Yoast SEO plugin v24.8.1 - https:\/\/yoast.com\/wordpress\/plugins\/seo\/ -->\n<title>La historia de los Advengers - Advens<\/title>\n<meta name=\"description\" content=\"Descubra a los hombres y mujeres que dan vida al proyecto Advens, y lo que les motiva cada d\u00eda: \u00a1con\u00f3zcalos!\" \/>\n<meta name=\"robots\" content=\"index, follow, max-snippet:-1, max-image-preview:large, max-video-preview:-1\" \/>\n<link rel=\"canonical\" href=\"https:\/\/www.advens.test\/recrutement\/histoire-d-advengers\/\" \/>\n<meta property=\"og:locale\" content=\"es_ES\" \/>\n<meta property=\"og:type\" content=\"article\" \/>\n<meta property=\"og:title\" content=\"La historia de los Advengers - Advens\" \/>\n<meta property=\"og:description\" content=\"Descubra a los hombres y mujeres que dan vida al proyecto Advens, y lo que les motiva cada d\u00eda: \u00a1con\u00f3zcalos!\" \/>\n<meta property=\"og:url\" content=\"https:\/\/www.advens.test\/recrutement\/histoire-d-advengers\/\" \/>\n<meta property=\"og:site_name\" content=\"Advens\" \/>\n<meta property=\"article:modified_time\" content=\"2023-06-21T14:07:12+00:00\" \/>\n<meta property=\"og:image\" content=\"https:\/\/www.advens.test\/app\/uploads\/2022\/06\/advens-reportage-lyon-dsc2702ter.jpg\" \/>\n\t<meta property=\"og:image:width\" content=\"1920\" \/>\n\t<meta property=\"og:image:height\" content=\"940\" \/>\n\t<meta property=\"og:image:type\" content=\"image\/jpeg\" \/>\n<meta name=\"twitter:card\" content=\"summary_large_image\" \/>\n<meta name=\"twitter:description\" content=\"Descubra a los hombres y mujeres que dan vida al proyecto Advens, y lo que les motiva cada d\u00eda: \u00a1con\u00f3zcalos!\" \/>\n<script type=\"application\/ld+json\" class=\"yoast-schema-graph\">{\"@context\":\"https:\/\/schema.org\",\"@graph\":[{\"@type\":\"WebPage\",\"@id\":\"https:\/\/www.advens.test\/recrutement\/histoire-d-advengers\/\",\"url\":\"https:\/\/www.advens.test\/recrutement\/histoire-d-advengers\/\",\"name\":\"La historia de los Advengers - Advens\",\"isPartOf\":{\"@id\":\"https:\/\/www.advens.test\/#website\"},\"primaryImageOfPage\":{\"@id\":\"https:\/\/www.advens.test\/recrutement\/histoire-d-advengers\/#primaryimage\"},\"image\":{\"@id\":\"https:\/\/www.advens.test\/recrutement\/histoire-d-advengers\/#primaryimage\"},\"thumbnailUrl\":\"https:\/\/www.nifty-shtern.217-160-68-194.plesk.page\/app\/uploads\/2022\/06\/advens-reportage-lyon-dsc2702ter.jpg\",\"datePublished\":\"2022-06-27T09:08:24+00:00\",\"dateModified\":\"2023-06-21T14:07:12+00:00\",\"description\":\"Descubra a los hombres y mujeres que dan vida al proyecto Advens, y lo que les motiva cada d\u00eda: \u00a1con\u00f3zcalos!\",\"breadcrumb\":{\"@id\":\"https:\/\/www.advens.test\/recrutement\/histoire-d-advengers\/#breadcrumb\"},\"inLanguage\":\"es\",\"potentialAction\":[{\"@type\":\"ReadAction\",\"target\":[\"https:\/\/www.advens.test\/recrutement\/histoire-d-advengers\/\"]}]},{\"@type\":\"ImageObject\",\"inLanguage\":\"es\",\"@id\":\"https:\/\/www.advens.test\/recrutement\/histoire-d-advengers\/#primaryimage\",\"url\":\"https:\/\/www.nifty-shtern.217-160-68-194.plesk.page\/app\/uploads\/2022\/06\/advens-reportage-lyon-dsc2702ter.jpg\",\"contentUrl\":\"https:\/\/www.nifty-shtern.217-160-68-194.plesk.page\/app\/uploads\/2022\/06\/advens-reportage-lyon-dsc2702ter.jpg\",\"width\":1920,\"height\":940},{\"@type\":\"BreadcrumbList\",\"@id\":\"https:\/\/www.advens.test\/recrutement\/histoire-d-advengers\/#breadcrumb\",\"itemListElement\":[{\"@type\":\"ListItem\",\"position\":1,\"name\":\"Home\",\"item\":\"https:\/\/www.advens.test\/es\/\"},{\"@type\":\"ListItem\",\"position\":2,\"name\":\"Contrataci\u00f3n\",\"item\":\"https:\/\/www.advens.test\/recrutement\/\"},{\"@type\":\"ListItem\",\"position\":3,\"name\":\"La historia de los Advengers\"}]},{\"@type\":\"WebSite\",\"@id\":\"https:\/\/www.advens.test\/#website\",\"url\":\"https:\/\/www.advens.test\/\",\"name\":\"Advens\",\"description\":\"For Cyber, People &amp; Planet\",\"publisher\":{\"@id\":\"https:\/\/www.advens.test\/#organization\"},\"potentialAction\":[{\"@type\":\"SearchAction\",\"target\":{\"@type\":\"EntryPoint\",\"urlTemplate\":\"https:\/\/www.advens.test\/?s={search_term_string}\"},\"query-input\":{\"@type\":\"PropertyValueSpecification\",\"valueRequired\":true,\"valueName\":\"search_term_string\"}}],\"inLanguage\":\"es\"},{\"@type\":\"Organization\",\"@id\":\"https:\/\/www.advens.test\/#organization\",\"name\":\"Advens\",\"url\":\"https:\/\/www.advens.test\/\",\"logo\":{\"@type\":\"ImageObject\",\"inLanguage\":\"es\",\"@id\":\"https:\/\/www.advens.test\/#\/schema\/logo\/image\/\",\"url\":\"https:\/\/www.nifty-shtern.217-160-68-194.plesk.page\/app\/uploads\/2025\/07\/Logotype-aDvens-Cybersecurity.png\",\"contentUrl\":\"https:\/\/www.nifty-shtern.217-160-68-194.plesk.page\/app\/uploads\/2025\/07\/Logotype-aDvens-Cybersecurity.png\",\"width\":1501,\"height\":1501,\"caption\":\"Advens\"},\"image\":{\"@id\":\"https:\/\/www.advens.test\/#\/schema\/logo\/image\/\"},\"sameAs\":[\"https:\/\/www.linkedin.com\/company\/advens\/\"]}]}<\/script>\n<!-- \/ Yoast SEO plugin. -->","yoast_head_json":{"title":"La historia de los Advengers - Advens","description":"Descubra a los hombres y mujeres que dan vida al proyecto Advens, y lo que les motiva cada d\u00eda: \u00a1con\u00f3zcalos!","robots":{"index":"index","follow":"follow","max-snippet":"max-snippet:-1","max-image-preview":"max-image-preview:large","max-video-preview":"max-video-preview:-1"},"canonical":"https:\/\/www.advens.test\/recrutement\/histoire-d-advengers\/","og_locale":"es_ES","og_type":"article","og_title":"La historia de los Advengers - Advens","og_description":"Descubra a los hombres y mujeres que dan vida al proyecto Advens, y lo que les motiva cada d\u00eda: \u00a1con\u00f3zcalos!","og_url":"https:\/\/www.advens.test\/recrutement\/histoire-d-advengers\/","og_site_name":"Advens","article_modified_time":"2023-06-21T14:07:12+00:00","og_image":[{"width":1920,"height":940,"url":"https:\/\/www.advens.test\/app\/uploads\/2022\/06\/advens-reportage-lyon-dsc2702ter.jpg","type":"image\/jpeg"}],"twitter_card":"summary_large_image","twitter_description":"Descubra a los hombres y mujeres que dan vida al proyecto Advens, y lo que les motiva cada d\u00eda: \u00a1con\u00f3zcalos!","schema":{"@context":"https:\/\/schema.org","@graph":[{"@type":"WebPage","@id":"https:\/\/www.advens.test\/recrutement\/histoire-d-advengers\/","url":"https:\/\/www.advens.test\/recrutement\/histoire-d-advengers\/","name":"La historia de los Advengers - Advens","isPartOf":{"@id":"https:\/\/www.advens.test\/#website"},"primaryImageOfPage":{"@id":"https:\/\/www.advens.test\/recrutement\/histoire-d-advengers\/#primaryimage"},"image":{"@id":"https:\/\/www.advens.test\/recrutement\/histoire-d-advengers\/#primaryimage"},"thumbnailUrl":"https:\/\/www.nifty-shtern.217-160-68-194.plesk.page\/app\/uploads\/2022\/06\/advens-reportage-lyon-dsc2702ter.jpg","datePublished":"2022-06-27T09:08:24+00:00","dateModified":"2023-06-21T14:07:12+00:00","description":"Descubra a los hombres y mujeres que dan vida al proyecto Advens, y lo que les motiva cada d\u00eda: \u00a1con\u00f3zcalos!","breadcrumb":{"@id":"https:\/\/www.advens.test\/recrutement\/histoire-d-advengers\/#breadcrumb"},"inLanguage":"es","potentialAction":[{"@type":"ReadAction","target":["https:\/\/www.advens.test\/recrutement\/histoire-d-advengers\/"]}]},{"@type":"ImageObject","inLanguage":"es","@id":"https:\/\/www.advens.test\/recrutement\/histoire-d-advengers\/#primaryimage","url":"https:\/\/www.nifty-shtern.217-160-68-194.plesk.page\/app\/uploads\/2022\/06\/advens-reportage-lyon-dsc2702ter.jpg","contentUrl":"https:\/\/www.nifty-shtern.217-160-68-194.plesk.page\/app\/uploads\/2022\/06\/advens-reportage-lyon-dsc2702ter.jpg","width":1920,"height":940},{"@type":"BreadcrumbList","@id":"https:\/\/www.advens.test\/recrutement\/histoire-d-advengers\/#breadcrumb","itemListElement":[{"@type":"ListItem","position":1,"name":"Home","item":"https:\/\/www.advens.test\/es\/"},{"@type":"ListItem","position":2,"name":"Contrataci\u00f3n","item":"https:\/\/www.advens.test\/recrutement\/"},{"@type":"ListItem","position":3,"name":"La historia de los Advengers"}]},{"@type":"WebSite","@id":"https:\/\/www.advens.test\/#website","url":"https:\/\/www.advens.test\/","name":"Advens","description":"For Cyber, People &amp; Planet","publisher":{"@id":"https:\/\/www.advens.test\/#organization"},"potentialAction":[{"@type":"SearchAction","target":{"@type":"EntryPoint","urlTemplate":"https:\/\/www.advens.test\/?s={search_term_string}"},"query-input":{"@type":"PropertyValueSpecification","valueRequired":true,"valueName":"search_term_string"}}],"inLanguage":"es"},{"@type":"Organization","@id":"https:\/\/www.advens.test\/#organization","name":"Advens","url":"https:\/\/www.advens.test\/","logo":{"@type":"ImageObject","inLanguage":"es","@id":"https:\/\/www.advens.test\/#\/schema\/logo\/image\/","url":"https:\/\/www.nifty-shtern.217-160-68-194.plesk.page\/app\/uploads\/2025\/07\/Logotype-aDvens-Cybersecurity.png","contentUrl":"https:\/\/www.nifty-shtern.217-160-68-194.plesk.page\/app\/uploads\/2025\/07\/Logotype-aDvens-Cybersecurity.png","width":1501,"height":1501,"caption":"Advens"},"image":{"@id":"https:\/\/www.advens.test\/#\/schema\/logo\/image\/"},"sameAs":["https:\/\/www.linkedin.com\/company\/advens\/"]}]}},"_links":{"self":[{"href":"https:\/\/www.nifty-shtern.217-160-68-194.plesk.page\/es\/wp-json\/wp\/v2\/pages\/7947","targetHints":{"allow":["GET"]}}],"collection":[{"href":"https:\/\/www.nifty-shtern.217-160-68-194.plesk.page\/es\/wp-json\/wp\/v2\/pages"}],"about":[{"href":"https:\/\/www.nifty-shtern.217-160-68-194.plesk.page\/es\/wp-json\/wp\/v2\/types\/page"}],"author":[{"embeddable":true,"href":"https:\/\/www.nifty-shtern.217-160-68-194.plesk.page\/es\/wp-json\/wp\/v2\/users\/3"}],"replies":[{"embeddable":true,"href":"https:\/\/www.nifty-shtern.217-160-68-194.plesk.page\/es\/wp-json\/wp\/v2\/comments?post=7947"}],"version-history":[{"count":4,"href":"https:\/\/www.nifty-shtern.217-160-68-194.plesk.page\/es\/wp-json\/wp\/v2\/pages\/7947\/revisions"}],"predecessor-version":[{"id":9482,"href":"https:\/\/www.nifty-shtern.217-160-68-194.plesk.page\/es\/wp-json\/wp\/v2\/pages\/7947\/revisions\/9482"}],"up":[{"embeddable":true,"href":"https:\/\/www.nifty-shtern.217-160-68-194.plesk.page\/es\/wp-json\/wp\/v2\/pages\/6139"}],"wp:featuredmedia":[{"embeddable":true,"href":"https:\/\/www.nifty-shtern.217-160-68-194.plesk.page\/es\/wp-json\/wp\/v2\/media\/2893"}],"wp:attachment":[{"href":"https:\/\/www.nifty-shtern.217-160-68-194.plesk.page\/es\/wp-json\/wp\/v2\/media?parent=7947"}],"curies":[{"name":"wp","href":"https:\/\/api.w.org\/{rel}","templated":true}]}}