{"id":7955,"date":"2022-04-05T09:39:37","date_gmt":"2022-04-05T07:39:37","guid":{"rendered":"https:\/\/www.advens.test\/?page_id=7955"},"modified":"2024-02-14T09:12:08","modified_gmt":"2024-02-14T08:12:08","slug":"acerca-de-advens","status":"publish","type":"page","link":"https:\/\/www.nifty-shtern.217-160-68-194.plesk.page\/es\/acerca-de-advens\/","title":{"rendered":"Acerca de Advens"},"content":{"rendered":"\n<p>Advens es un l\u00edder europeo, independiente y de gran peso en el \u00e1mbito de la ciberseguridad. Estamos presentes en toda Francia (Par\u00eds, Lille, Lyon, Marseille, Toulouse, Burdeos, Nantes y Rennes), Espa\u00f1a (Madrid, Barcelona, Bilbao, Valencia), Italia (Roma, Milano), Alemania (Munchi) y tambien en  Canad\u00e1 y en Asia Pac\u00edfico.<\/p>\n\n\n\n<p>Nuestra misi\u00f3n consiste en proteger las 24 horas del d\u00eda y los 365 d\u00edas del a\u00f1o organizaciones p\u00fablicas y privadas que dependen cada vez m\u00e1s de la tecnolog\u00eda digital y exponen a diario sus recursos a atacantes cada vez m\u00e1s profesionales.<\/p>\n\n\n\n<p>Esta misi\u00f3n nos gu\u00eda y nos motiva d\u00eda tras d\u00eda. Pero no solo contamos con eso. Nuestro rendimiento financiero nos permite apoyar y acelerar proyectos de impacto gracias al fondo de dotaci\u00f3n \u00abAdvens for People and Planet\u00bb.<\/p>\n\n\n\n<h2 class=\"wp-block-heading\">\u00bfQuiere conocer nuestra misi\u00f3n y nuestro compromiso?<\/h2>\n\n\n\n<p>No se pierda la p\u00e1gina <a href=\"https:\/\/www.nifty-shtern.217-160-68-194.plesk.page\/es\/proposito\/\">Misi\u00f3n<\/a><\/p>\n\n\n\n<h2 class=\"wp-block-heading\">\u00bfDesea saber m\u00e1s sobre nuestra oferta y nuestras \u00e1reas de especializaci\u00f3n?<\/h2>\n\n\n\n<p>Satisfaga su curiosidad en <a href=\"https:\/\/www.nifty-shtern.217-160-68-194.plesk.page\/es\/especialidad\/\">Nuestra experiencia<\/a><\/p>\n\n\n\n<h2 class=\"wp-block-heading\">\u00bfLe gustar\u00eda informarse sobre nuestros empleos y puestos disponibles?<\/h2>\n\n\n\n<p>Es tan f\u00e1cil como visitar la p\u00e1gina <a href=\"https:\/\/www.nifty-shtern.217-160-68-194.plesk.page\/es\/contratacion\/\">Contrataci\u00f3n<\/a><\/p>\n","protected":false},"excerpt":{"rendered":"<p>Advens es un l\u00edder europeo, independiente y de gran peso en el \u00e1mbito de la ciberseguridad. Estamos presentes en toda Francia (Par\u00eds, Lille, Lyon, Marseille, Toulouse, Burdeos, Nantes y Rennes), Espa\u00f1a (Madrid, Barcelona, Bilbao, Valencia), Italia (Roma, Milano), Alemania (Munchi) y tambien en Canad\u00e1 y en Asia Pac\u00edfico. Nuestra misi\u00f3n consiste en proteger las 24 [&hellip;]<\/p>\n","protected":false},"author":3,"featured_media":0,"parent":0,"menu_order":15,"comment_status":"closed","ping_status":"closed","template":"","meta":{"_acf_changed":false,"content-type":"","footnotes":""},"class_list":["post-7955","page","type-page","status-publish","hentry"],"acf":[],"yoast_head":"<!-- This site is optimized with the Yoast SEO plugin v24.8.1 - https:\/\/yoast.com\/wordpress\/plugins\/seo\/ -->\n<title>Acerca de Advens - Advens<\/title>\n<meta name=\"description\" content=\"Advens es un l\u00edder franc\u00e9s independiente y un actor importante en el \u00e1mbito de la ciberseguridad. \u00bfLe gustar\u00eda saber m\u00e1s?\" \/>\n<meta name=\"robots\" content=\"index, follow, max-snippet:-1, max-image-preview:large, max-video-preview:-1\" \/>\n<link rel=\"canonical\" href=\"https:\/\/www.advens.test\/a-propos-dadvens\/\" \/>\n<meta property=\"og:locale\" content=\"es_ES\" \/>\n<meta property=\"og:type\" content=\"article\" \/>\n<meta property=\"og:title\" content=\"Acerca de Advens - Advens\" \/>\n<meta property=\"og:description\" content=\"Advens es un l\u00edder franc\u00e9s independiente y un actor importante en el \u00e1mbito de la ciberseguridad. \u00bfLe gustar\u00eda saber m\u00e1s?\" \/>\n<meta property=\"og:url\" content=\"https:\/\/www.advens.test\/a-propos-dadvens\/\" \/>\n<meta property=\"og:site_name\" content=\"Advens\" \/>\n<meta property=\"article:modified_time\" content=\"2024-02-14T08:12:08+00:00\" \/>\n<meta name=\"twitter:card\" content=\"summary_large_image\" \/>\n<meta name=\"twitter:description\" content=\"Advens es un l\u00edder franc\u00e9s independiente y un actor importante en el \u00e1mbito de la ciberseguridad. \u00bfLe gustar\u00eda saber m\u00e1s?\" \/>\n<script type=\"application\/ld+json\" class=\"yoast-schema-graph\">{\"@context\":\"https:\/\/schema.org\",\"@graph\":[{\"@type\":\"WebPage\",\"@id\":\"https:\/\/www.advens.test\/a-propos-dadvens\/\",\"url\":\"https:\/\/www.advens.test\/a-propos-dadvens\/\",\"name\":\"Acerca de Advens - Advens\",\"isPartOf\":{\"@id\":\"https:\/\/www.advens.test\/#website\"},\"datePublished\":\"2022-04-05T07:39:37+00:00\",\"dateModified\":\"2024-02-14T08:12:08+00:00\",\"description\":\"Advens es un l\u00edder franc\u00e9s independiente y un actor importante en el \u00e1mbito de la ciberseguridad. \u00bfLe gustar\u00eda saber m\u00e1s?\",\"breadcrumb\":{\"@id\":\"https:\/\/www.advens.test\/a-propos-dadvens\/#breadcrumb\"},\"inLanguage\":\"es\",\"potentialAction\":[{\"@type\":\"ReadAction\",\"target\":[\"https:\/\/www.advens.test\/a-propos-dadvens\/\"]}]},{\"@type\":\"BreadcrumbList\",\"@id\":\"https:\/\/www.advens.test\/a-propos-dadvens\/#breadcrumb\",\"itemListElement\":[{\"@type\":\"ListItem\",\"position\":1,\"name\":\"Home\",\"item\":\"https:\/\/www.advens.test\/es\/\"},{\"@type\":\"ListItem\",\"position\":2,\"name\":\"Acerca de Advens\"}]},{\"@type\":\"WebSite\",\"@id\":\"https:\/\/www.advens.test\/#website\",\"url\":\"https:\/\/www.advens.test\/\",\"name\":\"Advens\",\"description\":\"For Cyber, People &amp; Planet\",\"publisher\":{\"@id\":\"https:\/\/www.advens.test\/#organization\"},\"potentialAction\":[{\"@type\":\"SearchAction\",\"target\":{\"@type\":\"EntryPoint\",\"urlTemplate\":\"https:\/\/www.advens.test\/?s={search_term_string}\"},\"query-input\":{\"@type\":\"PropertyValueSpecification\",\"valueRequired\":true,\"valueName\":\"search_term_string\"}}],\"inLanguage\":\"es\"},{\"@type\":\"Organization\",\"@id\":\"https:\/\/www.advens.test\/#organization\",\"name\":\"Advens\",\"url\":\"https:\/\/www.advens.test\/\",\"logo\":{\"@type\":\"ImageObject\",\"inLanguage\":\"es\",\"@id\":\"https:\/\/www.advens.test\/#\/schema\/logo\/image\/\",\"url\":\"https:\/\/www.nifty-shtern.217-160-68-194.plesk.page\/app\/uploads\/2025\/07\/Logotype-aDvens-Cybersecurity.png\",\"contentUrl\":\"https:\/\/www.nifty-shtern.217-160-68-194.plesk.page\/app\/uploads\/2025\/07\/Logotype-aDvens-Cybersecurity.png\",\"width\":1501,\"height\":1501,\"caption\":\"Advens\"},\"image\":{\"@id\":\"https:\/\/www.advens.test\/#\/schema\/logo\/image\/\"},\"sameAs\":[\"https:\/\/www.linkedin.com\/company\/advens\/\"]}]}<\/script>\n<!-- \/ Yoast SEO plugin. -->","yoast_head_json":{"title":"Acerca de Advens - Advens","description":"Advens es un l\u00edder franc\u00e9s independiente y un actor importante en el \u00e1mbito de la ciberseguridad. \u00bfLe gustar\u00eda saber m\u00e1s?","robots":{"index":"index","follow":"follow","max-snippet":"max-snippet:-1","max-image-preview":"max-image-preview:large","max-video-preview":"max-video-preview:-1"},"canonical":"https:\/\/www.advens.test\/a-propos-dadvens\/","og_locale":"es_ES","og_type":"article","og_title":"Acerca de Advens - Advens","og_description":"Advens es un l\u00edder franc\u00e9s independiente y un actor importante en el \u00e1mbito de la ciberseguridad. \u00bfLe gustar\u00eda saber m\u00e1s?","og_url":"https:\/\/www.advens.test\/a-propos-dadvens\/","og_site_name":"Advens","article_modified_time":"2024-02-14T08:12:08+00:00","twitter_card":"summary_large_image","twitter_description":"Advens es un l\u00edder franc\u00e9s independiente y un actor importante en el \u00e1mbito de la ciberseguridad. \u00bfLe gustar\u00eda saber m\u00e1s?","schema":{"@context":"https:\/\/schema.org","@graph":[{"@type":"WebPage","@id":"https:\/\/www.advens.test\/a-propos-dadvens\/","url":"https:\/\/www.advens.test\/a-propos-dadvens\/","name":"Acerca de Advens - Advens","isPartOf":{"@id":"https:\/\/www.advens.test\/#website"},"datePublished":"2022-04-05T07:39:37+00:00","dateModified":"2024-02-14T08:12:08+00:00","description":"Advens es un l\u00edder franc\u00e9s independiente y un actor importante en el \u00e1mbito de la ciberseguridad. \u00bfLe gustar\u00eda saber m\u00e1s?","breadcrumb":{"@id":"https:\/\/www.advens.test\/a-propos-dadvens\/#breadcrumb"},"inLanguage":"es","potentialAction":[{"@type":"ReadAction","target":["https:\/\/www.advens.test\/a-propos-dadvens\/"]}]},{"@type":"BreadcrumbList","@id":"https:\/\/www.advens.test\/a-propos-dadvens\/#breadcrumb","itemListElement":[{"@type":"ListItem","position":1,"name":"Home","item":"https:\/\/www.advens.test\/es\/"},{"@type":"ListItem","position":2,"name":"Acerca de Advens"}]},{"@type":"WebSite","@id":"https:\/\/www.advens.test\/#website","url":"https:\/\/www.advens.test\/","name":"Advens","description":"For Cyber, People &amp; Planet","publisher":{"@id":"https:\/\/www.advens.test\/#organization"},"potentialAction":[{"@type":"SearchAction","target":{"@type":"EntryPoint","urlTemplate":"https:\/\/www.advens.test\/?s={search_term_string}"},"query-input":{"@type":"PropertyValueSpecification","valueRequired":true,"valueName":"search_term_string"}}],"inLanguage":"es"},{"@type":"Organization","@id":"https:\/\/www.advens.test\/#organization","name":"Advens","url":"https:\/\/www.advens.test\/","logo":{"@type":"ImageObject","inLanguage":"es","@id":"https:\/\/www.advens.test\/#\/schema\/logo\/image\/","url":"https:\/\/www.nifty-shtern.217-160-68-194.plesk.page\/app\/uploads\/2025\/07\/Logotype-aDvens-Cybersecurity.png","contentUrl":"https:\/\/www.nifty-shtern.217-160-68-194.plesk.page\/app\/uploads\/2025\/07\/Logotype-aDvens-Cybersecurity.png","width":1501,"height":1501,"caption":"Advens"},"image":{"@id":"https:\/\/www.advens.test\/#\/schema\/logo\/image\/"},"sameAs":["https:\/\/www.linkedin.com\/company\/advens\/"]}]}},"_links":{"self":[{"href":"https:\/\/www.nifty-shtern.217-160-68-194.plesk.page\/es\/wp-json\/wp\/v2\/pages\/7955","targetHints":{"allow":["GET"]}}],"collection":[{"href":"https:\/\/www.nifty-shtern.217-160-68-194.plesk.page\/es\/wp-json\/wp\/v2\/pages"}],"about":[{"href":"https:\/\/www.nifty-shtern.217-160-68-194.plesk.page\/es\/wp-json\/wp\/v2\/types\/page"}],"author":[{"embeddable":true,"href":"https:\/\/www.nifty-shtern.217-160-68-194.plesk.page\/es\/wp-json\/wp\/v2\/users\/3"}],"replies":[{"embeddable":true,"href":"https:\/\/www.nifty-shtern.217-160-68-194.plesk.page\/es\/wp-json\/wp\/v2\/comments?post=7955"}],"version-history":[{"count":6,"href":"https:\/\/www.nifty-shtern.217-160-68-194.plesk.page\/es\/wp-json\/wp\/v2\/pages\/7955\/revisions"}],"predecessor-version":[{"id":13159,"href":"https:\/\/www.nifty-shtern.217-160-68-194.plesk.page\/es\/wp-json\/wp\/v2\/pages\/7955\/revisions\/13159"}],"wp:attachment":[{"href":"https:\/\/www.nifty-shtern.217-160-68-194.plesk.page\/es\/wp-json\/wp\/v2\/media?parent=7955"}],"curies":[{"name":"wp","href":"https:\/\/api.w.org\/{rel}","templated":true}]}}