{"id":8073,"date":"2022-04-05T09:43:32","date_gmt":"2022-04-05T07:43:32","guid":{"rendered":"https:\/\/www.advens.test\/mentions-legales\/"},"modified":"2024-11-04T10:27:56","modified_gmt":"2024-11-04T09:27:56","slug":"informacion-juridica","status":"publish","type":"page","link":"https:\/\/www.nifty-shtern.217-160-68-194.plesk.page\/es\/informacion-juridica\/","title":{"rendered":"Informaci\u00f3n jur\u00eddica"},"content":{"rendered":"\n<p><strong>Estatutos<\/strong><\/p>\n\n\n\n<p><strong>Advens<\/strong><\/p>\n\n\n\n<p>Sociedad por acciones simplificada<\/p>\n\n\n\n<p>Capital social: 440.250 euros<\/p>\n\n\n\n<p>32, rue Faidherbe<\/p>\n\n\n\n<p>59800 LILLE<\/p>\n\n\n\n<p>Inscrita en el Registro Mercantil de Lille M\u00e9tropole<\/p>\n\n\n\n<p><strong>Editor de este sitio web<\/strong><\/p>\n\n\n\n<p><strong>Advens<\/strong><\/p>\n\n\n\n<p>Lille<\/p>\n\n\n\n<p>+33(0)1 84 16 30 25<\/p>\n\n\n\n<p>contact@advens.fr<\/p>\n\n\n\n<p><strong>Anfitri\u00f3n<\/strong><\/p>\n\n\n\n<p><strong>Advens<\/strong><\/p>\n\n\n\n<p>32, rue Faidherbe<\/p>\n\n\n\n<p>59800 LILLE<\/p>\n\n\n\n<p><strong>Producci\u00f3n<\/strong><\/p>\n\n\n\n<p><strong>Datagif<\/strong><\/p>\n\n\n\n<p>Sociedad de responsabilidad limitada<\/p>\n\n\n\n<p>Capital de 351.000 euros<\/p>\n\n\n\n<p>35 rue Chanzy<\/p>\n\n\n\n<p>75011 Par\u00eds<\/p>\n\n\n\n<p>Inscrita en el Registro Mercantil de Cr\u00e9teil<\/p>\n\n\n\n<p>ET<\/p>\n\n\n\n<p><strong>FCINQ<\/strong><\/p>\n\n\n\n<p>Sociedad por acciones simplificada<\/p>\n\n\n\n<p>Capital de 37.000 euros<\/p>\n\n\n\n<p>5 rue Choron<\/p>\n\n\n\n<p>75009 Par\u00eds<\/p>\n\n\n\n<p>Inscrita en el Registro Mercantil de Par\u00eds<\/p>\n\n\n\n<p>ET<\/p>\n\n\n\n<p><strong>Advens<\/strong><\/p>\n\n\n\n<p>Sociedad por acciones simplificada<\/p>\n\n\n\n<p>Capital social: 440.250 euros<\/p>\n\n\n\n<p>32, rue Faidherbe<\/p>\n\n\n\n<p>59800 LILLE<\/p>\n\n\n\n<p>Inscrita en el Registro Mercantil de Lille M\u00e9tropole<\/p>\n\n\n\n<p><strong>Director de publicaciones<\/strong><\/p>\n\n\n\n<p>Alexandre Fayeulle<\/p>\n\n\n\n<p><strong>P\u00f3ngase en contacto con nosotros<\/strong><\/p>\n\n\n\n<p>contact@advens.fr<\/p>\n\n\n\n<p><strong>Acceso al sitio<\/strong><\/p>\n\n\n\n<p>www.advens.fr<\/p>\n\n\n\n<p>El acceso al sitio es gratuito, a excepci\u00f3n de los posibles gastos de conexi\u00f3n a Internet.<\/p>\n\n\n\n<p>Los usuarios reconocen haber sido informados de que este sitio es accesible las 24 horas del d\u00eda, los 7 d\u00edas de la semana, salvo en caso de fuerza mayor, dificultades inform\u00e1ticas, dificultades vinculadas a la estructura de las redes de comunicaci\u00f3n o dificultades t\u00e9cnicas.<\/p>\n\n\n\n<p>Los usuarios del sitio web www.advens.fr reconocen que disponen de las competencias y los recursos necesarios para acceder a este sitio y utilizarlo. Los usuarios del sitio web est\u00e1n obligados a respetar las disposiciones de la ley relativa a la inform\u00e1tica, los ficheros y las libertades, cuya violaci\u00f3n se castiga con sanciones penales. En particular, deben abstenerse de recoger o utilizar indebidamente cualquier informaci\u00f3n personal a la que tengan acceso y, en general, de cualquier acto que pueda atentar contra la intimidad o la reputaci\u00f3n de las personas.<\/p>\n\n\n\n<p><strong>Contenido del sitio web<\/strong><\/p>\n\n\n\n<p>Advens proporciona a los usuarios del sitio web www.advens.fr informaci\u00f3n y herramientas disponibles y verificadas relativas a sus productos, pero no se hace responsable de los errores o de la falta de disponibilidad de determinada informaci\u00f3n. Agradecer\u00edamos a los usuarios del sitio que nos informaran de cualquier omisi\u00f3n, error o correcci\u00f3n enviando un correo electr\u00f3nico al webmaster del sitio a la direcci\u00f3n contact@advens.fr.<\/p>\n\n\n\n<p><strong>Propiedad<\/strong><\/p>\n\n\n\n<p>El Sitio Advens y todos sus componentes (software, textos, im\u00e1genes animadas o fijas, sonidos, bases de datos, v\u00eddeos, dibujos, gr\u00e1ficos, fotograf\u00edas) son propiedad de Advens y est\u00e1n protegidos por el derecho de propiedad intelectual o por las disposiciones relativas a los derechos de imagen.<\/p>\n\n\n\n<p>Toda representaci\u00f3n total o parcial de este sitio, as\u00ed como de las marcas y logotipos que figuran en \u00e9l, por cualquier procedimiento, sin la autorizaci\u00f3n expresa de Advens, est\u00e1 prohibida y constituir\u00eda una falsificaci\u00f3n sancionada por los art\u00edculos L335-2 y siguientes del C\u00f3digo de la Propiedad Intelectual franc\u00e9s. Advens no se hace responsable de los enlaces de hipertexto presentes en este sitio web hacia otros recursos de Internet. Los usuarios y visitantes del sitio web no podr\u00e1n establecer un hiperv\u00ednculo hacia este sitio sin la autorizaci\u00f3n previa y expresa de Advens.<\/p>\n\n\n\n<p><strong>Responsabilidad<\/strong><\/p>\n\n\n\n<p>El usuario de este sitio web se compromete a utilizarlo de acuerdo con la finalidad para la que est\u00e1 destinado. En ning\u00fan caso, Advens podr\u00e1 ser considerada responsable de cualquier da\u00f1o directo o indirecto, material o inmaterial, o especial, que resulte en particular de la consulta y\/o utilizaci\u00f3n de este sitio web o de otros sitios vinculados a \u00e9l, como la utilizaci\u00f3n de informaciones textuales, sonoras o visuales que hayan podido recopilarse en \u00e9l, y en particular de cualquier p\u00e9rdida financiera o comercial, p\u00e9rdida de programas o de datos en su sistema de informaci\u00f3n o de otro tipo.<\/p>\n\n\n\n<p><strong>Datos personales<\/strong><\/p>\n\n\n\n<figure class=\"wp-block-embed is-type-wp-embed is-provider-advens wp-block-embed-advens\"><div class=\"wp-block-embed__wrapper\">\n<div class=\"video-container\"><blockquote class=\"wp-embedded-content\" data-secret=\"B2Vz4bG1KX\"><a href=\"https:\/\/www.nifty-shtern.217-160-68-194.plesk.page\/es\/politica-proteccion-datos\/\">Pol\u00edtica de protecci\u00f3n de datos<\/a><\/blockquote><iframe loading=\"lazy\" class=\"wp-embedded-content\" sandbox=\"allow-scripts\" security=\"restricted\" style=\"position: absolute; visibility: hidden;\" title=\"\u00abPol\u00edtica de protecci\u00f3n de datos\u00bb \u2014 Advens\" src=\"https:\/\/www.nifty-shtern.217-160-68-194.plesk.page\/es\/politica-proteccion-datos\/embed\/#?secret=yLz6KRbAY0#?secret=B2Vz4bG1KX\" data-secret=\"B2Vz4bG1KX\" width=\"500\" height=\"282\" frameborder=\"0\" marginwidth=\"0\" marginheight=\"0\" scrolling=\"no\"><\/iframe><\/div>\n<\/div><\/figure>\n\n\n\n<p><strong>Cookies<\/strong><\/p>\n\n\n\n<figure class=\"wp-block-embed is-type-wp-embed is-provider-advens wp-block-embed-advens\"><div class=\"wp-block-embed__wrapper\">\n<div class=\"video-container\"><blockquote class=\"wp-embedded-content\" data-secret=\"3Ect0oWhZU\"><a href=\"https:\/\/www.nifty-shtern.217-160-68-194.plesk.page\/es\/politica-gestion-cookies\/\">Pol\u00edtica de gesti\u00f3n de cookies<\/a><\/blockquote><iframe loading=\"lazy\" class=\"wp-embedded-content\" sandbox=\"allow-scripts\" security=\"restricted\" style=\"position: absolute; visibility: hidden;\" title=\"\u00abPol\u00edtica de gesti\u00f3n de cookies\u00bb \u2014 Advens\" src=\"https:\/\/www.nifty-shtern.217-160-68-194.plesk.page\/es\/politica-gestion-cookies\/embed\/#?secret=Ly0N6vNflY#?secret=3Ect0oWhZU\" data-secret=\"3Ect0oWhZU\" width=\"500\" height=\"282\" frameborder=\"0\" marginwidth=\"0\" marginheight=\"0\" scrolling=\"no\"><\/iframe><\/div>\n<\/div><\/figure>\n\n\n\n<p><strong>Legislaci\u00f3n aplicable<\/strong><\/p>\n\n\n\n<p>El uso de este sitio web se rige por la legislaci\u00f3n francesa, con exclusi\u00f3n de cualquier otra legislaci\u00f3n.<\/p>\n","protected":false},"excerpt":{"rendered":"<p>Estatutos Advens Sociedad por acciones simplificada Capital social: 440.250 euros 32, rue Faidherbe 59800 LILLE Inscrita en el Registro Mercantil de Lille M\u00e9tropole Editor de este sitio web Advens Lille +33(0)1 84 16 30 25 contact@advens.fr Anfitri\u00f3n Advens 32, rue Faidherbe 59800 LILLE Producci\u00f3n Datagif Sociedad de responsabilidad limitada Capital de 351.000 euros 35 rue [&hellip;]<\/p>\n","protected":false},"author":3,"featured_media":0,"parent":0,"menu_order":21,"comment_status":"closed","ping_status":"closed","template":"tmpl-pagette.php","meta":{"_acf_changed":false,"content-type":"","footnotes":""},"class_list":["post-8073","page","type-page","status-publish","hentry"],"acf":[],"yoast_head":"<!-- This site is optimized with the Yoast SEO plugin v24.8.1 - https:\/\/yoast.com\/wordpress\/plugins\/seo\/ -->\n<title>Informaci\u00f3n jur\u00eddica - Advens<\/title>\n<meta name=\"description\" content=\"Estatutos Advens Sociedad por acciones simplificada Capital social: 440.250 euros 32, rue Faidherbe 59800 LILLE Inscrita en el Registro Mercantil de Lille\" \/>\n<meta name=\"robots\" content=\"index, follow, max-snippet:-1, max-image-preview:large, max-video-preview:-1\" \/>\n<link rel=\"canonical\" href=\"https:\/\/www.advens.test\/mentions-legales\/\" \/>\n<meta property=\"og:locale\" content=\"es_ES\" \/>\n<meta property=\"og:type\" content=\"article\" \/>\n<meta property=\"og:title\" content=\"Informaci\u00f3n jur\u00eddica - Advens\" \/>\n<meta property=\"og:description\" content=\"Estatutos Advens Sociedad por acciones simplificada Capital social: 440.250 euros 32, rue Faidherbe 59800 LILLE Inscrita en el Registro Mercantil de Lille\" \/>\n<meta property=\"og:url\" content=\"https:\/\/www.advens.test\/mentions-legales\/\" \/>\n<meta property=\"og:site_name\" content=\"Advens\" \/>\n<meta property=\"article:modified_time\" content=\"2024-11-04T09:27:56+00:00\" \/>\n<meta name=\"twitter:card\" content=\"summary_large_image\" \/>\n<script type=\"application\/ld+json\" class=\"yoast-schema-graph\">{\"@context\":\"https:\/\/schema.org\",\"@graph\":[{\"@type\":\"WebPage\",\"@id\":\"https:\/\/www.advens.test\/mentions-legales\/\",\"url\":\"https:\/\/www.advens.test\/mentions-legales\/\",\"name\":\"Informaci\u00f3n jur\u00eddica - Advens\",\"isPartOf\":{\"@id\":\"https:\/\/www.advens.test\/#website\"},\"datePublished\":\"2022-04-05T07:43:32+00:00\",\"dateModified\":\"2024-11-04T09:27:56+00:00\",\"description\":\"Estatutos Advens Sociedad por acciones simplificada Capital social: 440.250 euros 32, rue Faidherbe 59800 LILLE Inscrita en el Registro Mercantil de Lille\",\"breadcrumb\":{\"@id\":\"https:\/\/www.advens.test\/mentions-legales\/#breadcrumb\"},\"inLanguage\":\"es\",\"potentialAction\":[{\"@type\":\"ReadAction\",\"target\":[\"https:\/\/www.advens.test\/mentions-legales\/\"]}]},{\"@type\":\"BreadcrumbList\",\"@id\":\"https:\/\/www.advens.test\/mentions-legales\/#breadcrumb\",\"itemListElement\":[{\"@type\":\"ListItem\",\"position\":1,\"name\":\"Home\",\"item\":\"https:\/\/www.advens.test\/es\/\"},{\"@type\":\"ListItem\",\"position\":2,\"name\":\"Informaci\u00f3n jur\u00eddica\"}]},{\"@type\":\"WebSite\",\"@id\":\"https:\/\/www.advens.test\/#website\",\"url\":\"https:\/\/www.advens.test\/\",\"name\":\"Advens\",\"description\":\"For Cyber, People &amp; Planet\",\"publisher\":{\"@id\":\"https:\/\/www.advens.test\/#organization\"},\"potentialAction\":[{\"@type\":\"SearchAction\",\"target\":{\"@type\":\"EntryPoint\",\"urlTemplate\":\"https:\/\/www.advens.test\/?s={search_term_string}\"},\"query-input\":{\"@type\":\"PropertyValueSpecification\",\"valueRequired\":true,\"valueName\":\"search_term_string\"}}],\"inLanguage\":\"es\"},{\"@type\":\"Organization\",\"@id\":\"https:\/\/www.advens.test\/#organization\",\"name\":\"Advens\",\"url\":\"https:\/\/www.advens.test\/\",\"logo\":{\"@type\":\"ImageObject\",\"inLanguage\":\"es\",\"@id\":\"https:\/\/www.advens.test\/#\/schema\/logo\/image\/\",\"url\":\"https:\/\/www.nifty-shtern.217-160-68-194.plesk.page\/app\/uploads\/2025\/07\/Logotype-aDvens-Cybersecurity.png\",\"contentUrl\":\"https:\/\/www.nifty-shtern.217-160-68-194.plesk.page\/app\/uploads\/2025\/07\/Logotype-aDvens-Cybersecurity.png\",\"width\":1501,\"height\":1501,\"caption\":\"Advens\"},\"image\":{\"@id\":\"https:\/\/www.advens.test\/#\/schema\/logo\/image\/\"},\"sameAs\":[\"https:\/\/www.linkedin.com\/company\/advens\/\"]}]}<\/script>\n<!-- \/ Yoast SEO plugin. -->","yoast_head_json":{"title":"Informaci\u00f3n jur\u00eddica - Advens","description":"Estatutos Advens Sociedad por acciones simplificada Capital social: 440.250 euros 32, rue Faidherbe 59800 LILLE Inscrita en el Registro Mercantil de Lille","robots":{"index":"index","follow":"follow","max-snippet":"max-snippet:-1","max-image-preview":"max-image-preview:large","max-video-preview":"max-video-preview:-1"},"canonical":"https:\/\/www.advens.test\/mentions-legales\/","og_locale":"es_ES","og_type":"article","og_title":"Informaci\u00f3n jur\u00eddica - Advens","og_description":"Estatutos Advens Sociedad por acciones simplificada Capital social: 440.250 euros 32, rue Faidherbe 59800 LILLE Inscrita en el Registro Mercantil de Lille","og_url":"https:\/\/www.advens.test\/mentions-legales\/","og_site_name":"Advens","article_modified_time":"2024-11-04T09:27:56+00:00","twitter_card":"summary_large_image","schema":{"@context":"https:\/\/schema.org","@graph":[{"@type":"WebPage","@id":"https:\/\/www.advens.test\/mentions-legales\/","url":"https:\/\/www.advens.test\/mentions-legales\/","name":"Informaci\u00f3n jur\u00eddica - Advens","isPartOf":{"@id":"https:\/\/www.advens.test\/#website"},"datePublished":"2022-04-05T07:43:32+00:00","dateModified":"2024-11-04T09:27:56+00:00","description":"Estatutos Advens Sociedad por acciones simplificada Capital social: 440.250 euros 32, rue Faidherbe 59800 LILLE Inscrita en el Registro Mercantil de Lille","breadcrumb":{"@id":"https:\/\/www.advens.test\/mentions-legales\/#breadcrumb"},"inLanguage":"es","potentialAction":[{"@type":"ReadAction","target":["https:\/\/www.advens.test\/mentions-legales\/"]}]},{"@type":"BreadcrumbList","@id":"https:\/\/www.advens.test\/mentions-legales\/#breadcrumb","itemListElement":[{"@type":"ListItem","position":1,"name":"Home","item":"https:\/\/www.advens.test\/es\/"},{"@type":"ListItem","position":2,"name":"Informaci\u00f3n jur\u00eddica"}]},{"@type":"WebSite","@id":"https:\/\/www.advens.test\/#website","url":"https:\/\/www.advens.test\/","name":"Advens","description":"For Cyber, People &amp; Planet","publisher":{"@id":"https:\/\/www.advens.test\/#organization"},"potentialAction":[{"@type":"SearchAction","target":{"@type":"EntryPoint","urlTemplate":"https:\/\/www.advens.test\/?s={search_term_string}"},"query-input":{"@type":"PropertyValueSpecification","valueRequired":true,"valueName":"search_term_string"}}],"inLanguage":"es"},{"@type":"Organization","@id":"https:\/\/www.advens.test\/#organization","name":"Advens","url":"https:\/\/www.advens.test\/","logo":{"@type":"ImageObject","inLanguage":"es","@id":"https:\/\/www.advens.test\/#\/schema\/logo\/image\/","url":"https:\/\/www.nifty-shtern.217-160-68-194.plesk.page\/app\/uploads\/2025\/07\/Logotype-aDvens-Cybersecurity.png","contentUrl":"https:\/\/www.nifty-shtern.217-160-68-194.plesk.page\/app\/uploads\/2025\/07\/Logotype-aDvens-Cybersecurity.png","width":1501,"height":1501,"caption":"Advens"},"image":{"@id":"https:\/\/www.advens.test\/#\/schema\/logo\/image\/"},"sameAs":["https:\/\/www.linkedin.com\/company\/advens\/"]}]}},"_links":{"self":[{"href":"https:\/\/www.nifty-shtern.217-160-68-194.plesk.page\/es\/wp-json\/wp\/v2\/pages\/8073","targetHints":{"allow":["GET"]}}],"collection":[{"href":"https:\/\/www.nifty-shtern.217-160-68-194.plesk.page\/es\/wp-json\/wp\/v2\/pages"}],"about":[{"href":"https:\/\/www.nifty-shtern.217-160-68-194.plesk.page\/es\/wp-json\/wp\/v2\/types\/page"}],"author":[{"embeddable":true,"href":"https:\/\/www.nifty-shtern.217-160-68-194.plesk.page\/es\/wp-json\/wp\/v2\/users\/3"}],"replies":[{"embeddable":true,"href":"https:\/\/www.nifty-shtern.217-160-68-194.plesk.page\/es\/wp-json\/wp\/v2\/comments?post=8073"}],"version-history":[{"count":5,"href":"https:\/\/www.nifty-shtern.217-160-68-194.plesk.page\/es\/wp-json\/wp\/v2\/pages\/8073\/revisions"}],"predecessor-version":[{"id":15079,"href":"https:\/\/www.nifty-shtern.217-160-68-194.plesk.page\/es\/wp-json\/wp\/v2\/pages\/8073\/revisions\/15079"}],"wp:attachment":[{"href":"https:\/\/www.nifty-shtern.217-160-68-194.plesk.page\/es\/wp-json\/wp\/v2\/media?parent=8073"}],"curies":[{"name":"wp","href":"https:\/\/api.w.org\/{rel}","templated":true}]}}