{"id":8077,"date":"2022-03-11T16:35:45","date_gmt":"2022-03-11T15:35:45","guid":{"rendered":"https:\/\/www.advens.test\/?page_id=8077"},"modified":"2024-11-25T15:15:16","modified_gmt":"2024-11-25T14:15:16","slug":"politica-proteccion-datos","status":"publish","type":"page","link":"https:\/\/www.nifty-shtern.217-160-68-194.plesk.page\/es\/politica-proteccion-datos\/","title":{"rendered":"Pol\u00edtica de protecci\u00f3n de datos"},"content":{"rendered":"\n<p><strong>Definiciones<\/strong><\/p>\n\n\n\n<p><\/p>\n\n\n\n<p><em>\u00abAdvens\u00bb<\/em>: designa a la sociedad ADVENS SAS, una Sociedad por Acciones Simplificada (SAS) con un capital de 440.250,00 euros, cuyo domicilio social se encuentra en 32 rue Faidherbe 59800 LILLE, identificada con el n\u00famero 433428018 en el Registro Mercantil y de Sociedades de Lille M\u00e9tropole y sus \u201cAfiliadas\u201d.<\/p>\n\n\n\n<p><em>\u00abAfiliadas\u00bb<\/em>: significa cualquier empresa que pertenezca al mismo grupo de empresas que ADVENS SAS. Una empresa que forma parte del mismo grupo de empresas que ADVENS SAS significa cualquier filial, empresa matriz o hermana de ADVENS SAS y cualquier empresa que controle directa o indirectamente ADVENS SAS, o que est\u00e9 controlada por ADVENS SAS, as\u00ed como cualquier empresa controlada por o que controle, directa o indirectamente, una empresa del grupo corporativo de ADVENS SAS.<\/p>\n\n\n\n<p><em>\u00abDestinatario\u00bb<\/em>: se refiere a la persona f\u00edsica o jur\u00eddica, autoridad p\u00fablica, departamento o cualquier otro organismo que reciba Datos Personales, sea o no un tercero.<\/p>\n\n\n\n<p><em>\u00abDatos Personales<\/em> \u201c: se refiere a cualquier informaci\u00f3n relativa a una persona f\u00edsica identificada o identificable (en adelante, el \u201dTitular de los Datos\u00bb); una \u00abpersona f\u00edsica identificable\u00bb es aquella que puede ser identificada, directa o indirectamente, en particular por referencia a un identificador, como un nombre, un n\u00famero de identificaci\u00f3n, datos de localizaci\u00f3n, un identificador en l\u00ednea, o a uno o m\u00e1s factores espec\u00edficos de su identidad f\u00edsica, fisiol\u00f3gica, gen\u00e9tica, mental, econ\u00f3mica, cultural o social;<\/p>\n\n\n\n<p><em>\u00abResponsable del tratamiento\u00bb<\/em>: la entidad de Advens que decide los fines del tratamiento y los medios asignados.<\/p>\n\n\n\n<p>\u00abGDPR\u00bb: hace referencia al Reglamento UE 2016\/679 del Parlamento Europeo y del Consejo, de 27 de abril de 2016, relativo a la protecci\u00f3n de las personas f\u00edsicas en lo que respecta al tratamiento de datos personales y a la libre circulaci\u00f3n de estos datos y por el que se deroga la Directiva 95\/46\/CE.<\/p>\n\n\n\n<p>\u00ab<em>Sub encargado del Tratamiento<\/em> \u00ab: se refiere a las entidades que tratan Datos Personales por cuenta del Responsable del Tratamiento.<\/p>\n\n\n\n<p><em>\u00abTratamiento\u00bb<\/em>: se refiere a una o varias operaciones automatizadas aplicadas a la recogida de datos personales o a un conjunto de datos personales, que permitan la recogida, registro, organizaci\u00f3n, estructuraci\u00f3n, conservaci\u00f3n, adaptaci\u00f3n o modificaci\u00f3n, extracci\u00f3n, consulta, utilizaci\u00f3n, comunicaci\u00f3n por transmisi\u00f3n, difusi\u00f3n o cualquier otra forma de habilitaci\u00f3n de acceso, cotejo o interconexi\u00f3n, limitaci\u00f3n, supresi\u00f3n o destrucci\u00f3n.<\/p>\n\n\n\n<p><em>\u00abTransferencia\u00bb<\/em>: se refiere a las transferencias a un tercer pa\u00eds de Datos Personales que est\u00e9n siendo o vayan a ser objeto de tratamiento.<\/p>\n\n\n\n<p><strong>Finalidad<\/strong><\/p>\n\n\n\n<p>Esta pol\u00edtica describe la forma en que <strong>Advens<\/strong> procesa los Datos Personales de los usuarios cuando navegan por www.advens.fr, en adelante el \u00abSitio\u00bb.<\/p>\n\n\n\n<p><strong>Advens<\/strong>, como Responsable del Tratamiento, concede gran importancia a la protecci\u00f3n de los Datos Personales de los usuarios del Sitio, tales como visitantes, clientes, prospectos y solicitantes de empleo, y se compromete e implementa medidas t\u00e9cnicas y operativas para procesar los datos recogidos en cumplimiento de la protecci\u00f3n de la privacidad.<\/p>\n\n\n\n<p>Tambi\u00e9n nos comprometemos a mantener relaciones basadas en la confianza con nuestros clientes, empleados y usuarios.<\/p>\n\n\n\n<p>Con respecto al uso de cookies, Advens le invita a consultar la <a href=\"https:\/\/www.nifty-shtern.217-160-68-194.plesk.page\/politique-de-gestion-des-cookies\/\">Pol\u00edtica de Gesti\u00f3n de Cookies<\/a>.<\/p>\n\n\n\n<p><strong>Modificaci\u00f3n y ciclo de vida<\/strong><\/p>\n\n\n\n<p>La presente Pol\u00edtica podr\u00e1 ser modificada, completada y\/o actualizada por Advens para adaptarla a novedades legislativas, reglamentarias, jurisprudenciales o t\u00e9cnicas. No obstante, los Datos Personales ser\u00e1n tratados siempre de conformidad con la Pol\u00edtica vigente en el momento de su recogida, salvo que un imperativo legal establezca otra cosa y sea de aplicaci\u00f3n retroactiva.<\/p>\n\n\n\n<p><strong>Tratamiento de sus datos<\/strong><\/p>\n\n\n\n<p>Advens s\u00f3lo procesa los datos que son necesarios para ello, de acuerdo con la normativa de protecci\u00f3n de datos y sobre una base legal v\u00e1lida. Las distintas finalidades de dicho Tratamiento se describen en los p\u00e1rrafos siguientes.<\/p>\n\n\n\n<p>Para cada Tratamiento, Advens recoge y utiliza \u00fanicamente los Datos que son pertinentes y necesarios para la finalidad.<\/p>\n\n\n\n<ul class=\"wp-block-list\">\n<li><strong>Tratamiento \u00abContrataci\u00f3n <\/strong>\u00bb: Datos de identificaci\u00f3n (apellidos, nombre, tel\u00e9fono, direcci\u00f3n, correo electr\u00f3nico, fecha de nacimiento, sexo, situaci\u00f3n familiar) + Datos de la vida profesional (formaci\u00f3n, experiencia profesional) \/ Base jur\u00eddica: Medidas precontractuales.<\/li>\n\n\n\n<li><strong>Tratamiento \u00abClientes y prospectos<\/strong> \u00bb: Datos de identificaci\u00f3n (apellidos, nombre) + Datos comerciales (tel\u00e9fono comercial, correo electr\u00f3nico, raz\u00f3n social) \/ Base jur\u00eddica: Consentimiento del Titular de los datos<\/li>\n\n\n\n<li><strong>Tratamiento de \u00abeventos internos y externos\u00bb<\/strong>: datos de identificaci\u00f3n (apellidos, nombre) + datos comerciales (n\u00famero de tel\u00e9fono comercial, direcci\u00f3n de correo electr\u00f3nico, nombre de la empresa) \/ Base jur\u00eddica: consentimiento del interesado<\/li>\n\n\n\n<li><strong>Tratamiento de \u00abboletines informativos\u00bb<\/strong>: datos de identificaci\u00f3n (apellidos, nombre, correo electr\u00f3nico) \/ Base jur\u00eddica: consentimiento del interesado<\/li>\n<\/ul>\n\n\n\n<p><strong>Periodo de conservaci\u00f3n<\/strong><\/p>\n\n\n\n<p>Los Datos Personales se conservan durante un plazo no superior al necesario para los fines para los que fueron recogidos. De conformidad con los plazos de conservaci\u00f3n impuestos por la legislaci\u00f3n aplicable y, en particular, los plazos de conservaci\u00f3n son los siguientes:<\/p>\n\n\n\n<ul class=\"wp-block-list\">\n<li>Estado civil, identidad, datos de identificaci\u00f3n, imagen: 1 a\u00f1o \/ 3 a\u00f1os si se ejerce el derecho de oposici\u00f3n<\/li>\n\n\n\n<li>Datos personales (estilo de vida, situaci\u00f3n familiar): A\u00f1o en curso + 2 a\u00f1os salvo negativa del candidato<\/li>\n\n\n\n<li>Vida profesional (educaci\u00f3n, formaci\u00f3n profesional, distinciones): 3 a\u00f1os en el caso de un prospecto \/ 2 a\u00f1os en el caso de un candidato<\/li>\n<\/ul>\n\n\n\n<p>Atenci\u00f3n: estos plazos de conservaci\u00f3n pueden variar en funci\u00f3n de la normativa local de las Filiales. Para m\u00e1s informaci\u00f3n sobre este tema, puede enviar su solicitud a\u00a0<a href=\"mailto:dpo@advens.fr\">dpo@advens.fr<\/a><\/p>\n\n\n\n<p><strong>Destinatarios de los datos<\/strong><\/p>\n\n\n\n<p>Para alcanzar los fines descritos anteriormente y dentro de los l\u00edmites necesarios para la consecuci\u00f3n de dichos fines, los datos recogidos por Advens podr\u00e1n ser transmitidos a todos o algunos de los siguientes destinatarios (en cumplimiento de la legislaci\u00f3n aplicable para garantizar la seguridad de sus Datos Personales).<\/p>\n\n\n\n<p>En general, exigimos estrictamente a nuestros Subcontratistas que utilicen sus Datos Personales \u00fanicamente para los fines mencionados anteriormente y s\u00f3lo en la medida necesaria para realizar las tareas que les han sido encomendadas, y que apliquen todas las medidas esenciales para la seguridad y confidencialidad de sus Datos Personales.<\/p>\n\n\n\n<p>Como Responsable del Tratamiento, nos comprometemos a transmitir sus Datos Personales \u00fanicamente a los destinatarios autorizados, es decir:<\/p>\n\n\n\n<p><strong>Departamentos internos de Advens<\/strong><\/p>\n\n\n\n<ul class=\"wp-block-list\">\n<li>El personal autorizado del departamento de marketing, el departamento de ventas, los departamentos responsables de las relaciones con los clientes y la prospecci\u00f3n, los departamentos administrativos e inform\u00e1ticos;<\/li>\n\n\n\n<li>El equipo de RRHH que trabaja en la gesti\u00f3n de la contrataci\u00f3n.<\/li>\n<\/ul>\n\n\n\n<p><strong>Subcontratistas de Advens<\/strong><\/p>\n\n\n\n<ul class=\"wp-block-list\">\n<li>Matomo Analytics ofrece un servicio de an\u00e1lisis de sitios web: Los datos generados por las cookies relativos a su uso del Sitio ser\u00e1n transmitidos y almacenados por Matomo en servidores situados en Europa;<\/li>\n\n\n\n<li>Hubspot, empresa que presta el servicio de inscripci\u00f3n a eventos, el bolet\u00edn de noticias y el formulario de contacto: Almacena en Europa los datos de los internautas que han manifestado su inter\u00e9s por las soluciones de la empresa;<\/li>\n\n\n\n<li>Axeptio, empresa que recoge el consentimiento de los usuarios: almacena en Europa los datos relativos al consentimiento de los internautas;<\/li>\n\n\n\n<li>Editores y socios tecnol\u00f3gicos con los que se organizan los eventos o clubes y asociaciones: almacenan en Europa los datos de los internautas que han facilitado la informaci\u00f3n necesaria para la gesti\u00f3n de los eventos;<\/li>\n\n\n\n<li>Agencias de contrataci\u00f3n en el marco de la gesti\u00f3n de la contrataci\u00f3n; almacenan en Europa los datos de los internautas que permiten la contrataci\u00f3n.<\/li>\n<\/ul>\n\n\n\n<p><strong>Seguridad de los datos<\/strong><\/p>\n\n\n\n<p>Adoptamos todas las medidas f\u00edsicas, t\u00e9cnicas, organizativas y operativas necesarias para garantizar la seguridad y confidencialidad de sus Datos Personales contra destrucci\u00f3n, p\u00e9rdida, alteraci\u00f3n, divulgaci\u00f3n, reproducci\u00f3n o acceso no autorizado. Exigimos a nuestros socios y subcontratistas que apliquen las mismas medidas.<\/p>\n\n\n\n<p>A este respecto, Advens toma todas las precauciones necesarias, habida cuenta de la naturaleza de los datos y de los riesgos que presenta el tratamiento, para preservar la seguridad de los datos y, en particular, aplicando medidas de protecci\u00f3n f\u00edsica de los locales, procedimientos de autenticaci\u00f3n con acceso personal y seguro mediante identificadores y contrase\u00f1as confidenciales, registro de las conexiones, cifrado de determinados datos&#8230;..<\/p>\n\n\n\n<p>Los datos recogidos pueden ser tratados fuera de la Uni\u00f3n Europea como resultado de nuestra colaboraci\u00f3n con nuestro subcontratista Hubspot. Debido a las distintas legislaciones existentes en materia de protecci\u00f3n de datos, estas Transferencias se rigen por Cl\u00e1usulas Contractuales Tipo (como las publicadas por la Comisi\u00f3n Europea) con el fin de garantizar la seguridad del Tratamiento.<\/p>\n\n\n\n<p><strong>Sus derechos<\/strong><\/p>\n\n\n\n<p>Los usuarios pueden acceder a sus datos personales, rectificarlos, solicitar su supresi\u00f3n o ejercer su derecho a la limitaci\u00f3n del tratamiento de sus datos.<\/p>\n\n\n\n<p>Los usuarios tambi\u00e9n pueden oponerse al tratamiento de sus datos y ejercer su derecho a la portabilidad de los datos.<\/p>\n\n\n\n<p>Para m\u00e1s informaci\u00f3n sobre la protecci\u00f3n de datos personales, los usuarios tambi\u00e9n pueden consultar el sitio web de la Comisi\u00f3n Nacional de Inform\u00e1tica y Libertades (www.cnil.fr).<\/p>\n\n\n\n<p>Para ejercer cualquiera de estos derechos, el usuario puede ponerse en contacto con la unidad de cumplimiento de Advens por correo electr\u00f3nico en dpo@advens.fr o por correo postal en 32, rue Faidherbe 59800 LILLE.<\/p>\n\n\n\n<p>Advens responder\u00e1 a la solicitud en un plazo de 30 d\u00edas a partir de la recepci\u00f3n de la solicitud completa. Advens se reserva el derecho de rechazar las solicitudes que sean manifiestamente infundadas o excesivas.<\/p>\n\n\n\n<p>Si el usuario considera, tras ponerse en contacto con Advens, que no se han respetado sus derechos \u00abInformatique et Libert\u00e9s\u00bb, podr\u00e1 presentar una reclamaci\u00f3n ante la CNIL.<\/p>\n\n\n\n<p>Para cualquier cuesti\u00f3n relativa a la protecci\u00f3n de la vida privada, puede enviar un correo electr\u00f3nico al responsable de la protecci\u00f3n de datos a la siguiente direcci\u00f3n: dpo@advens.fr.<\/p>\n\n\n\n<p><strong>Gesti\u00f3n de formularios<\/strong><\/p>\n\n\n\n<p><strong>Formulario de inscripci\u00f3n al bolet\u00edn de noticias<\/strong><\/p>\n\n\n\n<p>Su direcci\u00f3n de correo electr\u00f3nico s\u00f3lo es utilizada por Advens para enviarle boletines informativos. Puede utilizar el enlace para darse de baja del bolet\u00edn en cualquier momento. La base jur\u00eddica del tratamiento es el consentimiento del interesado. Puede acceder a sus datos personales, rectificarlos, solicitar su supresi\u00f3n, ejercer su derecho a la limitaci\u00f3n de datos o su derecho a la portabilidad de datos. Para ejercer estos derechos o si tiene alguna pregunta sobre el tratamiento de sus datos en el marco de este sistema, puede ponerse en contacto con la unidad de conformidad de Advens por correo electr\u00f3nico en dpo@advens.fr o por correo postal en 32, rue Faidherbe 59800 LILLE.<\/p>\n\n\n\n<p><strong>Formulario de contacto<\/strong><\/p>\n\n\n\n<p>La informaci\u00f3n recogida en este formulario se registra en un fichero inform\u00e1tico utilizado por Advens para gestionar los datos de clientes y posibles clientes. La base jur\u00eddica del tratamiento es el consentimiento. Tenga en cuenta que los campos marcados con un asterisco en los formularios en l\u00ednea son obligatorios. Sin esta informaci\u00f3n, su solicitud no podr\u00e1 ser procesada por Advens. El resto de la informaci\u00f3n es opcional. Puede acceder a sus datos personales, rectificarlos, solicitar su supresi\u00f3n, ejercer su derecho a la limitaci\u00f3n o su derecho a la portabilidad del tratamiento de sus datos. Para ejercer estos derechos o si tiene alguna pregunta sobre el tratamiento de sus datos en el marco de este sistema, puede ponerse en contacto con la unidad de cumplimiento de Advens por correo electr\u00f3nico en dpo@advens.fr o por correo postal en 32, rue Faidherbe 59800 LILLE. Si, tras ponerse en contacto con nosotros, considera que no se han respetado sus derechos en materia de \u00abProtecci\u00f3n de datos\u00bb, puede presentar una reclamaci\u00f3n ante la CNIL.<\/p>\n\n\n\n<p><strong>Formulario de contrataci\u00f3n<\/strong><\/p>\n\n\n\n<p>La informaci\u00f3n recogida en este formulario se registra en un fichero inform\u00e1tico utilizado por Advens para gestionar las candidaturas. La base jur\u00eddica del tratamiento es la medida precontractual. Tenga en cuenta que los campos marcados con un asterisco en los formularios en l\u00ednea son obligatorios. Sin esta informaci\u00f3n, su solicitud no podr\u00e1 ser procesada por Advens. El resto de la informaci\u00f3n es opcional. Los datos recogidos s\u00f3lo se comunicar\u00e1n a los siguientes destinatarios internos: el departamento de marketing y el departamento de RRHH. Puede acceder a sus datos personales, rectificarlos, solicitar su supresi\u00f3n, ejercer su derecho a la limitaci\u00f3n de datos o su derecho a la portabilidad de datos. Para ejercer estos derechos o si tiene alguna pregunta sobre el tratamiento de sus datos en el marco de este sistema, puede ponerse en contacto con la unidad de conformidad de Advens por correo electr\u00f3nico en dpo@advens.fr o por correo postal en 32, rue Faidherbe 59800 LILLE. Si, tras ponerse en contacto con nosotros, considera que no se han respetado sus derechos en materia de \u00abProtecci\u00f3n de datos\u00bb, puede presentar una reclamaci\u00f3n ante la CNIL.<\/p>\n\n\n\n<p><strong>Formulario de inscripci\u00f3n al evento<\/strong><\/p>\n\n\n\n<p>La informaci\u00f3n recogida en este formulario se registra en un fichero inform\u00e1tico utilizado por Advens para gestionar los datos relativos a la organizaci\u00f3n y el seguimiento de eventos internos y externos. La base jur\u00eddica del tratamiento es el consentimiento del interesado. Tenga en cuenta que los campos marcados con un asterisco en los formularios en l\u00ednea son obligatorios. Sin esta informaci\u00f3n, su solicitud no podr\u00e1 ser procesada por Advens. El resto de la informaci\u00f3n es opcional. Los datos recogidos s\u00f3lo se comunicar\u00e1n a los siguientes destinatarios: el departamento de marketing. Puede acceder a sus datos personales, rectificarlos, solicitar su supresi\u00f3n, ejercer su derecho a la limitaci\u00f3n de datos o su derecho a la portabilidad de datos. Para ejercer estos derechos o si tiene alguna pregunta sobre el tratamiento de sus datos en el marco de este sistema, puede ponerse en contacto con la unidad de conformidad de Advens por correo electr\u00f3nico en dpo@advens.fr o por correo postal en 32, rue Faidherbe 59800 LILLE. Si, tras ponerse en contacto con nosotros, considera que no se han respetado sus derechos en materia de \u00abProtecci\u00f3n de datos\u00bb, puede presentar una reclamaci\u00f3n ante la CNIL.<\/p>\n","protected":false},"excerpt":{"rendered":"<p>Definiciones \u00abAdvens\u00bb: designa a la sociedad ADVENS SAS, una Sociedad por Acciones Simplificada (SAS) con un capital de 440.250,00 euros, cuyo domicilio social se encuentra en 32 rue Faidherbe 59800 LILLE, identificada con el n\u00famero 433428018 en el Registro Mercantil y de Sociedades de Lille M\u00e9tropole y sus \u201cAfiliadas\u201d. \u00abAfiliadas\u00bb: significa cualquier empresa que pertenezca [&hellip;]<\/p>\n","protected":false},"author":3,"featured_media":0,"parent":0,"menu_order":20,"comment_status":"closed","ping_status":"open","template":"tmpl-pagette.php","meta":{"_acf_changed":false,"content-type":"","footnotes":""},"class_list":["post-8077","page","type-page","status-publish","hentry"],"acf":[],"yoast_head":"<!-- This site is optimized with the Yoast SEO plugin v24.8.1 - https:\/\/yoast.com\/wordpress\/plugins\/seo\/ -->\n<title>Pol\u00edtica de protecci\u00f3n de datos - Advens<\/title>\n<meta name=\"description\" content=\"Definiciones \u00abAdvens\u00bb: designa a la sociedad ADVENS SAS, una Sociedad por Acciones Simplificada (SAS) con un capital de 440.250,00 euros, cuyo domicilio\" \/>\n<meta name=\"robots\" content=\"index, follow, max-snippet:-1, max-image-preview:large, max-video-preview:-1\" \/>\n<link rel=\"canonical\" href=\"https:\/\/www.advens.test\/politique-protection-donnees\/\" \/>\n<meta property=\"og:locale\" content=\"es_ES\" \/>\n<meta property=\"og:type\" content=\"article\" \/>\n<meta property=\"og:title\" content=\"Pol\u00edtica de protecci\u00f3n de datos - Advens\" \/>\n<meta property=\"og:description\" content=\"Definiciones \u00abAdvens\u00bb: designa a la sociedad ADVENS SAS, una Sociedad por Acciones Simplificada (SAS) con un capital de 440.250,00 euros, cuyo domicilio\" \/>\n<meta property=\"og:url\" content=\"https:\/\/www.advens.test\/politique-protection-donnees\/\" \/>\n<meta property=\"og:site_name\" content=\"Advens\" \/>\n<meta property=\"article:modified_time\" content=\"2024-11-25T14:15:16+00:00\" \/>\n<meta name=\"twitter:card\" content=\"summary_large_image\" \/>\n<script type=\"application\/ld+json\" class=\"yoast-schema-graph\">{\"@context\":\"https:\/\/schema.org\",\"@graph\":[{\"@type\":\"WebPage\",\"@id\":\"https:\/\/www.advens.test\/politique-protection-donnees\/\",\"url\":\"https:\/\/www.advens.test\/politique-protection-donnees\/\",\"name\":\"Pol\u00edtica de protecci\u00f3n de datos - Advens\",\"isPartOf\":{\"@id\":\"https:\/\/www.advens.test\/#website\"},\"datePublished\":\"2022-03-11T15:35:45+00:00\",\"dateModified\":\"2024-11-25T14:15:16+00:00\",\"description\":\"Definiciones \u00abAdvens\u00bb: designa a la sociedad ADVENS SAS, una Sociedad por Acciones Simplificada (SAS) con un capital de 440.250,00 euros, cuyo domicilio\",\"breadcrumb\":{\"@id\":\"https:\/\/www.advens.test\/politique-protection-donnees\/#breadcrumb\"},\"inLanguage\":\"es\",\"potentialAction\":[{\"@type\":\"ReadAction\",\"target\":[\"https:\/\/www.advens.test\/politique-protection-donnees\/\"]}]},{\"@type\":\"BreadcrumbList\",\"@id\":\"https:\/\/www.advens.test\/politique-protection-donnees\/#breadcrumb\",\"itemListElement\":[{\"@type\":\"ListItem\",\"position\":1,\"name\":\"Home\",\"item\":\"https:\/\/www.advens.test\/es\/\"},{\"@type\":\"ListItem\",\"position\":2,\"name\":\"Pol\u00edtica de protecci\u00f3n de datos\"}]},{\"@type\":\"WebSite\",\"@id\":\"https:\/\/www.advens.test\/#website\",\"url\":\"https:\/\/www.advens.test\/\",\"name\":\"Advens\",\"description\":\"For Cyber, People &amp; Planet\",\"publisher\":{\"@id\":\"https:\/\/www.advens.test\/#organization\"},\"potentialAction\":[{\"@type\":\"SearchAction\",\"target\":{\"@type\":\"EntryPoint\",\"urlTemplate\":\"https:\/\/www.advens.test\/?s={search_term_string}\"},\"query-input\":{\"@type\":\"PropertyValueSpecification\",\"valueRequired\":true,\"valueName\":\"search_term_string\"}}],\"inLanguage\":\"es\"},{\"@type\":\"Organization\",\"@id\":\"https:\/\/www.advens.test\/#organization\",\"name\":\"Advens\",\"url\":\"https:\/\/www.advens.test\/\",\"logo\":{\"@type\":\"ImageObject\",\"inLanguage\":\"es\",\"@id\":\"https:\/\/www.advens.test\/#\/schema\/logo\/image\/\",\"url\":\"https:\/\/www.nifty-shtern.217-160-68-194.plesk.page\/app\/uploads\/2025\/07\/Logotype-aDvens-Cybersecurity.png\",\"contentUrl\":\"https:\/\/www.nifty-shtern.217-160-68-194.plesk.page\/app\/uploads\/2025\/07\/Logotype-aDvens-Cybersecurity.png\",\"width\":1501,\"height\":1501,\"caption\":\"Advens\"},\"image\":{\"@id\":\"https:\/\/www.advens.test\/#\/schema\/logo\/image\/\"},\"sameAs\":[\"https:\/\/www.linkedin.com\/company\/advens\/\"]}]}<\/script>\n<!-- \/ Yoast SEO plugin. -->","yoast_head_json":{"title":"Pol\u00edtica de protecci\u00f3n de datos - Advens","description":"Definiciones \u00abAdvens\u00bb: designa a la sociedad ADVENS SAS, una Sociedad por Acciones Simplificada (SAS) con un capital de 440.250,00 euros, cuyo domicilio","robots":{"index":"index","follow":"follow","max-snippet":"max-snippet:-1","max-image-preview":"max-image-preview:large","max-video-preview":"max-video-preview:-1"},"canonical":"https:\/\/www.advens.test\/politique-protection-donnees\/","og_locale":"es_ES","og_type":"article","og_title":"Pol\u00edtica de protecci\u00f3n de datos - Advens","og_description":"Definiciones \u00abAdvens\u00bb: designa a la sociedad ADVENS SAS, una Sociedad por Acciones Simplificada (SAS) con un capital de 440.250,00 euros, cuyo domicilio","og_url":"https:\/\/www.advens.test\/politique-protection-donnees\/","og_site_name":"Advens","article_modified_time":"2024-11-25T14:15:16+00:00","twitter_card":"summary_large_image","schema":{"@context":"https:\/\/schema.org","@graph":[{"@type":"WebPage","@id":"https:\/\/www.advens.test\/politique-protection-donnees\/","url":"https:\/\/www.advens.test\/politique-protection-donnees\/","name":"Pol\u00edtica de protecci\u00f3n de datos - Advens","isPartOf":{"@id":"https:\/\/www.advens.test\/#website"},"datePublished":"2022-03-11T15:35:45+00:00","dateModified":"2024-11-25T14:15:16+00:00","description":"Definiciones \u00abAdvens\u00bb: designa a la sociedad ADVENS SAS, una Sociedad por Acciones Simplificada (SAS) con un capital de 440.250,00 euros, cuyo domicilio","breadcrumb":{"@id":"https:\/\/www.advens.test\/politique-protection-donnees\/#breadcrumb"},"inLanguage":"es","potentialAction":[{"@type":"ReadAction","target":["https:\/\/www.advens.test\/politique-protection-donnees\/"]}]},{"@type":"BreadcrumbList","@id":"https:\/\/www.advens.test\/politique-protection-donnees\/#breadcrumb","itemListElement":[{"@type":"ListItem","position":1,"name":"Home","item":"https:\/\/www.advens.test\/es\/"},{"@type":"ListItem","position":2,"name":"Pol\u00edtica de protecci\u00f3n de datos"}]},{"@type":"WebSite","@id":"https:\/\/www.advens.test\/#website","url":"https:\/\/www.advens.test\/","name":"Advens","description":"For Cyber, People &amp; Planet","publisher":{"@id":"https:\/\/www.advens.test\/#organization"},"potentialAction":[{"@type":"SearchAction","target":{"@type":"EntryPoint","urlTemplate":"https:\/\/www.advens.test\/?s={search_term_string}"},"query-input":{"@type":"PropertyValueSpecification","valueRequired":true,"valueName":"search_term_string"}}],"inLanguage":"es"},{"@type":"Organization","@id":"https:\/\/www.advens.test\/#organization","name":"Advens","url":"https:\/\/www.advens.test\/","logo":{"@type":"ImageObject","inLanguage":"es","@id":"https:\/\/www.advens.test\/#\/schema\/logo\/image\/","url":"https:\/\/www.nifty-shtern.217-160-68-194.plesk.page\/app\/uploads\/2025\/07\/Logotype-aDvens-Cybersecurity.png","contentUrl":"https:\/\/www.nifty-shtern.217-160-68-194.plesk.page\/app\/uploads\/2025\/07\/Logotype-aDvens-Cybersecurity.png","width":1501,"height":1501,"caption":"Advens"},"image":{"@id":"https:\/\/www.advens.test\/#\/schema\/logo\/image\/"},"sameAs":["https:\/\/www.linkedin.com\/company\/advens\/"]}]}},"_links":{"self":[{"href":"https:\/\/www.nifty-shtern.217-160-68-194.plesk.page\/es\/wp-json\/wp\/v2\/pages\/8077","targetHints":{"allow":["GET"]}}],"collection":[{"href":"https:\/\/www.nifty-shtern.217-160-68-194.plesk.page\/es\/wp-json\/wp\/v2\/pages"}],"about":[{"href":"https:\/\/www.nifty-shtern.217-160-68-194.plesk.page\/es\/wp-json\/wp\/v2\/types\/page"}],"author":[{"embeddable":true,"href":"https:\/\/www.nifty-shtern.217-160-68-194.plesk.page\/es\/wp-json\/wp\/v2\/users\/3"}],"replies":[{"embeddable":true,"href":"https:\/\/www.nifty-shtern.217-160-68-194.plesk.page\/es\/wp-json\/wp\/v2\/comments?post=8077"}],"version-history":[{"count":5,"href":"https:\/\/www.nifty-shtern.217-160-68-194.plesk.page\/es\/wp-json\/wp\/v2\/pages\/8077\/revisions"}],"predecessor-version":[{"id":15171,"href":"https:\/\/www.nifty-shtern.217-160-68-194.plesk.page\/es\/wp-json\/wp\/v2\/pages\/8077\/revisions\/15171"}],"wp:attachment":[{"href":"https:\/\/www.nifty-shtern.217-160-68-194.plesk.page\/es\/wp-json\/wp\/v2\/media?parent=8077"}],"curies":[{"name":"wp","href":"https:\/\/api.w.org\/{rel}","templated":true}]}}