{"id":15607,"date":"2025-01-21T16:08:59","date_gmt":"2025-01-21T15:08:59","guid":{"rendered":"https:\/\/www.advens.test\/?page_id=15607"},"modified":"2025-05-19T11:19:41","modified_gmt":"2025-05-19T09:19:41","slug":"motivazione-2","status":"publish","type":"page","link":"https:\/\/www.nifty-shtern.217-160-68-194.plesk.page\/it\/motivazione-2\/","title":{"rendered":"Motivazione"},"content":{"rendered":"\n<p class=\"is-style-big-text\">Quando si protegge una fabbrica, un ospedale, una collettivit\u00e0, una banca o un&#8217;impresa, <strong>ci occupiamo<\/strong> non solo della protezione dei dati, ma anche delle risorse di queste organizzazioni.<\/p>\n\n<p class=\"is-style-full-width has-black-color has-text-color\">Proteggere le organizzazioni e renderle pi\u00f9 forti e capaci di resistere alle minacce informatiche, permettendo loro di svolgere le loro attivit\u00e0 quotidiane. Una missione spesso fondamentale e spesso anche vitale.<\/p>\n\n<p class=\"is-style-full-width\">\u00c8 questa la visione che ci guida in Advens: <strong>la sicurezza dei dati \u00e8 un asset<\/strong> che tutela le nostre imprese, le nostre istituzioni, i nostri territori, i nostri diritti, le nostre libert\u00e0, i nostri stili di vita&#8230; che crea fiducia e ci protegge!<\/p>\n\n<p class=\"is-style-full-width has-blue-color has-text-color\"><mark style=\"background-color:#0AB3FF\" class=\"has-inline-color has-black-color\"><strong>Va bene. Ma per noi non \u00e8 abbastanza.<\/strong><\/mark><\/p>\n\n<p class=\"is-style-big-text\">Far girare il mondo \u00e8 fondamentale.<br\/><strong>Cambiarlo \u00e8 urgente!<\/strong><\/p>\n\n<p class=\"is-style-full-width\">Le imprese hanno un ruolo importante nell&#8217;affrontare le questioni sociali e ambientali pi\u00f9 urgenti. E se le nostre aziende contribuiscono a proteggere il mondo e a farlo funzionare, <strong><mark style=\"background-color:#0AB3FF\" class=\"has-inline-color has-black-color\">le nostre prestazioni devono contribuire a cambiarlo<\/mark><mark style=\"background-color:#0AB3FF\" class=\"has-inline-color has-blue-color\">.<\/mark><\/strong><\/p>\n\n<p class=\"is-style-full-width\">Il fondo di dotazione di <em>Advens for People and Planet<\/em> \u00e8 stato creato con un semplice obiettivo: <strong>ridistribuire fino al 50% del valore finanziario<\/strong> <strong>della nostra azienda.<\/strong> Il 50% del valore finanziario rappresenta tre volte il nostro fatturato annuo.<\/p>\n\n<p class=\"is-style-full-width\">Un <strong>modo unico<\/strong> di finanziare e accelerare progetti su larga scala con un impatto duraturo e di coinvolgere la nostra comunit\u00e0.<\/p>\n\n<p class=\"is-style-full-width\">Questo \u00e8 <strong><mark style=\"background-color:#0AB3FF\" class=\"has-inline-color\">un ottimo motivo per unirsi a noi o per sceglierci.<\/mark><\/strong><\/p>\n\n<p class=\"is-style-full-width\">Insieme e in anticipo!<\/p>\n\n<p class=\"is-style-full-width\"><strong>Il collettivo degli Advengers<\/strong><\/p>\n\n<figure class=\"wp-block-image size-large is-resized\"><img loading=\"lazy\" decoding=\"async\" src=\"https:\/\/www.nifty-shtern.217-160-68-194.plesk.page\/app\/uploads\/2022\/06\/adv-logo-gris-carbone-fond-transparent-avec-baseline-1-1024x355.png\" alt=\"\" class=\"wp-image-2736\" width=\"256\" height=\"89\" srcset=\"https:\/\/www.nifty-shtern.217-160-68-194.plesk.page\/app\/uploads\/2022\/06\/adv-logo-gris-carbone-fond-transparent-avec-baseline-1-1024x355.png 1024w, https:\/\/www.nifty-shtern.217-160-68-194.plesk.page\/app\/uploads\/2022\/06\/adv-logo-gris-carbone-fond-transparent-avec-baseline-1-300x104.png 300w, https:\/\/www.nifty-shtern.217-160-68-194.plesk.page\/app\/uploads\/2022\/06\/adv-logo-gris-carbone-fond-transparent-avec-baseline-1-768x266.png 768w, https:\/\/www.nifty-shtern.217-160-68-194.plesk.page\/app\/uploads\/2022\/06\/adv-logo-gris-carbone-fond-transparent-avec-baseline-1-1536x532.png 1536w, https:\/\/www.nifty-shtern.217-160-68-194.plesk.page\/app\/uploads\/2022\/06\/adv-logo-gris-carbone-fond-transparent-avec-baseline-1-2048x709.png 2048w, https:\/\/www.nifty-shtern.217-160-68-194.plesk.page\/app\/uploads\/2022\/06\/adv-logo-gris-carbone-fond-transparent-avec-baseline-1-260x90.png 260w\" sizes=\"auto, (max-width: 256px) 100vw, 256px\" \/><\/figure>\n\n<hr class=\"wp-block-separator has-alpha-channel-opacity\"\/>\n  \n<figure id=\"block-citation-195574563\" class=\"acf-block-citation aligncenter mb-4\">\n  <blockquote class=\"blockquote\">\n    <p class=\"fs-3\">\u00ab Les entreprises et leurs collaborateurs ont le pouvoir de changer le monde. Ensemble, agissons et faisons notre part ! \u00bb<\/p>\n  <\/blockquote>\n  <div class=\"d-flex align-items-center justify-content-start gap-3 gap-xl-4\">\n          <img decoding=\"async\" src=\"https:\/\/www.nifty-shtern.217-160-68-194.plesk.page\/app\/uploads\/2022\/10\/afa-150x150.jpg\" loading=\"lazy\" alt=\"Alexandre Fayeulle\" class=\"img-fluid blockquote-img rounded-circle\"\/>\n        <figcaption class=\"blockquote-footer text-end d-flex flex-wrap align-items-center justify-content-end m-0\">\n      <strong>Alexandre Fayeulle<\/strong>\n      <span class=\"mx-1\">\u2022<\/span>\n      <span>Presidente fondatore di Advens<\/span>\n    <\/figcaption>\n  <\/div>\n<\/figure>\n\n\n  <div id=\"block-liens-1790936031\" class=\"acf-block-liens d-flex flex-column commun-liste -liste bg-grey-white p-3 p-xl-5 rounded text-grey-carbon aligncenter\">\n    <div class=\"text-uppercase small mb-3\">\n              Campo da golf\n          <\/div>\n    <div class=\"liste d-flex flex-column justify-content-start align-items-start gap-3\">\n              <div class=\"content\">\n          <div class=\"content__title strong\">Podcast &#8220;Performance economica e impatto sociale&#8221;<\/div>\n          <a class=\"content__link d-flex justify-content-start align-items-center gap-2\" href=\"https:\/\/podcast.ausha.co\/tech-rocks\/advens-performance-economique-et-impact-societal-avec-alexandre-fayeulle-advens-guillaume-postaire-france-tv\" target=\"_blank\" rel=\"noopener\" aria-label=\"Podcast Tech Leaders\">\n            <svg class=\"svg-icon aspect-ratio-1-1\" width=\"20\" height=\"20\" xmlns=\"http:\/\/www.w3.org\/2000\/svg\" viewbox=\"0 0 40.256 40.256\"><path d=\"M29.074 40.256H6.71c-1.792 0-3.477-.698-4.744-1.965S0 35.339 0 33.547V11.182C0 9.39.698 7.705 1.965 6.438S4.917 4.473 6.71 4.473h8.946a2.236 2.236 0 1 1 0 4.473H6.71c-.597 0-1.159.232-1.581.655s-.655.984-.655 1.581v22.365c0 .597.233 1.159.655 1.581.422.423.984.655 1.581.655h22.365c.598 0 1.16-.232 1.582-.655.422-.422.655-.984.655-1.581V24.6a2.236 2.236 0 0 1 4.473 0v8.946a6.666 6.666 0 0 1-1.965 4.744 6.666 6.666 0 0 1-4.745 1.965zM15.655 26.837a2.237 2.237 0 0 1-1.581-3.818L32.621 4.474H24.6a2.236 2.236 0 1 1 0-4.473h13.42a2.23 2.23 0 0 1 1.561.636l.005.005h.001l.004.004.004.005.005.005.005.005.003.002.002.002a.048.048 0 0 1 .004.005 2.23 2.23 0 0 1 .64 1.567l.001 13.419a2.236 2.236 0 1 1-4.473 0v-8.02L17.236 26.182a2.228 2.228 0 0 1-1.58.655z\"\/><\/svg>\n            <span>Podcast Tech Leaders<\/span>\n          <\/a>\n        <\/div>\n              <div class=\"content\">\n          <div class=\"content__title strong\">Intervista a Alexandre Fayeulle in D\u00e9cideurs Magazine (Luglio 2022)<\/div>\n          <a class=\"content__link d-flex justify-content-start align-items-center gap-2\" href=\"https:\/\/www.magazine-decideurs.com\/news\/advens-la-success-story-de-la-cybersecurite-francaise\" target=\"_blank\" rel=\"noopener\" aria-label=\"D\u00e9cideurs Magazine\">\n            <svg class=\"svg-icon aspect-ratio-1-1\" width=\"20\" height=\"20\" xmlns=\"http:\/\/www.w3.org\/2000\/svg\" viewbox=\"0 0 40.256 40.256\"><path d=\"M29.074 40.256H6.71c-1.792 0-3.477-.698-4.744-1.965S0 35.339 0 33.547V11.182C0 9.39.698 7.705 1.965 6.438S4.917 4.473 6.71 4.473h8.946a2.236 2.236 0 1 1 0 4.473H6.71c-.597 0-1.159.232-1.581.655s-.655.984-.655 1.581v22.365c0 .597.233 1.159.655 1.581.422.423.984.655 1.581.655h22.365c.598 0 1.16-.232 1.582-.655.422-.422.655-.984.655-1.581V24.6a2.236 2.236 0 0 1 4.473 0v8.946a6.666 6.666 0 0 1-1.965 4.744 6.666 6.666 0 0 1-4.745 1.965zM15.655 26.837a2.237 2.237 0 0 1-1.581-3.818L32.621 4.474H24.6a2.236 2.236 0 1 1 0-4.473h13.42a2.23 2.23 0 0 1 1.561.636l.005.005h.001l.004.004.004.005.005.005.005.005.003.002.002.002a.048.048 0 0 1 .004.005 2.23 2.23 0 0 1 .64 1.567l.001 13.419a2.236 2.236 0 1 1-4.473 0v-8.02L17.236 26.182a2.228 2.228 0 0 1-1.58.655z\"\/><\/svg>\n            <span>D\u00e9cideurs Magazine<\/span>\n          <\/a>\n        <\/div>\n          <\/div>\n  <\/div>\n\n<hr class=\"wp-block-separator has-alpha-channel-opacity\"\/>\n\n\n  \n\n<div id=\"block-push-4-colonnes-522625102\" class=\"acf-block-push-contenus-4colonnes alignwide\">\n      \n  \n\n<div class=\"commun-liste li-carousel carousel\" data-component=\"CommunListe\">\n      <div class=\"default-block-header d-flex flex-wrap justify-content-between align-items-center\">\n              <h2 class=\"title title-6 mb-4\">\n                      I nostri primi impegni verso Cyber, Persone e Pianeta\n                                      <\/h2>\n                <\/div>\n  \n  <div class=\"liste \">\n                          \n  \n  <div class=\"swiper swiper-container li-carousel carousel\" data-component=\"Carousel\"  data-component-options='{\"perViewDesktop\":4}'  data-navigation=\"true\">\n    <div class=\"swiper-wrapper\">\n              <div class=\"swiper-slide\">\n          \n\n\n\n  \n\n\n\n      \n\n\n\n<div class=\"list-item  h-100\" >\n  <div class=\"list-item-content  h-100\">\n    <div class=\"card card__push4 h-100\">\n      <a href=\"https:\/\/www.nifty-shtern.217-160-68-194.plesk.page\/it\/impegno\/rendere-il-cyberspazio-piu-accessibile\/\" class=\"card-link\" title=\"Mostra dettagli\"><\/a>\n                        <div class=\"card-image\">\n            <img decoding=\"async\" src=\"https:\/\/www.nifty-shtern.217-160-68-194.plesk.page\/app\/uploads\/2022\/05\/img-5764.jpg\" loading=\"lazy\" alt=\"Rendere il cyberspazio pi\u00f9 accessibile\" class=\"card-img-top\"\/>\n          <\/div>\n                    <div class=\"card-body content\">\n                  <div class=\"meta-top mb-3 small\">\n            Impegno\n          <\/div>\n                <h3 class=\"card-title title\">\n          Rendere il cyberspazio pi\u00f9 accessibile\n        <\/h3>\n      <\/div>\n      <div class=\"card-overlay\">\n                  <div class=\"card-overlay__meta-top\">\n            Impegno\n          <\/div>\n                <strong class=\"card-overlay__title card-title\">\n          Rendere il cyberspazio pi\u00f9 accessibile\n        <\/strong>\n                  <p class=\"card-overlay__text\">\n                        La sicurezza dei dati \u00e8 un bene, tutti ne hanno diritto. Proteggere il mondo significa proteggere organizzazioni di ogni tipo e dimensione, compres&#8230;\n          <\/p>\n                          <div class=\"card-overlay__bottom\">\n            <span class=\"btn btn-primary\">\n              Leggi di pi\u00f9\n            <\/span>\n          <\/div>\n              <\/div>\n    <\/div>\n  <\/div>\n<\/div>\n\n        <\/div>\n              <div class=\"swiper-slide\">\n          \n\n\n\n  \n\n\n\n      \n\n\n\n<div class=\"list-item  h-100\" >\n  <div class=\"list-item-content  h-100\">\n    <div class=\"card card__push4 h-100\">\n      <a href=\"https:\/\/www.nifty-shtern.217-160-68-194.plesk.page\/it\/impegno\/programma-di-inclusione-per-il-cyber\/\" class=\"card-link\" title=\"Mostra dettagli\"><\/a>\n                        <div class=\"card-image\">\n            <img decoding=\"async\" src=\"https:\/\/www.nifty-shtern.217-160-68-194.plesk.page\/app\/uploads\/2022\/05\/advens-video-capture-quo-4.jpg\" loading=\"lazy\" alt=\"Programma di inclusione per il Cyber\" class=\"card-img-top\"\/>\n          <\/div>\n                    <div class=\"card-body content\">\n                  <div class=\"meta-top mb-3 small\">\n            Impegno\n          <\/div>\n                <h3 class=\"card-title title\">\n          Programma di inclusione per il Cyber\n        <\/h3>\n      <\/div>\n      <div class=\"card-overlay\">\n                  <div class=\"card-overlay__meta-top\">\n            Impegno\n          <\/div>\n                <strong class=\"card-overlay__title card-title\">\n          Programma di inclusione per il Cyber\n        <\/strong>\n                  <p class=\"card-overlay__text\">\n                        Attualmente in Francia due milioni di giovani sono in grave difficolt\u00e0: sono disoccupati, senza fissa dimora o senza istruzione, e tra di loro ci s&#8230;\n          <\/p>\n                          <div class=\"card-overlay__bottom\">\n            <span class=\"btn btn-primary\">\n              Leggi di pi\u00f9\n            <\/span>\n          <\/div>\n              <\/div>\n    <\/div>\n  <\/div>\n<\/div>\n\n        <\/div>\n              <div class=\"swiper-slide\">\n          \n\n\n\n  \n\n\n\n      \n\n\n\n<div class=\"list-item  h-100\" >\n  <div class=\"list-item-content  h-100\">\n    <div class=\"card card__push4 h-100\">\n      <a href=\"https:\/\/www.nifty-shtern.217-160-68-194.plesk.page\/it\/impegno\/linkedout-accelerato-da-advens\/\" class=\"card-link\" title=\"Mostra dettagli\"><\/a>\n                        <div class=\"card-image\">\n            <img decoding=\"async\" src=\"https:\/\/www.nifty-shtern.217-160-68-194.plesk.page\/app\/uploads\/2022\/03\/photo1-ac4i1172-pierre-bouras-crop.png\" loading=\"lazy\" alt=\"LinkedOut accelerato da Advens\" class=\"card-img-top\"\/>\n          <\/div>\n                    <div class=\"card-body content\">\n                  <div class=\"meta-top mb-3 small\">\n            Impegno\n          <\/div>\n                <h3 class=\"card-title title\">\n          LinkedOut accelerato da Advens\n        <\/h3>\n      <\/div>\n      <div class=\"card-overlay\">\n                  <div class=\"card-overlay__meta-top\">\n            Impegno\n          <\/div>\n                <strong class=\"card-overlay__title card-title\">\n          LinkedOut accelerato da Advens\n        <\/strong>\n                  <p class=\"card-overlay__text\">\n                        Dall&#8217;inizio del 2020, Advens offre la visibilit\u00e0 e il naming della sua imbarcazione a LinkedOut, un&#8217;iniziativa di tecnologia positiva creata dall&#8217;a&#8230;\n          <\/p>\n                          <div class=\"card-overlay__bottom\">\n            <span class=\"btn btn-primary\">\n              Leggi di pi\u00f9\n            <\/span>\n          <\/div>\n              <\/div>\n    <\/div>\n  <\/div>\n<\/div>\n\n        <\/div>\n          <\/div>\n      <\/div>\n      <\/div>\n<\/div>  <\/div>","protected":false},"excerpt":{"rendered":"<p>La cybersecurity \u00e8 fondamentale per lo sviluppo delle organizzazioni.<\/p>\n<p>Non ci sono pi\u00f9 dubbi al riguardo. Ma per noi \u00e8 molto di pi\u00f9.<\/p>\n","protected":false},"author":3,"featured_media":15760,"parent":0,"menu_order":4,"comment_status":"closed","ping_status":"closed","template":"tmpl-landing.php","meta":{"_acf_changed":false,"content-type":"","footnotes":""},"class_list":["post-15607","page","type-page","status-publish","has-post-thumbnail","hentry"],"acf":[],"yoast_head":"<!-- This site is optimized with the Yoast SEO plugin v24.8.1 - https:\/\/yoast.com\/wordpress\/plugins\/seo\/ -->\n<title>Motivazione - Advens<\/title>\n<meta name=\"description\" content=\"La cybersecurity \u00e8 fondamentale per lo sviluppo delle organizzazioni. Non ci sono pi\u00f9 dubbi al riguardo. Ma per noi \u00e8 molto di pi\u00f9.\" \/>\n<meta name=\"robots\" content=\"index, follow, max-snippet:-1, max-image-preview:large, max-video-preview:-1\" \/>\n<link rel=\"canonical\" href=\"https:\/\/www.advens.test\/it\/motivazione-2\/\" \/>\n<meta property=\"og:locale\" content=\"it_IT\" \/>\n<meta property=\"og:type\" content=\"article\" \/>\n<meta property=\"og:title\" content=\"Motivazione - Advens\" \/>\n<meta property=\"og:description\" content=\"La cybersecurity \u00e8 fondamentale per lo sviluppo delle organizzazioni. Non ci sono pi\u00f9 dubbi al riguardo. Ma per noi \u00e8 molto di pi\u00f9.\" \/>\n<meta property=\"og:url\" content=\"https:\/\/www.advens.test\/it\/motivazione-2\/\" \/>\n<meta property=\"og:site_name\" content=\"Advens\" \/>\n<meta property=\"article:modified_time\" content=\"2025-05-19T09:19:41+00:00\" \/>\n<meta property=\"og:image\" content=\"https:\/\/www.advens.test\/app\/uploads\/2025\/01\/vulnraisonetre.png\" \/>\n\t<meta property=\"og:image:width\" content=\"943\" \/>\n\t<meta property=\"og:image:height\" content=\"831\" \/>\n\t<meta property=\"og:image:type\" content=\"image\/png\" \/>\n<meta name=\"twitter:card\" content=\"summary_large_image\" \/>\n<script type=\"application\/ld+json\" class=\"yoast-schema-graph\">{\"@context\":\"https:\/\/schema.org\",\"@graph\":[{\"@type\":\"WebPage\",\"@id\":\"https:\/\/www.advens.test\/it\/motivazione-2\/\",\"url\":\"https:\/\/www.advens.test\/it\/motivazione-2\/\",\"name\":\"Motivazione - Advens\",\"isPartOf\":{\"@id\":\"https:\/\/www.advens.test\/#website\"},\"primaryImageOfPage\":{\"@id\":\"https:\/\/www.advens.test\/it\/motivazione-2\/#primaryimage\"},\"image\":{\"@id\":\"https:\/\/www.advens.test\/it\/motivazione-2\/#primaryimage\"},\"thumbnailUrl\":\"https:\/\/www.nifty-shtern.217-160-68-194.plesk.page\/app\/uploads\/2025\/01\/vulnraisonetre.png\",\"datePublished\":\"2025-01-21T15:08:59+00:00\",\"dateModified\":\"2025-05-19T09:19:41+00:00\",\"description\":\"La cybersecurity \u00e8 fondamentale per lo sviluppo delle organizzazioni. Non ci sono pi\u00f9 dubbi al riguardo. Ma per noi \u00e8 molto di pi\u00f9.\",\"breadcrumb\":{\"@id\":\"https:\/\/www.advens.test\/it\/motivazione-2\/#breadcrumb\"},\"inLanguage\":\"it-IT\",\"potentialAction\":[{\"@type\":\"ReadAction\",\"target\":[\"https:\/\/www.advens.test\/it\/motivazione-2\/\"]}]},{\"@type\":\"ImageObject\",\"inLanguage\":\"it-IT\",\"@id\":\"https:\/\/www.advens.test\/it\/motivazione-2\/#primaryimage\",\"url\":\"https:\/\/www.nifty-shtern.217-160-68-194.plesk.page\/app\/uploads\/2025\/01\/vulnraisonetre.png\",\"contentUrl\":\"https:\/\/www.nifty-shtern.217-160-68-194.plesk.page\/app\/uploads\/2025\/01\/vulnraisonetre.png\",\"width\":943,\"height\":831},{\"@type\":\"BreadcrumbList\",\"@id\":\"https:\/\/www.advens.test\/it\/motivazione-2\/#breadcrumb\",\"itemListElement\":[{\"@type\":\"ListItem\",\"position\":1,\"name\":\"Home\",\"item\":\"https:\/\/www.advens.test\/it\/\"},{\"@type\":\"ListItem\",\"position\":2,\"name\":\"Motivazione\"}]},{\"@type\":\"WebSite\",\"@id\":\"https:\/\/www.advens.test\/#website\",\"url\":\"https:\/\/www.advens.test\/\",\"name\":\"Advens\",\"description\":\"For Cyber, People &amp; Planet\",\"publisher\":{\"@id\":\"https:\/\/www.advens.test\/#organization\"},\"potentialAction\":[{\"@type\":\"SearchAction\",\"target\":{\"@type\":\"EntryPoint\",\"urlTemplate\":\"https:\/\/www.advens.test\/?s={search_term_string}\"},\"query-input\":{\"@type\":\"PropertyValueSpecification\",\"valueRequired\":true,\"valueName\":\"search_term_string\"}}],\"inLanguage\":\"it-IT\"},{\"@type\":\"Organization\",\"@id\":\"https:\/\/www.advens.test\/#organization\",\"name\":\"Advens\",\"url\":\"https:\/\/www.advens.test\/\",\"logo\":{\"@type\":\"ImageObject\",\"inLanguage\":\"it-IT\",\"@id\":\"https:\/\/www.advens.test\/#\/schema\/logo\/image\/\",\"url\":\"https:\/\/www.nifty-shtern.217-160-68-194.plesk.page\/app\/uploads\/2025\/07\/Logotype-aDvens-Cybersecurity.png\",\"contentUrl\":\"https:\/\/www.nifty-shtern.217-160-68-194.plesk.page\/app\/uploads\/2025\/07\/Logotype-aDvens-Cybersecurity.png\",\"width\":1501,\"height\":1501,\"caption\":\"Advens\"},\"image\":{\"@id\":\"https:\/\/www.advens.test\/#\/schema\/logo\/image\/\"},\"sameAs\":[\"https:\/\/www.linkedin.com\/company\/advens\/\"]}]}<\/script>\n<!-- \/ Yoast SEO plugin. -->","yoast_head_json":{"title":"Motivazione - Advens","description":"La cybersecurity \u00e8 fondamentale per lo sviluppo delle organizzazioni. Non ci sono pi\u00f9 dubbi al riguardo. Ma per noi \u00e8 molto di pi\u00f9.","robots":{"index":"index","follow":"follow","max-snippet":"max-snippet:-1","max-image-preview":"max-image-preview:large","max-video-preview":"max-video-preview:-1"},"canonical":"https:\/\/www.advens.test\/it\/motivazione-2\/","og_locale":"it_IT","og_type":"article","og_title":"Motivazione - Advens","og_description":"La cybersecurity \u00e8 fondamentale per lo sviluppo delle organizzazioni. Non ci sono pi\u00f9 dubbi al riguardo. Ma per noi \u00e8 molto di pi\u00f9.","og_url":"https:\/\/www.advens.test\/it\/motivazione-2\/","og_site_name":"Advens","article_modified_time":"2025-05-19T09:19:41+00:00","og_image":[{"width":943,"height":831,"url":"https:\/\/www.advens.test\/app\/uploads\/2025\/01\/vulnraisonetre.png","type":"image\/png"}],"twitter_card":"summary_large_image","schema":{"@context":"https:\/\/schema.org","@graph":[{"@type":"WebPage","@id":"https:\/\/www.advens.test\/it\/motivazione-2\/","url":"https:\/\/www.advens.test\/it\/motivazione-2\/","name":"Motivazione - Advens","isPartOf":{"@id":"https:\/\/www.advens.test\/#website"},"primaryImageOfPage":{"@id":"https:\/\/www.advens.test\/it\/motivazione-2\/#primaryimage"},"image":{"@id":"https:\/\/www.advens.test\/it\/motivazione-2\/#primaryimage"},"thumbnailUrl":"https:\/\/www.nifty-shtern.217-160-68-194.plesk.page\/app\/uploads\/2025\/01\/vulnraisonetre.png","datePublished":"2025-01-21T15:08:59+00:00","dateModified":"2025-05-19T09:19:41+00:00","description":"La cybersecurity \u00e8 fondamentale per lo sviluppo delle organizzazioni. Non ci sono pi\u00f9 dubbi al riguardo. Ma per noi \u00e8 molto di pi\u00f9.","breadcrumb":{"@id":"https:\/\/www.advens.test\/it\/motivazione-2\/#breadcrumb"},"inLanguage":"it-IT","potentialAction":[{"@type":"ReadAction","target":["https:\/\/www.advens.test\/it\/motivazione-2\/"]}]},{"@type":"ImageObject","inLanguage":"it-IT","@id":"https:\/\/www.advens.test\/it\/motivazione-2\/#primaryimage","url":"https:\/\/www.nifty-shtern.217-160-68-194.plesk.page\/app\/uploads\/2025\/01\/vulnraisonetre.png","contentUrl":"https:\/\/www.nifty-shtern.217-160-68-194.plesk.page\/app\/uploads\/2025\/01\/vulnraisonetre.png","width":943,"height":831},{"@type":"BreadcrumbList","@id":"https:\/\/www.advens.test\/it\/motivazione-2\/#breadcrumb","itemListElement":[{"@type":"ListItem","position":1,"name":"Home","item":"https:\/\/www.advens.test\/it\/"},{"@type":"ListItem","position":2,"name":"Motivazione"}]},{"@type":"WebSite","@id":"https:\/\/www.advens.test\/#website","url":"https:\/\/www.advens.test\/","name":"Advens","description":"For Cyber, People &amp; Planet","publisher":{"@id":"https:\/\/www.advens.test\/#organization"},"potentialAction":[{"@type":"SearchAction","target":{"@type":"EntryPoint","urlTemplate":"https:\/\/www.advens.test\/?s={search_term_string}"},"query-input":{"@type":"PropertyValueSpecification","valueRequired":true,"valueName":"search_term_string"}}],"inLanguage":"it-IT"},{"@type":"Organization","@id":"https:\/\/www.advens.test\/#organization","name":"Advens","url":"https:\/\/www.advens.test\/","logo":{"@type":"ImageObject","inLanguage":"it-IT","@id":"https:\/\/www.advens.test\/#\/schema\/logo\/image\/","url":"https:\/\/www.nifty-shtern.217-160-68-194.plesk.page\/app\/uploads\/2025\/07\/Logotype-aDvens-Cybersecurity.png","contentUrl":"https:\/\/www.nifty-shtern.217-160-68-194.plesk.page\/app\/uploads\/2025\/07\/Logotype-aDvens-Cybersecurity.png","width":1501,"height":1501,"caption":"Advens"},"image":{"@id":"https:\/\/www.advens.test\/#\/schema\/logo\/image\/"},"sameAs":["https:\/\/www.linkedin.com\/company\/advens\/"]}]}},"_links":{"self":[{"href":"https:\/\/www.nifty-shtern.217-160-68-194.plesk.page\/it\/wp-json\/wp\/v2\/pages\/15607","targetHints":{"allow":["GET"]}}],"collection":[{"href":"https:\/\/www.nifty-shtern.217-160-68-194.plesk.page\/it\/wp-json\/wp\/v2\/pages"}],"about":[{"href":"https:\/\/www.nifty-shtern.217-160-68-194.plesk.page\/it\/wp-json\/wp\/v2\/types\/page"}],"author":[{"embeddable":true,"href":"https:\/\/www.nifty-shtern.217-160-68-194.plesk.page\/it\/wp-json\/wp\/v2\/users\/3"}],"replies":[{"embeddable":true,"href":"https:\/\/www.nifty-shtern.217-160-68-194.plesk.page\/it\/wp-json\/wp\/v2\/comments?post=15607"}],"version-history":[{"count":2,"href":"https:\/\/www.nifty-shtern.217-160-68-194.plesk.page\/it\/wp-json\/wp\/v2\/pages\/15607\/revisions"}],"predecessor-version":[{"id":23820,"href":"https:\/\/www.nifty-shtern.217-160-68-194.plesk.page\/it\/wp-json\/wp\/v2\/pages\/15607\/revisions\/23820"}],"wp:featuredmedia":[{"embeddable":true,"href":"https:\/\/www.nifty-shtern.217-160-68-194.plesk.page\/it\/wp-json\/wp\/v2\/media\/15760"}],"wp:attachment":[{"href":"https:\/\/www.nifty-shtern.217-160-68-194.plesk.page\/it\/wp-json\/wp\/v2\/media?parent=15607"}],"curies":[{"name":"wp","href":"https:\/\/api.w.org\/{rel}","templated":true}]}}