{"id":9620,"date":"2022-03-11T16:35:45","date_gmt":"2022-03-11T15:35:45","guid":{"rendered":"https:\/\/www.advens.test\/informativa-sulla-privacy\/"},"modified":"2023-11-14T13:11:46","modified_gmt":"2023-11-14T12:11:46","slug":"informativa-sulla-privacy","status":"publish","type":"page","link":"https:\/\/www.nifty-shtern.217-160-68-194.plesk.page\/it\/informativa-sulla-privacy\/","title":{"rendered":"Informativa sulla privacy"},"content":{"rendered":"\n<h2 class=\"wp-block-heading\">Definizioni<\/h2>\n\n<p>&#8220;<em>Advens<\/em>&#8220;: si riferisce alla societ\u00e0, una societ\u00e0 per azioni semplificata con capitale di 440.250,00 euro, con sede legale in 32 rue Faidherbe 59800 LILLE, iscritta con il numero 433428018 nel Registro del Commercio e delle Imprese di Lille M\u00e9tropole; e il Titolare del trattamento.<br\/>&#8220;<em>Destinatario<\/em>&#8220;: si riferisce alla persona fisica o giuridica, all&#8217;autorit\u00e0 pubblica, al dipartimento o a qualsiasi altro organismo che riceve i Dati Personali, che si tratti o meno di una terza parte.<br\/>&#8220;<em>Dati personali<\/em> &#8220;: qualsiasi informazione relativa a una persona fisica identificata o identificabile (di seguito denominata &#8220;Interessato&#8221;); per &#8220;persona fisica identificabile&#8221; si intende una persona che pu\u00f2 essere identificata, direttamente o indirettamente, in particolare mediante riferimento a un identificativo, quale un nome, un numero di identificazione, dati relativi all&#8217;ubicazione, un identificativo online, o a uno o pi\u00f9 fattori specifici della sua identit\u00e0 fisica, fisiologica, genetica, psichica, economica, culturale o sociale;<br\/>&#8220;<em>Titolare del trattamento<\/em>&#8220;: indica l&#8217;organismo Advens che decide le finalit\u00e0 del trattamento e le risorse assegnate.<br\/>&#8220;<em>RGPD<\/em>&#8220;: indica il Regolamento UE 2016\/679 del Parlamento Europeo e del Consiglio del 27 aprile 2016 relativo alla protezione delle persone fisiche con riguardo al trattamento dei dati personali, nonch\u00e9 alla libera circolazione di tali dati e che abroga la direttiva 95\/46\/CE.<br\/>&#8220;<em>Sub-responsabile del trattamento<\/em>&#8220;: indica qualsiasi organismo che tratta i Dati personali per conto del Titolare del trattamento.<br\/>&#8220;<em>Trattamento<\/em> &#8220;: indica una o pi\u00f9 operazioni automatizzate applicate alla raccolta di dati personali o a un insieme di dati personali che ne consentono la raccolta, la registrazione, l&#8217;organizzazione, la strutturazione, la conservazione, l&#8217;adattamento o la modifica, l&#8217;estrazione, la consultazione, l&#8217;utilizzo, la divulgazione mediante trasmissione, la diffusione o altre forme di messa a disposizione, l&#8217;allineamento o la combinazione, la limitazione, la cancellazione o la distruzione.<br\/>&#8220;<em>Trasferimento<\/em>&#8220;: si riferisce al trasferimento verso un paese terzo dei Dati Personali che vengono o sono destinati a essere oggetto di trattamento.<\/p>\n\n<h2 class=\"wp-block-heading\">Oggetto<\/h2>\n\n<p>La presente informativa descrive le modalit\u00e0 con cui <strong>Advens<\/strong> tratta i Dati personali degli utenti quando navigano su www.advens.fr, di seguito denominato &#8220;Sito&#8221;.<\/p>\n\n<p><strong>Advens<\/strong>, in qualit\u00e0 di Titolare del trattamento dei dati, attribuiamo grande importanza alla protezione dei dati personali degli utenti del Sito, quali visitatori, clienti, potenziali clienti e candidati a un impiego, e ci impegniamo a implementare misure tecniche e operative per trattare i dati raccolti in modo da rispettare la tutela della privacy.<\/p>\n\n<p>Ci impegniamo inoltre a mantenere rapporti di fiducia con i nostri clienti, collaboratori e utenti.<\/p>\n\n<p>Per quanto riguarda l&#8217;utilizzo dei cookie, Advens invita a consultare la <a href=\"https:\/\/www.nifty-shtern.217-160-68-194.plesk.page\/it\/politica-di-gestione-dei-cookie\/\">Politica di gestione dei cookie<\/a>.<\/p>\n\n<h2 class=\"wp-block-heading\">Modifica e ciclo di vita<\/h2>\n\n<p>La presente Informativa pu\u00f2 essere modificata, integrata e\/o aggiornata da Advens al fine di conformarsi a eventuali sviluppi legali, normativi, giurisprudenziali o tecnici. Tuttavia, i Dati personali saranno sempre trattati in conformit\u00e0 alle norme in vigore al momento della raccolta, salvo che un requisito legale obbligatorio non preveda diversamente e si applichi retroattivamente.<\/p>\n\n<h2 class=\"wp-block-heading\">Trattamento dei dati<\/h2>\n\n<p>Advens elabora solo i dati necessari per conformarsi alle normative sulla protezione dei dati e che hanno una base giuridica valida. Le diverse finalit\u00e0 di tali Trattamenti sono descritte nei paragrafi seguenti.<br\/>Per ogni trattamento, Advens raccoglie e utilizza solo i Dati pertinenti e necessari per lo scopo previsto.<\/p>\n\n<ul class=\"wp-block-list\"><li><strong>Trattamento &#8220;Reclutamento&#8221;<\/strong>: dati identificativi (cognome, nome, numero di telefono, indirizzo, indirizzo e-mail, data di nascita, sesso, situazione familiare) + dati relativi alla vita professionale (formazione, esperienza professionale)\/base giuridica: misure precontrattuali<\/li><li><strong>Trattamento &#8220;Clienti e potenziali clienti&#8221;<\/strong>: dati identificativi (cognome, nome) + dati relativi alla vita professionale (numero di telefono aziendale, e-mail, nome dell&#8217;azienda)\/base giuridica: consenso dell&#8217;Interessato<\/li><li><strong>Trattamento &#8220;Eventi interni ed esterni&#8221;<\/strong>: dati identificativi (cognome, nome) + dati commerciali (numero di telefono aziendale, e-mail, nome dell&#8217;azienda)\/base giuridica: consenso dell&#8217;Interessato<\/li><li><strong>Trattamento &#8220;Newsletter&#8221;<\/strong>: dati identificativi (cognome, nome, e-mail)\/base giuridica: consenso dell&#8217;Interessato<\/li><\/ul>\n\n<h2 class=\"wp-block-heading\">Periodo di conservazione<\/h2>\n\n<p>I dati personali vengono conservati per un periodo di tempo non superiore a quello necessario per le finalit\u00e0 per cui sono stati raccolti. In conformit\u00e0 ai termini di conservazione imposti dalle leggi applicabili, i periodi di conservazione sono i seguenti:<\/p>\n\n<ul class=\"wp-block-list\"><li>Stato civile, identit\u00e0, dati identificativi, foto: 1 anno\/3 anni in caso di esercizio del diritto di opposizione<\/li><li>Vita personale (stile di vita, situazione familiare): anno in corso + 2 anni, salvo rifiuto da parte del candidato<\/li><li>Vita professionale (istruzione, formazione professionale, riconoscimenti): 3 anni in caso di potenziali clienti\/2 anni in caso di candidati<\/li><\/ul>\n\n<h2 class=\"wp-block-heading\">Destinatari dei dati<\/h2>\n\n<p>Per raggiungere le finalit\u00e0 sopra descritte e nei limiti necessari al perseguimento di tali finalit\u00e0, i dati raccolti da Advens potranno essere trasmessi a tutti o ad alcuni dei seguenti destinatari (nel rispetto della legge applicabile per garantire la sicurezza dei tuoi Dati Personali).<\/p>\n\n<p><br\/>In generale, richiediamo rigorosamente ai nostri sub-responsabili di utilizzare i Dati personali solo per gli scopi sopra menzionati e solo nella misura necessaria per svolgere i compiti loro affidati, e di attuare tutte le misure essenziali per la sicurezza e la riservatezza dei tuoi Dati Personali.<\/p>\n\n<p><br\/>In qualit\u00e0 di Titolare del trattamento dei dati, ci impegniamo a trasmettere tali dati solo ai destinatari autorizzati, ossia:<br\/><\/p>\n\n<h2 class=\"wp-block-heading\">Servizi interni di Advens<\/h2>\n\n<ul class=\"wp-block-list\"><li>Personale autorizzato dell&#8217;ufficio marketing, dell&#8217;ufficio vendite, dell&#8217;ufficio relazioni con i clienti e di indagine, dell&#8217;ufficio amministrativo e dell&#8217;ufficio IT;<\/li><li>Il team delle risorse umane si occupa della gestione delle assunzioni.<\/li><\/ul>\n\n<h2 class=\"wp-block-heading\">I sub-responsabili di Advens<\/h2>\n\n<ul class=\"wp-block-list\"><li>Matomo Analytics che offre un servizio di analisi del sito web: i dati generati dai cookie relativi all&#8217;utilizzo del Sito da parte dell&#8217;utente saranno trasmessi e memorizzati da Matomo su server situati in Europa;<\/li><li>Hubspot, una societ\u00e0 che fornisce il servizio di registrazione agli eventi, la newsletter e il modulo di contatto: conserva in Europa i dati degli utenti di Internet che hanno espresso interesse per le soluzioni della societ\u00e0;<\/li><li>Axeptio, una societ\u00e0 che raccoglie il consenso degli utenti: archivia i dati relativi al consenso degli utenti di Internet in Europa;<\/li><li>Editor e partner tecnologici con cui vengono prodotti gli eventi o club e associazioni: conservano in Europa i dati degli utenti di Internet che hanno fornito le informazioni necessarie per la gestione degli eventi;<\/li><li>Agenzie di reclutamento nell&#8217;ambito della gestione delle assunzioni: memorizzano i dati degli utenti di Internet in Europa a scopo di reclutamento.<\/li><\/ul>\n\n<h2 class=\"wp-block-heading\">Sicurezza dei dati<\/h2>\n\n<p>Adottiamo tutte le misure fisiche, tecniche, organizzative e operative necessarie per garantire la sicurezza e la riservatezza dei Dati personali contro la distruzione, la perdita, l&#8217;alterazione, la divulgazione, la riproduzione o l&#8217;accesso non autorizzato. Chiediamo ai nostri partner e sub-responsabili di attuare le stesse misure.<\/p>\n\n<p><br\/>In tal senso, Advens adotta tutte le precauzioni necessarie, in considerazione della natura dei dati e dei rischi presentati dal trattamento, per proteggere la sicurezza dei dati e, in particolare, applicando misure di protezione fisica dei locali, procedure di autenticazione con accesso personale e sicuro tramite identificatori e password riservate, registrazione delle connessioni, crittografia di alcuni dati&#8230;<\/p>\n\n<p><br\/>I dati raccolti possono essere trattati al di fuori dell&#8217;Unione Europea grazie alla collaborazione con il nostro sub-responsabile Hubspot. In considerazione delle diverse leggi esistenti in materia di protezione dei dati, tali Trasferimenti sono regolati da Clausole Contrattuali Standard (come quelle pubblicate dalla Commissione Europea) al fine di garantire la sicurezza dei Trattamenti.<\/p>\n\n<h2 class=\"wp-block-heading\"><br\/>I diritti dell&#8217;utente<\/h2>\n\n<p>L&#8217;utente pu\u00f2 accedere ai propri dati personali, rettificarli, chiederne la cancellazione o esercitare il diritto di limitare il trattamento dei propri dati.<br\/>L&#8217;utente pu\u00f2 inoltre opporsi al trattamento dei propri dati ed esercitare il diritto alla portabilit\u00e0 dei dati.<br\/>Per ulteriori informazioni sulla protezione dei dati personali, l&#8217;utente pu\u00f2 consultare il sito web della Commissione nazionale per l&#8217;informatica e le libert\u00e0 www.cnil.fr.<br\/>Per esercitare uno di questi diritti, \u00e8 possibile contattare l&#8217;unit\u00e0 di conformit\u00e0 di Advens via e-mail all&#8217;indirizzo dpo@advens.fr o per posta all&#8217;indirizzo 32, rue Faidherbe 59800 LILLE.<br\/>Advens risponder\u00e0 entro 30 giorni dal ricevimento della richiesta completa. Advens si riserva il diritto di rifiutare richieste manifestamente infondate o eccessive.<br\/>Se l&#8217;utente ritiene, dopo aver contattato Advens, che i suoi diritti di &#8220;protezione dei dati&#8221; non siano stati rispettati, pu\u00f2 presentare un reclamo alla CNIL.<br\/>In caso di domande sulla tutela della privacy, \u00e8 possibile inviare un&#8217;e-mail al responsabile della protezione dei dati all&#8217;indirizzo dpo@advens.fr.<\/p>\n\n<h2 class=\"wp-block-heading\">Gestione dei moduli<\/h2>\n\n<p><strong>Modulo di iscrizione alla newsletter<\/strong><\/p>\n\n<p>L&#8217;indirizzo e-mail dell&#8217;utente viene utilizzato da Advens esclusivamente per l&#8217;invio di newsletter. \u00c8 possibile utilizzare il link di annullamento dell&#8217;iscrizione presente nella newsletter in qualsiasi momento. La base giuridica del trattamento \u00e8 data dal consenso dell&#8217;interessato. \u00c8 possibile accedere ai propri dati personali, rettificarli, chiederne la cancellazione, esercitare il diritto alla limitazione dei dati o il diritto alla portabilit\u00e0 dei dati. Per esercitare tali diritti o per qualsiasi domanda sul trattamento dei dati personali nell&#8217;ambito del presente sistema, \u00e8 possibile contattare l&#8217;unit\u00e0 di conformit\u00e0 di Advens via e-mail all&#8217;indirizzo dpo@advens.fr o per posta all&#8217;indirizzo 32, rue Faidherbe 59800 LILLE.<\/p>\n\n<p><strong>Modulo di contatto<\/strong><\/p>\n\n<p>Le informazioni raccolte in questo modulo vengono registrate in un archivio informatico utilizzato da Advens per gestire i dati dei clienti e dei potenziali clienti. La base giuridica del trattamento \u00e8 data dal consenso dell&#8217;utente. Si prega di notare che i campi contrassegnati da un asterisco nei moduli online devono essere compilati. Senza queste informazioni, la richiesta non potr\u00e0 essere elaborata da Advens. Qualsiasi altra informazione \u00e8 facoltativa. \u00c8 possibile accedere ai propri dati personali, rettificarli, chiederne la cancellazione, esercitare il diritto alla limitazione dei dati o il diritto alla portabilit\u00e0 del trattamento dei dati. I dati raccolti saranno comunicati solo ai seguenti destinatari: dipartimento marketing. Per esercitare questi diritti o per qualsiasi domanda sul trattamento dei dati nell&#8217;ambito di questo sistema, \u00e8 possibile contattare l&#8217;unit\u00e0 di conformit\u00e0 di Advens via e-mail all&#8217;indirizzo dpo@advens.fr o per posta all&#8217;indirizzo 32, rue Faidherbe 59800 LILLE. Se, dopo averci contattato, ritieni che i tuoi diritti in materia di &#8220;Informatica e Libert\u00e0&#8221; non siano rispettati, puoi presentare un reclamo alla CNIL.<\/p>\n\n<p><strong>Modulo di reclutamento<\/strong><\/p>\n\n<p>Le informazioni raccolte in questo modulo vengono registrate in un archivio informatico utilizzato da Advens per la gestione delle candidature. La base giuridica del trattamento \u00e8 data dalla misura precontrattuale. Si prega di notare che i campi contrassegnati da un asterisco nei moduli online devono essere compilati. Senza queste informazioni, la richiesta non potr\u00e0 essere elaborata da Advens. Qualsiasi altra informazione \u00e8 facoltativa. I dati raccolti saranno comunicati solo ai seguenti destinatari interni: dipartimento marketing e dipartimento risorse umane. \u00c8 possibile accedere ai propri dati personali, rettificarli, chiederne la cancellazione, esercitare il diritto alla limitazione dei dati o il diritto alla portabilit\u00e0 dei dati. Per esercitare tali diritti o per qualsiasi domanda sul trattamento dei dati personali nell&#8217;ambito del presente sistema, \u00e8 possibile contattare l&#8217;unit\u00e0 di conformit\u00e0 di Advens via e-mail all&#8217;indirizzo dpo@advens.fr o per posta all&#8217;indirizzo 32, rue Faidherbe 59800 LILLE. Se, dopo averci contattato, ritieni che i tuoi diritti in materia di &#8220;Informatica e Libert\u00e0&#8221; non siano rispettati, puoi presentare un reclamo alla CNIL.<\/p>\n\n<p><strong>Modulo di iscrizione agli eventi<\/strong><\/p>\n\n<p>Le informazioni raccolte in questo modulo sono registrate in un archivio informatizzato da Advens per gestire i dati relativi all&#8217;organizzazione e al monitoraggio di eventi interni ed esterni. La base giuridica del trattamento \u00e8 data dal consenso dell&#8217;interessato. Si prega di notare che i campi contrassegnati da un asterisco nei moduli online devono essere compilati. Senza queste informazioni, la richiesta non potr\u00e0 essere elaborata da Advens. Qualsiasi altra informazione \u00e8 facoltativa. I dati raccolti saranno comunicati solo ai seguenti destinatari: dipartimento marketing. \u00c8 possibile accedere ai propri dati personali, rettificarli, chiederne la cancellazione, esercitare il diritto alla limitazione dei dati o il diritto alla portabilit\u00e0 dei dati. Per esercitare tali diritti o per qualsiasi domanda sul trattamento dei dati personali nell&#8217;ambito del presente sistema, \u00e8 possibile contattare l&#8217;unit\u00e0 di conformit\u00e0 di Advens via e-mail all&#8217;indirizzo dpo@advens.fr o per posta all&#8217;indirizzo 32, rue Faidherbe 59800 LILLE. Se, dopo averci contattato, ritieni che i tuoi diritti in materia di &#8220;Informatica e Libert\u00e0&#8221; non siano rispettati, puoi presentare un reclamo alla CNIL.<\/p>\n","protected":false},"excerpt":{"rendered":"<p>Definizioni &#8220;Advens&#8220;: si riferisce alla societ\u00e0, una societ\u00e0 per azioni semplificata con capitale di 440.250,00 euro, con sede legale in 32 rue Faidherbe 59800 LILLE, iscritta con il numero 433428018 nel Registro del Commercio e delle Imprese di Lille M\u00e9tropole; e il Titolare del trattamento.&#8220;Destinatario&#8220;: si riferisce alla persona fisica o giuridica, all&#8217;autorit\u00e0 pubblica, al [&hellip;]<\/p>\n","protected":false},"author":3,"featured_media":0,"parent":0,"menu_order":20,"comment_status":"closed","ping_status":"open","template":"tmpl-pagette.php","meta":{"_acf_changed":false,"content-type":"","footnotes":""},"class_list":["post-9620","page","type-page","status-publish","hentry"],"acf":[],"yoast_head":"<!-- This site is optimized with the Yoast SEO plugin v24.8.1 - https:\/\/yoast.com\/wordpress\/plugins\/seo\/ -->\n<title>Informativa sulla privacy - Advens<\/title>\n<meta name=\"description\" content=\"Definizioni &quot;Advens&quot;: si riferisce alla societ\u00e0, una societ\u00e0 per azioni semplificata con capitale di 440.250,00 euro, con sede legale in 32 rue Faidherbe\" \/>\n<meta name=\"robots\" content=\"index, follow, max-snippet:-1, max-image-preview:large, max-video-preview:-1\" \/>\n<link rel=\"canonical\" href=\"https:\/\/www.advens.test\/politique-protection-donnees\/\" \/>\n<meta property=\"og:locale\" content=\"it_IT\" \/>\n<meta property=\"og:type\" content=\"article\" \/>\n<meta property=\"og:title\" content=\"Informativa sulla privacy - Advens\" \/>\n<meta property=\"og:description\" content=\"Definizioni &quot;Advens&quot;: si riferisce alla societ\u00e0, una societ\u00e0 per azioni semplificata con capitale di 440.250,00 euro, con sede legale in 32 rue Faidherbe\" \/>\n<meta property=\"og:url\" content=\"https:\/\/www.advens.test\/politique-protection-donnees\/\" \/>\n<meta property=\"og:site_name\" content=\"Advens\" \/>\n<meta property=\"article:modified_time\" content=\"2023-11-14T12:11:46+00:00\" \/>\n<meta name=\"twitter:card\" content=\"summary_large_image\" \/>\n<script type=\"application\/ld+json\" class=\"yoast-schema-graph\">{\"@context\":\"https:\/\/schema.org\",\"@graph\":[{\"@type\":\"WebPage\",\"@id\":\"https:\/\/www.advens.test\/politique-protection-donnees\/\",\"url\":\"https:\/\/www.advens.test\/politique-protection-donnees\/\",\"name\":\"Informativa sulla privacy - Advens\",\"isPartOf\":{\"@id\":\"https:\/\/www.advens.test\/#website\"},\"datePublished\":\"2022-03-11T15:35:45+00:00\",\"dateModified\":\"2023-11-14T12:11:46+00:00\",\"description\":\"Definizioni \\\"Advens\\\": si riferisce alla societ\u00e0, una societ\u00e0 per azioni semplificata con capitale di 440.250,00 euro, con sede legale in 32 rue Faidherbe\",\"breadcrumb\":{\"@id\":\"https:\/\/www.advens.test\/politique-protection-donnees\/#breadcrumb\"},\"inLanguage\":\"it-IT\",\"potentialAction\":[{\"@type\":\"ReadAction\",\"target\":[\"https:\/\/www.advens.test\/politique-protection-donnees\/\"]}]},{\"@type\":\"BreadcrumbList\",\"@id\":\"https:\/\/www.advens.test\/politique-protection-donnees\/#breadcrumb\",\"itemListElement\":[{\"@type\":\"ListItem\",\"position\":1,\"name\":\"Home\",\"item\":\"https:\/\/www.advens.test\/it\/\"},{\"@type\":\"ListItem\",\"position\":2,\"name\":\"Informativa sulla privacy\"}]},{\"@type\":\"WebSite\",\"@id\":\"https:\/\/www.advens.test\/#website\",\"url\":\"https:\/\/www.advens.test\/\",\"name\":\"Advens\",\"description\":\"For Cyber, People &amp; Planet\",\"publisher\":{\"@id\":\"https:\/\/www.advens.test\/#organization\"},\"potentialAction\":[{\"@type\":\"SearchAction\",\"target\":{\"@type\":\"EntryPoint\",\"urlTemplate\":\"https:\/\/www.advens.test\/?s={search_term_string}\"},\"query-input\":{\"@type\":\"PropertyValueSpecification\",\"valueRequired\":true,\"valueName\":\"search_term_string\"}}],\"inLanguage\":\"it-IT\"},{\"@type\":\"Organization\",\"@id\":\"https:\/\/www.advens.test\/#organization\",\"name\":\"Advens\",\"url\":\"https:\/\/www.advens.test\/\",\"logo\":{\"@type\":\"ImageObject\",\"inLanguage\":\"it-IT\",\"@id\":\"https:\/\/www.advens.test\/#\/schema\/logo\/image\/\",\"url\":\"https:\/\/www.nifty-shtern.217-160-68-194.plesk.page\/app\/uploads\/2025\/07\/Logotype-aDvens-Cybersecurity.png\",\"contentUrl\":\"https:\/\/www.nifty-shtern.217-160-68-194.plesk.page\/app\/uploads\/2025\/07\/Logotype-aDvens-Cybersecurity.png\",\"width\":1501,\"height\":1501,\"caption\":\"Advens\"},\"image\":{\"@id\":\"https:\/\/www.advens.test\/#\/schema\/logo\/image\/\"},\"sameAs\":[\"https:\/\/www.linkedin.com\/company\/advens\/\"]}]}<\/script>\n<!-- \/ Yoast SEO plugin. -->","yoast_head_json":{"title":"Informativa sulla privacy - Advens","description":"Definizioni \"Advens\": si riferisce alla societ\u00e0, una societ\u00e0 per azioni semplificata con capitale di 440.250,00 euro, con sede legale in 32 rue Faidherbe","robots":{"index":"index","follow":"follow","max-snippet":"max-snippet:-1","max-image-preview":"max-image-preview:large","max-video-preview":"max-video-preview:-1"},"canonical":"https:\/\/www.advens.test\/politique-protection-donnees\/","og_locale":"it_IT","og_type":"article","og_title":"Informativa sulla privacy - Advens","og_description":"Definizioni \"Advens\": si riferisce alla societ\u00e0, una societ\u00e0 per azioni semplificata con capitale di 440.250,00 euro, con sede legale in 32 rue Faidherbe","og_url":"https:\/\/www.advens.test\/politique-protection-donnees\/","og_site_name":"Advens","article_modified_time":"2023-11-14T12:11:46+00:00","twitter_card":"summary_large_image","schema":{"@context":"https:\/\/schema.org","@graph":[{"@type":"WebPage","@id":"https:\/\/www.advens.test\/politique-protection-donnees\/","url":"https:\/\/www.advens.test\/politique-protection-donnees\/","name":"Informativa sulla privacy - Advens","isPartOf":{"@id":"https:\/\/www.advens.test\/#website"},"datePublished":"2022-03-11T15:35:45+00:00","dateModified":"2023-11-14T12:11:46+00:00","description":"Definizioni \"Advens\": si riferisce alla societ\u00e0, una societ\u00e0 per azioni semplificata con capitale di 440.250,00 euro, con sede legale in 32 rue Faidherbe","breadcrumb":{"@id":"https:\/\/www.advens.test\/politique-protection-donnees\/#breadcrumb"},"inLanguage":"it-IT","potentialAction":[{"@type":"ReadAction","target":["https:\/\/www.advens.test\/politique-protection-donnees\/"]}]},{"@type":"BreadcrumbList","@id":"https:\/\/www.advens.test\/politique-protection-donnees\/#breadcrumb","itemListElement":[{"@type":"ListItem","position":1,"name":"Home","item":"https:\/\/www.advens.test\/it\/"},{"@type":"ListItem","position":2,"name":"Informativa sulla privacy"}]},{"@type":"WebSite","@id":"https:\/\/www.advens.test\/#website","url":"https:\/\/www.advens.test\/","name":"Advens","description":"For Cyber, People &amp; Planet","publisher":{"@id":"https:\/\/www.advens.test\/#organization"},"potentialAction":[{"@type":"SearchAction","target":{"@type":"EntryPoint","urlTemplate":"https:\/\/www.advens.test\/?s={search_term_string}"},"query-input":{"@type":"PropertyValueSpecification","valueRequired":true,"valueName":"search_term_string"}}],"inLanguage":"it-IT"},{"@type":"Organization","@id":"https:\/\/www.advens.test\/#organization","name":"Advens","url":"https:\/\/www.advens.test\/","logo":{"@type":"ImageObject","inLanguage":"it-IT","@id":"https:\/\/www.advens.test\/#\/schema\/logo\/image\/","url":"https:\/\/www.nifty-shtern.217-160-68-194.plesk.page\/app\/uploads\/2025\/07\/Logotype-aDvens-Cybersecurity.png","contentUrl":"https:\/\/www.nifty-shtern.217-160-68-194.plesk.page\/app\/uploads\/2025\/07\/Logotype-aDvens-Cybersecurity.png","width":1501,"height":1501,"caption":"Advens"},"image":{"@id":"https:\/\/www.advens.test\/#\/schema\/logo\/image\/"},"sameAs":["https:\/\/www.linkedin.com\/company\/advens\/"]}]}},"_links":{"self":[{"href":"https:\/\/www.nifty-shtern.217-160-68-194.plesk.page\/it\/wp-json\/wp\/v2\/pages\/9620","targetHints":{"allow":["GET"]}}],"collection":[{"href":"https:\/\/www.nifty-shtern.217-160-68-194.plesk.page\/it\/wp-json\/wp\/v2\/pages"}],"about":[{"href":"https:\/\/www.nifty-shtern.217-160-68-194.plesk.page\/it\/wp-json\/wp\/v2\/types\/page"}],"author":[{"embeddable":true,"href":"https:\/\/www.nifty-shtern.217-160-68-194.plesk.page\/it\/wp-json\/wp\/v2\/users\/3"}],"replies":[{"embeddable":true,"href":"https:\/\/www.nifty-shtern.217-160-68-194.plesk.page\/it\/wp-json\/wp\/v2\/comments?post=9620"}],"version-history":[{"count":2,"href":"https:\/\/www.nifty-shtern.217-160-68-194.plesk.page\/it\/wp-json\/wp\/v2\/pages\/9620\/revisions"}],"predecessor-version":[{"id":12060,"href":"https:\/\/www.nifty-shtern.217-160-68-194.plesk.page\/it\/wp-json\/wp\/v2\/pages\/9620\/revisions\/12060"}],"wp:attachment":[{"href":"https:\/\/www.nifty-shtern.217-160-68-194.plesk.page\/it\/wp-json\/wp\/v2\/media?parent=9620"}],"curies":[{"name":"wp","href":"https:\/\/api.w.org\/{rel}","templated":true}]}}