{"id":9624,"date":"2022-03-21T11:13:42","date_gmt":"2022-03-21T10:13:42","guid":{"rendered":"https:\/\/www.advens.test\/advens-media\/"},"modified":"2024-01-16T15:40:57","modified_gmt":"2024-01-16T14:40:57","slug":"advens-media","status":"publish","type":"page","link":"https:\/\/www.nifty-shtern.217-160-68-194.plesk.page\/it\/advens-media\/","title":{"rendered":"Advens Media"},"content":{"rendered":"\n\n  \n                    \n    \n    \n    \n  \n\n\n\n\n\n<p class=\"is-style-big-text\">In un&#8217;epoca in cui i dati circolano a migliaia, la cybersecurity non \u00e8 pi\u00f9 un&#8217;opzione. \u00c8 questo il senso della nostra competenza: <strong>proteggere te, la tua azienda e la societ\u00e0<\/strong>.<\/p>\n\n\n\n\n<div id=\"push-social-898227869\" class=\"acf-block-push-social alignfull py-3 py-md-5 py-xl-8 alignfull\">\n  <img decoding=\"async\" class=\"img-fluid img-bkg\" loading=\"lazy\" src=\"https:\/\/www.nifty-shtern.217-160-68-194.plesk.page\/app\/themes\/advens\/static\/img\/back-social-v2.jpg\" alt=\"Unisciti a noi sui social media\">\n  <div class=\"wrapper-block\">\n    <h3 class=\"block-title\">Vieni?<\/h3>\n    <p class=\"block-paragraph\">\n      Scopri di pi\u00f9 sulle nostre riflessioni, i nostri impegni e il nostro monitoraggio sulle reti. Perch\u00e9 non abbiamo (per il momento) inventato niente di meglio&#8230;\n    <\/p>\n    <div class=\"buttons d-grid d-md-flex gap-3 flex-wrap\">\n      <a href=\"https:\/\/www.linkedin.com\/company\/advens\" rel=\"nofollow\" target=\"_blank\" class=\"btn btn-primary\">Linkedin<\/a>\n      <a href=\"https:\/\/www.youtube.com\/@advens_cyber\" rel=\"nofollow\" target=\"_blank\" class=\"btn btn-primary\">Youtube<\/a>\n    <\/div>\n  <\/div>\n<\/div>","protected":false},"excerpt":{"rendered":"<p>Guardiamo al Cyber con cognizione di causa, decifrando per te i problemi di oggi e di domani. Il nostro obiettivo: aiutarvi a prendere le decisioni giuste. Questi articoli, ispirati dalla nostra esperienza e dalla nostra visione, si basano sulle vostre testimonianze e sulle nostre analisi.<\/p>\n","protected":false},"author":3,"featured_media":8402,"parent":0,"menu_order":11,"comment_status":"closed","ping_status":"closed","template":"","meta":{"_acf_changed":false,"content-type":"","footnotes":""},"class_list":["post-9624","page","type-page","status-publish","has-post-thumbnail","hentry"],"acf":[],"yoast_head":"<!-- This site is optimized with the Yoast SEO plugin v24.8.1 - https:\/\/yoast.com\/wordpress\/plugins\/seo\/ -->\n<title>Advens Media - Advens<\/title>\n<meta name=\"description\" content=\"Guardiamo al Cyber con cognizione di causa, decifrando per te i problemi di oggi e di domani. Il nostro obiettivo: aiutarvi a prendere le decisioni giuste. Questi articoli, ispirati dalla nostra esperienza e dalla nostra visione, si basano sulle vostre testimonianze e sulle nostre analisi.\" \/>\n<meta name=\"robots\" content=\"index, follow, max-snippet:-1, max-image-preview:large, max-video-preview:-1\" \/>\n<link rel=\"canonical\" href=\"https:\/\/www.advens.test\/it\/advens-media\/\" \/>\n<meta property=\"og:locale\" content=\"it_IT\" \/>\n<meta property=\"og:type\" content=\"article\" \/>\n<meta property=\"og:title\" content=\"Advens Media - Advens\" \/>\n<meta property=\"og:description\" content=\"Guardiamo al Cyber con cognizione di causa, decifrando per te i problemi di oggi e di domani. Il nostro obiettivo: aiutarvi a prendere le decisioni giuste. Questi articoli, ispirati dalla nostra esperienza e dalla nostra visione, si basano sulle vostre testimonianze e sulle nostre analisi.\" \/>\n<meta property=\"og:url\" content=\"https:\/\/www.advens.test\/it\/advens-media\/\" \/>\n<meta property=\"og:site_name\" content=\"Advens\" \/>\n<meta property=\"article:modified_time\" content=\"2024-01-16T14:40:57+00:00\" \/>\n<meta property=\"og:image\" content=\"https:\/\/www.advens.test\/app\/uploads\/2022\/05\/advens-video-capture-quo-4.jpg\" \/>\n\t<meta property=\"og:image:width\" content=\"1920\" \/>\n\t<meta property=\"og:image:height\" content=\"801\" \/>\n\t<meta property=\"og:image:type\" content=\"image\/jpeg\" \/>\n<meta name=\"twitter:card\" content=\"summary_large_image\" \/>\n<script type=\"application\/ld+json\" class=\"yoast-schema-graph\">{\"@context\":\"https:\/\/schema.org\",\"@graph\":[{\"@type\":\"WebPage\",\"@id\":\"https:\/\/www.advens.test\/it\/advens-media\/\",\"url\":\"https:\/\/www.advens.test\/it\/advens-media\/\",\"name\":\"Advens Media - Advens\",\"isPartOf\":{\"@id\":\"https:\/\/www.advens.test\/#website\"},\"primaryImageOfPage\":{\"@id\":\"https:\/\/www.advens.test\/it\/advens-media\/#primaryimage\"},\"image\":{\"@id\":\"https:\/\/www.advens.test\/it\/advens-media\/#primaryimage\"},\"thumbnailUrl\":\"https:\/\/www.nifty-shtern.217-160-68-194.plesk.page\/app\/uploads\/2022\/05\/advens-video-capture-quo-4.jpg\",\"datePublished\":\"2022-03-21T10:13:42+00:00\",\"dateModified\":\"2024-01-16T14:40:57+00:00\",\"description\":\"Guardiamo al Cyber con cognizione di causa, decifrando per te i problemi di oggi e di domani. Il nostro obiettivo: aiutarvi a prendere le decisioni giuste. Questi articoli, ispirati dalla nostra esperienza e dalla nostra visione, si basano sulle vostre testimonianze e sulle nostre analisi.\",\"breadcrumb\":{\"@id\":\"https:\/\/www.advens.test\/it\/advens-media\/#breadcrumb\"},\"inLanguage\":\"it-IT\",\"potentialAction\":[{\"@type\":\"ReadAction\",\"target\":[\"https:\/\/www.advens.test\/it\/advens-media\/\"]}]},{\"@type\":\"ImageObject\",\"inLanguage\":\"it-IT\",\"@id\":\"https:\/\/www.advens.test\/it\/advens-media\/#primaryimage\",\"url\":\"https:\/\/www.nifty-shtern.217-160-68-194.plesk.page\/app\/uploads\/2022\/05\/advens-video-capture-quo-4.jpg\",\"contentUrl\":\"https:\/\/www.nifty-shtern.217-160-68-194.plesk.page\/app\/uploads\/2022\/05\/advens-video-capture-quo-4.jpg\",\"width\":1920,\"height\":801},{\"@type\":\"BreadcrumbList\",\"@id\":\"https:\/\/www.advens.test\/it\/advens-media\/#breadcrumb\",\"itemListElement\":[{\"@type\":\"ListItem\",\"position\":1,\"name\":\"Home\",\"item\":\"https:\/\/www.advens.test\/it\/\"},{\"@type\":\"ListItem\",\"position\":2,\"name\":\"Advens Media\"}]},{\"@type\":\"WebSite\",\"@id\":\"https:\/\/www.advens.test\/#website\",\"url\":\"https:\/\/www.advens.test\/\",\"name\":\"Advens\",\"description\":\"For Cyber, People &amp; Planet\",\"publisher\":{\"@id\":\"https:\/\/www.advens.test\/#organization\"},\"potentialAction\":[{\"@type\":\"SearchAction\",\"target\":{\"@type\":\"EntryPoint\",\"urlTemplate\":\"https:\/\/www.advens.test\/?s={search_term_string}\"},\"query-input\":{\"@type\":\"PropertyValueSpecification\",\"valueRequired\":true,\"valueName\":\"search_term_string\"}}],\"inLanguage\":\"it-IT\"},{\"@type\":\"Organization\",\"@id\":\"https:\/\/www.advens.test\/#organization\",\"name\":\"Advens\",\"url\":\"https:\/\/www.advens.test\/\",\"logo\":{\"@type\":\"ImageObject\",\"inLanguage\":\"it-IT\",\"@id\":\"https:\/\/www.advens.test\/#\/schema\/logo\/image\/\",\"url\":\"https:\/\/www.nifty-shtern.217-160-68-194.plesk.page\/app\/uploads\/2025\/07\/Logotype-aDvens-Cybersecurity.png\",\"contentUrl\":\"https:\/\/www.nifty-shtern.217-160-68-194.plesk.page\/app\/uploads\/2025\/07\/Logotype-aDvens-Cybersecurity.png\",\"width\":1501,\"height\":1501,\"caption\":\"Advens\"},\"image\":{\"@id\":\"https:\/\/www.advens.test\/#\/schema\/logo\/image\/\"},\"sameAs\":[\"https:\/\/www.linkedin.com\/company\/advens\/\"]}]}<\/script>\n<!-- \/ Yoast SEO plugin. -->","yoast_head_json":{"title":"Advens Media - Advens","description":"Guardiamo al Cyber con cognizione di causa, decifrando per te i problemi di oggi e di domani. Il nostro obiettivo: aiutarvi a prendere le decisioni giuste. Questi articoli, ispirati dalla nostra esperienza e dalla nostra visione, si basano sulle vostre testimonianze e sulle nostre analisi.","robots":{"index":"index","follow":"follow","max-snippet":"max-snippet:-1","max-image-preview":"max-image-preview:large","max-video-preview":"max-video-preview:-1"},"canonical":"https:\/\/www.advens.test\/it\/advens-media\/","og_locale":"it_IT","og_type":"article","og_title":"Advens Media - Advens","og_description":"Guardiamo al Cyber con cognizione di causa, decifrando per te i problemi di oggi e di domani. Il nostro obiettivo: aiutarvi a prendere le decisioni giuste. Questi articoli, ispirati dalla nostra esperienza e dalla nostra visione, si basano sulle vostre testimonianze e sulle nostre analisi.","og_url":"https:\/\/www.advens.test\/it\/advens-media\/","og_site_name":"Advens","article_modified_time":"2024-01-16T14:40:57+00:00","og_image":[{"width":1920,"height":801,"url":"https:\/\/www.advens.test\/app\/uploads\/2022\/05\/advens-video-capture-quo-4.jpg","type":"image\/jpeg"}],"twitter_card":"summary_large_image","schema":{"@context":"https:\/\/schema.org","@graph":[{"@type":"WebPage","@id":"https:\/\/www.advens.test\/it\/advens-media\/","url":"https:\/\/www.advens.test\/it\/advens-media\/","name":"Advens Media - Advens","isPartOf":{"@id":"https:\/\/www.advens.test\/#website"},"primaryImageOfPage":{"@id":"https:\/\/www.advens.test\/it\/advens-media\/#primaryimage"},"image":{"@id":"https:\/\/www.advens.test\/it\/advens-media\/#primaryimage"},"thumbnailUrl":"https:\/\/www.nifty-shtern.217-160-68-194.plesk.page\/app\/uploads\/2022\/05\/advens-video-capture-quo-4.jpg","datePublished":"2022-03-21T10:13:42+00:00","dateModified":"2024-01-16T14:40:57+00:00","description":"Guardiamo al Cyber con cognizione di causa, decifrando per te i problemi di oggi e di domani. Il nostro obiettivo: aiutarvi a prendere le decisioni giuste. Questi articoli, ispirati dalla nostra esperienza e dalla nostra visione, si basano sulle vostre testimonianze e sulle nostre analisi.","breadcrumb":{"@id":"https:\/\/www.advens.test\/it\/advens-media\/#breadcrumb"},"inLanguage":"it-IT","potentialAction":[{"@type":"ReadAction","target":["https:\/\/www.advens.test\/it\/advens-media\/"]}]},{"@type":"ImageObject","inLanguage":"it-IT","@id":"https:\/\/www.advens.test\/it\/advens-media\/#primaryimage","url":"https:\/\/www.nifty-shtern.217-160-68-194.plesk.page\/app\/uploads\/2022\/05\/advens-video-capture-quo-4.jpg","contentUrl":"https:\/\/www.nifty-shtern.217-160-68-194.plesk.page\/app\/uploads\/2022\/05\/advens-video-capture-quo-4.jpg","width":1920,"height":801},{"@type":"BreadcrumbList","@id":"https:\/\/www.advens.test\/it\/advens-media\/#breadcrumb","itemListElement":[{"@type":"ListItem","position":1,"name":"Home","item":"https:\/\/www.advens.test\/it\/"},{"@type":"ListItem","position":2,"name":"Advens Media"}]},{"@type":"WebSite","@id":"https:\/\/www.advens.test\/#website","url":"https:\/\/www.advens.test\/","name":"Advens","description":"For Cyber, People &amp; Planet","publisher":{"@id":"https:\/\/www.advens.test\/#organization"},"potentialAction":[{"@type":"SearchAction","target":{"@type":"EntryPoint","urlTemplate":"https:\/\/www.advens.test\/?s={search_term_string}"},"query-input":{"@type":"PropertyValueSpecification","valueRequired":true,"valueName":"search_term_string"}}],"inLanguage":"it-IT"},{"@type":"Organization","@id":"https:\/\/www.advens.test\/#organization","name":"Advens","url":"https:\/\/www.advens.test\/","logo":{"@type":"ImageObject","inLanguage":"it-IT","@id":"https:\/\/www.advens.test\/#\/schema\/logo\/image\/","url":"https:\/\/www.nifty-shtern.217-160-68-194.plesk.page\/app\/uploads\/2025\/07\/Logotype-aDvens-Cybersecurity.png","contentUrl":"https:\/\/www.nifty-shtern.217-160-68-194.plesk.page\/app\/uploads\/2025\/07\/Logotype-aDvens-Cybersecurity.png","width":1501,"height":1501,"caption":"Advens"},"image":{"@id":"https:\/\/www.advens.test\/#\/schema\/logo\/image\/"},"sameAs":["https:\/\/www.linkedin.com\/company\/advens\/"]}]}},"_links":{"self":[{"href":"https:\/\/www.nifty-shtern.217-160-68-194.plesk.page\/it\/wp-json\/wp\/v2\/pages\/9624","targetHints":{"allow":["GET"]}}],"collection":[{"href":"https:\/\/www.nifty-shtern.217-160-68-194.plesk.page\/it\/wp-json\/wp\/v2\/pages"}],"about":[{"href":"https:\/\/www.nifty-shtern.217-160-68-194.plesk.page\/it\/wp-json\/wp\/v2\/types\/page"}],"author":[{"embeddable":true,"href":"https:\/\/www.nifty-shtern.217-160-68-194.plesk.page\/it\/wp-json\/wp\/v2\/users\/3"}],"replies":[{"embeddable":true,"href":"https:\/\/www.nifty-shtern.217-160-68-194.plesk.page\/it\/wp-json\/wp\/v2\/comments?post=9624"}],"version-history":[{"count":17,"href":"https:\/\/www.nifty-shtern.217-160-68-194.plesk.page\/it\/wp-json\/wp\/v2\/pages\/9624\/revisions"}],"predecessor-version":[{"id":12828,"href":"https:\/\/www.nifty-shtern.217-160-68-194.plesk.page\/it\/wp-json\/wp\/v2\/pages\/9624\/revisions\/12828"}],"wp:featuredmedia":[{"embeddable":true,"href":"https:\/\/www.nifty-shtern.217-160-68-194.plesk.page\/it\/wp-json\/wp\/v2\/media\/8402"}],"wp:attachment":[{"href":"https:\/\/www.nifty-shtern.217-160-68-194.plesk.page\/it\/wp-json\/wp\/v2\/media?parent=9624"}],"curies":[{"name":"wp","href":"https:\/\/api.w.org\/{rel}","templated":true}]}}