{"id":9643,"date":"2022-04-04T13:24:06","date_gmt":"2022-04-04T11:24:06","guid":{"rendered":"https:\/\/www.advens.test\/motivazione\/i-nostri-impegni\/"},"modified":"2023-11-14T13:11:43","modified_gmt":"2023-11-14T12:11:43","slug":"i-nostri-impegni","status":"publish","type":"page","link":"https:\/\/www.nifty-shtern.217-160-68-194.plesk.page\/it\/motivazione\/i-nostri-impegni\/","title":{"rendered":"I nostri impegni"},"content":{"rendered":"\n<hr class=\"wp-block-separator has-css-opacity\"\/>\n\n\n<div id=\"block-image-texte-1734950748\" class=\"acf-block-image-texte alignwide\">\n  <div class=\"image-texte row gx-5 py-4 -gauche\">\n                            <div class=\"col-12 col-lg-6 image-container mb-3 mb-lg-0 \">\n              <div class=\"image mobile-full-width\">\n          <div class=\"image-content ratio-wrapper -square\" data-component=\"LazyImage\" >\n            <picture class=\"full bkg-cover\" >\n                              <source srcset=\"https:\/\/www.nifty-shtern.217-160-68-194.plesk.page\/app\/uploads\/2022\/05\/advens-video-capture-ftm-6-620x620.webp\" media=\"(min-width: 0px) and (max-width: 767.98px)\">\n                <source srcset=\"https:\/\/www.nifty-shtern.217-160-68-194.plesk.page\/app\/uploads\/2022\/05\/advens-video-capture-ftm-6-1320x801.webp\" media=\"(min-width: 768px)\">\n                <img decoding=\"async\" class=\"img img-fluid rounded\" loading=\"lazy\" src=\"https:\/\/www.nifty-shtern.217-160-68-194.plesk.page\/app\/uploads\/2022\/05\/advens-video-capture-ftm-6-1320x801.webp\" alt=\"\">\n                          <\/picture>\n          <\/div>\n        <\/div>\n                <\/div>\n    <div class=\"texte col-12 col-lg-6 -right d-flex flex-column justify-content-center align-items-start\">\n                    <h2 class=\"titre title-5\">\n          Per Cyber, Persone e Pianeta.\n        <\/h2>\n                    <div class=\"text-content\">\n          <p>Siamo convinti che le aziende e i loro collaboratori abbiano il potere di cambiare il mondo. Abbiamo optato per un modello basato sulla condivisione del valore generato dal Cyber. Questo modello ci permette di agire a favore di un pianeta pi\u00f9 protetto e di una societ\u00e0 che promuove l&#8217;inclusione e l&#8217;istruzione, in particolare per le giovani generazioni e le persone pi\u00f9 vulnerabili.<\/p>\n<p> <\/p>\n<p>Le aziende come la nostra hanno un ruolo cruciale da svolgere. Ecco perch\u00e9 stiamo facendo tutto il possibile per aiutare l&#8217;azienda a evolversi. Sviluppiamo iniziative e sosteniamo progetti su larga scala con un impatto duraturo&#8230; con l&#8217;ambizione di coinvolgere tutta la nostra comunit\u00e0: i nostri collaboratori, i nostri clienti e i nostri partner, attuali e futuri.<\/p>\n<p> <\/p>\n<p>\u00c8 insieme che possiamo cambiare il mondo. Per oggi e per domani.<\/p>\n\n        <\/div>\n                            <\/div>\n  <\/div>\n<\/div>\n\n<hr class=\"wp-block-separator has-css-opacity\"\/>\n\n\n  \n\n<div id=\"block-push-4-colonnes-1475681981\" class=\"acf-block-push-contenus-4colonnes alignwide\">\n      \n          \n\n<div class=\"commun-liste grille\" data-component=\"CommunListe\">\n      <div class=\"default-block-header d-flex flex-wrap justify-content-between align-items-center\">\n              <h2 class=\"title title-6 mb-4\">\n                      I nostri impegni\n                                      <\/h2>\n                <\/div>\n  \n  <div class=\"liste grid -card-small -btn-see-all\">\n          <div class=\"container\">\n        <div class=\"row row-cols-1  row-cols-md-2 row-cols-xl-4  g-4\">\n                      \n\n\n\n  \n\n\n\n      \n\n\n\n<div class=\"list-item col h-100\" >\n  <div class=\"list-item-content  h-100\">\n    <div class=\"card card__push4 h-100\">\n      <a href=\"https:\/\/www.nifty-shtern.217-160-68-194.plesk.page\/it\/impegno\/rendere-il-cyberspazio-piu-accessibile\/\" class=\"card-link\" title=\"Mostra dettagli\"><\/a>\n                        <div class=\"card-image\">\n            <img decoding=\"async\" src=\"https:\/\/www.nifty-shtern.217-160-68-194.plesk.page\/app\/uploads\/2022\/05\/img-5764.jpg\" loading=\"lazy\" alt=\"Rendere il cyberspazio pi\u00f9 accessibile\" class=\"card-img-top\"\/>\n          <\/div>\n                    <div class=\"card-body content\">\n                  <div class=\"meta-top mb-3 small\">\n            Impegno\n          <\/div>\n                <h3 class=\"card-title title\">\n          Rendere il cyberspazio pi\u00f9 accessibile\n        <\/h3>\n      <\/div>\n      <div class=\"card-overlay\">\n                  <div class=\"card-overlay__meta-top\">\n            Impegno\n          <\/div>\n                <strong class=\"card-overlay__title card-title\">\n          Rendere il cyberspazio pi\u00f9 accessibile\n        <\/strong>\n                  <p class=\"card-overlay__text\">\n                        La sicurezza dei dati \u00e8 un bene, tutti ne hanno diritto. Proteggere il mondo significa proteggere organizzazioni di ogni tipo e dimensione, compres&#8230;\n          <\/p>\n                          <div class=\"card-overlay__bottom\">\n            <span class=\"btn btn-primary\">\n              Leggi di pi\u00f9\n            <\/span>\n          <\/div>\n              <\/div>\n    <\/div>\n  <\/div>\n<\/div>\n                      \n\n\n\n  \n\n\n\n      \n\n\n\n<div class=\"list-item col h-100\" >\n  <div class=\"list-item-content  h-100\">\n    <div class=\"card card__push4 h-100\">\n      <a href=\"https:\/\/www.nifty-shtern.217-160-68-194.plesk.page\/it\/impegno\/programma-di-inclusione-per-il-cyber\/\" class=\"card-link\" title=\"Mostra dettagli\"><\/a>\n                        <div class=\"card-image\">\n            <img decoding=\"async\" src=\"https:\/\/www.nifty-shtern.217-160-68-194.plesk.page\/app\/uploads\/2022\/05\/advens-video-capture-quo-4.jpg\" loading=\"lazy\" alt=\"Programma di inclusione per il Cyber\" class=\"card-img-top\"\/>\n          <\/div>\n                    <div class=\"card-body content\">\n                  <div class=\"meta-top mb-3 small\">\n            Impegno\n          <\/div>\n                <h3 class=\"card-title title\">\n          Programma di inclusione per il Cyber\n        <\/h3>\n      <\/div>\n      <div class=\"card-overlay\">\n                  <div class=\"card-overlay__meta-top\">\n            Impegno\n          <\/div>\n                <strong class=\"card-overlay__title card-title\">\n          Programma di inclusione per il Cyber\n        <\/strong>\n                  <p class=\"card-overlay__text\">\n                        Attualmente in Francia due milioni di giovani sono in grave difficolt\u00e0: sono disoccupati, senza fissa dimora o senza istruzione, e tra di loro ci s&#8230;\n          <\/p>\n                          <div class=\"card-overlay__bottom\">\n            <span class=\"btn btn-primary\">\n              Leggi di pi\u00f9\n            <\/span>\n          <\/div>\n              <\/div>\n    <\/div>\n  <\/div>\n<\/div>\n                      \n\n\n\n  \n\n\n\n      \n\n\n\n<div class=\"list-item col h-100\" >\n  <div class=\"list-item-content  h-100\">\n    <div class=\"card card__push4 h-100\">\n      <a href=\"https:\/\/www.nifty-shtern.217-160-68-194.plesk.page\/it\/impegno\/linkedout-accelerato-da-advens\/\" class=\"card-link\" title=\"Mostra dettagli\"><\/a>\n                        <div class=\"card-image\">\n            <img decoding=\"async\" src=\"https:\/\/www.nifty-shtern.217-160-68-194.plesk.page\/app\/uploads\/2022\/03\/photo1-ac4i1172-pierre-bouras-crop.png\" loading=\"lazy\" alt=\"LinkedOut accelerato da Advens\" class=\"card-img-top\"\/>\n          <\/div>\n                    <div class=\"card-body content\">\n                  <div class=\"meta-top mb-3 small\">\n            Impegno\n          <\/div>\n                <h3 class=\"card-title title\">\n          LinkedOut accelerato da Advens\n        <\/h3>\n      <\/div>\n      <div class=\"card-overlay\">\n                  <div class=\"card-overlay__meta-top\">\n            Impegno\n          <\/div>\n                <strong class=\"card-overlay__title card-title\">\n          LinkedOut accelerato da Advens\n        <\/strong>\n                  <p class=\"card-overlay__text\">\n                        Dall&#8217;inizio del 2020, Advens offre la visibilit\u00e0 e il naming della sua imbarcazione a LinkedOut, un&#8217;iniziativa di tecnologia positiva creata dall&#8217;a&#8230;\n          <\/p>\n                          <div class=\"card-overlay__bottom\">\n            <span class=\"btn btn-primary\">\n              Leggi di pi\u00f9\n            <\/span>\n          <\/div>\n              <\/div>\n    <\/div>\n  <\/div>\n<\/div>\n                  <\/div>\n      <\/div>\n      <\/div>\n<\/div>  <\/div>\n<hr class=\"wp-block-separator has-css-opacity\"\/>\n\n\n  \n                    \n    \n    \n    \n  \n","protected":false},"excerpt":{"rendered":"<p>Cambiare il mondo \u00e8 urgente. Il nostro modello pu\u00f2 avere senso solo se contribuisce a questa trasformazione. Ecco perch\u00e9 Advens si impegna ad agire. Per i nostri team, per i nostri clienti, ma anche per coloro che ne hanno pi\u00f9 bisogno.<\/p>\n","protected":false},"author":3,"featured_media":1913,"parent":23735,"menu_order":6,"comment_status":"closed","ping_status":"closed","template":"","meta":{"_acf_changed":false,"content-type":"","footnotes":""},"class_list":["post-9643","page","type-page","status-publish","has-post-thumbnail","hentry"],"acf":[],"yoast_head":"<!-- This site is optimized with the Yoast SEO plugin v24.8.1 - https:\/\/yoast.com\/wordpress\/plugins\/seo\/ -->\n<title>I nostri impegni - Advens<\/title>\n<meta name=\"description\" content=\"Cambiare il mondo \u00e8 urgente. Il nostro modello pu\u00f2 avere senso solo se contribuisce a questa trasformazione. Ecco perch\u00e9 Advens si impegna ad agire. Per i nostri team, per i nostri clienti, ma anche per coloro che ne hanno pi\u00f9 bisogno.\" \/>\n<meta name=\"robots\" content=\"index, follow, max-snippet:-1, max-image-preview:large, max-video-preview:-1\" \/>\n<link rel=\"canonical\" href=\"https:\/\/www.advens.test\/it\/motivazione\/i-nostri-impegni\/\" \/>\n<meta property=\"og:locale\" content=\"it_IT\" \/>\n<meta property=\"og:type\" content=\"article\" \/>\n<meta property=\"og:title\" content=\"I nostri impegni - Advens\" \/>\n<meta property=\"og:description\" content=\"Cambiare il mondo \u00e8 urgente. Il nostro modello pu\u00f2 avere senso solo se contribuisce a questa trasformazione. Ecco perch\u00e9 Advens si impegna ad agire. Per i nostri team, per i nostri clienti, ma anche per coloro che ne hanno pi\u00f9 bisogno.\" \/>\n<meta property=\"og:url\" content=\"https:\/\/www.advens.test\/it\/motivazione\/i-nostri-impegni\/\" \/>\n<meta property=\"og:site_name\" content=\"Advens\" \/>\n<meta property=\"article:modified_time\" content=\"2023-11-14T12:11:43+00:00\" \/>\n<meta property=\"og:image\" content=\"https:\/\/www.advens.test\/app\/uploads\/2022\/05\/advens-video-capture-tra-2.jpg\" \/>\n\t<meta property=\"og:image:width\" content=\"1920\" \/>\n\t<meta property=\"og:image:height\" content=\"801\" \/>\n\t<meta property=\"og:image:type\" content=\"image\/jpeg\" \/>\n<meta name=\"twitter:card\" content=\"summary_large_image\" \/>\n<script type=\"application\/ld+json\" class=\"yoast-schema-graph\">{\"@context\":\"https:\/\/schema.org\",\"@graph\":[{\"@type\":\"WebPage\",\"@id\":\"https:\/\/www.advens.test\/it\/motivazione\/i-nostri-impegni\/\",\"url\":\"https:\/\/www.advens.test\/it\/motivazione\/i-nostri-impegni\/\",\"name\":\"I nostri impegni - Advens\",\"isPartOf\":{\"@id\":\"https:\/\/www.advens.test\/#website\"},\"primaryImageOfPage\":{\"@id\":\"https:\/\/www.advens.test\/it\/motivazione\/i-nostri-impegni\/#primaryimage\"},\"image\":{\"@id\":\"https:\/\/www.advens.test\/it\/motivazione\/i-nostri-impegni\/#primaryimage\"},\"thumbnailUrl\":\"https:\/\/www.nifty-shtern.217-160-68-194.plesk.page\/app\/uploads\/2022\/05\/advens-video-capture-tra-2.jpg\",\"datePublished\":\"2022-04-04T11:24:06+00:00\",\"dateModified\":\"2023-11-14T12:11:43+00:00\",\"description\":\"Cambiare il mondo \u00e8 urgente. Il nostro modello pu\u00f2 avere senso solo se contribuisce a questa trasformazione. Ecco perch\u00e9 Advens si impegna ad agire. Per i nostri team, per i nostri clienti, ma anche per coloro che ne hanno pi\u00f9 bisogno.\",\"breadcrumb\":{\"@id\":\"https:\/\/www.advens.test\/it\/motivazione\/i-nostri-impegni\/#breadcrumb\"},\"inLanguage\":\"it-IT\",\"potentialAction\":[{\"@type\":\"ReadAction\",\"target\":[\"https:\/\/www.advens.test\/it\/motivazione\/i-nostri-impegni\/\"]}]},{\"@type\":\"ImageObject\",\"inLanguage\":\"it-IT\",\"@id\":\"https:\/\/www.advens.test\/it\/motivazione\/i-nostri-impegni\/#primaryimage\",\"url\":\"https:\/\/www.nifty-shtern.217-160-68-194.plesk.page\/app\/uploads\/2022\/05\/advens-video-capture-tra-2.jpg\",\"contentUrl\":\"https:\/\/www.nifty-shtern.217-160-68-194.plesk.page\/app\/uploads\/2022\/05\/advens-video-capture-tra-2.jpg\",\"width\":1920,\"height\":801},{\"@type\":\"BreadcrumbList\",\"@id\":\"https:\/\/www.advens.test\/it\/motivazione\/i-nostri-impegni\/#breadcrumb\",\"itemListElement\":[{\"@type\":\"ListItem\",\"position\":1,\"name\":\"Home\",\"item\":\"https:\/\/www.advens.test\/it\/\"},{\"@type\":\"ListItem\",\"position\":2,\"name\":\"La nostra ragion d&rsquo;essere\",\"item\":\"https:\/\/www.advens.test\/it\/motivazione\/\"},{\"@type\":\"ListItem\",\"position\":3,\"name\":\"I nostri impegni\"}]},{\"@type\":\"WebSite\",\"@id\":\"https:\/\/www.advens.test\/#website\",\"url\":\"https:\/\/www.advens.test\/\",\"name\":\"Advens\",\"description\":\"For Cyber, People &amp; Planet\",\"publisher\":{\"@id\":\"https:\/\/www.advens.test\/#organization\"},\"potentialAction\":[{\"@type\":\"SearchAction\",\"target\":{\"@type\":\"EntryPoint\",\"urlTemplate\":\"https:\/\/www.advens.test\/?s={search_term_string}\"},\"query-input\":{\"@type\":\"PropertyValueSpecification\",\"valueRequired\":true,\"valueName\":\"search_term_string\"}}],\"inLanguage\":\"it-IT\"},{\"@type\":\"Organization\",\"@id\":\"https:\/\/www.advens.test\/#organization\",\"name\":\"Advens\",\"url\":\"https:\/\/www.advens.test\/\",\"logo\":{\"@type\":\"ImageObject\",\"inLanguage\":\"it-IT\",\"@id\":\"https:\/\/www.advens.test\/#\/schema\/logo\/image\/\",\"url\":\"https:\/\/www.nifty-shtern.217-160-68-194.plesk.page\/app\/uploads\/2025\/07\/Logotype-aDvens-Cybersecurity.png\",\"contentUrl\":\"https:\/\/www.nifty-shtern.217-160-68-194.plesk.page\/app\/uploads\/2025\/07\/Logotype-aDvens-Cybersecurity.png\",\"width\":1501,\"height\":1501,\"caption\":\"Advens\"},\"image\":{\"@id\":\"https:\/\/www.advens.test\/#\/schema\/logo\/image\/\"},\"sameAs\":[\"https:\/\/www.linkedin.com\/company\/advens\/\"]}]}<\/script>\n<!-- \/ Yoast SEO plugin. -->","yoast_head_json":{"title":"I nostri impegni - Advens","description":"Cambiare il mondo \u00e8 urgente. Il nostro modello pu\u00f2 avere senso solo se contribuisce a questa trasformazione. Ecco perch\u00e9 Advens si impegna ad agire. Per i nostri team, per i nostri clienti, ma anche per coloro che ne hanno pi\u00f9 bisogno.","robots":{"index":"index","follow":"follow","max-snippet":"max-snippet:-1","max-image-preview":"max-image-preview:large","max-video-preview":"max-video-preview:-1"},"canonical":"https:\/\/www.advens.test\/it\/motivazione\/i-nostri-impegni\/","og_locale":"it_IT","og_type":"article","og_title":"I nostri impegni - Advens","og_description":"Cambiare il mondo \u00e8 urgente. Il nostro modello pu\u00f2 avere senso solo se contribuisce a questa trasformazione. Ecco perch\u00e9 Advens si impegna ad agire. Per i nostri team, per i nostri clienti, ma anche per coloro che ne hanno pi\u00f9 bisogno.","og_url":"https:\/\/www.advens.test\/it\/motivazione\/i-nostri-impegni\/","og_site_name":"Advens","article_modified_time":"2023-11-14T12:11:43+00:00","og_image":[{"width":1920,"height":801,"url":"https:\/\/www.advens.test\/app\/uploads\/2022\/05\/advens-video-capture-tra-2.jpg","type":"image\/jpeg"}],"twitter_card":"summary_large_image","schema":{"@context":"https:\/\/schema.org","@graph":[{"@type":"WebPage","@id":"https:\/\/www.advens.test\/it\/motivazione\/i-nostri-impegni\/","url":"https:\/\/www.advens.test\/it\/motivazione\/i-nostri-impegni\/","name":"I nostri impegni - Advens","isPartOf":{"@id":"https:\/\/www.advens.test\/#website"},"primaryImageOfPage":{"@id":"https:\/\/www.advens.test\/it\/motivazione\/i-nostri-impegni\/#primaryimage"},"image":{"@id":"https:\/\/www.advens.test\/it\/motivazione\/i-nostri-impegni\/#primaryimage"},"thumbnailUrl":"https:\/\/www.nifty-shtern.217-160-68-194.plesk.page\/app\/uploads\/2022\/05\/advens-video-capture-tra-2.jpg","datePublished":"2022-04-04T11:24:06+00:00","dateModified":"2023-11-14T12:11:43+00:00","description":"Cambiare il mondo \u00e8 urgente. Il nostro modello pu\u00f2 avere senso solo se contribuisce a questa trasformazione. Ecco perch\u00e9 Advens si impegna ad agire. Per i nostri team, per i nostri clienti, ma anche per coloro che ne hanno pi\u00f9 bisogno.","breadcrumb":{"@id":"https:\/\/www.advens.test\/it\/motivazione\/i-nostri-impegni\/#breadcrumb"},"inLanguage":"it-IT","potentialAction":[{"@type":"ReadAction","target":["https:\/\/www.advens.test\/it\/motivazione\/i-nostri-impegni\/"]}]},{"@type":"ImageObject","inLanguage":"it-IT","@id":"https:\/\/www.advens.test\/it\/motivazione\/i-nostri-impegni\/#primaryimage","url":"https:\/\/www.nifty-shtern.217-160-68-194.plesk.page\/app\/uploads\/2022\/05\/advens-video-capture-tra-2.jpg","contentUrl":"https:\/\/www.nifty-shtern.217-160-68-194.plesk.page\/app\/uploads\/2022\/05\/advens-video-capture-tra-2.jpg","width":1920,"height":801},{"@type":"BreadcrumbList","@id":"https:\/\/www.advens.test\/it\/motivazione\/i-nostri-impegni\/#breadcrumb","itemListElement":[{"@type":"ListItem","position":1,"name":"Home","item":"https:\/\/www.advens.test\/it\/"},{"@type":"ListItem","position":2,"name":"La nostra ragion d&rsquo;essere","item":"https:\/\/www.advens.test\/it\/motivazione\/"},{"@type":"ListItem","position":3,"name":"I nostri impegni"}]},{"@type":"WebSite","@id":"https:\/\/www.advens.test\/#website","url":"https:\/\/www.advens.test\/","name":"Advens","description":"For Cyber, People &amp; Planet","publisher":{"@id":"https:\/\/www.advens.test\/#organization"},"potentialAction":[{"@type":"SearchAction","target":{"@type":"EntryPoint","urlTemplate":"https:\/\/www.advens.test\/?s={search_term_string}"},"query-input":{"@type":"PropertyValueSpecification","valueRequired":true,"valueName":"search_term_string"}}],"inLanguage":"it-IT"},{"@type":"Organization","@id":"https:\/\/www.advens.test\/#organization","name":"Advens","url":"https:\/\/www.advens.test\/","logo":{"@type":"ImageObject","inLanguage":"it-IT","@id":"https:\/\/www.advens.test\/#\/schema\/logo\/image\/","url":"https:\/\/www.nifty-shtern.217-160-68-194.plesk.page\/app\/uploads\/2025\/07\/Logotype-aDvens-Cybersecurity.png","contentUrl":"https:\/\/www.nifty-shtern.217-160-68-194.plesk.page\/app\/uploads\/2025\/07\/Logotype-aDvens-Cybersecurity.png","width":1501,"height":1501,"caption":"Advens"},"image":{"@id":"https:\/\/www.advens.test\/#\/schema\/logo\/image\/"},"sameAs":["https:\/\/www.linkedin.com\/company\/advens\/"]}]}},"_links":{"self":[{"href":"https:\/\/www.nifty-shtern.217-160-68-194.plesk.page\/it\/wp-json\/wp\/v2\/pages\/9643","targetHints":{"allow":["GET"]}}],"collection":[{"href":"https:\/\/www.nifty-shtern.217-160-68-194.plesk.page\/it\/wp-json\/wp\/v2\/pages"}],"about":[{"href":"https:\/\/www.nifty-shtern.217-160-68-194.plesk.page\/it\/wp-json\/wp\/v2\/types\/page"}],"author":[{"embeddable":true,"href":"https:\/\/www.nifty-shtern.217-160-68-194.plesk.page\/it\/wp-json\/wp\/v2\/users\/3"}],"replies":[{"embeddable":true,"href":"https:\/\/www.nifty-shtern.217-160-68-194.plesk.page\/it\/wp-json\/wp\/v2\/comments?post=9643"}],"version-history":[{"count":1,"href":"https:\/\/www.nifty-shtern.217-160-68-194.plesk.page\/it\/wp-json\/wp\/v2\/pages\/9643\/revisions"}],"predecessor-version":[{"id":9645,"href":"https:\/\/www.nifty-shtern.217-160-68-194.plesk.page\/it\/wp-json\/wp\/v2\/pages\/9643\/revisions\/9645"}],"up":[{"embeddable":true,"href":"https:\/\/www.nifty-shtern.217-160-68-194.plesk.page\/it\/wp-json\/wp\/v2\/pages\/23735"}],"wp:featuredmedia":[{"embeddable":true,"href":"https:\/\/www.nifty-shtern.217-160-68-194.plesk.page\/it\/wp-json\/wp\/v2\/media\/1913"}],"wp:attachment":[{"href":"https:\/\/www.nifty-shtern.217-160-68-194.plesk.page\/it\/wp-json\/wp\/v2\/media?parent=9643"}],"curies":[{"name":"wp","href":"https:\/\/api.w.org\/{rel}","templated":true}]}}