{"id":9652,"date":"2022-04-05T09:39:37","date_gmt":"2022-04-05T07:39:37","guid":{"rendered":"https:\/\/www.advens.test\/a-proposito-di-advens\/"},"modified":"2024-02-14T09:11:59","modified_gmt":"2024-02-14T08:11:59","slug":"a-proposito-di-advens","status":"publish","type":"page","link":"https:\/\/www.nifty-shtern.217-160-68-194.plesk.page\/it\/a-proposito-di-advens\/","title":{"rendered":"A proposito di Advens"},"content":{"rendered":"\n<p>Advens \u00e8 un&#8217;azienda europea, indipendente e sovrana, leader nel settore della cybersecurity. Siamo presenti in tutta la Francia (Parigi, Lille, Lione, Marseille, Tolosa, Bordeaux, Nantes e Rennes), Italia (Roma, Milano), Spagna (Madrid, Barcelona, Bilbao, Valencia), Germania (Munich) oltre che in Qu\u00e9bec e Tahiti.<\/p>\n\n\n\n<p>La nostra missione \u00e8 proteggere, 24 ore su 24, 365 giorni all&#8217;anno, le organizzazioni pubbliche e private che dipendono sempre pi\u00f9 dalla tecnologia digitale e che espongono sempre pi\u00f9 risorse ad hacker sempre pi\u00f9 esperti.<\/p>\n\n\n\n<p>Questa missione ci guida e ci spinge ogni giorno. Ma non ci basta. I nostri risultati finanziari ci permettono di sostenere e accelerare i progetti d&#8217;impatto attraverso il fondo di dotazione &#8220;Advens for People and Planet&#8221;.<\/p>\n\n\n\n<h2 class=\"wp-block-heading\">Scoprire la nostra ragione d&#8217;essere e i nostri impegni?<\/h2>\n\n\n\n<p>Immergiti nella pagina <a href=\"https:\/\/www.nifty-shtern.217-160-68-194.plesk.page\/it\/motivazione\/\">Motivazione<\/a><\/p>\n\n\n\n<h2 class=\"wp-block-heading\">Vuoi saperne di pi\u00f9 sulla nostra offerta e sulle nostre competenze?<\/h2>\n\n\n\n<p>Scopri la pagina delle <a href=\"https:\/\/www.nifty-shtern.217-160-68-194.plesk.page\/it\/la-nostra-competenza\/\">Competenze<\/a><\/p>\n\n\n\n<h2 class=\"wp-block-heading\">Conoscere le nostre competenze e le opportunit\u00e0 di lavoro?<\/h2>\n\n\n\n<p>Vai alla pagina dedicata alla <a href=\"https:\/\/www.nifty-shtern.217-160-68-194.plesk.page\/it\/selezione-del-personale\/\">Selezione del personale<\/a><\/p>\n","protected":false},"excerpt":{"rendered":"<p>Advens \u00e8 un&#8217;azienda europea, indipendente e sovrana, leader nel settore della cybersecurity. Siamo presenti in tutta la Francia (Parigi, Lille, Lione, Marseille, Tolosa, Bordeaux, Nantes e Rennes), Italia (Roma, Milano), Spagna (Madrid, Barcelona, Bilbao, Valencia), Germania (Munich) oltre che in Qu\u00e9bec e Tahiti. La nostra missione \u00e8 proteggere, 24 ore su 24, 365 giorni all&#8217;anno, [&hellip;]<\/p>\n","protected":false},"author":3,"featured_media":0,"parent":0,"menu_order":15,"comment_status":"closed","ping_status":"closed","template":"","meta":{"_acf_changed":false,"content-type":"","footnotes":""},"class_list":["post-9652","page","type-page","status-publish","hentry"],"acf":[],"yoast_head":"<!-- This site is optimized with the Yoast SEO plugin v24.8.1 - https:\/\/yoast.com\/wordpress\/plugins\/seo\/ -->\n<title>A proposito di Advens - Advens<\/title>\n<meta name=\"description\" content=\"Advens \u00e8 un&#039;azienda europea, indipendente e sovrana, leader nel settore della cybersecurity. Siamo presenti in tutta la Francia (Parigi, Lille, Lione,\" \/>\n<meta name=\"robots\" content=\"index, follow, max-snippet:-1, max-image-preview:large, max-video-preview:-1\" \/>\n<link rel=\"canonical\" href=\"https:\/\/www.advens.test\/a-propos-dadvens\/\" \/>\n<meta property=\"og:locale\" content=\"it_IT\" \/>\n<meta property=\"og:type\" content=\"article\" \/>\n<meta property=\"og:title\" content=\"A proposito di Advens - Advens\" \/>\n<meta property=\"og:description\" content=\"Advens \u00e8 un&#039;azienda europea, indipendente e sovrana, leader nel settore della cybersecurity. Siamo presenti in tutta la Francia (Parigi, Lille, Lione,\" \/>\n<meta property=\"og:url\" content=\"https:\/\/www.advens.test\/a-propos-dadvens\/\" \/>\n<meta property=\"og:site_name\" content=\"Advens\" \/>\n<meta property=\"article:modified_time\" content=\"2024-02-14T08:11:59+00:00\" \/>\n<meta name=\"twitter:card\" content=\"summary_large_image\" \/>\n<script type=\"application\/ld+json\" class=\"yoast-schema-graph\">{\"@context\":\"https:\/\/schema.org\",\"@graph\":[{\"@type\":\"WebPage\",\"@id\":\"https:\/\/www.advens.test\/a-propos-dadvens\/\",\"url\":\"https:\/\/www.advens.test\/a-propos-dadvens\/\",\"name\":\"A proposito di Advens - Advens\",\"isPartOf\":{\"@id\":\"https:\/\/www.advens.test\/#website\"},\"datePublished\":\"2022-04-05T07:39:37+00:00\",\"dateModified\":\"2024-02-14T08:11:59+00:00\",\"description\":\"Advens \u00e8 un'azienda europea, indipendente e sovrana, leader nel settore della cybersecurity. Siamo presenti in tutta la Francia (Parigi, Lille, Lione,\",\"breadcrumb\":{\"@id\":\"https:\/\/www.advens.test\/a-propos-dadvens\/#breadcrumb\"},\"inLanguage\":\"it-IT\",\"potentialAction\":[{\"@type\":\"ReadAction\",\"target\":[\"https:\/\/www.advens.test\/a-propos-dadvens\/\"]}]},{\"@type\":\"BreadcrumbList\",\"@id\":\"https:\/\/www.advens.test\/a-propos-dadvens\/#breadcrumb\",\"itemListElement\":[{\"@type\":\"ListItem\",\"position\":1,\"name\":\"Home\",\"item\":\"https:\/\/www.advens.test\/it\/\"},{\"@type\":\"ListItem\",\"position\":2,\"name\":\"A proposito di Advens\"}]},{\"@type\":\"WebSite\",\"@id\":\"https:\/\/www.advens.test\/#website\",\"url\":\"https:\/\/www.advens.test\/\",\"name\":\"Advens\",\"description\":\"For Cyber, People &amp; Planet\",\"publisher\":{\"@id\":\"https:\/\/www.advens.test\/#organization\"},\"potentialAction\":[{\"@type\":\"SearchAction\",\"target\":{\"@type\":\"EntryPoint\",\"urlTemplate\":\"https:\/\/www.advens.test\/?s={search_term_string}\"},\"query-input\":{\"@type\":\"PropertyValueSpecification\",\"valueRequired\":true,\"valueName\":\"search_term_string\"}}],\"inLanguage\":\"it-IT\"},{\"@type\":\"Organization\",\"@id\":\"https:\/\/www.advens.test\/#organization\",\"name\":\"Advens\",\"url\":\"https:\/\/www.advens.test\/\",\"logo\":{\"@type\":\"ImageObject\",\"inLanguage\":\"it-IT\",\"@id\":\"https:\/\/www.advens.test\/#\/schema\/logo\/image\/\",\"url\":\"https:\/\/www.nifty-shtern.217-160-68-194.plesk.page\/app\/uploads\/2025\/07\/Logotype-aDvens-Cybersecurity.png\",\"contentUrl\":\"https:\/\/www.nifty-shtern.217-160-68-194.plesk.page\/app\/uploads\/2025\/07\/Logotype-aDvens-Cybersecurity.png\",\"width\":1501,\"height\":1501,\"caption\":\"Advens\"},\"image\":{\"@id\":\"https:\/\/www.advens.test\/#\/schema\/logo\/image\/\"},\"sameAs\":[\"https:\/\/www.linkedin.com\/company\/advens\/\"]}]}<\/script>\n<!-- \/ Yoast SEO plugin. -->","yoast_head_json":{"title":"A proposito di Advens - Advens","description":"Advens \u00e8 un'azienda europea, indipendente e sovrana, leader nel settore della cybersecurity. Siamo presenti in tutta la Francia (Parigi, Lille, Lione,","robots":{"index":"index","follow":"follow","max-snippet":"max-snippet:-1","max-image-preview":"max-image-preview:large","max-video-preview":"max-video-preview:-1"},"canonical":"https:\/\/www.advens.test\/a-propos-dadvens\/","og_locale":"it_IT","og_type":"article","og_title":"A proposito di Advens - Advens","og_description":"Advens \u00e8 un'azienda europea, indipendente e sovrana, leader nel settore della cybersecurity. Siamo presenti in tutta la Francia (Parigi, Lille, Lione,","og_url":"https:\/\/www.advens.test\/a-propos-dadvens\/","og_site_name":"Advens","article_modified_time":"2024-02-14T08:11:59+00:00","twitter_card":"summary_large_image","schema":{"@context":"https:\/\/schema.org","@graph":[{"@type":"WebPage","@id":"https:\/\/www.advens.test\/a-propos-dadvens\/","url":"https:\/\/www.advens.test\/a-propos-dadvens\/","name":"A proposito di Advens - Advens","isPartOf":{"@id":"https:\/\/www.advens.test\/#website"},"datePublished":"2022-04-05T07:39:37+00:00","dateModified":"2024-02-14T08:11:59+00:00","description":"Advens \u00e8 un'azienda europea, indipendente e sovrana, leader nel settore della cybersecurity. Siamo presenti in tutta la Francia (Parigi, Lille, Lione,","breadcrumb":{"@id":"https:\/\/www.advens.test\/a-propos-dadvens\/#breadcrumb"},"inLanguage":"it-IT","potentialAction":[{"@type":"ReadAction","target":["https:\/\/www.advens.test\/a-propos-dadvens\/"]}]},{"@type":"BreadcrumbList","@id":"https:\/\/www.advens.test\/a-propos-dadvens\/#breadcrumb","itemListElement":[{"@type":"ListItem","position":1,"name":"Home","item":"https:\/\/www.advens.test\/it\/"},{"@type":"ListItem","position":2,"name":"A proposito di Advens"}]},{"@type":"WebSite","@id":"https:\/\/www.advens.test\/#website","url":"https:\/\/www.advens.test\/","name":"Advens","description":"For Cyber, People &amp; Planet","publisher":{"@id":"https:\/\/www.advens.test\/#organization"},"potentialAction":[{"@type":"SearchAction","target":{"@type":"EntryPoint","urlTemplate":"https:\/\/www.advens.test\/?s={search_term_string}"},"query-input":{"@type":"PropertyValueSpecification","valueRequired":true,"valueName":"search_term_string"}}],"inLanguage":"it-IT"},{"@type":"Organization","@id":"https:\/\/www.advens.test\/#organization","name":"Advens","url":"https:\/\/www.advens.test\/","logo":{"@type":"ImageObject","inLanguage":"it-IT","@id":"https:\/\/www.advens.test\/#\/schema\/logo\/image\/","url":"https:\/\/www.nifty-shtern.217-160-68-194.plesk.page\/app\/uploads\/2025\/07\/Logotype-aDvens-Cybersecurity.png","contentUrl":"https:\/\/www.nifty-shtern.217-160-68-194.plesk.page\/app\/uploads\/2025\/07\/Logotype-aDvens-Cybersecurity.png","width":1501,"height":1501,"caption":"Advens"},"image":{"@id":"https:\/\/www.advens.test\/#\/schema\/logo\/image\/"},"sameAs":["https:\/\/www.linkedin.com\/company\/advens\/"]}]}},"_links":{"self":[{"href":"https:\/\/www.nifty-shtern.217-160-68-194.plesk.page\/it\/wp-json\/wp\/v2\/pages\/9652","targetHints":{"allow":["GET"]}}],"collection":[{"href":"https:\/\/www.nifty-shtern.217-160-68-194.plesk.page\/it\/wp-json\/wp\/v2\/pages"}],"about":[{"href":"https:\/\/www.nifty-shtern.217-160-68-194.plesk.page\/it\/wp-json\/wp\/v2\/types\/page"}],"author":[{"embeddable":true,"href":"https:\/\/www.nifty-shtern.217-160-68-194.plesk.page\/it\/wp-json\/wp\/v2\/users\/3"}],"replies":[{"embeddable":true,"href":"https:\/\/www.nifty-shtern.217-160-68-194.plesk.page\/it\/wp-json\/wp\/v2\/comments?post=9652"}],"version-history":[{"count":4,"href":"https:\/\/www.nifty-shtern.217-160-68-194.plesk.page\/it\/wp-json\/wp\/v2\/pages\/9652\/revisions"}],"predecessor-version":[{"id":13158,"href":"https:\/\/www.nifty-shtern.217-160-68-194.plesk.page\/it\/wp-json\/wp\/v2\/pages\/9652\/revisions\/13158"}],"wp:attachment":[{"href":"https:\/\/www.nifty-shtern.217-160-68-194.plesk.page\/it\/wp-json\/wp\/v2\/media?parent=9652"}],"curies":[{"name":"wp","href":"https:\/\/api.w.org\/{rel}","templated":true}]}}