{"id":9656,"date":"2022-04-05T09:43:32","date_gmt":"2022-04-05T07:43:32","guid":{"rendered":"https:\/\/www.advens.test\/informazioni-legali\/"},"modified":"2023-11-14T13:11:46","modified_gmt":"2023-11-14T12:11:46","slug":"informazioni-legali","status":"publish","type":"page","link":"https:\/\/www.nifty-shtern.217-160-68-194.plesk.page\/it\/informazioni-legali\/","title":{"rendered":"Informazioni legali"},"content":{"rendered":"\n<h2 class=\"wp-block-heading\">Statuti<\/h2>\n\n<p><strong>Advens<\/strong><br\/>Societ\u00e0 per azioni semplificata<br\/>Capitale sociale di 440.250 \u20ac<br\/>32, rue Faidherbe<br\/>59800 LILLE<br\/>Iscritta nel Registro del commercio e delle imprese di Lille M\u00e9tropole<\/p>\n\n<p><\/p>\n\n<h2 class=\"wp-block-heading\"><strong>Editor di questo sito web<\/strong><\/h2>\n\n<p><strong>Advens<\/strong><br\/>Lille<br\/>+33(0)1 84 16 30 25<br\/>contact@advens.fr <\/p>\n\n<p><\/p>\n\n<h2 class=\"wp-block-heading\">Host<\/h2>\n\n<p><strong>Advens<\/strong><br\/>32, rue Faidherbe<br\/>59800 LILLE<\/p>\n\n<p><\/p>\n\n<h2 class=\"wp-block-heading\">Realizzazione<\/h2>\n\n<p><strong>Datagif<\/strong><br\/>Societ\u00e0 a responsabilit\u00e0 limitata<br\/>Capitale sociale di 351.000 \u20ac<br\/>35 rue Chanzy<br\/>75011 Parigi<br\/>Iscritta nel Registro del commercio e delle societ\u00e0 di Cr\u00e9teil<br\/>E<\/p>\n\n<p><strong>FCINQ<\/strong><br\/>Societ\u00e0 per azioni semplificata<br\/>Capitale sociale di 37.000 \u20ac<br\/>5 rue Choron<br\/>75009 Parigi<br\/>Iscritta nel Registro del commercio e delle societ\u00e0 di Parigi<br\/>E<\/p>\n\n<p><strong>Advens<\/strong><br\/>Societ\u00e0 per azioni semplificata<br\/>Capitale sociale di 440.250 \u20ac<br\/>32, rue Faidherbe<br\/>59800 LILLE<br\/>Iscritta nel Registro del commercio e delle imprese di Lille M\u00e9tropole<\/p>\n\n<p><\/p>\n\n<h2 class=\"wp-block-heading\">Responsabile della pubblicazione<\/h2>\n\n<p>Alexandre Fayeulle<\/p>\n\n<p><\/p>\n\n<h2 class=\"wp-block-heading\">Contatto<\/h2>\n\n<p>contact@advens.fr <\/p>\n\n<p><\/p>\n\n<h2 class=\"wp-block-heading\">Accesso al sito<\/h2>\n\n<p>www.advens.fr<br\/><\/p>\n\n<p>L&#8217;accesso al sito \u00e8 gratuito, ad eccezione del costo dell&#8217;eventuale connessione a Internet.<br\/>L&#8217;utente riconosce di essere stato informato che questo sito \u00e8 accessibile 24 ore su 24, 7 giorni su 7, salvo casi di forza maggiore, difficolt\u00e0 informatiche, difficolt\u00e0 legate alla struttura delle reti di comunicazione o difficolt\u00e0 tecniche.<br\/>L&#8217;utente del sito web www.advens.fr riconosce di possedere le competenze e le risorse necessarie per accedere e utilizzare questo sito web. Gli utenti del sito web sono tenuti a rispettare le disposizioni della legge sul trattamento dei dati, sugli archivi e sulle libert\u00e0 individuali, la cui violazione \u00e8 punibile con sanzioni penali. In particolare, devono astenersi dal raccogliere o utilizzare in modo improprio le informazioni nominative a cui hanno accesso e, in generale, da qualsiasi atto che possa violare la privacy o la reputazione delle persone.<\/p>\n\n<p><\/p>\n\n<h2 class=\"wp-block-heading\">Contenuto del sito<\/h2>\n\n<p>Advens mette a disposizione degli utenti del sito web www.advens.fr informazioni e strumenti disponibili e verificati relativi ai suoi prodotti, ma non pu\u00f2 essere ritenuta responsabile di errori o della mancata disponibilit\u00e0 di alcune informazioni. Saremmo grati agli utenti del sito se potessero segnalarci eventuali omissioni, errori o correzioni inviando un&#8217;e-mail al webmaster del sito all&#8217;indirizzo contact@advens.fr.<\/p>\n\n<p><\/p>\n\n<h2 class=\"wp-block-heading\">Propriet\u00e0<\/h2>\n\n<p>Il Sito Advens e tutti i suoi componenti (software, testi, immagini animate o fisse, suoni, database, video, disegni, grafici, fotografie) sono di propriet\u00e0 di Advens e sono protetti dalla legge sulla propriet\u00e0 intellettuale o dalle disposizioni relative al diritto di immagine.<br\/>Qualsiasi rappresentazione totale o parziale di questo sito, cos\u00ec come dei marchi e dei loghi che vi compaiono, con qualsiasi procedimento, senza l&#8217;espressa autorizzazione di Advens, \u00e8 vietata e costituirebbe una violazione punibile ai sensi degli articoli L335-2 e sgg. del Codice della Propriet\u00e0 Intellettuale. I collegamenti ipertestuali predisposti nell&#8217;ambito di questo sito web verso altre risorse presenti sulla rete Internet non possono impegnare la responsabilit\u00e0 di Advens. Gli utenti e i visitatori del sito web non possono creare un collegamento ipertestuale a questo sito senza l&#8217;espressa autorizzazione di Advens.<\/p>\n\n<p><\/p>\n\n<h2 class=\"wp-block-heading\">Responsabilit\u00e0<\/h2>\n\n<p>L&#8217;utente del sito si impegna a utilizzarlo in conformit\u00e0 allo scopo previsto. In nessun caso Advens potr\u00e0 essere ritenuta responsabile per danni diretti o indiretti, materiali o immateriali o speciali di qualsiasi tipo, derivanti in particolare dalla consultazione e\/o dall&#8217;uso di questo sito web o di altri siti ad esso collegati, come l&#8217;uso di informazioni testuali, audio o visive che possono essere state raccolte al suo interno e in particolare per qualsiasi perdita finanziaria o commerciale, perdita di programmi o di dati nel suo sistema informativo o altro.<\/p>\n\n<p><\/p>\n\n<h2 class=\"wp-block-heading\">Dati personali<\/h2>\n\n<figure class=\"wp-block-embed is-type-wp-embed is-provider-advens wp-block-embed-advens\"><div class=\"wp-block-embed__wrapper\">\n<div class=\"video-container\"><blockquote class=\"wp-embedded-content\" data-secret=\"CJIi2E0UUN\"><a href=\"https:\/\/www.nifty-shtern.217-160-68-194.plesk.page\/it\/informativa-sulla-privacy\/\">Politique de protection des donn\u00e9es<\/a><\/blockquote><iframe loading=\"lazy\" class=\"wp-embedded-content\" sandbox=\"allow-scripts\" security=\"restricted\" style=\"position: absolute; visibility: hidden;\" title=\"&#8220;Politique de protection des donn\u00e9es&#8221; &#8212; Advens\" src=\"https:\/\/www.nifty-shtern.217-160-68-194.plesk.page\/it\/informativa-sulla-privacy\/embed\/#?secret=ZUYuUvHOWs#?secret=CJIi2E0UUN\" data-secret=\"CJIi2E0UUN\" width=\"500\" height=\"282\" frameborder=\"0\" marginwidth=\"0\" marginheight=\"0\" scrolling=\"no\"><\/iframe><\/div>\n<\/div><\/figure>\n\n<p><\/p>\n\n<h2 class=\"wp-block-heading\">Cookie<\/h2>\n\n<figure class=\"wp-block-embed is-type-wp-embed is-provider-advens wp-block-embed-advens\"><div class=\"wp-block-embed__wrapper\">\n<div class=\"video-container\"><blockquote class=\"wp-embedded-content\" data-secret=\"4FFPe8cdbS\"><a href=\"https:\/\/www.nifty-shtern.217-160-68-194.plesk.page\/it\/politica-di-gestione-dei-cookie\/\">Politique de gestion des cookies<\/a><\/blockquote><iframe loading=\"lazy\" class=\"wp-embedded-content\" sandbox=\"allow-scripts\" security=\"restricted\" style=\"position: absolute; visibility: hidden;\" title=\"&#8220;Politique de gestion des cookies&#8221; &#8212; Advens\" src=\"https:\/\/www.nifty-shtern.217-160-68-194.plesk.page\/it\/politica-di-gestione-dei-cookie\/embed\/#?secret=JN7QiCUfY4#?secret=4FFPe8cdbS\" data-secret=\"4FFPe8cdbS\" width=\"500\" height=\"282\" frameborder=\"0\" marginwidth=\"0\" marginheight=\"0\" scrolling=\"no\"><\/iframe><\/div>\n<\/div><\/figure>\n\n<p><\/p>\n\n<h2 class=\"wp-block-heading\">Legge applicabile<\/h2>\n\n<p>L&#8217;utilizzo di questo sito web \u00e8 regolato dal diritto francese ad esclusione di qualsiasi altra legislazione.<\/p>\n\n<p><\/p>\n","protected":false},"excerpt":{"rendered":"<p>Statuti AdvensSociet\u00e0 per azioni semplificataCapitale sociale di 440.250 \u20ac32, rue Faidherbe59800 LILLEIscritta nel Registro del commercio e delle imprese di Lille M\u00e9tropole Editor di questo sito web AdvensLille+33(0)1 84 16 30 25contact@advens.fr Host Advens32, rue Faidherbe59800 LILLE Realizzazione DatagifSociet\u00e0 a responsabilit\u00e0 limitataCapitale sociale di 351.000 \u20ac35 rue Chanzy75011 ParigiIscritta nel Registro del commercio e delle [&hellip;]<\/p>\n","protected":false},"author":3,"featured_media":0,"parent":0,"menu_order":21,"comment_status":"closed","ping_status":"closed","template":"tmpl-pagette.php","meta":{"_acf_changed":false,"content-type":"","footnotes":""},"class_list":["post-9656","page","type-page","status-publish","hentry"],"acf":[],"yoast_head":"<!-- This site is optimized with the Yoast SEO plugin v24.8.1 - https:\/\/yoast.com\/wordpress\/plugins\/seo\/ -->\n<title>Informazioni legali - Advens<\/title>\n<meta name=\"description\" content=\"Statuti AdvensSociet\u00e0 per azioni semplificataCapitale sociale di 440.250 \u20ac32, rue Faidherbe59800 LILLEIscritta nel Registro del commercio e delle imprese\" \/>\n<meta name=\"robots\" content=\"index, follow, max-snippet:-1, max-image-preview:large, max-video-preview:-1\" \/>\n<link rel=\"canonical\" href=\"https:\/\/www.advens.test\/mentions-legales\/\" \/>\n<meta property=\"og:locale\" content=\"it_IT\" \/>\n<meta property=\"og:type\" content=\"article\" \/>\n<meta property=\"og:title\" content=\"Informazioni legali - Advens\" \/>\n<meta property=\"og:description\" content=\"Statuti AdvensSociet\u00e0 per azioni semplificataCapitale sociale di 440.250 \u20ac32, rue Faidherbe59800 LILLEIscritta nel Registro del commercio e delle imprese\" \/>\n<meta property=\"og:url\" content=\"https:\/\/www.advens.test\/mentions-legales\/\" \/>\n<meta property=\"og:site_name\" content=\"Advens\" \/>\n<meta property=\"article:modified_time\" content=\"2023-11-14T12:11:46+00:00\" \/>\n<meta name=\"twitter:card\" content=\"summary_large_image\" \/>\n<script type=\"application\/ld+json\" class=\"yoast-schema-graph\">{\"@context\":\"https:\/\/schema.org\",\"@graph\":[{\"@type\":\"WebPage\",\"@id\":\"https:\/\/www.advens.test\/mentions-legales\/\",\"url\":\"https:\/\/www.advens.test\/mentions-legales\/\",\"name\":\"Informazioni legali - Advens\",\"isPartOf\":{\"@id\":\"https:\/\/www.advens.test\/#website\"},\"datePublished\":\"2022-04-05T07:43:32+00:00\",\"dateModified\":\"2023-11-14T12:11:46+00:00\",\"description\":\"Statuti AdvensSociet\u00e0 per azioni semplificataCapitale sociale di 440.250 \u20ac32, rue Faidherbe59800 LILLEIscritta nel Registro del commercio e delle imprese\",\"breadcrumb\":{\"@id\":\"https:\/\/www.advens.test\/mentions-legales\/#breadcrumb\"},\"inLanguage\":\"it-IT\",\"potentialAction\":[{\"@type\":\"ReadAction\",\"target\":[\"https:\/\/www.advens.test\/mentions-legales\/\"]}]},{\"@type\":\"BreadcrumbList\",\"@id\":\"https:\/\/www.advens.test\/mentions-legales\/#breadcrumb\",\"itemListElement\":[{\"@type\":\"ListItem\",\"position\":1,\"name\":\"Home\",\"item\":\"https:\/\/www.advens.test\/it\/\"},{\"@type\":\"ListItem\",\"position\":2,\"name\":\"Informazioni legali\"}]},{\"@type\":\"WebSite\",\"@id\":\"https:\/\/www.advens.test\/#website\",\"url\":\"https:\/\/www.advens.test\/\",\"name\":\"Advens\",\"description\":\"For Cyber, People &amp; Planet\",\"publisher\":{\"@id\":\"https:\/\/www.advens.test\/#organization\"},\"potentialAction\":[{\"@type\":\"SearchAction\",\"target\":{\"@type\":\"EntryPoint\",\"urlTemplate\":\"https:\/\/www.advens.test\/?s={search_term_string}\"},\"query-input\":{\"@type\":\"PropertyValueSpecification\",\"valueRequired\":true,\"valueName\":\"search_term_string\"}}],\"inLanguage\":\"it-IT\"},{\"@type\":\"Organization\",\"@id\":\"https:\/\/www.advens.test\/#organization\",\"name\":\"Advens\",\"url\":\"https:\/\/www.advens.test\/\",\"logo\":{\"@type\":\"ImageObject\",\"inLanguage\":\"it-IT\",\"@id\":\"https:\/\/www.advens.test\/#\/schema\/logo\/image\/\",\"url\":\"https:\/\/www.nifty-shtern.217-160-68-194.plesk.page\/app\/uploads\/2025\/07\/Logotype-aDvens-Cybersecurity.png\",\"contentUrl\":\"https:\/\/www.nifty-shtern.217-160-68-194.plesk.page\/app\/uploads\/2025\/07\/Logotype-aDvens-Cybersecurity.png\",\"width\":1501,\"height\":1501,\"caption\":\"Advens\"},\"image\":{\"@id\":\"https:\/\/www.advens.test\/#\/schema\/logo\/image\/\"},\"sameAs\":[\"https:\/\/www.linkedin.com\/company\/advens\/\"]}]}<\/script>\n<!-- \/ Yoast SEO plugin. -->","yoast_head_json":{"title":"Informazioni legali - Advens","description":"Statuti AdvensSociet\u00e0 per azioni semplificataCapitale sociale di 440.250 \u20ac32, rue Faidherbe59800 LILLEIscritta nel Registro del commercio e delle imprese","robots":{"index":"index","follow":"follow","max-snippet":"max-snippet:-1","max-image-preview":"max-image-preview:large","max-video-preview":"max-video-preview:-1"},"canonical":"https:\/\/www.advens.test\/mentions-legales\/","og_locale":"it_IT","og_type":"article","og_title":"Informazioni legali - Advens","og_description":"Statuti AdvensSociet\u00e0 per azioni semplificataCapitale sociale di 440.250 \u20ac32, rue Faidherbe59800 LILLEIscritta nel Registro del commercio e delle imprese","og_url":"https:\/\/www.advens.test\/mentions-legales\/","og_site_name":"Advens","article_modified_time":"2023-11-14T12:11:46+00:00","twitter_card":"summary_large_image","schema":{"@context":"https:\/\/schema.org","@graph":[{"@type":"WebPage","@id":"https:\/\/www.advens.test\/mentions-legales\/","url":"https:\/\/www.advens.test\/mentions-legales\/","name":"Informazioni legali - Advens","isPartOf":{"@id":"https:\/\/www.advens.test\/#website"},"datePublished":"2022-04-05T07:43:32+00:00","dateModified":"2023-11-14T12:11:46+00:00","description":"Statuti AdvensSociet\u00e0 per azioni semplificataCapitale sociale di 440.250 \u20ac32, rue Faidherbe59800 LILLEIscritta nel Registro del commercio e delle imprese","breadcrumb":{"@id":"https:\/\/www.advens.test\/mentions-legales\/#breadcrumb"},"inLanguage":"it-IT","potentialAction":[{"@type":"ReadAction","target":["https:\/\/www.advens.test\/mentions-legales\/"]}]},{"@type":"BreadcrumbList","@id":"https:\/\/www.advens.test\/mentions-legales\/#breadcrumb","itemListElement":[{"@type":"ListItem","position":1,"name":"Home","item":"https:\/\/www.advens.test\/it\/"},{"@type":"ListItem","position":2,"name":"Informazioni legali"}]},{"@type":"WebSite","@id":"https:\/\/www.advens.test\/#website","url":"https:\/\/www.advens.test\/","name":"Advens","description":"For Cyber, People &amp; Planet","publisher":{"@id":"https:\/\/www.advens.test\/#organization"},"potentialAction":[{"@type":"SearchAction","target":{"@type":"EntryPoint","urlTemplate":"https:\/\/www.advens.test\/?s={search_term_string}"},"query-input":{"@type":"PropertyValueSpecification","valueRequired":true,"valueName":"search_term_string"}}],"inLanguage":"it-IT"},{"@type":"Organization","@id":"https:\/\/www.advens.test\/#organization","name":"Advens","url":"https:\/\/www.advens.test\/","logo":{"@type":"ImageObject","inLanguage":"it-IT","@id":"https:\/\/www.advens.test\/#\/schema\/logo\/image\/","url":"https:\/\/www.nifty-shtern.217-160-68-194.plesk.page\/app\/uploads\/2025\/07\/Logotype-aDvens-Cybersecurity.png","contentUrl":"https:\/\/www.nifty-shtern.217-160-68-194.plesk.page\/app\/uploads\/2025\/07\/Logotype-aDvens-Cybersecurity.png","width":1501,"height":1501,"caption":"Advens"},"image":{"@id":"https:\/\/www.advens.test\/#\/schema\/logo\/image\/"},"sameAs":["https:\/\/www.linkedin.com\/company\/advens\/"]}]}},"_links":{"self":[{"href":"https:\/\/www.nifty-shtern.217-160-68-194.plesk.page\/it\/wp-json\/wp\/v2\/pages\/9656","targetHints":{"allow":["GET"]}}],"collection":[{"href":"https:\/\/www.nifty-shtern.217-160-68-194.plesk.page\/it\/wp-json\/wp\/v2\/pages"}],"about":[{"href":"https:\/\/www.nifty-shtern.217-160-68-194.plesk.page\/it\/wp-json\/wp\/v2\/types\/page"}],"author":[{"embeddable":true,"href":"https:\/\/www.nifty-shtern.217-160-68-194.plesk.page\/it\/wp-json\/wp\/v2\/users\/3"}],"replies":[{"embeddable":true,"href":"https:\/\/www.nifty-shtern.217-160-68-194.plesk.page\/it\/wp-json\/wp\/v2\/comments?post=9656"}],"version-history":[{"count":1,"href":"https:\/\/www.nifty-shtern.217-160-68-194.plesk.page\/it\/wp-json\/wp\/v2\/pages\/9656\/revisions"}],"predecessor-version":[{"id":9657,"href":"https:\/\/www.nifty-shtern.217-160-68-194.plesk.page\/it\/wp-json\/wp\/v2\/pages\/9656\/revisions\/9657"}],"wp:attachment":[{"href":"https:\/\/www.nifty-shtern.217-160-68-194.plesk.page\/it\/wp-json\/wp\/v2\/media?parent=9656"}],"curies":[{"name":"wp","href":"https:\/\/api.w.org\/{rel}","templated":true}]}}