{"id":9679,"date":"2022-06-01T17:44:18","date_gmt":"2022-06-01T15:44:18","guid":{"rendered":"https:\/\/www.advens.test\/politica-di-gestione-dei-cookie\/"},"modified":"2024-11-04T10:22:53","modified_gmt":"2024-11-04T09:22:53","slug":"politica-di-gestione-dei-cookie","status":"publish","type":"page","link":"https:\/\/www.nifty-shtern.217-160-68-194.plesk.page\/it\/politica-di-gestione-dei-cookie\/","title":{"rendered":"Politica di gestione dei cookie"},"content":{"rendered":"\n<h2 class=\"wp-block-heading\">Oggetto<\/h2>\n\n<p>Per ogni trattamento, Advens raccoglie e utilizza solo i dati pertinenti e necessari per lo scopo previsto. Il trattamento dei dati avviene esclusivamente attraverso i cookie, al fine di ottimizzare l&#8217;utilizzo del sito.<br\/>Questa politica di gestione dei cookie mostra come Advens raccoglie e utilizza i cookie e quali sono i diritti ad essi collegati.<br\/>Trattiamo i tuoi dati personali, attraverso i cookie, per:<\/p>\n\n<ul class=\"wp-block-list\"><li>La gestione del sito, ossia la corretta esecuzione dei servizi richiesti, la conservazione delle scelte dell&#8217;utente (ad esempio, la lingua), ecc. I cookie utilizzati in questo contesto non richiedono il consenso preventivo dell&#8217;utente per essere inseriti nel suo terminale. Tale trattamento si basa sugli interessi di Advens.<\/li><li>La gestione della misurazione dell&#8217;audience a fini di analisi puramente statistica, con l&#8217;obiettivo in particolare di adattare il Sito alle richieste e alle esigenze degli utenti. Tale trattamento si basa sul consenso dell&#8217;utente.<\/li><\/ul>\n\n<p>Tale trattamento viene effettuato per mezzo di cookie collocati da Matomo Analytics al fine di calcolare i visitatori e identificare il modo in cui utilizzano il Sito. A seconda della loro utilit\u00e0, i dati vengono conservati per un periodo di 12 mesi dalla loro creazione.<\/p>\n\n<hr class=\"wp-block-separator has-alpha-channel-opacity\"\/>\n\n<h2 class=\"wp-block-heading\">Cosa sono i cookie e altri strumenti di tracciamento?<\/h2>\n\n<p>Un cookie \u00e8 un piccolo file informatico, uno strumento di tracciamento, che viene registrato e letto, ad esempio, quando si consulta un sito web, si legge un&#8217;e-mail, si installa o si utilizza un software o un&#8217;applicazione mobile, indipendentemente dal tipo di terminale utilizzato (computer, smartphone, e-reader, console per videogiochi connessi a Internet, ecc.)<br\/>Un cookie \u00e8 un identificatore unico assegnato al terminale dell&#8217;utente quando il Sito Advens viene caricato in un browser. I cookie vengono utilizzati per diverse finalit\u00e0, alcune delle quali sono necessarie per funzionalit\u00e0 espressamente richieste dall&#8217;utente o per stabilire una comunicazione e sono pertanto esenti dal consenso. Altri, che non soddisfano questi criteri, richiedono il consenso dell&#8217;utente prima della lettura o della scrittura.<br\/>Il cookie consentir\u00e0 ad Advens di ricordare la visita, le azioni e le preferenze dell&#8217;utente (posizione, lingua, font e altre preferenze) sia durante una singola visita che in caso di visite ripetute. Non \u00e8 possibile per Advens identificare personalmente i visitatori.<br\/>Un cookie pu\u00f2 quindi essere utilizzato per tracciare la tua navigazione a fini statistici o pubblicitari. I cookie possono essere eliminati manualmente o automaticamente.<\/p>\n\n<hr class=\"wp-block-separator has-alpha-channel-opacity\"\/>\n\n<h2 class=\"wp-block-heading\">Gestione dei cookie<\/h2>\n\n<p>Hai diverse opzioni per la gestione dei cookie.<br\/>Infatti, se a maggior parte dei browser \u00e8 impostata di default e accetta l&#8217;installazione di cookie, hai la possibilit\u00e0, se lo desideri, di scegliere di accettare tutti i cookie, di rifiutarli sistematicamente o di scegliere quelli che accetti in base all&#8217;emittente. Puoi anche impostare il tuo browser in modo da accettare o rifiutare i cookie, caso per caso, prima che vengano installati. \u00c8 possibile anche eliminare regolarmente i cookie dal proprio terminale tramite il browser. Non dimenticare di configurare tutti i browser sui tuoi vari terminali (tablet, smartphone, computer).<br\/>A seconda del browser che stai utilizzando, la procedura potrebbe essere diversa. Ti ricordiamo che configurando il browser in modo da rifiutare i cookie, alcune funzionalit\u00e0, pagine e aree del sito non saranno accessibili, di cui non possiamo essere responsabili. In ogni caso, puoi consultare la sezione di aiuto del tuo browser per scoprire come il tuo browser ti permette di scegliere quali cookie accettare o rifiutare.<br\/>Con il tuo consenso, il sito Advens utilizza cookie e altri strumenti di tracciamento per memorizzare e accedere a informazioni personali come la tua visita al sito.<\/p>\n\n<hr class=\"wp-block-separator has-alpha-channel-opacity\"\/>\n\n<h2 class=\"wp-block-heading\">Tipologia di cookie utilizzati<\/h2>\n\n<p>I punti seguenti illustrano le tipologie di cookie utilizzate dal Sito Advens. Le finalit\u00e0 di tutti i cookie sono indicate qui. \u00c8 necessario il consenso espresso dall&#8217;utente, che viene informato tramite un banner direttamente sul Sito. L&#8217;assenza di una chiara espressione di volont\u00e0 di accettare il deposito dei cookie viene intesa come un rifiuto.<\/p>\n\n<ul class=\"wp-block-list\"><li>Cookie strettamente necessari: questi cookie non possono essere disattivati e sono necessari per il funzionamento di base del Sito. Non possono essere disattivati nei nostri sistemi. Questi cookie non richiedono il consenso: Hubspot<\/li><li>Cookie funzionali: questi cookie sono utilizzati per migliorare la funzionalit\u00e0 e la sicurezza del sito in modo personalizzato (autenticazione, contenuti adattati): SRVNAME, Axeptio<\/li><li>Cookie pubblicitari: questi cookie consentono di fare pubblicit\u00e0 su alcuni dei social network elencati di seguito: Facebook Pixel, LinkedIn Pixel<\/li><li>Cookie analitici: questi cookie sono utilizzati per misurare il numero di visitatori del Sito: Matomo<\/li><\/ul>\n\n<hr class=\"wp-block-separator has-alpha-channel-opacity\"\/>\n\n<h2 class=\"wp-block-heading\">Periodo di conservazione e hosting<\/h2>\n\n<p>Le nuove visite non prolungano la durata di queste informazioni. I cookie utilizzati sul Sito vengono memorizzati per il periodo indicato nell&#8217;elenco sottostante:<\/p>\n\n<ul class=\"wp-block-list\"><li>Hubspot: 6 mesi<\/li><li>Facebook Pixel: 90 giorni<\/li><li>LinkedIn Pixel: 90 giorni<\/li><li>SRVNAME: eliminazione dopo l&#8217;uso<\/li><li>Matomo: 13 mesi<\/li><li>Axeptio: 24 ore<\/li><\/ul>\n\n<hr class=\"wp-block-separator has-alpha-channel-opacity\"\/>\n\n<h2 class=\"wp-block-heading\">I diritti dell&#8217;utente<\/h2>\n\n<p>In merito al diritto di accesso alle informazioni personali che riguardano gli utenti, al diritto di rettifica, al diritto di revoca del consenso e alla cancellazione di tali informazioni dell&#8217;utente, quest&#8217;ultimo ha la possibilit\u00e0 di esercitarlo in conformit\u00e0 alle disposizioni del Regolamento (UE) 2016\/679 del Parlamento europeo e del Consiglio, del 27 aprile 2016, relativo alla protezione delle persone fisiche con riguardo al trattamento dei dati personali, nonch\u00e9 alla libera circolazione di tali dati e della Legge sulla protezione dei dati del 6 gennaio 1978 modificata.<\/p>\n\n<p><br\/>\u00c8 possibile contattare l&#8217;unit\u00e0 di conformit\u00e0 di Advens via e-mail all&#8217;indirizzo dpo@advens.fr o per posta all&#8217;indirizzo 32, rue Faidherbe 59800 LILLE.<\/p>\n","protected":false},"excerpt":{"rendered":"<p>Oggetto Per ogni trattamento, Advens raccoglie e utilizza solo i dati pertinenti e necessari per lo scopo previsto. Il trattamento dei dati avviene esclusivamente attraverso i cookie, al fine di ottimizzare l&#8217;utilizzo del sito.Questa politica di gestione dei cookie mostra come Advens raccoglie e utilizza i cookie e quali sono i diritti ad essi collegati.Trattiamo [&hellip;]<\/p>\n","protected":false},"author":3,"featured_media":0,"parent":0,"menu_order":0,"comment_status":"closed","ping_status":"closed","template":"","meta":{"_acf_changed":false,"content-type":"","footnotes":""},"class_list":["post-9679","page","type-page","status-publish","hentry"],"acf":[],"yoast_head":"<!-- This site is optimized with the Yoast SEO plugin v24.8.1 - https:\/\/yoast.com\/wordpress\/plugins\/seo\/ -->\n<title>Politica di gestione dei cookie - Advens<\/title>\n<meta name=\"description\" content=\"Oggetto Per ogni trattamento, Advens raccoglie e utilizza solo i dati pertinenti e necessari per lo scopo previsto. Il trattamento dei dati avviene\" \/>\n<meta name=\"robots\" content=\"index, follow, max-snippet:-1, max-image-preview:large, max-video-preview:-1\" \/>\n<link rel=\"canonical\" href=\"https:\/\/www.advens.test\/it\/politica-di-gestione-dei-cookie\/\" \/>\n<meta property=\"og:locale\" content=\"it_IT\" \/>\n<meta property=\"og:type\" content=\"article\" \/>\n<meta property=\"og:title\" content=\"Politica di gestione dei cookie - Advens\" \/>\n<meta property=\"og:description\" content=\"Oggetto Per ogni trattamento, Advens raccoglie e utilizza solo i dati pertinenti e necessari per lo scopo previsto. Il trattamento dei dati avviene\" \/>\n<meta property=\"og:url\" content=\"https:\/\/www.advens.test\/it\/politica-di-gestione-dei-cookie\/\" \/>\n<meta property=\"og:site_name\" content=\"Advens\" \/>\n<meta property=\"article:modified_time\" content=\"2024-11-04T09:22:53+00:00\" \/>\n<meta name=\"twitter:card\" content=\"summary_large_image\" \/>\n<script type=\"application\/ld+json\" class=\"yoast-schema-graph\">{\"@context\":\"https:\/\/schema.org\",\"@graph\":[{\"@type\":\"WebPage\",\"@id\":\"https:\/\/www.advens.test\/it\/politica-di-gestione-dei-cookie\/\",\"url\":\"https:\/\/www.advens.test\/it\/politica-di-gestione-dei-cookie\/\",\"name\":\"Politica di gestione dei cookie - Advens\",\"isPartOf\":{\"@id\":\"https:\/\/www.advens.test\/#website\"},\"datePublished\":\"2022-06-01T15:44:18+00:00\",\"dateModified\":\"2024-11-04T09:22:53+00:00\",\"description\":\"Oggetto Per ogni trattamento, Advens raccoglie e utilizza solo i dati pertinenti e necessari per lo scopo previsto. Il trattamento dei dati avviene\",\"breadcrumb\":{\"@id\":\"https:\/\/www.advens.test\/it\/politica-di-gestione-dei-cookie\/#breadcrumb\"},\"inLanguage\":\"it-IT\",\"potentialAction\":[{\"@type\":\"ReadAction\",\"target\":[\"https:\/\/www.advens.test\/it\/politica-di-gestione-dei-cookie\/\"]}]},{\"@type\":\"BreadcrumbList\",\"@id\":\"https:\/\/www.advens.test\/it\/politica-di-gestione-dei-cookie\/#breadcrumb\",\"itemListElement\":[{\"@type\":\"ListItem\",\"position\":1,\"name\":\"Home\",\"item\":\"https:\/\/www.advens.test\/it\/\"},{\"@type\":\"ListItem\",\"position\":2,\"name\":\"Politica di gestione dei cookie\"}]},{\"@type\":\"WebSite\",\"@id\":\"https:\/\/www.advens.test\/#website\",\"url\":\"https:\/\/www.advens.test\/\",\"name\":\"Advens\",\"description\":\"For Cyber, People &amp; Planet\",\"publisher\":{\"@id\":\"https:\/\/www.advens.test\/#organization\"},\"potentialAction\":[{\"@type\":\"SearchAction\",\"target\":{\"@type\":\"EntryPoint\",\"urlTemplate\":\"https:\/\/www.advens.test\/?s={search_term_string}\"},\"query-input\":{\"@type\":\"PropertyValueSpecification\",\"valueRequired\":true,\"valueName\":\"search_term_string\"}}],\"inLanguage\":\"it-IT\"},{\"@type\":\"Organization\",\"@id\":\"https:\/\/www.advens.test\/#organization\",\"name\":\"Advens\",\"url\":\"https:\/\/www.advens.test\/\",\"logo\":{\"@type\":\"ImageObject\",\"inLanguage\":\"it-IT\",\"@id\":\"https:\/\/www.advens.test\/#\/schema\/logo\/image\/\",\"url\":\"https:\/\/www.nifty-shtern.217-160-68-194.plesk.page\/app\/uploads\/2025\/07\/Logotype-aDvens-Cybersecurity.png\",\"contentUrl\":\"https:\/\/www.nifty-shtern.217-160-68-194.plesk.page\/app\/uploads\/2025\/07\/Logotype-aDvens-Cybersecurity.png\",\"width\":1501,\"height\":1501,\"caption\":\"Advens\"},\"image\":{\"@id\":\"https:\/\/www.advens.test\/#\/schema\/logo\/image\/\"},\"sameAs\":[\"https:\/\/www.linkedin.com\/company\/advens\/\"]}]}<\/script>\n<!-- \/ Yoast SEO plugin. -->","yoast_head_json":{"title":"Politica di gestione dei cookie - Advens","description":"Oggetto Per ogni trattamento, Advens raccoglie e utilizza solo i dati pertinenti e necessari per lo scopo previsto. Il trattamento dei dati avviene","robots":{"index":"index","follow":"follow","max-snippet":"max-snippet:-1","max-image-preview":"max-image-preview:large","max-video-preview":"max-video-preview:-1"},"canonical":"https:\/\/www.advens.test\/it\/politica-di-gestione-dei-cookie\/","og_locale":"it_IT","og_type":"article","og_title":"Politica di gestione dei cookie - Advens","og_description":"Oggetto Per ogni trattamento, Advens raccoglie e utilizza solo i dati pertinenti e necessari per lo scopo previsto. Il trattamento dei dati avviene","og_url":"https:\/\/www.advens.test\/it\/politica-di-gestione-dei-cookie\/","og_site_name":"Advens","article_modified_time":"2024-11-04T09:22:53+00:00","twitter_card":"summary_large_image","schema":{"@context":"https:\/\/schema.org","@graph":[{"@type":"WebPage","@id":"https:\/\/www.advens.test\/it\/politica-di-gestione-dei-cookie\/","url":"https:\/\/www.advens.test\/it\/politica-di-gestione-dei-cookie\/","name":"Politica di gestione dei cookie - Advens","isPartOf":{"@id":"https:\/\/www.advens.test\/#website"},"datePublished":"2022-06-01T15:44:18+00:00","dateModified":"2024-11-04T09:22:53+00:00","description":"Oggetto Per ogni trattamento, Advens raccoglie e utilizza solo i dati pertinenti e necessari per lo scopo previsto. Il trattamento dei dati avviene","breadcrumb":{"@id":"https:\/\/www.advens.test\/it\/politica-di-gestione-dei-cookie\/#breadcrumb"},"inLanguage":"it-IT","potentialAction":[{"@type":"ReadAction","target":["https:\/\/www.advens.test\/it\/politica-di-gestione-dei-cookie\/"]}]},{"@type":"BreadcrumbList","@id":"https:\/\/www.advens.test\/it\/politica-di-gestione-dei-cookie\/#breadcrumb","itemListElement":[{"@type":"ListItem","position":1,"name":"Home","item":"https:\/\/www.advens.test\/it\/"},{"@type":"ListItem","position":2,"name":"Politica di gestione dei cookie"}]},{"@type":"WebSite","@id":"https:\/\/www.advens.test\/#website","url":"https:\/\/www.advens.test\/","name":"Advens","description":"For Cyber, People &amp; Planet","publisher":{"@id":"https:\/\/www.advens.test\/#organization"},"potentialAction":[{"@type":"SearchAction","target":{"@type":"EntryPoint","urlTemplate":"https:\/\/www.advens.test\/?s={search_term_string}"},"query-input":{"@type":"PropertyValueSpecification","valueRequired":true,"valueName":"search_term_string"}}],"inLanguage":"it-IT"},{"@type":"Organization","@id":"https:\/\/www.advens.test\/#organization","name":"Advens","url":"https:\/\/www.advens.test\/","logo":{"@type":"ImageObject","inLanguage":"it-IT","@id":"https:\/\/www.advens.test\/#\/schema\/logo\/image\/","url":"https:\/\/www.nifty-shtern.217-160-68-194.plesk.page\/app\/uploads\/2025\/07\/Logotype-aDvens-Cybersecurity.png","contentUrl":"https:\/\/www.nifty-shtern.217-160-68-194.plesk.page\/app\/uploads\/2025\/07\/Logotype-aDvens-Cybersecurity.png","width":1501,"height":1501,"caption":"Advens"},"image":{"@id":"https:\/\/www.advens.test\/#\/schema\/logo\/image\/"},"sameAs":["https:\/\/www.linkedin.com\/company\/advens\/"]}]}},"_links":{"self":[{"href":"https:\/\/www.nifty-shtern.217-160-68-194.plesk.page\/it\/wp-json\/wp\/v2\/pages\/9679","targetHints":{"allow":["GET"]}}],"collection":[{"href":"https:\/\/www.nifty-shtern.217-160-68-194.plesk.page\/it\/wp-json\/wp\/v2\/pages"}],"about":[{"href":"https:\/\/www.nifty-shtern.217-160-68-194.plesk.page\/it\/wp-json\/wp\/v2\/types\/page"}],"author":[{"embeddable":true,"href":"https:\/\/www.nifty-shtern.217-160-68-194.plesk.page\/it\/wp-json\/wp\/v2\/users\/3"}],"replies":[{"embeddable":true,"href":"https:\/\/www.nifty-shtern.217-160-68-194.plesk.page\/it\/wp-json\/wp\/v2\/comments?post=9679"}],"version-history":[{"count":1,"href":"https:\/\/www.nifty-shtern.217-160-68-194.plesk.page\/it\/wp-json\/wp\/v2\/pages\/9679\/revisions"}],"predecessor-version":[{"id":9680,"href":"https:\/\/www.nifty-shtern.217-160-68-194.plesk.page\/it\/wp-json\/wp\/v2\/pages\/9679\/revisions\/9680"}],"wp:attachment":[{"href":"https:\/\/www.nifty-shtern.217-160-68-194.plesk.page\/it\/wp-json\/wp\/v2\/media?parent=9679"}],"curies":[{"name":"wp","href":"https:\/\/api.w.org\/{rel}","templated":true}]}}