{"id":9681,"date":"2022-06-27T11:08:24","date_gmt":"2022-06-27T09:08:24","guid":{"rendered":"https:\/\/www.advens.test\/selezione-del-personale\/la-storia-di-advengers\/"},"modified":"2023-07-17T14:01:39","modified_gmt":"2023-07-17T12:01:39","slug":"la-storia-di-advengers","status":"publish","type":"page","link":"https:\/\/www.nifty-shtern.217-160-68-194.plesk.page\/it\/selezione-del-personale\/la-storia-di-advengers\/","title":{"rendered":"La storia di Advengers"},"content":{"rendered":"\n\n  \n  \n  \n\n  \n  <div id=\"block-push-3-colonnes-2035862053\" class=\"acf-block-push-contenus-3colonnes alignwide\">\n                                        \n      <div class=\"post-item card card-push card__push3 card-push-all card-push__advenger h-100\">\n        <a class=\"card-link card-push__link\" href=\"https:\/\/youtu.be\/mQITqraCzrg\" target=\"_blank\" title=\"Emilie\"><\/a>\n        <div class=\"card-push__img\">\n          <img decoding=\"async\" class=\"card-img-top img-fluid\" src=\"https:\/\/www.nifty-shtern.217-160-68-194.plesk.page\/app\/uploads\/2022\/07\/advens-reportage-lille-dsc1444.jpg\" alt=\"\">\n        <\/div>\n                  <div class=\"card-body\">\n            <h3 class=\"text-grey-carbon\">\n              Scopri la storia di  Emilie\n            <\/h3>\n            <p class=\"smal grey-carbon\">\n              Recruitment &#038; School Relations\n            <\/p>\n          <\/div>\n          <div class=\"card-overlay\">\n            <strong class=\"card-overlay__title card-title\">\n                Scopri la storia di \n              Emilie\n            <\/strong>\n            <p class=\"smal grey-carbon\">Recruitment &#038; School Relations<\/p>\n                          <p class=\"card-overlay__text\">\n                                Il lavoro di Emilie consiste nel trovare e formare talenti informatici francesi ed europei.\nMa per lei \u00e8 molto di pi\u00f9.\nSviluppare una grande comuni&#8230;\n              <\/p>\n                                      <div class=\"card-overlay__bottom\">\n                <span class=\"btn btn-sm btn-primary\">\n                  Scopri la testimonianza\n                <\/span>\n              <\/div>\n                      <\/div>\n              <\/div>\n                                        \n      <div class=\"post-item card card-push card__push3 card-push-all card-push__advenger h-100\">\n        <a class=\"card-link card-push__link\" href=\"https:\/\/youtu.be\/5sK3QiwJVIw\" target=\"_blank\" title=\"Maxime\"><\/a>\n        <div class=\"card-push__img\">\n          <img decoding=\"async\" class=\"card-img-top img-fluid\" src=\"https:\/\/www.nifty-shtern.217-160-68-194.plesk.page\/app\/uploads\/2022\/06\/max-strud-dsc0078.jpg\" alt=\"\">\n        <\/div>\n                  <div class=\"card-body\">\n            <h3 class=\"text-grey-carbon\">\n              Scopri la storia di  Maxime\n            <\/h3>\n            <p class=\"smal grey-carbon\">\n              Consultant\n            <\/p>\n          <\/div>\n          <div class=\"card-overlay\">\n            <strong class=\"card-overlay__title card-title\">\n                Scopri la storia di \n              Maxime\n            <\/strong>\n            <p class=\"smal grey-carbon\">Consultant<\/p>\n                          <p class=\"card-overlay__text\">\n                                Gestire il piano d&#8217;azione per la sicurezza informatica dei suoi clienti \u00e8 il lavoro di Maxime. Ma per lui \u00e8 molto di pi\u00f9. Viaggiare per il mondo e &#8230;\n              <\/p>\n                                      <div class=\"card-overlay__bottom\">\n                <span class=\"btn btn-sm btn-primary\">\n                  Scopri la testimonianza\n                <\/span>\n              <\/div>\n                      <\/div>\n              <\/div>\n                                        \n      <div class=\"post-item card card-push card__push3 card-push-all card-push__advenger h-100\">\n        <a class=\"card-link card-push__link\" href=\"https:\/\/youtu.be\/Qe2gLc1jvf0\" target=\"_blank\" title=\"Thomas\"><\/a>\n        <div class=\"card-push__img\">\n          <img decoding=\"async\" class=\"card-img-top img-fluid\" src=\"https:\/\/www.nifty-shtern.217-160-68-194.plesk.page\/app\/uploads\/2022\/06\/6087bb87e3b1c-5fd9a821d3927-vg2020-20200621-pbo-9786-basse-dfinition-vi.jpeg\" alt=\"\">\n        <\/div>\n                  <div class=\"card-body\">\n            <h3 class=\"text-grey-carbon\">\n              Scopri la storia di  Thomas\n            <\/h3>\n            <p class=\"smal grey-carbon\">\n              Navigator\n            <\/p>\n          <\/div>\n          <div class=\"card-overlay\">\n            <strong class=\"card-overlay__title card-title\">\n                Scopri la storia di \n              Thomas\n            <\/strong>\n            <p class=\"smal grey-carbon\">Navigator<\/p>\n                          <p class=\"card-overlay__text\">\n                                Il traguardo di Thomas \u00e8 la vittoria del Vend\u00e9e Globe, una straordinaria sfida sportiva che coniuga performance e superamento di s\u00e9.\nMa per lui \u00e8 m&#8230;\n              <\/p>\n                                      <div class=\"card-overlay__bottom\">\n                <span class=\"btn btn-sm btn-primary\">\n                  Scopri la testimonianza\n                <\/span>\n              <\/div>\n                      <\/div>\n              <\/div>\n                                        \n      <div class=\"post-item card card-push card__push3 card-push-all card-push__advenger h-100\">\n        <a class=\"card-link card-push__link\" href=\"https:\/\/youtu.be\/2EqbhGUsnGY\" target=\"_blank\" title=\"C\u00e9line\"><\/a>\n        <div class=\"card-push__img\">\n          <img decoding=\"async\" class=\"card-img-top img-fluid\" src=\"https:\/\/www.nifty-shtern.217-160-68-194.plesk.page\/app\/uploads\/2022\/06\/ce-line-dsc1737.jpg\" alt=\"\">\n        <\/div>\n                  <div class=\"card-body\">\n            <h3 class=\"text-grey-carbon\">\n              Scopri la storia di  C\u00e9line\n            <\/h3>\n            <p class=\"smal grey-carbon\">\n              Chief Operations Officer\n            <\/p>\n          <\/div>\n          <div class=\"card-overlay\">\n            <strong class=\"card-overlay__title card-title\">\n                Scopri la storia di \n              C\u00e9line\n            <\/strong>\n            <p class=\"smal grey-carbon\">Chief Operations Officer<\/p>\n                          <p class=\"card-overlay__text\">\n                                Il lavoro di C\u00e9line consiste nel gestire i servizi quotidiani dei 300 clienti che si affidano ad Advens per la loro cybersecurity.\nMa per lei \u00e8 mol&#8230;\n              <\/p>\n                                      <div class=\"card-overlay__bottom\">\n                <span class=\"btn btn-sm btn-primary\">\n                  Scopri la testimonianza\n                <\/span>\n              <\/div>\n                      <\/div>\n              <\/div>\n      <\/div>\n\n\n\n<hr class=\"wp-block-separator has-alpha-channel-opacity\"\/>\n\n\n\n\n<div id=\"block-image-texte-1823252680\" class=\"acf-block-image-texte alignwide\">\n  <div class=\"image-texte row gx-5 py-4 -droite\">\n                            <div class=\"col-12 col-lg-6 image-container mb-3 mb-lg-0 -right\">\n              <div class=\"image mobile-full-width\">\n          <div class=\"image-content ratio-wrapper -square\" data-component=\"LazyImage\" >\n            <picture class=\"full bkg-cover\" >\n                              <source srcset=\"https:\/\/www.nifty-shtern.217-160-68-194.plesk.page\/app\/uploads\/2022\/06\/unsplash-kdeqa3atnby-620x620.webp\" media=\"(min-width: 0px) and (max-width: 767.98px)\">\n                <source srcset=\"https:\/\/www.nifty-shtern.217-160-68-194.plesk.page\/app\/uploads\/2022\/06\/unsplash-kdeqa3atnby.webp\" media=\"(min-width: 768px)\">\n                <img decoding=\"async\" class=\"img img-fluid rounded\" loading=\"lazy\" src=\"https:\/\/www.nifty-shtern.217-160-68-194.plesk.page\/app\/uploads\/2022\/06\/unsplash-kdeqa3atnby.webp\" alt=\"\">\n                          <\/picture>\n          <\/div>\n        <\/div>\n                <\/div>\n    <div class=\"texte col-12 col-lg-6  d-flex flex-column justify-content-center align-items-start\">\n                    <h2 class=\"titre title-5\">\n          Far girare il mondo \u00e8 fondamentale. Cambiarlo \u00e8 urgente!\n        <\/h2>\n                    <div class=\"text-content\">\n          <p>La nostra performance economica deve essere significativa: condividiamo il nostro valore finanziario per avere un impatto. Istruzione, inclusione, ambiente&#8230; ci impegniamo a fondo in molte iniziative.<\/p>\n<p>Siamo qui per proteggere il mondo, ma anche per aiutare a cambiarlo.<\/p>\n\n        <\/div>\n                                <div class=\"btns d-grid d-md-flex gap-3\">\n                      <a class=\"btn btn-primary\" href=\"https:\/\/www.nifty-shtern.217-160-68-194.plesk.page\/it\/motivazione\/\" target=\"\" title=\"Scopri la nostra motivazione\">\n              Scopri la nostra motivazione\n            <\/a>\n                            <\/div>\n          <\/div>\n  <\/div>\n<\/div>\n\n\n\n<hr class=\"wp-block-separator has-alpha-channel-opacity\"\/>\n\n\n\n<p class=\"is-style-big-text\">La sicurezza non \u00e8 un&#8217;opzione. <strong>\u00c8 un bene comune che deve essere preservato.<\/strong> Proteggendo la Societ\u00e0, Advens aiuta tutti a svolgere la propria missione e a progredire. <\/p>\n\n\n\n<hr class=\"wp-block-separator has-alpha-channel-opacity\"\/>\n\n\n\n\n  \n  \n  \n\n      <div class=\"container\">\n      <div class=\"row\">\n        <div class=\"col-12 d-flex flex-wrap justify-content-between align-items-center\">\n                      <h2 class=\"text-center m-0 fs-2\">\n              Recentemente su\n                          <\/h2>\n                            <\/div>\n      <\/div>\n    <\/div>\n  \n  <div id=\"block-push-3-colonnes-568500022\" class=\"acf-block-push-contenus-3colonnes alignwide\">\n                                                \n      <div class=\"post-item card card-push card__push3 card-push-all card-push__post h-100\">\n        <a class=\"card-link card-push__link\" href=\"https:\/\/www.nifty-shtern.217-160-68-194.plesk.page\/it\/media\/advens-inside-it\/advens-entra-nel-mercato-italiano-della-cybersecurity\/\" target=\"\" title=\"Advens entra nel mercato Italiano della Cybersecurity\"><\/a>\n        <div class=\"card-push__img\">\n          <img decoding=\"async\" class=\"card-img-top img-fluid\" src=\"https:\/\/www.nifty-shtern.217-160-68-194.plesk.page\/app\/uploads\/2024\/02\/business-news-2.jpg\" alt=\"\">\n        <\/div>\n                  <div class=\"card-body d-flex flex-column align-items-start\">\n                          <span class=\"card-push__badge badge rounded-pill text-bg-primary text-white fw-400 mt-2 mb-3\">\n                Advens Inside\n              <\/span>\n                                    <h3 class=\"card-h card-push__h3 text-grey-carbon my-auto\">Advens entra nel mercato Italiano della Cybersecurity<\/h3>\n                        <span class=\"card-text small text-grey-light mt-auto py-2\">20 Maggio 2025<\/span>\n          <\/div>\n              <\/div>\n                                                \n      <div class=\"post-item card card-push card__push3 card-push-all card-push__post h-100\">\n        <a class=\"card-link card-push__link\" href=\"https:\/\/www.nifty-shtern.217-160-68-194.plesk.page\/it\/media\/cyber-strategy-it\/affrontare-gli-attacchi-informatici-in-ambiente-industriale\/\" target=\"\" title=\"Affrontare gli attacchi informatici in ambiente industriale\"><\/a>\n        <div class=\"card-push__img\">\n          <img decoding=\"async\" class=\"card-img-top img-fluid\" src=\"https:\/\/www.nifty-shtern.217-160-68-194.plesk.page\/app\/uploads\/2023\/01\/cyberattaques-en-environnement-industriel.jpg\" alt=\"\">\n        <\/div>\n                  <div class=\"card-body d-flex flex-column align-items-start\">\n                          <span class=\"card-push__badge badge rounded-pill text-bg-primary text-white fw-400 mt-2 mb-3\">\n                Cyber Strategy\n              <\/span>\n                                    <h3 class=\"card-h card-push__h3 text-grey-carbon my-auto\">Affrontare gli attacchi informatici in ambiente industriale<\/h3>\n                        <span class=\"card-text small text-grey-light mt-auto py-2\">20 Maggio 2025<\/span>\n          <\/div>\n              <\/div>\n                                                \n      <div class=\"post-item card card-push card__push3 card-push-all card-push__post h-100\">\n        <a class=\"card-link card-push__link\" href=\"https:\/\/www.nifty-shtern.217-160-68-194.plesk.page\/it\/media\/cyber-news-it\/chatgpt-il-miglior-alleato-degli-hacker-consigli-per-proteggersi\/\" target=\"\" title=\"ChatGPT, il miglior alleato degli hacker\u00a0? Consigli per proteggersi\"><\/a>\n        <div class=\"card-push__img\">\n          <img decoding=\"async\" class=\"card-img-top img-fluid\" src=\"https:\/\/www.nifty-shtern.217-160-68-194.plesk.page\/app\/uploads\/2025\/05\/chatgpt-1024x682-1-700x480.webp\" alt=\"\">\n        <\/div>\n                  <div class=\"card-body d-flex flex-column align-items-start\">\n                          <span class=\"card-push__badge badge rounded-pill text-bg-primary text-white fw-400 mt-2 mb-3\">\n                Cyber News\n              <\/span>\n                                    <h3 class=\"card-h card-push__h3 text-grey-carbon my-auto\">ChatGPT, il miglior alleato degli hacker\u00a0? Consigli per proteggersi<\/h3>\n                        <span class=\"card-text small text-grey-light mt-auto py-2\">20 Maggio 2025<\/span>\n          <\/div>\n              <\/div>\n      <\/div>\n","protected":false},"excerpt":{"rendered":"<p>Ogni Advenger ha una duplice ambizione. Il desiderio di fare bene il proprio lavoro, di proteggere i clienti e le loro organizzazioni, ma anche e soprattutto il desiderio di fare la propria parte, di fare di pi\u00f9, di avere un impatto. Attraverso queste testimonianze, scopri gli uomini e le donne che danno vita al nostro progetto e cosa li spinge ogni giorno.<\/p>\n","protected":false},"author":3,"featured_media":2893,"parent":9636,"menu_order":0,"comment_status":"closed","ping_status":"closed","template":"tmpl-landing.php","meta":{"_acf_changed":false,"content-type":"","footnotes":""},"class_list":["post-9681","page","type-page","status-publish","has-post-thumbnail","hentry"],"acf":[],"yoast_head":"<!-- This site is optimized with the Yoast SEO plugin v24.8.1 - https:\/\/yoast.com\/wordpress\/plugins\/seo\/ -->\n<title>La storia di Advengers - Advens<\/title>\n<meta name=\"description\" content=\"Ogni Advenger ha una duplice ambizione. Il desiderio di fare bene il proprio lavoro, di proteggere i clienti e le loro organizzazioni, ma anche e soprattutto il desiderio di fare la propria parte, di fare di pi\u00f9, di avere un impatto. Attraverso queste testimonianze, scopri gli uomini e le donne che danno vita al nostro progetto e cosa li spinge ogni giorno.\" \/>\n<meta name=\"robots\" content=\"index, follow, max-snippet:-1, max-image-preview:large, max-video-preview:-1\" \/>\n<link rel=\"canonical\" href=\"https:\/\/www.advens.test\/recrutement\/histoire-d-advengers\/\" \/>\n<meta property=\"og:locale\" content=\"it_IT\" \/>\n<meta property=\"og:type\" content=\"article\" \/>\n<meta property=\"og:title\" content=\"La storia di Advengers - Advens\" \/>\n<meta property=\"og:description\" content=\"Ogni Advenger ha una duplice ambizione. Il desiderio di fare bene il proprio lavoro, di proteggere i clienti e le loro organizzazioni, ma anche e soprattutto il desiderio di fare la propria parte, di fare di pi\u00f9, di avere un impatto. Attraverso queste testimonianze, scopri gli uomini e le donne che danno vita al nostro progetto e cosa li spinge ogni giorno.\" \/>\n<meta property=\"og:url\" content=\"https:\/\/www.advens.test\/recrutement\/histoire-d-advengers\/\" \/>\n<meta property=\"og:site_name\" content=\"Advens\" \/>\n<meta property=\"article:modified_time\" content=\"2023-07-17T12:01:39+00:00\" \/>\n<meta property=\"og:image\" content=\"https:\/\/www.advens.test\/app\/uploads\/2022\/06\/advens-reportage-lyon-dsc2702ter.jpg\" \/>\n\t<meta property=\"og:image:width\" content=\"1920\" \/>\n\t<meta property=\"og:image:height\" content=\"940\" \/>\n\t<meta property=\"og:image:type\" content=\"image\/jpeg\" \/>\n<meta name=\"twitter:card\" content=\"summary_large_image\" \/>\n<script type=\"application\/ld+json\" class=\"yoast-schema-graph\">{\"@context\":\"https:\/\/schema.org\",\"@graph\":[{\"@type\":\"WebPage\",\"@id\":\"https:\/\/www.advens.test\/recrutement\/histoire-d-advengers\/\",\"url\":\"https:\/\/www.advens.test\/recrutement\/histoire-d-advengers\/\",\"name\":\"La storia di Advengers - Advens\",\"isPartOf\":{\"@id\":\"https:\/\/www.advens.test\/#website\"},\"primaryImageOfPage\":{\"@id\":\"https:\/\/www.advens.test\/recrutement\/histoire-d-advengers\/#primaryimage\"},\"image\":{\"@id\":\"https:\/\/www.advens.test\/recrutement\/histoire-d-advengers\/#primaryimage\"},\"thumbnailUrl\":\"https:\/\/www.nifty-shtern.217-160-68-194.plesk.page\/app\/uploads\/2022\/06\/advens-reportage-lyon-dsc2702ter.jpg\",\"datePublished\":\"2022-06-27T09:08:24+00:00\",\"dateModified\":\"2023-07-17T12:01:39+00:00\",\"description\":\"Ogni Advenger ha una duplice ambizione. Il desiderio di fare bene il proprio lavoro, di proteggere i clienti e le loro organizzazioni, ma anche e soprattutto il desiderio di fare la propria parte, di fare di pi\u00f9, di avere un impatto. Attraverso queste testimonianze, scopri gli uomini e le donne che danno vita al nostro progetto e cosa li spinge ogni giorno.\",\"breadcrumb\":{\"@id\":\"https:\/\/www.advens.test\/recrutement\/histoire-d-advengers\/#breadcrumb\"},\"inLanguage\":\"it-IT\",\"potentialAction\":[{\"@type\":\"ReadAction\",\"target\":[\"https:\/\/www.advens.test\/recrutement\/histoire-d-advengers\/\"]}]},{\"@type\":\"ImageObject\",\"inLanguage\":\"it-IT\",\"@id\":\"https:\/\/www.advens.test\/recrutement\/histoire-d-advengers\/#primaryimage\",\"url\":\"https:\/\/www.nifty-shtern.217-160-68-194.plesk.page\/app\/uploads\/2022\/06\/advens-reportage-lyon-dsc2702ter.jpg\",\"contentUrl\":\"https:\/\/www.nifty-shtern.217-160-68-194.plesk.page\/app\/uploads\/2022\/06\/advens-reportage-lyon-dsc2702ter.jpg\",\"width\":1920,\"height\":940},{\"@type\":\"BreadcrumbList\",\"@id\":\"https:\/\/www.advens.test\/recrutement\/histoire-d-advengers\/#breadcrumb\",\"itemListElement\":[{\"@type\":\"ListItem\",\"position\":1,\"name\":\"Home\",\"item\":\"https:\/\/www.advens.test\/it\/\"},{\"@type\":\"ListItem\",\"position\":2,\"name\":\"Selezione del personale\",\"item\":\"https:\/\/www.advens.test\/it\/selezione-del-personale\/\"},{\"@type\":\"ListItem\",\"position\":3,\"name\":\"La storia di Advengers\"}]},{\"@type\":\"WebSite\",\"@id\":\"https:\/\/www.advens.test\/#website\",\"url\":\"https:\/\/www.advens.test\/\",\"name\":\"Advens\",\"description\":\"For Cyber, People &amp; Planet\",\"publisher\":{\"@id\":\"https:\/\/www.advens.test\/#organization\"},\"potentialAction\":[{\"@type\":\"SearchAction\",\"target\":{\"@type\":\"EntryPoint\",\"urlTemplate\":\"https:\/\/www.advens.test\/?s={search_term_string}\"},\"query-input\":{\"@type\":\"PropertyValueSpecification\",\"valueRequired\":true,\"valueName\":\"search_term_string\"}}],\"inLanguage\":\"it-IT\"},{\"@type\":\"Organization\",\"@id\":\"https:\/\/www.advens.test\/#organization\",\"name\":\"Advens\",\"url\":\"https:\/\/www.advens.test\/\",\"logo\":{\"@type\":\"ImageObject\",\"inLanguage\":\"it-IT\",\"@id\":\"https:\/\/www.advens.test\/#\/schema\/logo\/image\/\",\"url\":\"https:\/\/www.nifty-shtern.217-160-68-194.plesk.page\/app\/uploads\/2025\/07\/Logotype-aDvens-Cybersecurity.png\",\"contentUrl\":\"https:\/\/www.nifty-shtern.217-160-68-194.plesk.page\/app\/uploads\/2025\/07\/Logotype-aDvens-Cybersecurity.png\",\"width\":1501,\"height\":1501,\"caption\":\"Advens\"},\"image\":{\"@id\":\"https:\/\/www.advens.test\/#\/schema\/logo\/image\/\"},\"sameAs\":[\"https:\/\/www.linkedin.com\/company\/advens\/\"]}]}<\/script>\n<!-- \/ Yoast SEO plugin. -->","yoast_head_json":{"title":"La storia di Advengers - Advens","description":"Ogni Advenger ha una duplice ambizione. Il desiderio di fare bene il proprio lavoro, di proteggere i clienti e le loro organizzazioni, ma anche e soprattutto il desiderio di fare la propria parte, di fare di pi\u00f9, di avere un impatto. Attraverso queste testimonianze, scopri gli uomini e le donne che danno vita al nostro progetto e cosa li spinge ogni giorno.","robots":{"index":"index","follow":"follow","max-snippet":"max-snippet:-1","max-image-preview":"max-image-preview:large","max-video-preview":"max-video-preview:-1"},"canonical":"https:\/\/www.advens.test\/recrutement\/histoire-d-advengers\/","og_locale":"it_IT","og_type":"article","og_title":"La storia di Advengers - Advens","og_description":"Ogni Advenger ha una duplice ambizione. Il desiderio di fare bene il proprio lavoro, di proteggere i clienti e le loro organizzazioni, ma anche e soprattutto il desiderio di fare la propria parte, di fare di pi\u00f9, di avere un impatto. Attraverso queste testimonianze, scopri gli uomini e le donne che danno vita al nostro progetto e cosa li spinge ogni giorno.","og_url":"https:\/\/www.advens.test\/recrutement\/histoire-d-advengers\/","og_site_name":"Advens","article_modified_time":"2023-07-17T12:01:39+00:00","og_image":[{"width":1920,"height":940,"url":"https:\/\/www.advens.test\/app\/uploads\/2022\/06\/advens-reportage-lyon-dsc2702ter.jpg","type":"image\/jpeg"}],"twitter_card":"summary_large_image","schema":{"@context":"https:\/\/schema.org","@graph":[{"@type":"WebPage","@id":"https:\/\/www.advens.test\/recrutement\/histoire-d-advengers\/","url":"https:\/\/www.advens.test\/recrutement\/histoire-d-advengers\/","name":"La storia di Advengers - Advens","isPartOf":{"@id":"https:\/\/www.advens.test\/#website"},"primaryImageOfPage":{"@id":"https:\/\/www.advens.test\/recrutement\/histoire-d-advengers\/#primaryimage"},"image":{"@id":"https:\/\/www.advens.test\/recrutement\/histoire-d-advengers\/#primaryimage"},"thumbnailUrl":"https:\/\/www.nifty-shtern.217-160-68-194.plesk.page\/app\/uploads\/2022\/06\/advens-reportage-lyon-dsc2702ter.jpg","datePublished":"2022-06-27T09:08:24+00:00","dateModified":"2023-07-17T12:01:39+00:00","description":"Ogni Advenger ha una duplice ambizione. Il desiderio di fare bene il proprio lavoro, di proteggere i clienti e le loro organizzazioni, ma anche e soprattutto il desiderio di fare la propria parte, di fare di pi\u00f9, di avere un impatto. Attraverso queste testimonianze, scopri gli uomini e le donne che danno vita al nostro progetto e cosa li spinge ogni giorno.","breadcrumb":{"@id":"https:\/\/www.advens.test\/recrutement\/histoire-d-advengers\/#breadcrumb"},"inLanguage":"it-IT","potentialAction":[{"@type":"ReadAction","target":["https:\/\/www.advens.test\/recrutement\/histoire-d-advengers\/"]}]},{"@type":"ImageObject","inLanguage":"it-IT","@id":"https:\/\/www.advens.test\/recrutement\/histoire-d-advengers\/#primaryimage","url":"https:\/\/www.nifty-shtern.217-160-68-194.plesk.page\/app\/uploads\/2022\/06\/advens-reportage-lyon-dsc2702ter.jpg","contentUrl":"https:\/\/www.nifty-shtern.217-160-68-194.plesk.page\/app\/uploads\/2022\/06\/advens-reportage-lyon-dsc2702ter.jpg","width":1920,"height":940},{"@type":"BreadcrumbList","@id":"https:\/\/www.advens.test\/recrutement\/histoire-d-advengers\/#breadcrumb","itemListElement":[{"@type":"ListItem","position":1,"name":"Home","item":"https:\/\/www.advens.test\/it\/"},{"@type":"ListItem","position":2,"name":"Selezione del personale","item":"https:\/\/www.advens.test\/it\/selezione-del-personale\/"},{"@type":"ListItem","position":3,"name":"La storia di Advengers"}]},{"@type":"WebSite","@id":"https:\/\/www.advens.test\/#website","url":"https:\/\/www.advens.test\/","name":"Advens","description":"For Cyber, People &amp; Planet","publisher":{"@id":"https:\/\/www.advens.test\/#organization"},"potentialAction":[{"@type":"SearchAction","target":{"@type":"EntryPoint","urlTemplate":"https:\/\/www.advens.test\/?s={search_term_string}"},"query-input":{"@type":"PropertyValueSpecification","valueRequired":true,"valueName":"search_term_string"}}],"inLanguage":"it-IT"},{"@type":"Organization","@id":"https:\/\/www.advens.test\/#organization","name":"Advens","url":"https:\/\/www.advens.test\/","logo":{"@type":"ImageObject","inLanguage":"it-IT","@id":"https:\/\/www.advens.test\/#\/schema\/logo\/image\/","url":"https:\/\/www.nifty-shtern.217-160-68-194.plesk.page\/app\/uploads\/2025\/07\/Logotype-aDvens-Cybersecurity.png","contentUrl":"https:\/\/www.nifty-shtern.217-160-68-194.plesk.page\/app\/uploads\/2025\/07\/Logotype-aDvens-Cybersecurity.png","width":1501,"height":1501,"caption":"Advens"},"image":{"@id":"https:\/\/www.advens.test\/#\/schema\/logo\/image\/"},"sameAs":["https:\/\/www.linkedin.com\/company\/advens\/"]}]}},"_links":{"self":[{"href":"https:\/\/www.nifty-shtern.217-160-68-194.plesk.page\/it\/wp-json\/wp\/v2\/pages\/9681","targetHints":{"allow":["GET"]}}],"collection":[{"href":"https:\/\/www.nifty-shtern.217-160-68-194.plesk.page\/it\/wp-json\/wp\/v2\/pages"}],"about":[{"href":"https:\/\/www.nifty-shtern.217-160-68-194.plesk.page\/it\/wp-json\/wp\/v2\/types\/page"}],"author":[{"embeddable":true,"href":"https:\/\/www.nifty-shtern.217-160-68-194.plesk.page\/it\/wp-json\/wp\/v2\/users\/3"}],"replies":[{"embeddable":true,"href":"https:\/\/www.nifty-shtern.217-160-68-194.plesk.page\/it\/wp-json\/wp\/v2\/comments?post=9681"}],"version-history":[{"count":3,"href":"https:\/\/www.nifty-shtern.217-160-68-194.plesk.page\/it\/wp-json\/wp\/v2\/pages\/9681\/revisions"}],"predecessor-version":[{"id":9815,"href":"https:\/\/www.nifty-shtern.217-160-68-194.plesk.page\/it\/wp-json\/wp\/v2\/pages\/9681\/revisions\/9815"}],"up":[{"embeddable":true,"href":"https:\/\/www.nifty-shtern.217-160-68-194.plesk.page\/it\/wp-json\/wp\/v2\/pages\/9636"}],"wp:featuredmedia":[{"embeddable":true,"href":"https:\/\/www.nifty-shtern.217-160-68-194.plesk.page\/it\/wp-json\/wp\/v2\/media\/2893"}],"wp:attachment":[{"href":"https:\/\/www.nifty-shtern.217-160-68-194.plesk.page\/it\/wp-json\/wp\/v2\/media?parent=9681"}],"curies":[{"name":"wp","href":"https:\/\/api.w.org\/{rel}","templated":true}]}}